{"id":10791,"date":"2025-06-24T10:59:49","date_gmt":"2025-06-24T08:59:49","guid":{"rendered":"https:\/\/www.limburgsuitje.nl\/wischen-sie-limburg-aus\/"},"modified":"2026-03-16T14:57:02","modified_gmt":"2026-03-16T13:57:02","slug":"wischen-sie-limburg-aus","status":"publish","type":"page","link":"https:\/\/www.limburgsuitje.nl\/de\/wischen-sie-limburg-aus\/","title":{"rendered":"Wipe Out Limburg"},"content":{"rendered":"<p>[et_pb_section fb_built=&#8220;1&#8243; admin_label=&#8220;section&#8220; _builder_version=&#8220;4.16&#8243; global_colors_info=&#8220;{}&#8220;][et_pb_row admin_label=&#8220;Reihe&#8220; _builder_version=&#8220;4.16&#8243; background_size=&#8220;initial&#8220; background_position=&#8220;top_left&#8220; background_repeat=&#8220;repeat&#8220; global_colors_info=&#8220;{}&#8220;][et_pb_column type=&#8220;4_4&#8243; _builder_version=&#8220;4.16&#8243; custom_padding=&#8220;|||&#8220; global_colors_info=&#8220;{}&#8220; custom_padding__hover=&#8220;|||&#8220;][et_pb_post_title meta=&#8220;off&#8220; featured_image=&#8220;off&#8220; admin_label=&#8220;Post Title&#8220; _builder_version=&#8220;4.16&#8243; background_color=&#8220;rgba(255,255,255,0)&#8220; parallax=&#8220;on&#8220; parallax_effect=&#8220;on&#8220; module_bg_color=&#8220;rgba(255,255,255,0)&#8220; use_border_color=&#8220;off&#8220; border_color=&#8220;#ffffff&#8220; border_style=&#8220;solid&#8220; global_colors_info=&#8220;{}&#8220;]&nbsp;<br \/>\n[\/et_pb_post_title][et_pb_text admin_label=&#8220;Text&#8220; _builder_version=&#8220;4.27.4&#8243; background_size=&#8220;initial&#8220; background_position=&#8220;top_left&#8220; background_repeat=&#8220;repeat&#8220; use_border_color=&#8220;off&#8220; border_color=&#8220;#ffffff&#8220; border_style=&#8220;solid&#8220; global_colors_info=&#8220;{}&#8220;]<\/p>\n<h3 data-start=\"196\" data-end=\"254\">Der Crazy Crasher ist Geschichte\u2026 aber keine Sorge!<\/h3>\n<p data-start=\"256\" data-end=\"436\">Nach jahrelangem Spa\u00df und urkomischen St\u00fcrzen haben wir uns vom <strong data-start=\"328\" data-end=\"345\">Crazy Crasher<\/strong> verabschiedet \u2013 der Bahn, die an Wipe Out erinnerte. Leider ist diese Aktivit\u00e4t <strong data-start=\"412\" data-end=\"435\">nicht mehr buchbar<\/strong>. <\/p>\n<p data-start=\"438\" data-end=\"503\">Aber keine Sorge: Wir haben eine mindestens genauso verr\u00fcckte Alternative!<\/p>\n<h3 data-start=\"505\" data-end=\"548\">Lerne die <strong data-start=\"528\" data-end=\"543\">Crazy Games<\/strong> kennen<\/h3>\n<p data-start=\"549\" data-end=\"799\">Ein brandneues Konzept voller Action, Teamwork und vor allem: jeder Menge Lacher! Die <strong data-start=\"622\" data-end=\"637\">Crazy Games<\/strong> sind eine Kombination aus herausfordernden Spielen, \u00fcberraschenden Aufgaben und tollk\u00fchnen Elementen. Perfekt f\u00fcr Teamausfl\u00fcge, Junggesellenabschiede oder einfach einen Tag voller Spa\u00df.  <\/p>\n<ul>\n<li data-start=\"801\" data-end=\"933\">Mindestens genauso spektakul\u00e4r.<\/li>\n<li data-start=\"801\" data-end=\"933\">Noch mehr Abwechslung.<\/li>\n<li data-start=\"801\" data-end=\"933\">Geeignet f\u00fcr jeden mit ein bisschen Mut (und einem guten Sinn f\u00fcr Humor).<\/li>\n<\/ul>\n<p data-start=\"935\" data-end=\"1017\"><strong data-start=\"935\" data-end=\"956\">Traust du dich?<\/strong> Buche jetzt die Crazy Games und erlebe ein unvergessliches Abenteuer!<\/p>\n<p>[\/et_pb_text][\/et_pb_column][\/et_pb_row][\/et_pb_section][et_pb_section fb_built=&#8220;1&#8243; admin_label=&#8220;Section&#8220; _builder_version=&#8220;4.16&#8243; background_color=&#8220;#e6e6e6&#8243; transparent_background=&#8220;off&#8220; global_colors_info=&#8220;{}&#8220;][et_pb_row admin_label=&#8220;Reihe&#8220; _builder_version=&#8220;4.16&#8243; background_size=&#8220;initial&#8220; background_position=&#8220;top_left&#8220; background_repeat=&#8220;repeat&#8220; global_colors_info=&#8220;{}&#8220;][et_pb_column type=&#8220;4_4&#8243; _builder_version=&#8220;4.16&#8243; custom_padding=&#8220;|||&#8220; global_colors_info=&#8220;{}&#8220; custom_padding__hover=&#8220;|||&#8220;][et_pb_text admin_label=&#8220;Deze activiteit bestaat uit deze spellen&#8220; module_id=&#8220;spellen-titel&#8220; _builder_version=&#8220;4.27.4&#8243; background_size=&#8220;initial&#8220; background_position=&#8220;top_left&#8220; background_repeat=&#8220;repeat&#8220; text_orientation=&#8220;center&#8220; module_alignment=&#8220;center&#8220; custom_margin=&#8220;||0px|&#8220; use_border_color=&#8220;off&#8220; global_colors_info=&#8220;{}&#8220;]<\/p>\n<h2>Klicke unten, um zu den Crazy Games zu gelangen<\/h2>\n<p>[\/et_pb_text][et_pb_code admin_label=&#8220;Zugeh\u00f6rige Aktivit\u00e4ten &amp; Pakete&#8220; _builder_version=&#8220;4.27.4&#8243; global_colors_info=&#8220;{}&#8220;]<ul id=\"bxslider\">\n<li class=\"slide\">\n<div class=\"spel\" style=\"width: 260px;\">\n\t<a href=\"https:\/\/www.limburgsuitje.nl\/de\/activiteit\/verrueckte-spiele\/\" title=\"Verr\u00fcckte Spiele\">\n\t\t<div>\n\t\t<div class=\"spel-thumbnail\">\n\t\t\t<img decoding=\"async\" src=\"https:\/\/www.limburgsuitje.nl\/wp-content\/uploads\/2023\/02\/draailadder-thumb.png\" alt=\"Verr\u00fcckte Spiele\">\n\t\t<\/div>\n\t\t<div class=\"spel-text\">\n\t\t\t<h3>Verr\u00fcckte Spiele<\/h3>\n\t\t\tDie verr\u00fccktesten Aktivit\u00e4ten f\u00fcr den coolsten Gruppenausflug\n\t\t<\/div>\n\t\t<div class=\"spel-footer\">\n\t\t\t<div class=\"spel-footer-prijs\">\n\t\t\t\t<span class=\"pp\">ab<\/span> \u20ac 24,50 <span class=\"pp\">p.P.<\/span> \n\t\t\t<\/div>\n\t\t\t<div class=\"spel-footer-duur\">\n\t\t\t\t2 Stunden\n\t\t\t<\/div>\n\t\t<\/div>\n\t\t<\/div>\n\t<\/a>\n<\/div>\n<\/li>\n<\/ul>\n<script type=\"text\/javascript\">\t\t$('#bxslider').bxSlider({\t\tauto: false, mode: 'horizontal', slideSelector: 'li.slide', easing: 'ease', slideWidth: 260, minSlides: 1, maxSlides: 4, slideMargin: 33, moveSlides: 1, shrinkItems: false});<\/script><script type=\"text\/javascript\">\t\t$(document).ready(function(){ $('#bxslider').bxSlider(); });<\/script>[\/et_pb_code][\/et_pb_column][\/et_pb_row][\/et_pb_section]<\/p>\n","protected":false},"excerpt":{"rendered":"<p>&nbsp; Der Crazy Crasher ist Geschichte\u2026 aber keine Sorge! Nach jahrelangem Spa\u00df und urkomischen St\u00fcrzen haben wir uns vom Crazy Crasher verabschiedet \u2013 der Bahn, die an Wipe Out erinnerte. Leider ist diese Aktivit\u00e4t nicht mehr buchbar. Aber keine Sorge: Wir haben eine mindestens genauso verr\u00fcckte Alternative! Lerne die Crazy Games kennen Ein brandneues Konzept [&hellip;]<\/p>\n","protected":false},"author":2,"featured_media":0,"parent":0,"menu_order":0,"comment_status":"closed","ping_status":"closed","template":"","meta":{"_acf_changed":false,"_et_pb_use_builder":"on","_et_pb_old_content":"","_et_gb_content_width":"","footnotes":""},"class_list":["post-10791","page","type-page","status-publish","hentry"],"acf":[],"yoast_head":"<!-- This site is optimized with the Yoast SEO plugin v27.5 - https:\/\/yoast.com\/product\/yoast-seo-wordpress\/ -->\n<title>Wipe Out in Limburg<\/title>\n<meta name=\"description\" content=\"Leider gibt es keine Wipe-out-Bahn mehr in Limburg. Aber wir haben andere tolle aktive Ausfl\u00fcge f\u00fcr deinen Junggesellenabschied, Teamausflug oder Familientag.\" \/>\n<meta name=\"robots\" content=\"index, follow, max-snippet:-1, max-image-preview:large, max-video-preview:-1\" \/>\n<link rel=\"canonical\" href=\"https:\/\/www.limburgsuitje.nl\/de\/wischen-sie-limburg-aus\/\" \/>\n<meta property=\"og:locale\" content=\"de_DE\" \/>\n<meta property=\"og:type\" content=\"article\" \/>\n<meta property=\"og:title\" content=\"Wipe Out in Limburg\" \/>\n<meta property=\"og:description\" content=\"Leider gibt es keine Wipe-out-Bahn mehr in Limburg. Aber wir haben andere tolle aktive Ausfl\u00fcge f\u00fcr deinen Junggesellenabschied, Teamausflug oder Familientag.\" \/>\n<meta property=\"og:url\" content=\"https:\/\/www.limburgsuitje.nl\/de\/wischen-sie-limburg-aus\/\" \/>\n<meta property=\"og:site_name\" content=\"Limburgsuitje\" \/>\n<meta property=\"article:publisher\" content=\"https:\/\/www.facebook.com\/limburgsuitje\/\" \/>\n<meta property=\"article:modified_time\" content=\"2026-03-16T13:57:02+00:00\" \/>\n<meta name=\"twitter:card\" content=\"summary_large_image\" \/>\n<meta name=\"twitter:label1\" content=\"Gesch\u00e4tzte Lesezeit\" \/>\n\t<meta name=\"twitter:data1\" content=\"2\u00a0Minuten\" \/>\n<script type=\"application\/ld+json\" class=\"yoast-schema-graph\">{\"@context\":\"https:\\\/\\\/schema.org\",\"@graph\":[{\"@type\":\"WebPage\",\"@id\":\"https:\\\/\\\/www.limburgsuitje.nl\\\/de\\\/wischen-sie-limburg-aus\\\/\",\"url\":\"https:\\\/\\\/www.limburgsuitje.nl\\\/de\\\/wischen-sie-limburg-aus\\\/\",\"name\":\"Wipe Out in Limburg\",\"isPartOf\":{\"@id\":\"https:\\\/\\\/www.limburgsuitje.nl\\\/de\\\/#website\"},\"datePublished\":\"2025-06-24T08:59:49+00:00\",\"dateModified\":\"2026-03-16T13:57:02+00:00\",\"description\":\"Leider gibt es keine Wipe-out-Bahn mehr in Limburg. Aber wir haben andere tolle aktive Ausfl\u00fcge f\u00fcr deinen Junggesellenabschied, Teamausflug oder Familientag.\",\"breadcrumb\":{\"@id\":\"https:\\\/\\\/www.limburgsuitje.nl\\\/de\\\/wischen-sie-limburg-aus\\\/#breadcrumb\"},\"inLanguage\":\"de\",\"potentialAction\":[{\"@type\":\"ReadAction\",\"target\":[\"https:\\\/\\\/www.limburgsuitje.nl\\\/de\\\/wischen-sie-limburg-aus\\\/\"]}]},{\"@type\":\"BreadcrumbList\",\"@id\":\"https:\\\/\\\/www.limburgsuitje.nl\\\/de\\\/wischen-sie-limburg-aus\\\/#breadcrumb\",\"itemListElement\":[{\"@type\":\"ListItem\",\"position\":1,\"name\":\"Home\",\"item\":\"https:\\\/\\\/www.limburgsuitje.nl\\\/de\\\/\"},{\"@type\":\"ListItem\",\"position\":2,\"name\":\"Wipe Out Limburg\"}]},{\"@type\":\"WebSite\",\"@id\":\"https:\\\/\\\/www.limburgsuitje.nl\\\/de\\\/#website\",\"url\":\"https:\\\/\\\/www.limburgsuitje.nl\\\/de\\\/\",\"name\":\"Limburgsuitje\",\"description\":\"Strijd als een ware schot\",\"potentialAction\":[{\"@type\":\"SearchAction\",\"target\":{\"@type\":\"EntryPoint\",\"urlTemplate\":\"https:\\\/\\\/www.limburgsuitje.nl\\\/de\\\/?s={search_term_string}\"},\"query-input\":{\"@type\":\"PropertyValueSpecification\",\"valueRequired\":true,\"valueName\":\"search_term_string\"}}],\"inLanguage\":\"de\"}]}<\/script>\n<!-- \/ Yoast SEO plugin. -->","yoast_head_json":{"title":"Wipe Out in Limburg","description":"Leider gibt es keine Wipe-out-Bahn mehr in Limburg. Aber wir haben andere tolle aktive Ausfl\u00fcge f\u00fcr deinen Junggesellenabschied, Teamausflug oder Familientag.","robots":{"index":"index","follow":"follow","max-snippet":"max-snippet:-1","max-image-preview":"max-image-preview:large","max-video-preview":"max-video-preview:-1"},"canonical":"https:\/\/www.limburgsuitje.nl\/de\/wischen-sie-limburg-aus\/","og_locale":"de_DE","og_type":"article","og_title":"Wipe Out in Limburg","og_description":"Leider gibt es keine Wipe-out-Bahn mehr in Limburg. Aber wir haben andere tolle aktive Ausfl\u00fcge f\u00fcr deinen Junggesellenabschied, Teamausflug oder Familientag.","og_url":"https:\/\/www.limburgsuitje.nl\/de\/wischen-sie-limburg-aus\/","og_site_name":"Limburgsuitje","article_publisher":"https:\/\/www.facebook.com\/limburgsuitje\/","article_modified_time":"2026-03-16T13:57:02+00:00","twitter_card":"summary_large_image","twitter_misc":{"Gesch\u00e4tzte Lesezeit":"2\u00a0Minuten"},"schema":{"@context":"https:\/\/schema.org","@graph":[{"@type":"WebPage","@id":"https:\/\/www.limburgsuitje.nl\/de\/wischen-sie-limburg-aus\/","url":"https:\/\/www.limburgsuitje.nl\/de\/wischen-sie-limburg-aus\/","name":"Wipe Out in Limburg","isPartOf":{"@id":"https:\/\/www.limburgsuitje.nl\/de\/#website"},"datePublished":"2025-06-24T08:59:49+00:00","dateModified":"2026-03-16T13:57:02+00:00","description":"Leider gibt es keine Wipe-out-Bahn mehr in Limburg. Aber wir haben andere tolle aktive Ausfl\u00fcge f\u00fcr deinen Junggesellenabschied, Teamausflug oder Familientag.","breadcrumb":{"@id":"https:\/\/www.limburgsuitje.nl\/de\/wischen-sie-limburg-aus\/#breadcrumb"},"inLanguage":"de","potentialAction":[{"@type":"ReadAction","target":["https:\/\/www.limburgsuitje.nl\/de\/wischen-sie-limburg-aus\/"]}]},{"@type":"BreadcrumbList","@id":"https:\/\/www.limburgsuitje.nl\/de\/wischen-sie-limburg-aus\/#breadcrumb","itemListElement":[{"@type":"ListItem","position":1,"name":"Home","item":"https:\/\/www.limburgsuitje.nl\/de\/"},{"@type":"ListItem","position":2,"name":"Wipe Out Limburg"}]},{"@type":"WebSite","@id":"https:\/\/www.limburgsuitje.nl\/de\/#website","url":"https:\/\/www.limburgsuitje.nl\/de\/","name":"Limburgsuitje","description":"Strijd als een ware schot","potentialAction":[{"@type":"SearchAction","target":{"@type":"EntryPoint","urlTemplate":"https:\/\/www.limburgsuitje.nl\/de\/?s={search_term_string}"},"query-input":{"@type":"PropertyValueSpecification","valueRequired":true,"valueName":"search_term_string"}}],"inLanguage":"de"}]}},"_links":{"self":[{"href":"https:\/\/www.limburgsuitje.nl\/de\/wp-json\/wp\/v2\/pages\/10791","targetHints":{"allow":["GET"]}}],"collection":[{"href":"https:\/\/www.limburgsuitje.nl\/de\/wp-json\/wp\/v2\/pages"}],"about":[{"href":"https:\/\/www.limburgsuitje.nl\/de\/wp-json\/wp\/v2\/types\/page"}],"author":[{"embeddable":true,"href":"https:\/\/www.limburgsuitje.nl\/de\/wp-json\/wp\/v2\/users\/2"}],"replies":[{"embeddable":true,"href":"https:\/\/www.limburgsuitje.nl\/de\/wp-json\/wp\/v2\/comments?post=10791"}],"version-history":[{"count":5,"href":"https:\/\/www.limburgsuitje.nl\/de\/wp-json\/wp\/v2\/pages\/10791\/revisions"}],"predecessor-version":[{"id":12857,"href":"https:\/\/www.limburgsuitje.nl\/de\/wp-json\/wp\/v2\/pages\/10791\/revisions\/12857"}],"wp:attachment":[{"href":"https:\/\/www.limburgsuitje.nl\/de\/wp-json\/wp\/v2\/media?parent=10791"}],"curies":[{"name":"wp","href":"https:\/\/api.w.org\/{rel}","templated":true}]}}