{"id":11271,"date":"2025-09-13T12:57:05","date_gmt":"2025-09-13T10:57:05","guid":{"rendered":"https:\/\/www.limburgsuitje.nl\/parteien\/"},"modified":"2026-03-04T10:09:41","modified_gmt":"2026-03-04T09:09:41","slug":"parteien","status":"publish","type":"page","link":"https:\/\/www.limburgsuitje.nl\/de\/parteien\/","title":{"rendered":"Party-Arrangements"},"content":{"rendered":"<p>[et_pb_section fb_built=&#8220;1&#8243; _builder_version=&#8220;4.27.5&#8243; _module_preset=&#8220;default&#8220; global_colors_info=&#8220;{}&#8220;][et_pb_row admin_label=&#8220;Reihe&#8220; _builder_version=&#8220;4.27.4&#8243; global_colors_info=&#8220;{}&#8220;][et_pb_column type=&#8220;4_4&#8243; _builder_version=&#8220;4.27.4&#8243; custom_padding=&#8220;|||&#8220; global_colors_info=&#8220;{}&#8220; custom_padding__hover=&#8220;|||&#8220;][et_pb_text admin_label=&#8220;Titel&#8220; _builder_version=&#8220;4.27.6&#8243; background_size=&#8220;initial&#8220; background_position=&#8220;top_left&#8220; background_repeat=&#8220;repeat&#8220; hover_enabled=&#8220;0&#8243; use_border_color=&#8220;off&#8220; border_color=&#8220;#ffffff&#8220; border_style=&#8220;solid&#8220; global_colors_info=&#8220;{}&#8220; sticky_enabled=&#8220;0&#8243;]<\/p>\n<h1>Abendliche Party-Arrangements in Sevenum<\/h1>\n<p>Unten findest du eine \u00dcbersicht unserer gem\u00fctlichen Arrangements f\u00fcr einen Partyabend in <span class=\"hover:entity-accent entity-underline inline cursor-pointer align-baseline\"><span class=\"whitespace-normal\">Sevenum<\/span><\/span>. Alle Arrangements finden an unserem eigenen Standort statt. M\u00f6chtest du deine Feier lieber bei den Nachbarn von De Turfhoeve organisieren? Das ist auf Anfrage m\u00f6glich.   <\/p>\n<p data-start=\"290\" data-end=\"468\" data-is-last-node=\"\" data-is-only-node=\"\">Ist kein passendes Arrangement dabei? Kein Problem, wir stellen gerne ein ma\u00dfgeschneidertes Arrangement f\u00fcr dich zusammen. Nimm einfach Kontakt mit uns auf, um die M\u00f6glichkeiten zu besprechen.  <\/p>\n<p><a href=\"https:\/\/www.limburgsuitje.nl\/de\/standort\/\">Schau dir auch unseren Irish Pub f\u00fcr die Organisation deiner Feier an. <\/a>Dieser ist f\u00fcr eine Feier mit bis zu 60 Personen geeignet.<\/p>\n<p>[\/et_pb_text][et_pb_code admin_label=&#8220;Code&#8220; _builder_version=&#8220;4.27.4&#8243; global_colors_info=&#8220;{}&#8220;][\/et_pb_code][\/et_pb_column][\/et_pb_row][et_pb_row admin_label=&#8220;Warteschlange&#8220; _builder_version=&#8220;4.16&#8243; global_colors_info=&#8220;{}&#8220;][et_pb_column type=&#8220;4_4&#8243; _builder_version=&#8220;4.16&#8243; custom_padding=&#8220;|||&#8220; global_colors_info=&#8220;{}&#8220; custom_padding__hover=&#8220;|||&#8220;][\/et_pb_column][\/et_pb_row][\/et_pb_section]<\/p>\n","protected":false},"excerpt":{"rendered":"<p>Abendliche Party-Arrangements in Sevenum Unten findest du eine \u00dcbersicht unserer gem\u00fctlichen Arrangements f\u00fcr einen Partyabend in Sevenum. Alle Arrangements finden an unserem eigenen Standort statt. M\u00f6chtest du deine Feier lieber bei den Nachbarn von De Turfhoeve organisieren? Das ist auf Anfrage m\u00f6glich. Ist kein passendes Arrangement dabei? Kein Problem, wir stellen gerne ein ma\u00dfgeschneidertes Arrangement [&hellip;]<\/p>\n","protected":false},"author":2,"featured_media":0,"parent":0,"menu_order":0,"comment_status":"closed","ping_status":"closed","template":"","meta":{"_acf_changed":false,"_et_pb_use_builder":"on","_et_pb_old_content":"","_et_gb_content_width":"","footnotes":""},"class_list":["post-11271","page","type-page","status-publish","hentry"],"acf":[],"yoast_head":"<!-- This site is optimized with the Yoast SEO plugin v27.4 - https:\/\/yoast.com\/product\/yoast-seo-wordpress\/ -->\n<title>Organisieren Sie eine Partynacht in Limburg mit Essen\/Trinken und Aktivit\u00e4ten?<\/title>\n<meta name=\"description\" content=\"Werfen Sie einen Blick auf unsere Partyabend-Pakete in Sevenum, Nordlimburg. Von einer lustigen Aktivit\u00e4t bis zu einem leckeren Grillfest oder Buffet.\" \/>\n<meta name=\"robots\" content=\"index, follow, max-snippet:-1, max-image-preview:large, max-video-preview:-1\" \/>\n<link rel=\"canonical\" href=\"https:\/\/www.limburgsuitje.nl\/de\/parteien\/\" \/>\n<meta property=\"og:locale\" content=\"de_DE\" \/>\n<meta property=\"og:type\" content=\"article\" \/>\n<meta property=\"og:title\" content=\"Organisieren Sie eine Partynacht in Limburg mit Essen\/Trinken und Aktivit\u00e4ten?\" \/>\n<meta property=\"og:description\" content=\"Werfen Sie einen Blick auf unsere Partyabend-Pakete in Sevenum, Nordlimburg. Von einer lustigen Aktivit\u00e4t bis zu einem leckeren Grillfest oder Buffet.\" \/>\n<meta property=\"og:url\" content=\"https:\/\/www.limburgsuitje.nl\/de\/parteien\/\" \/>\n<meta property=\"og:site_name\" content=\"Limburgsuitje\" \/>\n<meta property=\"article:publisher\" content=\"https:\/\/www.facebook.com\/limburgsuitje\/\" \/>\n<meta property=\"article:modified_time\" content=\"2026-03-04T09:09:41+00:00\" \/>\n<meta name=\"twitter:card\" content=\"summary_large_image\" \/>\n<meta name=\"twitter:label1\" content=\"Gesch\u00e4tzte Lesezeit\" \/>\n\t<meta name=\"twitter:data1\" content=\"1\u00a0Minute\" \/>\n<script type=\"application\/ld+json\" class=\"yoast-schema-graph\">{\"@context\":\"https:\\\/\\\/schema.org\",\"@graph\":[{\"@type\":\"WebPage\",\"@id\":\"https:\\\/\\\/www.limburgsuitje.nl\\\/de\\\/parteien\\\/\",\"url\":\"https:\\\/\\\/www.limburgsuitje.nl\\\/de\\\/parteien\\\/\",\"name\":\"Organisieren Sie eine Partynacht in Limburg mit Essen\\\/Trinken und Aktivit\u00e4ten?\",\"isPartOf\":{\"@id\":\"https:\\\/\\\/www.limburgsuitje.nl\\\/de\\\/#website\"},\"datePublished\":\"2025-09-13T10:57:05+00:00\",\"dateModified\":\"2026-03-04T09:09:41+00:00\",\"description\":\"Werfen Sie einen Blick auf unsere Partyabend-Pakete in Sevenum, Nordlimburg. Von einer lustigen Aktivit\u00e4t bis zu einem leckeren Grillfest oder Buffet.\",\"breadcrumb\":{\"@id\":\"https:\\\/\\\/www.limburgsuitje.nl\\\/de\\\/parteien\\\/#breadcrumb\"},\"inLanguage\":\"de\",\"potentialAction\":[{\"@type\":\"ReadAction\",\"target\":[\"https:\\\/\\\/www.limburgsuitje.nl\\\/de\\\/parteien\\\/\"]}]},{\"@type\":\"BreadcrumbList\",\"@id\":\"https:\\\/\\\/www.limburgsuitje.nl\\\/de\\\/parteien\\\/#breadcrumb\",\"itemListElement\":[{\"@type\":\"ListItem\",\"position\":1,\"name\":\"Home\",\"item\":\"https:\\\/\\\/www.limburgsuitje.nl\\\/de\\\/\"},{\"@type\":\"ListItem\",\"position\":2,\"name\":\"Party-Arrangements\"}]},{\"@type\":\"WebSite\",\"@id\":\"https:\\\/\\\/www.limburgsuitje.nl\\\/de\\\/#website\",\"url\":\"https:\\\/\\\/www.limburgsuitje.nl\\\/de\\\/\",\"name\":\"Limburgsuitje\",\"description\":\"Strijd als een ware schot\",\"potentialAction\":[{\"@type\":\"SearchAction\",\"target\":{\"@type\":\"EntryPoint\",\"urlTemplate\":\"https:\\\/\\\/www.limburgsuitje.nl\\\/de\\\/?s={search_term_string}\"},\"query-input\":{\"@type\":\"PropertyValueSpecification\",\"valueRequired\":true,\"valueName\":\"search_term_string\"}}],\"inLanguage\":\"de\"}]}<\/script>\n<!-- \/ Yoast SEO plugin. -->","yoast_head_json":{"title":"Organisieren Sie eine Partynacht in Limburg mit Essen\/Trinken und Aktivit\u00e4ten?","description":"Werfen Sie einen Blick auf unsere Partyabend-Pakete in Sevenum, Nordlimburg. Von einer lustigen Aktivit\u00e4t bis zu einem leckeren Grillfest oder Buffet.","robots":{"index":"index","follow":"follow","max-snippet":"max-snippet:-1","max-image-preview":"max-image-preview:large","max-video-preview":"max-video-preview:-1"},"canonical":"https:\/\/www.limburgsuitje.nl\/de\/parteien\/","og_locale":"de_DE","og_type":"article","og_title":"Organisieren Sie eine Partynacht in Limburg mit Essen\/Trinken und Aktivit\u00e4ten?","og_description":"Werfen Sie einen Blick auf unsere Partyabend-Pakete in Sevenum, Nordlimburg. Von einer lustigen Aktivit\u00e4t bis zu einem leckeren Grillfest oder Buffet.","og_url":"https:\/\/www.limburgsuitje.nl\/de\/parteien\/","og_site_name":"Limburgsuitje","article_publisher":"https:\/\/www.facebook.com\/limburgsuitje\/","article_modified_time":"2026-03-04T09:09:41+00:00","twitter_card":"summary_large_image","twitter_misc":{"Gesch\u00e4tzte Lesezeit":"1\u00a0Minute"},"schema":{"@context":"https:\/\/schema.org","@graph":[{"@type":"WebPage","@id":"https:\/\/www.limburgsuitje.nl\/de\/parteien\/","url":"https:\/\/www.limburgsuitje.nl\/de\/parteien\/","name":"Organisieren Sie eine Partynacht in Limburg mit Essen\/Trinken und Aktivit\u00e4ten?","isPartOf":{"@id":"https:\/\/www.limburgsuitje.nl\/de\/#website"},"datePublished":"2025-09-13T10:57:05+00:00","dateModified":"2026-03-04T09:09:41+00:00","description":"Werfen Sie einen Blick auf unsere Partyabend-Pakete in Sevenum, Nordlimburg. Von einer lustigen Aktivit\u00e4t bis zu einem leckeren Grillfest oder Buffet.","breadcrumb":{"@id":"https:\/\/www.limburgsuitje.nl\/de\/parteien\/#breadcrumb"},"inLanguage":"de","potentialAction":[{"@type":"ReadAction","target":["https:\/\/www.limburgsuitje.nl\/de\/parteien\/"]}]},{"@type":"BreadcrumbList","@id":"https:\/\/www.limburgsuitje.nl\/de\/parteien\/#breadcrumb","itemListElement":[{"@type":"ListItem","position":1,"name":"Home","item":"https:\/\/www.limburgsuitje.nl\/de\/"},{"@type":"ListItem","position":2,"name":"Party-Arrangements"}]},{"@type":"WebSite","@id":"https:\/\/www.limburgsuitje.nl\/de\/#website","url":"https:\/\/www.limburgsuitje.nl\/de\/","name":"Limburgsuitje","description":"Strijd als een ware schot","potentialAction":[{"@type":"SearchAction","target":{"@type":"EntryPoint","urlTemplate":"https:\/\/www.limburgsuitje.nl\/de\/?s={search_term_string}"},"query-input":{"@type":"PropertyValueSpecification","valueRequired":true,"valueName":"search_term_string"}}],"inLanguage":"de"}]}},"_links":{"self":[{"href":"https:\/\/www.limburgsuitje.nl\/de\/wp-json\/wp\/v2\/pages\/11271","targetHints":{"allow":["GET"]}}],"collection":[{"href":"https:\/\/www.limburgsuitje.nl\/de\/wp-json\/wp\/v2\/pages"}],"about":[{"href":"https:\/\/www.limburgsuitje.nl\/de\/wp-json\/wp\/v2\/types\/page"}],"author":[{"embeddable":true,"href":"https:\/\/www.limburgsuitje.nl\/de\/wp-json\/wp\/v2\/users\/2"}],"replies":[{"embeddable":true,"href":"https:\/\/www.limburgsuitje.nl\/de\/wp-json\/wp\/v2\/comments?post=11271"}],"version-history":[{"count":0,"href":"https:\/\/www.limburgsuitje.nl\/de\/wp-json\/wp\/v2\/pages\/11271\/revisions"}],"wp:attachment":[{"href":"https:\/\/www.limburgsuitje.nl\/de\/wp-json\/wp\/v2\/media?parent=11271"}],"curies":[{"name":"wp","href":"https:\/\/api.w.org\/{rel}","templated":true}]}}