{"id":12962,"date":"2026-04-02T10:46:38","date_gmt":"2026-04-02T08:46:38","guid":{"rendered":"https:\/\/www.limburgsuitje.nl\/junggesellenabschied-venlo\/"},"modified":"2026-04-03T13:39:54","modified_gmt":"2026-04-03T11:39:54","slug":"junggesellenabschied-venlo","status":"publish","type":"page","link":"https:\/\/www.limburgsuitje.nl\/de\/junggesellenabschied-venlo\/","title":{"rendered":"Junggesellenabschied Venlo \/ JGA Venlo"},"content":{"rendered":"<p>[et_pb_section fb_built=&#8220;1&#8243; admin_label=&#8220;section&#8220; _builder_version=&#8220;4.16&#8243; global_colors_info=&#8220;{}&#8220;][et_pb_row admin_label=&#8220;Reihe&#8220; _builder_version=&#8220;4.16&#8243; background_size=&#8220;initial&#8220; background_position=&#8220;top_left&#8220; background_repeat=&#8220;repeat&#8220; global_colors_info=&#8220;{}&#8220;][et_pb_column type=&#8220;4_4&#8243; _builder_version=&#8220;4.16&#8243; custom_padding=&#8220;|||&#8220; global_colors_info=&#8220;{}&#8220; custom_padding__hover=&#8220;|||&#8220;][et_pb_text admin_label=&#8220;Text&#8220; _builder_version=&#8220;4.27.6&#8243; background_size=&#8220;initial&#8220; background_position=&#8220;top_left&#8220; background_repeat=&#8220;repeat&#8220; use_border_color=&#8220;off&#8220; border_color=&#8220;#ffffff&#8220; border_style=&#8220;solid&#8220; global_colors_info=&#8220;{}&#8220;]<\/p>\n<h1 data-start=\"334\" data-end=\"711\">\u200b<strong>Junggesellenabschied in Venlo feiern? Entdecke den Top-Standort ganz in der N\u00e4he in Sevenum! <\/strong><\/h1>\n<p class=\"isSelectedEnd\">Bist du auf der Suche nach einem originellen und unvergesslichen <strong>Junggesellenabschied in Venlo<\/strong>? Dann bist du bei Limburgsuitje.nl genau richtig! Obwohl unser Standort nicht direkt im Zentrum von Venlo liegt, findest du uns nur eine kurze Strecke entfernt im gem\u00fctlichen Sevenum. Der perfekte Ort f\u00fcr einen komplett organisierten Junggesellenabschied voller Action, Spa\u00df und einzigartiger Aktivit\u00e4ten.   <\/p>\n<h2>Der Ort f\u00fcr einen Junggesellenabschied nahe Venlo<\/h2>\n<p class=\"isSelectedEnd\">Viele Menschen suchen nach einem Junggesellenabschied in Venlo, stellen aber schnell fest, dass die tollsten und vielseitigsten Ausfl\u00fcge direkt vor den Toren der Stadt zu finden sind. Unser Standort in Sevenum bietet allen Platz f\u00fcr einen gelungenen Tag oder Abend, ganz ohne den Trubel der Stadt. Zudem bist du von Venlo aus innerhalb k\u00fcrzester Zeit bei uns vor Ort.  <\/p>\n<h2>Originelle Aktivit\u00e4ten f\u00fcr jede Gruppe<\/h2>\n<p class=\"isSelectedEnd\">Egal, ob du eine aktive Gruppe hast oder eher etwas Entspannendes suchst, wir bieten eine breite Palette an Aktivit\u00e4ten f\u00fcr deinen Junggesellenabschied nahe Venlo. Denken Sie dar\u00fcber nach:<\/p>\n<ul data-spread=\"false\">\n<li>Outdoor-Aktivit\u00e4ten und Spiele<\/li>\n<li>Teambuilding und urkomische Challenges<\/li>\n<li>Arrangements inklusive Essen und Trinken<\/li>\n<li>Kombinationen aus mehreren Aktivit\u00e4ten<\/li>\n<\/ul>\n<p class=\"isSelectedEnd\">Alles wird komplett organisiert, sodass ihr nur noch genie\u00dfen m\u00fcsst.<\/p>\n<h2>Warum sich f\u00fcr Limburgsuitje.nl entscheiden?<\/h2>\n<ul data-spread=\"false\">\n<li>Nur eine kurze Strecke von Venlo entfernt (in Sevenum) gelegen<\/li>\n<li>Einzigartige und originelle Aktivit\u00e4ten f\u00fcr den Junggesellenabschied<\/li>\n<li>Sowohl f\u00fcr kleine als auch f\u00fcr gro\u00dfe Gruppen geeignet<\/li>\n<li>Pers\u00f6nliche Betreuung und ma\u00dfgeschneiderte L\u00f6sungen m\u00f6glich<\/li>\n<\/ul>\n<h2>Gut erreichbar von Venlo aus<\/h2>\n<p class=\"isSelectedEnd\">Unser Standort in Sevenum ist einfach mit dem Auto, Bus oder Taxi erreichbar. Das macht uns zum idealen Ausgangspunkt f\u00fcr Gruppen, die einen Junggesellenabschied in Venlo suchen, aber das gewisse Extra wollen. Mit \u00f6ffentlichen Verkehrsmitteln sind wir leider nicht gut erreichbar.  <\/p>\n<h2>Buche deinen Junggesellenabschied ganz in der N\u00e4he von Venlo<\/h2>\n<p class=\"isSelectedEnd\">M\u00f6chtest du einen Junggesellenabschied organisieren, den so schnell niemand vergisst? Dann entscheide dich f\u00fcr Limburgsuitje.nl in Sevenum. Nimm Kontakt mit uns auf und entdecke die M\u00f6glichkeiten f\u00fcr euren perfekten Tag!  <\/p>\n<p>[\/et_pb_text][\/et_pb_column][\/et_pb_row][\/et_pb_section][et_pb_section fb_built=&#8220;1&#8243; admin_label=&#8220;Section&#8220; _builder_version=&#8220;4.16&#8243; background_color=&#8220;#e6e6e6&#8243; transparent_background=&#8220;off&#8220; global_colors_info=&#8220;{}&#8220;][et_pb_row admin_label=&#8220;Reihe&#8220; _builder_version=&#8220;4.16&#8243; background_size=&#8220;initial&#8220; background_position=&#8220;top_left&#8220; background_repeat=&#8220;repeat&#8220; global_colors_info=&#8220;{}&#8220;][et_pb_column type=&#8220;4_4&#8243; _builder_version=&#8220;4.16&#8243; custom_padding=&#8220;|||&#8220; global_colors_info=&#8220;{}&#8220; custom_padding__hover=&#8220;|||&#8220;][et_pb_text admin_label=&#8220;Deze activiteit bestaat uit deze spellen&#8220; module_id=&#8220;spellen-titel&#8220; _builder_version=&#8220;4.27.5&#8243; background_size=&#8220;initial&#8220; background_position=&#8220;top_left&#8220; background_repeat=&#8220;repeat&#8220; text_orientation=&#8220;center&#8220; module_alignment=&#8220;center&#8220; custom_margin=&#8220;||0px|&#8220; use_border_color=&#8220;off&#8220; border_color=&#8220;#ffffff&#8220; border_style=&#8220;solid&#8220; global_colors_info=&#8220;{}&#8220;]<\/p>\n<h2>Unser Angebot an Aktivit\u00e4ten f\u00fcr einen Junggesellenabschied<\/h2>\n<p>[\/et_pb_text][et_pb_code admin_label=&#8220;Zugeh\u00f6rige Aktivit\u00e4ten &#038; Pakete&#8220; _builder_version=&#8220;4.16&#8243; global_colors_info=&#8220;{}&#8220;][\/et_pb_code][et_pb_text admin_label=&#8220;Deze activiteit bestaat uit deze spellen&#8220; module_id=&#8220;spellen-titel&#8220; _builder_version=&#8220;4.27.5&#8243; background_size=&#8220;initial&#8220; background_position=&#8220;top_left&#8220; background_repeat=&#8220;repeat&#8220; text_orientation=&#8220;center&#8220; module_alignment=&#8220;center&#8220; custom_margin=&#8220;||0px|&#8220; use_border_color=&#8220;off&#8220; border_color=&#8220;#ffffff&#8220; border_style=&#8220;solid&#8220; global_colors_info=&#8220;{}&#8220;]<\/p>\n<h2>Die h\u00e4ufigsten Fragen zu unseren Junggesellenabschied-Aktivit\u00e4ten<\/h2>\n<p>[\/et_pb_text][et_pb_accordion _builder_version=&#8220;4.27.5&#8243; _module_preset=&#8220;default&#8220; global_colors_info=&#8220;{}&#8220;][et_pb_accordion_item title=&#8220;Was f\u00fcr Junggesellenabschiede bieten Sie an?&#8220; open=&#8220;on&#8220; _builder_version=&#8220;4.27.5&#8243; _module_preset=&#8220;default&#8220; global_colors_info=&#8220;{}&#8220;]<\/p>\n<p>Wir bieten aktive, kreative, entspannende und festliche Junggesellenabschiede an. Dazu geh\u00f6ren Workshops, Spiele, City Games, Outdoor-Aktivit\u00e4ten und Abendprogramme. <\/p>\n<p>[\/et_pb_accordion_item][et_pb_accordion_item title=&#8220;F\u00fcr wie viele Personen sind die Junggesellenabschiede geeignet?&#8220; _builder_version=&#8220;4.27.5&#8243; _module_preset=&#8220;default&#8220; global_colors_info=&#8220;{}&#8220; open=&#8220;off&#8220;]<\/p>\n<p>Unsere Junggesellenabschiede sind f\u00fcr Gruppen ab 10 Personen geeignet. <\/p>\n<p>[\/et_pb_accordion_item][et_pb_accordion_item title=&#8220;Wo finden die Junggesellenabschiede statt?&#8220; _builder_version=&#8220;4.27.5&#8243; _module_preset=&#8220;default&#8220; global_colors_info=&#8220;{}&#8220; open=&#8220;off&#8220;]<\/p>\n<p>Die Ausfl\u00fcge auf unserer Website finden in Sevenum, an unserem eigenen Standort statt. Dar\u00fcber hinaus arbeiten wir mit dem Restaurant De Turfhoeve zusammen, das sich neben uns befindet und in dem viele Indoor-Aktivit\u00e4ten stattfinden.  <\/p>\n<p>[\/et_pb_accordion_item][et_pb_accordion_item title=&#8220;K\u00f6nnen Aktivit\u00e4ten an die Braut oder den Br\u00e4utigam angepasst werden?&#8220; _builder_version=&#8220;4.27.5&#8243; _module_preset=&#8220;default&#8220; global_colors_info=&#8220;{}&#8220; open=&#8220;off&#8220;]<\/p>\n<p>Ja, wir stimmen das Programm gerne auf die W\u00fcnsche, Pers\u00f6nlichkeit und Grenzen des Junggesellen\/der Junggesellin ab.<\/p>\n<p>[\/et_pb_accordion_item][et_pb_accordion_item title=&#8220;Ist der Junggesellenabschied f\u00fcr M\u00e4nner und Frauen geeignet?&#8220; _builder_version=&#8220;4.27.5&#8243; _module_preset=&#8220;default&#8220; global_colors_info=&#8220;{}&#8220; open=&#8220;off&#8220;]<\/p>\n<p>Ja, wir organisieren Junggesellenabschiede f\u00fcr M\u00e4nner, Frauen und gemischte Gruppen.<\/p>\n<p>[\/et_pb_accordion_item][et_pb_accordion_item title=&#8220;Darf w\u00e4hrend der Aktivit\u00e4t Alkohol getrunken werden?&#8220; _builder_version=&#8220;4.27.5&#8243; _module_preset=&#8220;default&#8220; global_colors_info=&#8220;{}&#8220; open=&#8220;off&#8220;]<\/p>\n<p>W\u00e4hrend der sportlichen Outdoor-Aktivit\u00e4ten ist Alkohol nicht erlaubt. Auch wenn Teilnehmer unter Alkoholeinfluss ankommen, kann die Aktivit\u00e4t nicht stattfinden. Nach der Aktivit\u00e4t ist es selbstverst\u00e4ndlich m\u00f6glich, ein alkoholisches Getr\u00e4nk zu sich zu nehmen.  <\/p>\n<p>[\/et_pb_accordion_item][et_pb_accordion_item title=&#8220;Ist es m\u00f6glich, den Junggesellenabschied mit einem Abendessen oder Abendprogramm zu kombinieren?&#8220; _builder_version=&#8220;4.27.5&#8243; _module_preset=&#8220;default&#8220; global_colors_info=&#8220;{}&#8220; open=&#8220;off&#8220;]<\/p>\n<p>Ja, der Junggesellenabschied kann mit einem Abendessen, Umtrunk oder einem <a href=\"https:\/\/www.limburgsuitje.nl\/de\/parteien\/\">Partyabend<\/a> erweitert werden.<\/p>\n<p>[\/et_pb_accordion_item][et_pb_accordion_item title=&#8220;M\u00fcssen wir f\u00fcr die Braut oder den Br\u00e4utigam bezahlen?&#8220; _builder_version=&#8220;4.27.5&#8243; _module_preset=&#8220;default&#8220; global_colors_info=&#8220;{}&#8220; open=&#8220;off&#8220;]<\/p>\n<p>Ja. Auch diese Person muss in der zu zahlenden Personenzahl ber\u00fccksichtigt werden.<\/p>\n<p>[\/et_pb_accordion_item][et_pb_accordion_item title=&#8220;D\u00fcrfen wir selbst etwas zu essen mitbringen?&#8220; _builder_version=&#8220;4.27.5&#8243; _module_preset=&#8220;default&#8220; global_colors_info=&#8220;{}&#8220; open=&#8220;off&#8220;]<\/p>\n<p>Ja, es ist erlaubt, selbst etwas Leckeres mitzubringen. Bitte beachten: Bei Indoor-Aktivit\u00e4ten ist dies nicht gestattet. <\/p>\n<p>[\/et_pb_accordion_item][\/et_pb_accordion][\/et_pb_column][\/et_pb_row][\/et_pb_section]<\/p>\n","protected":false},"excerpt":{"rendered":"<p>\u200bJunggesellenabschied in Venlo feiern? Entdecke den Top-Standort ganz in der N\u00e4he in Sevenum! Bist du auf der Suche nach einem originellen und unvergesslichen Junggesellenabschied in Venlo? Dann bist du bei Limburgsuitje.nl genau richtig! Obwohl unser Standort nicht direkt im Zentrum von Venlo liegt, findest du uns nur eine kurze Strecke entfernt im gem\u00fctlichen Sevenum. Der [&hellip;]<\/p>\n","protected":false},"author":2,"featured_media":0,"parent":0,"menu_order":0,"comment_status":"closed","ping_status":"closed","template":"","meta":{"_acf_changed":false,"_et_pb_use_builder":"on","_et_pb_old_content":"","_et_gb_content_width":"","footnotes":""},"class_list":["post-12962","page","type-page","status-publish","hentry"],"acf":[],"yoast_head":"<!-- This site is optimized with the Yoast SEO plugin v27.4 - https:\/\/yoast.com\/product\/yoast-seo-wordpress\/ -->\n<title>Junggesellenabschied Venlo | JGA Venlo<\/title>\n<meta name=\"description\" content=\"Junggesellenabschied in Venlo organisieren? Erlebe einen einzigartigen Ausflug an unserem Standort in Sevenum, ganz in der N\u00e4he von Venlo.\" \/>\n<meta name=\"robots\" content=\"index, follow, max-snippet:-1, max-image-preview:large, max-video-preview:-1\" \/>\n<link rel=\"canonical\" href=\"https:\/\/www.limburgsuitje.nl\/de\/junggesellenabschied-venlo\/\" \/>\n<meta property=\"og:locale\" content=\"de_DE\" \/>\n<meta property=\"og:type\" content=\"article\" \/>\n<meta property=\"og:title\" content=\"Junggesellenabschied Venlo | JGA Venlo\" \/>\n<meta property=\"og:description\" content=\"Junggesellenabschied in Venlo organisieren? Erlebe einen einzigartigen Ausflug an unserem Standort in Sevenum, ganz in der N\u00e4he von Venlo.\" \/>\n<meta property=\"og:url\" content=\"https:\/\/www.limburgsuitje.nl\/de\/junggesellenabschied-venlo\/\" \/>\n<meta property=\"og:site_name\" content=\"Limburgsuitje\" \/>\n<meta property=\"article:publisher\" content=\"https:\/\/www.facebook.com\/limburgsuitje\/\" \/>\n<meta property=\"article:modified_time\" content=\"2026-04-03T11:39:54+00:00\" \/>\n<meta name=\"twitter:card\" content=\"summary_large_image\" \/>\n<meta name=\"twitter:label1\" content=\"Gesch\u00e4tzte Lesezeit\" \/>\n\t<meta name=\"twitter:data1\" content=\"3\u00a0Minuten\" \/>\n<script type=\"application\/ld+json\" class=\"yoast-schema-graph\">{\"@context\":\"https:\\\/\\\/schema.org\",\"@graph\":[{\"@type\":\"WebPage\",\"@id\":\"https:\\\/\\\/www.limburgsuitje.nl\\\/de\\\/junggesellenabschied-venlo\\\/\",\"url\":\"https:\\\/\\\/www.limburgsuitje.nl\\\/de\\\/junggesellenabschied-venlo\\\/\",\"name\":\"Junggesellenabschied Venlo | JGA Venlo\",\"isPartOf\":{\"@id\":\"https:\\\/\\\/www.limburgsuitje.nl\\\/de\\\/#website\"},\"datePublished\":\"2026-04-02T08:46:38+00:00\",\"dateModified\":\"2026-04-03T11:39:54+00:00\",\"description\":\"Junggesellenabschied in Venlo organisieren? Erlebe einen einzigartigen Ausflug an unserem Standort in Sevenum, ganz in der N\u00e4he von Venlo.\",\"breadcrumb\":{\"@id\":\"https:\\\/\\\/www.limburgsuitje.nl\\\/de\\\/junggesellenabschied-venlo\\\/#breadcrumb\"},\"inLanguage\":\"de\",\"potentialAction\":[{\"@type\":\"ReadAction\",\"target\":[\"https:\\\/\\\/www.limburgsuitje.nl\\\/de\\\/junggesellenabschied-venlo\\\/\"]}]},{\"@type\":\"BreadcrumbList\",\"@id\":\"https:\\\/\\\/www.limburgsuitje.nl\\\/de\\\/junggesellenabschied-venlo\\\/#breadcrumb\",\"itemListElement\":[{\"@type\":\"ListItem\",\"position\":1,\"name\":\"Home\",\"item\":\"https:\\\/\\\/www.limburgsuitje.nl\\\/de\\\/\"},{\"@type\":\"ListItem\",\"position\":2,\"name\":\"Junggesellenabschied Venlo \\\/ JGA Venlo\"}]},{\"@type\":\"WebSite\",\"@id\":\"https:\\\/\\\/www.limburgsuitje.nl\\\/de\\\/#website\",\"url\":\"https:\\\/\\\/www.limburgsuitje.nl\\\/de\\\/\",\"name\":\"Limburgsuitje\",\"description\":\"Strijd als een ware schot\",\"potentialAction\":[{\"@type\":\"SearchAction\",\"target\":{\"@type\":\"EntryPoint\",\"urlTemplate\":\"https:\\\/\\\/www.limburgsuitje.nl\\\/de\\\/?s={search_term_string}\"},\"query-input\":{\"@type\":\"PropertyValueSpecification\",\"valueRequired\":true,\"valueName\":\"search_term_string\"}}],\"inLanguage\":\"de\"}]}<\/script>\n<!-- \/ Yoast SEO plugin. -->","yoast_head_json":{"title":"Junggesellenabschied Venlo | JGA Venlo","description":"Junggesellenabschied in Venlo organisieren? Erlebe einen einzigartigen Ausflug an unserem Standort in Sevenum, ganz in der N\u00e4he von Venlo.","robots":{"index":"index","follow":"follow","max-snippet":"max-snippet:-1","max-image-preview":"max-image-preview:large","max-video-preview":"max-video-preview:-1"},"canonical":"https:\/\/www.limburgsuitje.nl\/de\/junggesellenabschied-venlo\/","og_locale":"de_DE","og_type":"article","og_title":"Junggesellenabschied Venlo | JGA Venlo","og_description":"Junggesellenabschied in Venlo organisieren? Erlebe einen einzigartigen Ausflug an unserem Standort in Sevenum, ganz in der N\u00e4he von Venlo.","og_url":"https:\/\/www.limburgsuitje.nl\/de\/junggesellenabschied-venlo\/","og_site_name":"Limburgsuitje","article_publisher":"https:\/\/www.facebook.com\/limburgsuitje\/","article_modified_time":"2026-04-03T11:39:54+00:00","twitter_card":"summary_large_image","twitter_misc":{"Gesch\u00e4tzte Lesezeit":"3\u00a0Minuten"},"schema":{"@context":"https:\/\/schema.org","@graph":[{"@type":"WebPage","@id":"https:\/\/www.limburgsuitje.nl\/de\/junggesellenabschied-venlo\/","url":"https:\/\/www.limburgsuitje.nl\/de\/junggesellenabschied-venlo\/","name":"Junggesellenabschied Venlo | JGA Venlo","isPartOf":{"@id":"https:\/\/www.limburgsuitje.nl\/de\/#website"},"datePublished":"2026-04-02T08:46:38+00:00","dateModified":"2026-04-03T11:39:54+00:00","description":"Junggesellenabschied in Venlo organisieren? Erlebe einen einzigartigen Ausflug an unserem Standort in Sevenum, ganz in der N\u00e4he von Venlo.","breadcrumb":{"@id":"https:\/\/www.limburgsuitje.nl\/de\/junggesellenabschied-venlo\/#breadcrumb"},"inLanguage":"de","potentialAction":[{"@type":"ReadAction","target":["https:\/\/www.limburgsuitje.nl\/de\/junggesellenabschied-venlo\/"]}]},{"@type":"BreadcrumbList","@id":"https:\/\/www.limburgsuitje.nl\/de\/junggesellenabschied-venlo\/#breadcrumb","itemListElement":[{"@type":"ListItem","position":1,"name":"Home","item":"https:\/\/www.limburgsuitje.nl\/de\/"},{"@type":"ListItem","position":2,"name":"Junggesellenabschied Venlo \/ JGA Venlo"}]},{"@type":"WebSite","@id":"https:\/\/www.limburgsuitje.nl\/de\/#website","url":"https:\/\/www.limburgsuitje.nl\/de\/","name":"Limburgsuitje","description":"Strijd als een ware schot","potentialAction":[{"@type":"SearchAction","target":{"@type":"EntryPoint","urlTemplate":"https:\/\/www.limburgsuitje.nl\/de\/?s={search_term_string}"},"query-input":{"@type":"PropertyValueSpecification","valueRequired":true,"valueName":"search_term_string"}}],"inLanguage":"de"}]}},"_links":{"self":[{"href":"https:\/\/www.limburgsuitje.nl\/de\/wp-json\/wp\/v2\/pages\/12962","targetHints":{"allow":["GET"]}}],"collection":[{"href":"https:\/\/www.limburgsuitje.nl\/de\/wp-json\/wp\/v2\/pages"}],"about":[{"href":"https:\/\/www.limburgsuitje.nl\/de\/wp-json\/wp\/v2\/types\/page"}],"author":[{"embeddable":true,"href":"https:\/\/www.limburgsuitje.nl\/de\/wp-json\/wp\/v2\/users\/2"}],"replies":[{"embeddable":true,"href":"https:\/\/www.limburgsuitje.nl\/de\/wp-json\/wp\/v2\/comments?post=12962"}],"version-history":[{"count":4,"href":"https:\/\/www.limburgsuitje.nl\/de\/wp-json\/wp\/v2\/pages\/12962\/revisions"}],"predecessor-version":[{"id":12970,"href":"https:\/\/www.limburgsuitje.nl\/de\/wp-json\/wp\/v2\/pages\/12962\/revisions\/12970"}],"wp:attachment":[{"href":"https:\/\/www.limburgsuitje.nl\/de\/wp-json\/wp\/v2\/media?parent=12962"}],"curies":[{"name":"wp","href":"https:\/\/api.w.org\/{rel}","templated":true}]}}