{"id":13020,"date":"2026-05-11T14:36:36","date_gmt":"2026-05-11T12:36:36","guid":{"rendered":"https:\/\/www.limburgsuitje.nl\/am-eigenen-standort\/"},"modified":"2026-05-11T14:37:12","modified_gmt":"2026-05-11T12:37:12","slug":"am-eigenen-standort","status":"publish","type":"page","link":"https:\/\/www.limburgsuitje.nl\/de\/am-eigenen-standort\/","title":{"rendered":"Am eigenen Standort"},"content":{"rendered":"<p>[et_pb_section fb_built=&#8220;1&#8243; _builder_version=&#8220;4.27.5&#8243; _module_preset=&#8220;default&#8220; global_colors_info=&#8220;{}&#8220; theme_builder_area=&#8220;post_content&#8220;][et_pb_row admin_label=&#8220;Reihe&#8220; _builder_version=&#8220;4.16&#8243; global_colors_info=&#8220;{}&#8220; theme_builder_area=&#8220;post_content&#8220;][et_pb_column type=&#8220;4_4&#8243; _builder_version=&#8220;4.16&#8243; custom_padding=&#8220;|||&#8220; global_colors_info=&#8220;{}&#8220; custom_padding__hover=&#8220;|||&#8220; theme_builder_area=&#8220;post_content&#8220;][et_pb_text admin_label=&#8220;Titel&#8220; _builder_version=&#8220;4.27.6&#8243; background_size=&#8220;initial&#8220; background_position=&#8220;top_left&#8220; background_repeat=&#8220;repeat&#8220; hover_enabled=&#8220;0&#8243; use_border_color=&#8220;off&#8220; border_color=&#8220;#ffffff&#8220; border_style=&#8220;solid&#8220; global_colors_info=&#8220;{}&#8220; theme_builder_area=&#8220;post_content&#8220; sticky_enabled=&#8220;0&#8243;]<\/p>\n<h1>Gruppenaktivit\u00e4ten an deinem eigenen Standort<\/h1>\n<p data-start=\"328\" data-end=\"772\">Limburgs Uitje bietet auch Gruppenaktivit\u00e4ten an deinem eigenen Standort an. Das bietet sich zum Beispiel an, wenn du bereits irgendwo eine Tagung gebucht hast und eine tolle Tagungspause dazu buchen m\u00f6chtest. Aber auch, wenn die Entfernung zu gro\u00df ist. Hast du eine gro\u00dfe Betriebshalle zur Verf\u00fcgung, k\u00f6nnen wir im Herbst und Winter auch tolle Aktivit\u00e4ten im Innenbereich anbieten.   <\/p>\n<p data-start=\"328\" data-end=\"772\">Wir k\u00f6nnen nicht das gesamte Angebot von Limburgs Uitje vor Ort anbieten und auch nicht immer an jedem Wochentag. Daher sind diese Aktivit\u00e4ten immer auf Anfrage. In den Sto\u00dfzeiten sind Samstage und Sonntage etwas schwieriger zu realisieren. Unter der Woche ist es jedoch oft m\u00f6glich. Informiere dich also einfach \u00fcber die M\u00f6glichkeiten.    <\/p>\n<p data-start=\"328\" data-end=\"772\">Ist der passende Ausflug nicht dabei und du w\u00fcnschst dir ein ma\u00dfgeschneidertes Event? Sag uns, was du dir vorstellst, und wir erstellen dir ein Angebot. <\/p>\n<p data-start=\"328\" data-end=\"772\">Die Aktivit\u00e4ten folgen hier in wenigen Tagen. Hast du bereits eine Frage?  Dann <a href=\"https:\/\/www.limburgsuitje.nl\/de\/kontakt\/\">kontaktieren Sie<\/a> uns bitte.<\/p>\n<p data-start=\"328\" data-end=\"772\">[\/et_pb_text][et_pb_code admin_label=&#8220;Code&#8220; _builder_version=&#8220;4.27.6&#8243; hover_enabled=&#8220;0&#8243; global_colors_info=&#8220;{}&#8220; theme_builder_area=&#8220;post_content&#8220; sticky_enabled=&#8220;0&#8243;][\/et_pb_code][\/et_pb_column][\/et_pb_row][\/et_pb_section]<\/p>\n","protected":false},"excerpt":{"rendered":"<p>Gruppenaktivit\u00e4ten an deinem eigenen Standort Limburgs Uitje bietet auch Gruppenaktivit\u00e4ten an deinem eigenen Standort an. Das bietet sich zum Beispiel an, wenn du bereits irgendwo eine Tagung gebucht hast und eine tolle Tagungspause dazu buchen m\u00f6chtest. Aber auch, wenn die Entfernung zu gro\u00df ist. Hast du eine gro\u00dfe Betriebshalle zur Verf\u00fcgung, k\u00f6nnen wir im Herbst [&hellip;]<\/p>\n","protected":false},"author":2,"featured_media":0,"parent":0,"menu_order":0,"comment_status":"closed","ping_status":"closed","template":"","meta":{"_acf_changed":false,"_et_pb_use_builder":"on","_et_pb_old_content":"","_et_gb_content_width":"","footnotes":""},"class_list":["post-13020","page","type-page","status-publish","hentry"],"acf":[],"yoast_head":"<!-- This site is optimized with the Yoast SEO plugin v27.5 - https:\/\/yoast.com\/product\/yoast-seo-wordpress\/ -->\n<title>Gruppenaktivit\u00e4ten am eigenen Standort | Teambuilding vor Ort<\/title>\n<meta name=\"description\" content=\"Hast du bereits einen eigenen Standort und m\u00f6chtest eine Gruppenaktivit\u00e4t buchen? Limburgs Uitje kommt zu dir. Schau dir schnell unser Angebot an.\" \/>\n<meta name=\"robots\" content=\"index, follow, max-snippet:-1, max-image-preview:large, max-video-preview:-1\" \/>\n<link rel=\"canonical\" href=\"https:\/\/www.limburgsuitje.nl\/de\/am-eigenen-standort\/\" \/>\n<meta property=\"og:locale\" content=\"de_DE\" \/>\n<meta property=\"og:type\" content=\"article\" \/>\n<meta property=\"og:title\" content=\"Gruppenaktivit\u00e4ten am eigenen Standort | Teambuilding vor Ort\" \/>\n<meta property=\"og:description\" content=\"Hast du bereits einen eigenen Standort und m\u00f6chtest eine Gruppenaktivit\u00e4t buchen? Limburgs Uitje kommt zu dir. Schau dir schnell unser Angebot an.\" \/>\n<meta property=\"og:url\" content=\"https:\/\/www.limburgsuitje.nl\/de\/am-eigenen-standort\/\" \/>\n<meta property=\"og:site_name\" content=\"Limburgsuitje\" \/>\n<meta property=\"article:publisher\" content=\"https:\/\/www.facebook.com\/limburgsuitje\/\" \/>\n<meta property=\"article:modified_time\" content=\"2026-05-11T12:37:12+00:00\" \/>\n<meta name=\"twitter:card\" content=\"summary_large_image\" \/>\n<meta name=\"twitter:label1\" content=\"Gesch\u00e4tzte Lesezeit\" \/>\n\t<meta name=\"twitter:data1\" content=\"2\u00a0Minuten\" \/>\n<script type=\"application\/ld+json\" class=\"yoast-schema-graph\">{\"@context\":\"https:\\\/\\\/schema.org\",\"@graph\":[{\"@type\":\"WebPage\",\"@id\":\"https:\\\/\\\/www.limburgsuitje.nl\\\/de\\\/am-eigenen-standort\\\/\",\"url\":\"https:\\\/\\\/www.limburgsuitje.nl\\\/de\\\/am-eigenen-standort\\\/\",\"name\":\"Gruppenaktivit\u00e4ten am eigenen Standort | Teambuilding vor Ort\",\"isPartOf\":{\"@id\":\"https:\\\/\\\/www.limburgsuitje.nl\\\/de\\\/#website\"},\"datePublished\":\"2026-05-11T12:36:36+00:00\",\"dateModified\":\"2026-05-11T12:37:12+00:00\",\"description\":\"Hast du bereits einen eigenen Standort und m\u00f6chtest eine Gruppenaktivit\u00e4t buchen? Limburgs Uitje kommt zu dir. Schau dir schnell unser Angebot an.\",\"breadcrumb\":{\"@id\":\"https:\\\/\\\/www.limburgsuitje.nl\\\/de\\\/am-eigenen-standort\\\/#breadcrumb\"},\"inLanguage\":\"de\",\"potentialAction\":[{\"@type\":\"ReadAction\",\"target\":[\"https:\\\/\\\/www.limburgsuitje.nl\\\/de\\\/am-eigenen-standort\\\/\"]}]},{\"@type\":\"BreadcrumbList\",\"@id\":\"https:\\\/\\\/www.limburgsuitje.nl\\\/de\\\/am-eigenen-standort\\\/#breadcrumb\",\"itemListElement\":[{\"@type\":\"ListItem\",\"position\":1,\"name\":\"Home\",\"item\":\"https:\\\/\\\/www.limburgsuitje.nl\\\/de\\\/\"},{\"@type\":\"ListItem\",\"position\":2,\"name\":\"Am eigenen Standort\"}]},{\"@type\":\"WebSite\",\"@id\":\"https:\\\/\\\/www.limburgsuitje.nl\\\/de\\\/#website\",\"url\":\"https:\\\/\\\/www.limburgsuitje.nl\\\/de\\\/\",\"name\":\"Limburgsuitje\",\"description\":\"Strijd als een ware schot\",\"potentialAction\":[{\"@type\":\"SearchAction\",\"target\":{\"@type\":\"EntryPoint\",\"urlTemplate\":\"https:\\\/\\\/www.limburgsuitje.nl\\\/de\\\/?s={search_term_string}\"},\"query-input\":{\"@type\":\"PropertyValueSpecification\",\"valueRequired\":true,\"valueName\":\"search_term_string\"}}],\"inLanguage\":\"de\"}]}<\/script>\n<!-- \/ Yoast SEO plugin. -->","yoast_head_json":{"title":"Gruppenaktivit\u00e4ten am eigenen Standort | Teambuilding vor Ort","description":"Hast du bereits einen eigenen Standort und m\u00f6chtest eine Gruppenaktivit\u00e4t buchen? Limburgs Uitje kommt zu dir. Schau dir schnell unser Angebot an.","robots":{"index":"index","follow":"follow","max-snippet":"max-snippet:-1","max-image-preview":"max-image-preview:large","max-video-preview":"max-video-preview:-1"},"canonical":"https:\/\/www.limburgsuitje.nl\/de\/am-eigenen-standort\/","og_locale":"de_DE","og_type":"article","og_title":"Gruppenaktivit\u00e4ten am eigenen Standort | Teambuilding vor Ort","og_description":"Hast du bereits einen eigenen Standort und m\u00f6chtest eine Gruppenaktivit\u00e4t buchen? Limburgs Uitje kommt zu dir. Schau dir schnell unser Angebot an.","og_url":"https:\/\/www.limburgsuitje.nl\/de\/am-eigenen-standort\/","og_site_name":"Limburgsuitje","article_publisher":"https:\/\/www.facebook.com\/limburgsuitje\/","article_modified_time":"2026-05-11T12:37:12+00:00","twitter_card":"summary_large_image","twitter_misc":{"Gesch\u00e4tzte Lesezeit":"2\u00a0Minuten"},"schema":{"@context":"https:\/\/schema.org","@graph":[{"@type":"WebPage","@id":"https:\/\/www.limburgsuitje.nl\/de\/am-eigenen-standort\/","url":"https:\/\/www.limburgsuitje.nl\/de\/am-eigenen-standort\/","name":"Gruppenaktivit\u00e4ten am eigenen Standort | Teambuilding vor Ort","isPartOf":{"@id":"https:\/\/www.limburgsuitje.nl\/de\/#website"},"datePublished":"2026-05-11T12:36:36+00:00","dateModified":"2026-05-11T12:37:12+00:00","description":"Hast du bereits einen eigenen Standort und m\u00f6chtest eine Gruppenaktivit\u00e4t buchen? Limburgs Uitje kommt zu dir. Schau dir schnell unser Angebot an.","breadcrumb":{"@id":"https:\/\/www.limburgsuitje.nl\/de\/am-eigenen-standort\/#breadcrumb"},"inLanguage":"de","potentialAction":[{"@type":"ReadAction","target":["https:\/\/www.limburgsuitje.nl\/de\/am-eigenen-standort\/"]}]},{"@type":"BreadcrumbList","@id":"https:\/\/www.limburgsuitje.nl\/de\/am-eigenen-standort\/#breadcrumb","itemListElement":[{"@type":"ListItem","position":1,"name":"Home","item":"https:\/\/www.limburgsuitje.nl\/de\/"},{"@type":"ListItem","position":2,"name":"Am eigenen Standort"}]},{"@type":"WebSite","@id":"https:\/\/www.limburgsuitje.nl\/de\/#website","url":"https:\/\/www.limburgsuitje.nl\/de\/","name":"Limburgsuitje","description":"Strijd als een ware schot","potentialAction":[{"@type":"SearchAction","target":{"@type":"EntryPoint","urlTemplate":"https:\/\/www.limburgsuitje.nl\/de\/?s={search_term_string}"},"query-input":{"@type":"PropertyValueSpecification","valueRequired":true,"valueName":"search_term_string"}}],"inLanguage":"de"}]}},"_links":{"self":[{"href":"https:\/\/www.limburgsuitje.nl\/de\/wp-json\/wp\/v2\/pages\/13020","targetHints":{"allow":["GET"]}}],"collection":[{"href":"https:\/\/www.limburgsuitje.nl\/de\/wp-json\/wp\/v2\/pages"}],"about":[{"href":"https:\/\/www.limburgsuitje.nl\/de\/wp-json\/wp\/v2\/types\/page"}],"author":[{"embeddable":true,"href":"https:\/\/www.limburgsuitje.nl\/de\/wp-json\/wp\/v2\/users\/2"}],"replies":[{"embeddable":true,"href":"https:\/\/www.limburgsuitje.nl\/de\/wp-json\/wp\/v2\/comments?post=13020"}],"version-history":[{"count":2,"href":"https:\/\/www.limburgsuitje.nl\/de\/wp-json\/wp\/v2\/pages\/13020\/revisions"}],"predecessor-version":[{"id":13022,"href":"https:\/\/www.limburgsuitje.nl\/de\/wp-json\/wp\/v2\/pages\/13020\/revisions\/13022"}],"wp:attachment":[{"href":"https:\/\/www.limburgsuitje.nl\/de\/wp-json\/wp\/v2\/media?parent=13020"}],"curies":[{"name":"wp","href":"https:\/\/api.w.org\/{rel}","templated":true}]}}