{"id":5099,"date":"2017-03-20T19:00:32","date_gmt":"2017-03-20T18:00:32","guid":{"rendered":"https:\/\/www.limburgsuitje.nl\/aktivurlaub-in-limburg\/"},"modified":"2026-02-10T18:50:39","modified_gmt":"2026-02-10T17:50:39","slug":"aktivurlaub-in-limburg","status":"publish","type":"page","link":"https:\/\/www.limburgsuitje.nl\/de\/aktivurlaub-in-limburg\/","title":{"rendered":"Aktiver Gruppenausflug Limburg"},"content":{"rendered":"<p>[et_pb_section fb_built=&#8220;1&#8243; admin_label=&#8220;section&#8220; _builder_version=&#8220;4.16&#8243; global_colors_info=&#8220;{}&#8220;][et_pb_row admin_label=&#8220;Reihe&#8220; _builder_version=&#8220;4.16&#8243; background_size=&#8220;initial&#8220; background_position=&#8220;top_left&#8220; background_repeat=&#8220;repeat&#8220; global_colors_info=&#8220;{}&#8220;][et_pb_column type=&#8220;4_4&#8243; _builder_version=&#8220;4.16&#8243; custom_padding=&#8220;|||&#8220; global_colors_info=&#8220;{}&#8220; custom_padding__hover=&#8220;|||&#8220;][et_pb_text admin_label=&#8220;Text&#8220; _builder_version=&#8220;4.27.5&#8243; background_size=&#8220;initial&#8220; background_position=&#8220;top_left&#8220; background_repeat=&#8220;repeat&#8220; custom_padding=&#8220;0px|||||&#8220; use_border_color=&#8220;off&#8220; global_colors_info=&#8220;{}&#8220;]<\/p>\n<h1 data-start=\"330\" data-end=\"674\">Aktiver Ausflug in Sevenum (Limburg)<\/h1>\n<p data-start=\"260\" data-end=\"766\">M\u00f6chtest du einen aktiven Ausflug in Limburg organisieren, bei dem Bewegung und Spa\u00df im Mittelpunkt stehen? Dann findest du bei Limburgs Uitje sportliche und herausfordernde Gruppenaktivit\u00e4ten, die an unserem Standort in Sevenum stattfinden. Dabei geht es nicht nur darum, aktiv zu sein, sondern auch darum, gemeinsam etwas zu erleben und Spa\u00df zu haben. Egal, ob du dich f\u00fcr ein energiegeladenes Programm oder einen abwechslungsreichen aktiven Ausflug entscheidest, in jedem Fall passt das Angebot zu verschiedenen W\u00fcnschen und Niveaus.   <\/p>\n<p data-start=\"768\" data-end=\"1136\">Dar\u00fcber hinaus werden unsere aktiven Ausfl\u00fcge in Sevenum von erfahrenen Instruktoren begleitet. Dadurch sind die Aktivit\u00e4ten f\u00fcr unterschiedliche Gruppengr\u00f6\u00dfen und Niveaus geeignet. Zudem k\u00f6nnen die Programme einfach an eure W\u00fcnsche, verf\u00fcgbare Zeit und euer Budget angepasst werden. So bleibt der Ausflug aktiv, \u00fcbersichtlich und f\u00fcr jeden unterhaltsam.   <\/p>\n<p data-start=\"1138\" data-end=\"1399\">Schlie\u00dflich findest du auf dieser Seite eine \u00dcbersicht unserer beliebtesten aktiven Ausfl\u00fcge an unserem Standort in Sevenum, erg\u00e4nzt durch praktische Informationen und h\u00e4ufig gestellte Fragen.<\/p>\n<p>[\/et_pb_text][\/et_pb_column][\/et_pb_row][\/et_pb_section][et_pb_section fb_built=&#8220;1&#8243; admin_label=&#8220;Section&#8220; _builder_version=&#8220;4.16&#8243; background_color=&#8220;#e6e6e6&#8243; transparent_background=&#8220;off&#8220; global_colors_info=&#8220;{}&#8220;][et_pb_row admin_label=&#8220;Reihe&#8220; _builder_version=&#8220;4.16&#8243; background_size=&#8220;initial&#8220; background_position=&#8220;top_left&#8220; background_repeat=&#8220;repeat&#8220; global_colors_info=&#8220;{}&#8220;][et_pb_column type=&#8220;4_4&#8243; _builder_version=&#8220;4.16&#8243; custom_padding=&#8220;|||&#8220; global_colors_info=&#8220;{}&#8220; custom_padding__hover=&#8220;|||&#8220;][et_pb_text admin_label=&#8220;Deze activiteit bestaat uit deze spellen&#8220; module_id=&#8220;spellen-titel&#8220; _builder_version=&#8220;4.27.5&#8243; background_size=&#8220;initial&#8220; background_position=&#8220;top_left&#8220; background_repeat=&#8220;repeat&#8220; text_orientation=&#8220;center&#8220; module_alignment=&#8220;center&#8220; custom_margin=&#8220;||0px|&#8220; use_border_color=&#8220;off&#8220; border_color=&#8220;#ffffff&#8220; border_style=&#8220;solid&#8220; global_colors_info=&#8220;{}&#8220;]<\/p>\n<h2>Unser Angebot an aktiven und sportlichen Gruppenaktivit\u00e4ten in Limburg<\/h2>\n<p>[\/et_pb_text][et_pb_code admin_label=&#8220;Zugeh\u00f6rige Aktivit\u00e4ten &#038; Pakete&#8220; _builder_version=&#8220;4.27.5&#8243; global_colors_info=&#8220;{}&#8220;]<ul id=\"bxslider\">\n<li class=\"slide\">\n<div class=\"spel\" style=\"width: 260px;\">\n\t<a href=\"https:\/\/www.limburgsuitje.nl\/de\/activiteit\/highlandgames\/\" title=\"Hochland-Spiele\">\n\t\t<div>\n\t\t<div class=\"spel-thumbnail\">\n\t\t\t<img decoding=\"async\" src=\"https:\/\/www.limburgsuitje.nl\/wp-content\/uploads\/2017\/03\/highland-games-thumb.jpg\" alt=\"Hochland-Spiele\">\n\t\t<\/div>\n\t\t<div class=\"spel-text\">\n\t\t\t<h3>Hochland-Spiele<\/h3>\n\t\t\tK\u00e4mpfe wie ein echter Schotte und zeige deine St\u00e4rke bei den Highland Games.  \n\t\t<\/div>\n\t\t<div class=\"spel-footer\">\n\t\t\t<div class=\"spel-footer-prijs\">\n\t\t\t\t\u20ac 22,95 <span class=\"pp\">p.P.<\/span> \n\t\t\t<\/div>\n\t\t\t<div class=\"spel-footer-duur\">\n\t\t\t\t2 Stunden\n\t\t\t<\/div>\n\t\t<\/div>\n\t\t<\/div>\n\t<\/a>\n<\/div>\n<\/li>\n<li class=\"slide\">\n<div class=\"spel\" style=\"width: 260px;\">\n\t<a href=\"https:\/\/www.limburgsuitje.nl\/de\/activiteit\/fungames\/\" title=\"lustige Spiele\">\n\t\t<div>\n\t\t<div class=\"spel-thumbnail\">\n\t\t\t<img decoding=\"async\" src=\"https:\/\/www.limburgsuitje.nl\/wp-content\/uploads\/2017\/01\/fun-games-thumb.jpg\" alt=\"lustige Spiele\">\n\t\t<\/div>\n\t\t<div class=\"spel-text\">\n\t\t\t<h3>lustige Spiele<\/h3>\n\t\t\tBei dieser Aktivit\u00e4t steht der Spa\u00df im Vordergrund!\n\t\t<\/div>\n\t\t<div class=\"spel-footer\">\n\t\t\t<div class=\"spel-footer-prijs\">\n\t\t\t\t\u20ac 20,50 <span class=\"pp\">p.P.<\/span> \n\t\t\t<\/div>\n\t\t\t<div class=\"spel-footer-duur\">\n\t\t\t\t2 Stunden\n\t\t\t<\/div>\n\t\t<\/div>\n\t\t<\/div>\n\t<\/a>\n<\/div>\n<\/li>\n<li class=\"slide\">\n<div class=\"spel\" style=\"width: 260px;\">\n\t<a href=\"https:\/\/www.limburgsuitje.nl\/de\/activiteit\/expedition-columbus-action\/\" title=\"Expedition Kolumbus sportlich\">\n\t\t<div>\n\t\t<div class=\"spel-thumbnail\">\n\t\t\t<img decoding=\"async\" src=\"https:\/\/www.limburgsuitje.nl\/wp-content\/uploads\/2017\/02\/expeditie-columbus-thumb.jpg\" alt=\"Expedition Kolumbus sportlich\">\n\t\t<\/div>\n\t\t<div class=\"spel-text\">\n\t\t\t<h3>Expedition Kolumbus sportlich<\/h3>\n\t\t\tSch\u00f6ner sportlicher Gruppenausflug!\n\t\t<\/div>\n\t\t<div class=\"spel-footer\">\n\t\t\t<div class=\"spel-footer-prijs\">\n\t\t\t\t\u20ac 22,95 <span class=\"pp\">p.P.<\/span> \n\t\t\t<\/div>\n\t\t\t<div class=\"spel-footer-duur\">\n\t\t\t\t2 Stunden\n\t\t\t<\/div>\n\t\t<\/div>\n\t\t<\/div>\n\t<\/a>\n<\/div>\n<\/li>\n<li class=\"slide\">\n<div class=\"spel\" style=\"width: 260px;\">\n\t<a href=\"https:\/\/www.limburgsuitje.nl\/de\/activiteit\/fungames-xl\/\" title=\"Spa\u00dfspiele XL\">\n\t\t<div>\n\t\t<div class=\"spel-thumbnail\">\n\t\t\t<img decoding=\"async\" src=\"https:\/\/www.limburgsuitje.nl\/wp-content\/uploads\/2017\/11\/flip-the-wall-thumb-1.jpg\" alt=\"Spa\u00dfspiele XL\">\n\t\t<\/div>\n\t\t<div class=\"spel-text\">\n\t\t\t<h3>Spa\u00dfspiele XL<\/h3>\n\t\t\tViel Spa\u00df bei den Spielen, aber auch eine Menge Sport.\n\t\t<\/div>\n\t\t<div class=\"spel-footer\">\n\t\t\t<div class=\"spel-footer-prijs\">\n\t\t\t\t\u20ac 24,50 <span class=\"pp\">p.P.<\/span> \n\t\t\t<\/div>\n\t\t\t<div class=\"spel-footer-duur\">\n\t\t\t\t2 Stunden\n\t\t\t<\/div>\n\t\t<\/div>\n\t\t<\/div>\n\t<\/a>\n<\/div>\n<\/li>\n<li class=\"slide\">\n<div class=\"spel\" style=\"width: 260px;\">\n\t<a href=\"https:\/\/www.limburgsuitje.nl\/de\/activiteit\/jungs-gegen-maedels-outdoor\/\" title=\"Jungs gegen M\u00e4dels OUTDOOR\">\n\t\t<div>\n\t\t<div class=\"spel-thumbnail\">\n\t\t\t<img decoding=\"async\" src=\"https:\/\/www.limburgsuitje.nl\/wp-content\/uploads\/2017\/02\/jongens-tegen-de-meisjes-outdoor-thumb.jpg\" alt=\"Jungs gegen M\u00e4dels OUTDOOR\">\n\t\t<\/div>\n\t\t<div class=\"spel-text\">\n\t\t\t<h3>Jungs gegen M\u00e4dels OUTDOOR<\/h3>\n\t\t\tDieses Mal findet der Kampf zwischen den M\u00e4nnern und den Frauen nicht in einem Fernsehstudio statt! Wer wird gewinnen?  \n\t\t<\/div>\n\t\t<div class=\"spel-footer\">\n\t\t\t<div class=\"spel-footer-prijs\">\n\t\t\t\t\u20ac 22,95 <span class=\"pp\">p.P.<\/span> \n\t\t\t<\/div>\n\t\t\t<div class=\"spel-footer-duur\">\n\t\t\t\t2 Stunden\n\t\t\t<\/div>\n\t\t<\/div>\n\t\t<\/div>\n\t<\/a>\n<\/div>\n<\/li>\n<li class=\"slide\">\n<div class=\"spel\" style=\"width: 260px;\">\n\t<a href=\"https:\/\/www.limburgsuitje.nl\/de\/activiteit\/jackass\/\" title=\"Jackass\">\n\t\t<div>\n\t\t<div class=\"spel-thumbnail\">\n\t\t\t<img decoding=\"async\" src=\"https:\/\/www.limburgsuitje.nl\/wp-content\/uploads\/2017\/02\/jackass-thumb.jpg\" alt=\"Jackass\">\n\t\t<\/div>\n\t\t<div class=\"spel-text\">\n\t\t\t<h3>Jackass<\/h3>\n\t\t\tF\u00fcr wen es nicht verr\u00fcckt genug sein kann!\n\t\t<\/div>\n\t\t<div class=\"spel-footer\">\n\t\t\t<div class=\"spel-footer-prijs\">\n\t\t\t\t\u20ac 24,50 <span class=\"pp\">p.P.<\/span> \n\t\t\t<\/div>\n\t\t\t<div class=\"spel-footer-duur\">\n\t\t\t\t2 Stunden\n\t\t\t<\/div>\n\t\t<\/div>\n\t\t<\/div>\n\t<\/a>\n<\/div>\n<\/li>\n<li class=\"slide\">\n<div class=\"spel\" style=\"width: 260px;\">\n\t<a href=\"https:\/\/www.limburgsuitje.nl\/de\/activiteit\/verrueckte-spiele\/\" title=\"Verr\u00fcckte Spiele\">\n\t\t<div>\n\t\t<div class=\"spel-thumbnail\">\n\t\t\t<img decoding=\"async\" src=\"\" alt=\"Verr\u00fcckte Spiele\">\n\t\t<\/div>\n\t\t<div class=\"spel-text\">\n\t\t\t<h3>Verr\u00fcckte Spiele<\/h3>\n\t\t\tDie verr\u00fccktesten Aktivit\u00e4ten f\u00fcr den coolsten Gruppenausflug\n\t\t<\/div>\n\t\t<div class=\"spel-footer\">\n\t\t\t<div class=\"spel-footer-prijs\">\n\t\t\t\t<span class=\"pp\">ab<\/span> \u20ac 24,50 <span class=\"pp\">p.P.<\/span> \n\t\t\t<\/div>\n\t\t\t<div class=\"spel-footer-duur\">\n\t\t\t\t2 Stunden\n\t\t\t<\/div>\n\t\t<\/div>\n\t\t<\/div>\n\t<\/a>\n<\/div>\n<\/li>\n<\/ul>\n<script type=\"text\/javascript\">\t\t$('#bxslider').bxSlider({\t\tauto: false, mode: 'horizontal', slideSelector: 'li.slide', easing: 'ease', slideWidth: 260, minSlides: 1, maxSlides: 4, slideMargin: 33, moveSlides: 1, shrinkItems: false});<\/script><script type=\"text\/javascript\">\t\t$(document).ready(function(){ $('#bxslider').bxSlider(); });<\/script>[\/et_pb_code][et_pb_text admin_label=&#8220;Deze activiteit bestaat uit deze spellen&#8220; module_id=&#8220;spellen-titel&#8220; _builder_version=&#8220;4.27.5&#8243; background_size=&#8220;initial&#8220; background_position=&#8220;top_left&#8220; background_repeat=&#8220;repeat&#8220; text_orientation=&#8220;center&#8220; module_alignment=&#8220;center&#8220; custom_margin=&#8220;||0px|&#8220; use_border_color=&#8220;off&#8220; border_color=&#8220;#ffffff&#8220; border_style=&#8220;solid&#8220; global_colors_info=&#8220;{}&#8220;]<\/p>\n<h2>Die h\u00e4ufigsten Fragen zu unseren aktiven und sportlichen Aktivit\u00e4ten<\/h2>\n<p>[\/et_pb_text][et_pb_accordion _builder_version=&#8220;4.27.5&#8243; _module_preset=&#8220;default&#8220; global_colors_info=&#8220;{}&#8220;][et_pb_accordion_item title=&#8220;Muss man sportlich sein f\u00fcr eure Aktivit\u00e4ten?&#8220; open=&#8220;on&#8220; _builder_version=&#8220;4.27.5&#8243; _module_preset=&#8220;default&#8220; global_colors_info=&#8220;{}&#8220;]<\/p>\n<p data-start=\"58\" data-end=\"325\">Wir haben sicherlich Aktivit\u00e4ten, bei denen eine gute Kondition erforderlich ist. Das gilt aber nicht f\u00fcr alle Aktivit\u00e4ten. Auf der Seite der Aktivit\u00e4t kannst du genau lesen, was dich erwartet.  <\/p>\n<p>[\/et_pb_accordion_item][et_pb_accordion_item title=&#8220;Wo in Limburg k\u00f6nnen wir einen aktiven Gruppenausflug organisieren?&#8220; open=&#8220;off&#8220; _builder_version=&#8220;4.27.5&#8243; _module_preset=&#8220;default&#8220; global_colors_info=&#8220;{}&#8220;]<\/p>\n<p data-start=\"58\" data-end=\"325\">Alle unsere Aktivit\u00e4ten f\u00fcr eine Mitarbeiterfeier finden in Sevenum statt, an unserem eigenen Standort direkt an der A67. Dieser liegt ca. 30 Minuten von Eindhoven, 15 Minuten von Venlo und 20 Minuten von Weert entfernt. An diesem Standort bieten wir eine breite Palette an Aktivit\u00e4ten.  <\/p>\n<p data-start=\"332\" data-end=\"428\">Einige Aktivit\u00e4ten k\u00f6nnen auch an anderen Standorten \u00fcber <a href=\"https:\/\/www.downtownevents.nl\/\" target=\"_blank\" rel=\"noopener\">Downtown Events<\/a> organisiert werden.<\/p>\n<p>[\/et_pb_accordion_item][et_pb_accordion_item title=&#8220;F\u00fcr wie viele Personen ist ein aktiver Gruppenausflug geeignet?&#8220; _builder_version=&#8220;4.27.5&#8243; _module_preset=&#8220;default&#8220; global_colors_info=&#8220;{}&#8220; open=&#8220;off&#8220;]<\/p>\n<p>Unsere Programme sind f\u00fcr kleine Gruppen ab 10 Personen bis hin zu gro\u00dfen Gesellschaften mit Hunderten von Mitarbeitern geeignet. Wir passen das Konzept an die Gruppengr\u00f6\u00dfe an. <\/p>\n<p>[\/et_pb_accordion_item][et_pb_accordion_item title=&#8220;K\u00f6nnen wir den Gruppenausflug auf unsere Gruppe abstimmen (Alter, Interessen, Niveau)?&#8220; _builder_version=&#8220;4.27.5&#8243; _module_preset=&#8220;default&#8220; global_colors_info=&#8220;{}&#8220; open=&#8220;off&#8220;]<\/p>\n<p>Ja. Wir passen das Programm an die Zusammensetzung und W\u00fcnsche Ihrer Gruppe an.<\/p>\n<p>[\/et_pb_accordion_item][et_pb_accordion_item title=&#8220;Wie lauten die Stornierungsbedingungen?&#8220; _builder_version=&#8220;4.27.5&#8243; _module_preset=&#8220;default&#8220; global_colors_info=&#8220;{}&#8220; open=&#8220;off&#8220;]<\/p>\n<p>Die folgenden Stornierungsbedingungen gelten f\u00fcr alle unsere Aktivit\u00e4ten:<\/p>\n<ul>\n<li>Bei K\u00fcndigung bis zu 1 Monat im Voraus: Keine Geb\u00fchr<\/li>\n<li>Stornierung von 1 Monat bis zu 1 Woche im Voraus: 20% des Preises<\/li>\n<li>Stornierung ab 7 Tage bis 3 Tage vor Beginn: 50% des Preises<\/li>\n<li>Bei Stornierung 3 Tage oder mehr vor Kursbeginn: 100% des Preises<\/li>\n<\/ul>\n<p>Aber in der Beratung ist vieles m\u00f6glich. Der Grund daf\u00fcr ist, dass wir auch Personalpl\u00e4ne haben, die wir sp\u00e4ter nicht mehr \u00e4ndern k\u00f6nnen. Selbst wenn Essen und Trinken gebucht w\u00fcrden, blieben immer noch Kosten f\u00fcr uns \u00fcbrig. Es soll also nicht l\u00e4stig sein, sondern notwendig, weil wir auch nur ein Unternehmen sind.<\/p>\n<p>[\/et_pb_accordion_item][et_pb_accordion_item title=&#8220;Ist der Gruppenausflug f\u00fcr Betriebsausfl\u00fcge, Familien oder Freunde geeignet?&#8220; _builder_version=&#8220;4.27.5&#8243; _module_preset=&#8220;default&#8220; global_colors_info=&#8220;{}&#8220; open=&#8220;off&#8220;]<\/p>\n<p>Ja, wir haben Optionen f\u00fcr alle Arten von Gruppen: Kollegen, Familien, Freundesgruppen, Vereine usw.<\/p>\n<p>[\/et_pb_accordion_item][et_pb_accordion_item title=&#8220;Ich habe eine andere Frage&#8220; _builder_version=&#8220;4.27.5&#8243; _module_preset=&#8220;default&#8220; global_colors_info=&#8220;{}&#8220; open=&#8220;off&#8220;]<\/p>\n<p>Haben Sie noch Fragen, die sich nicht speziell auf einen Gruppenausflug beziehen? Dann schauen Sie auf unserer allgemeinen <a href=\"https:\/\/www.limburgsuitje.nl\/de\/faq\/\">FAQ<\/a>-Seite nach. Wenn Ihre Frage dort nicht beantwortet wird, nehmen Sie bitte <a href=\"https:\/\/www.limburgsuitje.nl\/de\/kontakt\/\" target=\"_blank\" rel=\"noopener\">Kontakt<\/a> mit uns auf.  <\/p>\n<p>[\/et_pb_accordion_item][\/et_pb_accordion][\/et_pb_column][\/et_pb_row][\/et_pb_section]<\/p>\n","protected":false},"excerpt":{"rendered":"<p>Aktiver Ausflug in Sevenum (Limburg) M\u00f6chtest du einen aktiven Ausflug in Limburg organisieren, bei dem Bewegung und Spa\u00df im Mittelpunkt stehen? Dann findest du bei Limburgs Uitje sportliche und herausfordernde Gruppenaktivit\u00e4ten, die an unserem Standort in Sevenum stattfinden. Dabei geht es nicht nur darum, aktiv zu sein, sondern auch darum, gemeinsam etwas zu erleben und [&hellip;]<\/p>\n","protected":false},"author":2,"featured_media":0,"parent":0,"menu_order":0,"comment_status":"closed","ping_status":"closed","template":"","meta":{"_acf_changed":false,"_et_pb_use_builder":"on","_et_pb_old_content":"","_et_gb_content_width":"","footnotes":""},"class_list":["post-5099","page","type-page","status-publish","hentry"],"acf":[],"yoast_head":"<!-- This site is optimized with the Yoast SEO plugin v27.4 - https:\/\/yoast.com\/product\/yoast-seo-wordpress\/ -->\n<title>Organisiere deinen aktiven Gruppenausflug in Limburg | Sevenum<\/title>\n<meta name=\"description\" content=\"W\u00e4hle sportliche, abenteuerliche und originelle Aktivit\u00e4ten bei Limburgs Uitje. Ideal f\u00fcr Gruppen und Teams.\" \/>\n<meta name=\"robots\" content=\"index, follow, max-snippet:-1, max-image-preview:large, max-video-preview:-1\" \/>\n<link rel=\"canonical\" href=\"https:\/\/www.limburgsuitje.nl\/de\/aktivurlaub-in-limburg\/\" \/>\n<meta property=\"og:locale\" content=\"de_DE\" \/>\n<meta property=\"og:type\" content=\"article\" \/>\n<meta property=\"og:title\" content=\"Organisiere deinen aktiven Gruppenausflug in Limburg | Sevenum\" \/>\n<meta property=\"og:description\" content=\"W\u00e4hle sportliche, abenteuerliche und originelle Aktivit\u00e4ten bei Limburgs Uitje. Ideal f\u00fcr Gruppen und Teams.\" \/>\n<meta property=\"og:url\" content=\"https:\/\/www.limburgsuitje.nl\/de\/aktivurlaub-in-limburg\/\" \/>\n<meta property=\"og:site_name\" content=\"Limburgsuitje\" \/>\n<meta property=\"article:publisher\" content=\"https:\/\/www.facebook.com\/limburgsuitje\/\" \/>\n<meta property=\"article:modified_time\" content=\"2026-02-10T17:50:39+00:00\" \/>\n<meta name=\"twitter:card\" content=\"summary_large_image\" \/>\n<meta name=\"twitter:label1\" content=\"Gesch\u00e4tzte Lesezeit\" \/>\n\t<meta name=\"twitter:data1\" content=\"3\u00a0Minuten\" \/>\n<script type=\"application\/ld+json\" class=\"yoast-schema-graph\">{\"@context\":\"https:\\\/\\\/schema.org\",\"@graph\":[{\"@type\":\"WebPage\",\"@id\":\"https:\\\/\\\/www.limburgsuitje.nl\\\/de\\\/aktivurlaub-in-limburg\\\/\",\"url\":\"https:\\\/\\\/www.limburgsuitje.nl\\\/de\\\/aktivurlaub-in-limburg\\\/\",\"name\":\"Organisiere deinen aktiven Gruppenausflug in Limburg | Sevenum\",\"isPartOf\":{\"@id\":\"https:\\\/\\\/www.limburgsuitje.nl\\\/de\\\/#website\"},\"datePublished\":\"2017-03-20T18:00:32+00:00\",\"dateModified\":\"2026-02-10T17:50:39+00:00\",\"description\":\"W\u00e4hle sportliche, abenteuerliche und originelle Aktivit\u00e4ten bei Limburgs Uitje. Ideal f\u00fcr Gruppen und Teams.\",\"breadcrumb\":{\"@id\":\"https:\\\/\\\/www.limburgsuitje.nl\\\/de\\\/aktivurlaub-in-limburg\\\/#breadcrumb\"},\"inLanguage\":\"de\",\"potentialAction\":[{\"@type\":\"ReadAction\",\"target\":[\"https:\\\/\\\/www.limburgsuitje.nl\\\/de\\\/aktivurlaub-in-limburg\\\/\"]}]},{\"@type\":\"BreadcrumbList\",\"@id\":\"https:\\\/\\\/www.limburgsuitje.nl\\\/de\\\/aktivurlaub-in-limburg\\\/#breadcrumb\",\"itemListElement\":[{\"@type\":\"ListItem\",\"position\":1,\"name\":\"Home\",\"item\":\"https:\\\/\\\/www.limburgsuitje.nl\\\/de\\\/\"},{\"@type\":\"ListItem\",\"position\":2,\"name\":\"Aktiver Gruppenausflug Limburg\"}]},{\"@type\":\"WebSite\",\"@id\":\"https:\\\/\\\/www.limburgsuitje.nl\\\/de\\\/#website\",\"url\":\"https:\\\/\\\/www.limburgsuitje.nl\\\/de\\\/\",\"name\":\"Limburgsuitje\",\"description\":\"Strijd als een ware schot\",\"potentialAction\":[{\"@type\":\"SearchAction\",\"target\":{\"@type\":\"EntryPoint\",\"urlTemplate\":\"https:\\\/\\\/www.limburgsuitje.nl\\\/de\\\/?s={search_term_string}\"},\"query-input\":{\"@type\":\"PropertyValueSpecification\",\"valueRequired\":true,\"valueName\":\"search_term_string\"}}],\"inLanguage\":\"de\"}]}<\/script>\n<!-- \/ Yoast SEO plugin. -->","yoast_head_json":{"title":"Organisiere deinen aktiven Gruppenausflug in Limburg | Sevenum","description":"W\u00e4hle sportliche, abenteuerliche und originelle Aktivit\u00e4ten bei Limburgs Uitje. Ideal f\u00fcr Gruppen und Teams.","robots":{"index":"index","follow":"follow","max-snippet":"max-snippet:-1","max-image-preview":"max-image-preview:large","max-video-preview":"max-video-preview:-1"},"canonical":"https:\/\/www.limburgsuitje.nl\/de\/aktivurlaub-in-limburg\/","og_locale":"de_DE","og_type":"article","og_title":"Organisiere deinen aktiven Gruppenausflug in Limburg | Sevenum","og_description":"W\u00e4hle sportliche, abenteuerliche und originelle Aktivit\u00e4ten bei Limburgs Uitje. Ideal f\u00fcr Gruppen und Teams.","og_url":"https:\/\/www.limburgsuitje.nl\/de\/aktivurlaub-in-limburg\/","og_site_name":"Limburgsuitje","article_publisher":"https:\/\/www.facebook.com\/limburgsuitje\/","article_modified_time":"2026-02-10T17:50:39+00:00","twitter_card":"summary_large_image","twitter_misc":{"Gesch\u00e4tzte Lesezeit":"3\u00a0Minuten"},"schema":{"@context":"https:\/\/schema.org","@graph":[{"@type":"WebPage","@id":"https:\/\/www.limburgsuitje.nl\/de\/aktivurlaub-in-limburg\/","url":"https:\/\/www.limburgsuitje.nl\/de\/aktivurlaub-in-limburg\/","name":"Organisiere deinen aktiven Gruppenausflug in Limburg | Sevenum","isPartOf":{"@id":"https:\/\/www.limburgsuitje.nl\/de\/#website"},"datePublished":"2017-03-20T18:00:32+00:00","dateModified":"2026-02-10T17:50:39+00:00","description":"W\u00e4hle sportliche, abenteuerliche und originelle Aktivit\u00e4ten bei Limburgs Uitje. Ideal f\u00fcr Gruppen und Teams.","breadcrumb":{"@id":"https:\/\/www.limburgsuitje.nl\/de\/aktivurlaub-in-limburg\/#breadcrumb"},"inLanguage":"de","potentialAction":[{"@type":"ReadAction","target":["https:\/\/www.limburgsuitje.nl\/de\/aktivurlaub-in-limburg\/"]}]},{"@type":"BreadcrumbList","@id":"https:\/\/www.limburgsuitje.nl\/de\/aktivurlaub-in-limburg\/#breadcrumb","itemListElement":[{"@type":"ListItem","position":1,"name":"Home","item":"https:\/\/www.limburgsuitje.nl\/de\/"},{"@type":"ListItem","position":2,"name":"Aktiver Gruppenausflug Limburg"}]},{"@type":"WebSite","@id":"https:\/\/www.limburgsuitje.nl\/de\/#website","url":"https:\/\/www.limburgsuitje.nl\/de\/","name":"Limburgsuitje","description":"Strijd als een ware schot","potentialAction":[{"@type":"SearchAction","target":{"@type":"EntryPoint","urlTemplate":"https:\/\/www.limburgsuitje.nl\/de\/?s={search_term_string}"},"query-input":{"@type":"PropertyValueSpecification","valueRequired":true,"valueName":"search_term_string"}}],"inLanguage":"de"}]}},"_links":{"self":[{"href":"https:\/\/www.limburgsuitje.nl\/de\/wp-json\/wp\/v2\/pages\/5099","targetHints":{"allow":["GET"]}}],"collection":[{"href":"https:\/\/www.limburgsuitje.nl\/de\/wp-json\/wp\/v2\/pages"}],"about":[{"href":"https:\/\/www.limburgsuitje.nl\/de\/wp-json\/wp\/v2\/types\/page"}],"author":[{"embeddable":true,"href":"https:\/\/www.limburgsuitje.nl\/de\/wp-json\/wp\/v2\/users\/2"}],"replies":[{"embeddable":true,"href":"https:\/\/www.limburgsuitje.nl\/de\/wp-json\/wp\/v2\/comments?post=5099"}],"version-history":[{"count":0,"href":"https:\/\/www.limburgsuitje.nl\/de\/wp-json\/wp\/v2\/pages\/5099\/revisions"}],"wp:attachment":[{"href":"https:\/\/www.limburgsuitje.nl\/de\/wp-json\/wp\/v2\/media?parent=5099"}],"curies":[{"name":"wp","href":"https:\/\/api.w.org\/{rel}","templated":true}]}}