{"id":5125,"date":"2017-03-23T16:09:40","date_gmt":"2017-03-23T15:09:40","guid":{"rendered":"https:\/\/www.limburgsuitje.nl\/allgemeine-bedingungen-und-konditionen\/"},"modified":"2026-02-07T14:40:50","modified_gmt":"2026-02-07T13:40:50","slug":"allgemeine-bedingungen-und-konditionen","status":"publish","type":"page","link":"https:\/\/www.limburgsuitje.nl\/de\/allgemeine-bedingungen-und-konditionen\/","title":{"rendered":"Allgemeine Gesch\u00e4ftsbedingungen"},"content":{"rendered":"<p>[et_pb_section fb_built=&#8220;1&#8243; admin_label=&#8220;section&#8220; _builder_version=&#8220;4.16&#8243; global_colors_info=&#8220;{}&#8220;][et_pb_row admin_label=&#8220;Reihe&#8220; _builder_version=&#8220;4.16&#8243; background_size=&#8220;initial&#8220; background_position=&#8220;top_left&#8220; background_repeat=&#8220;repeat&#8220; global_colors_info=&#8220;{}&#8220;][et_pb_column type=&#8220;4_4&#8243; _builder_version=&#8220;4.16&#8243; custom_padding=&#8220;|||&#8220; global_colors_info=&#8220;{}&#8220; custom_padding__hover=&#8220;|||&#8220;][et_pb_post_title meta=&#8220;off&#8220; featured_image=&#8220;off&#8220; _builder_version=&#8220;4.27.4&#8243; parallax_effect=&#8220;off&#8220; use_border_color=&#8220;off&#8220; border_color=&#8220;#ffffff&#8220; border_style=&#8220;solid&#8220; global_colors_info=&#8220;{}&#8220;][\/et_pb_post_title][et_pb_text _builder_version=&#8220;4.27.4&#8243; background_size=&#8220;initial&#8220; background_position=&#8220;top_left&#8220; background_repeat=&#8220;repeat&#8220; use_border_color=&#8220;off&#8220; global_colors_info=&#8220;{}&#8220;]<\/p>\n<p>Die Allgemeinen Gesch\u00e4ftsbedingungen von Limburgs Uitje gelten f\u00fcr alle Angebote und Vereinbarungen zwischen Limburgs Uitje und dem Kunden.<\/p>\n<p>Diese sind bei der Handelskammer in Venlo unter der Nummer 12050588 hinterlegt.<\/p>\n<p>Wir haben Allgemeine Gesch\u00e4ftsbedingungen f\u00fcr Verbraucher und Unternehmen.<\/p>\n<p><a href=\"https:\/\/www.limburgsuitje.nl\/wp-content\/uploads\/2022\/01\/consumentenvoorwaarden-01012022.pdf\" rel=\"attachment wp-att-3935\">Verbraucherbedingungen-01012022<\/a><\/p>\n<p><a href=\"https:\/\/www.limburgsuitje.nl\/wp-content\/uploads\/2022\/01\/zakelijke_voorwaarden-01012022.pdf\" rel=\"attachment wp-att-3937\">Gesch\u00e4ftsbedingungen-01012022<\/a><\/p>\n<p>Suchst du die Stornierungsbedingungen? Diese lauten wie folgt: <\/p>\n<ul>\n<li>Bei K\u00fcndigung bis zu 1 Monat im Voraus: Keine Geb\u00fchr<\/li>\n<li>Stornierung von 1 Monat bis zu 1 Woche im Voraus: 20% des Preises<\/li>\n<li>Stornierung ab 7 Tage bis 3 Tage vor Beginn: 50% des Preises<\/li>\n<li>Bei Stornierung 3 Tage oder mehr vor Kursbeginn: 100% des Preises<\/li>\n<\/ul>\n<p>Die Zahlung erfolgt erst am Tag selbst oder f\u00fcr Unternehmen auf Rechnung nach Abschluss. Es ist also keine Anzahlung erforderlich. <\/p>\n<p>[\/et_pb_text][\/et_pb_column][\/et_pb_row][\/et_pb_section]<\/p>\n","protected":false},"excerpt":{"rendered":"<p>Die Allgemeinen Gesch\u00e4ftsbedingungen von Limburgs Uitje gelten f\u00fcr alle Angebote und Vereinbarungen zwischen Limburgs Uitje und dem Kunden. Diese sind bei der Handelskammer in Venlo unter der Nummer 12050588 hinterlegt. Wir haben Allgemeine Gesch\u00e4ftsbedingungen f\u00fcr Verbraucher und Unternehmen. Verbraucherbedingungen-01012022 Gesch\u00e4ftsbedingungen-01012022 Suchst du die Stornierungsbedingungen? Diese lauten wie folgt: Bei K\u00fcndigung bis zu 1 Monat im [&hellip;]<\/p>\n","protected":false},"author":1,"featured_media":0,"parent":0,"menu_order":0,"comment_status":"closed","ping_status":"closed","template":"","meta":{"_acf_changed":false,"_et_pb_use_builder":"on","_et_pb_old_content":"","_et_gb_content_width":"","footnotes":""},"class_list":["post-5125","page","type-page","status-publish","hentry"],"acf":[],"yoast_head":"<!-- This site is optimized with the Yoast SEO plugin v27.4 - https:\/\/yoast.com\/product\/yoast-seo-wordpress\/ -->\n<title>Allgemeine Gesch\u00e4ftsbedingungen von Limburgs Uitje<\/title>\n<meta name=\"description\" content=\"Hier findest du unsere Allgemeinen Gesch\u00e4ftsbedingungen, die f\u00fcr die Buchung eines Gruppenausflugs bei Limburgs Uitje gelten.\" \/>\n<meta name=\"robots\" content=\"index, follow, max-snippet:-1, max-image-preview:large, max-video-preview:-1\" \/>\n<link rel=\"canonical\" href=\"https:\/\/www.limburgsuitje.nl\/de\/allgemeine-bedingungen-und-konditionen\/\" \/>\n<meta property=\"og:locale\" content=\"de_DE\" \/>\n<meta property=\"og:type\" content=\"article\" \/>\n<meta property=\"og:title\" content=\"Allgemeine Gesch\u00e4ftsbedingungen von Limburgs Uitje\" \/>\n<meta property=\"og:description\" content=\"Hier findest du unsere Allgemeinen Gesch\u00e4ftsbedingungen, die f\u00fcr die Buchung eines Gruppenausflugs bei Limburgs Uitje gelten.\" \/>\n<meta property=\"og:url\" content=\"https:\/\/www.limburgsuitje.nl\/de\/allgemeine-bedingungen-und-konditionen\/\" \/>\n<meta property=\"og:site_name\" content=\"Limburgsuitje\" \/>\n<meta property=\"article:publisher\" content=\"https:\/\/www.facebook.com\/limburgsuitje\/\" \/>\n<meta property=\"article:modified_time\" content=\"2026-02-07T13:40:50+00:00\" \/>\n<meta name=\"twitter:card\" content=\"summary_large_image\" \/>\n<meta name=\"twitter:label1\" content=\"Gesch\u00e4tzte Lesezeit\" \/>\n\t<meta name=\"twitter:data1\" content=\"1\u00a0Minute\" \/>\n<script type=\"application\/ld+json\" class=\"yoast-schema-graph\">{\"@context\":\"https:\\\/\\\/schema.org\",\"@graph\":[{\"@type\":\"WebPage\",\"@id\":\"https:\\\/\\\/www.limburgsuitje.nl\\\/de\\\/allgemeine-bedingungen-und-konditionen\\\/\",\"url\":\"https:\\\/\\\/www.limburgsuitje.nl\\\/de\\\/allgemeine-bedingungen-und-konditionen\\\/\",\"name\":\"Allgemeine Gesch\u00e4ftsbedingungen von Limburgs Uitje\",\"isPartOf\":{\"@id\":\"https:\\\/\\\/www.limburgsuitje.nl\\\/de\\\/#website\"},\"datePublished\":\"2017-03-23T15:09:40+00:00\",\"dateModified\":\"2026-02-07T13:40:50+00:00\",\"description\":\"Hier findest du unsere Allgemeinen Gesch\u00e4ftsbedingungen, die f\u00fcr die Buchung eines Gruppenausflugs bei Limburgs Uitje gelten.\",\"breadcrumb\":{\"@id\":\"https:\\\/\\\/www.limburgsuitje.nl\\\/de\\\/allgemeine-bedingungen-und-konditionen\\\/#breadcrumb\"},\"inLanguage\":\"de\",\"potentialAction\":[{\"@type\":\"ReadAction\",\"target\":[\"https:\\\/\\\/www.limburgsuitje.nl\\\/de\\\/allgemeine-bedingungen-und-konditionen\\\/\"]}]},{\"@type\":\"BreadcrumbList\",\"@id\":\"https:\\\/\\\/www.limburgsuitje.nl\\\/de\\\/allgemeine-bedingungen-und-konditionen\\\/#breadcrumb\",\"itemListElement\":[{\"@type\":\"ListItem\",\"position\":1,\"name\":\"Home\",\"item\":\"https:\\\/\\\/www.limburgsuitje.nl\\\/de\\\/\"},{\"@type\":\"ListItem\",\"position\":2,\"name\":\"Allgemeine Gesch\u00e4ftsbedingungen\"}]},{\"@type\":\"WebSite\",\"@id\":\"https:\\\/\\\/www.limburgsuitje.nl\\\/de\\\/#website\",\"url\":\"https:\\\/\\\/www.limburgsuitje.nl\\\/de\\\/\",\"name\":\"Limburgsuitje\",\"description\":\"Strijd als een ware schot\",\"potentialAction\":[{\"@type\":\"SearchAction\",\"target\":{\"@type\":\"EntryPoint\",\"urlTemplate\":\"https:\\\/\\\/www.limburgsuitje.nl\\\/de\\\/?s={search_term_string}\"},\"query-input\":{\"@type\":\"PropertyValueSpecification\",\"valueRequired\":true,\"valueName\":\"search_term_string\"}}],\"inLanguage\":\"de\"}]}<\/script>\n<!-- \/ Yoast SEO plugin. -->","yoast_head_json":{"title":"Allgemeine Gesch\u00e4ftsbedingungen von Limburgs Uitje","description":"Hier findest du unsere Allgemeinen Gesch\u00e4ftsbedingungen, die f\u00fcr die Buchung eines Gruppenausflugs bei Limburgs Uitje gelten.","robots":{"index":"index","follow":"follow","max-snippet":"max-snippet:-1","max-image-preview":"max-image-preview:large","max-video-preview":"max-video-preview:-1"},"canonical":"https:\/\/www.limburgsuitje.nl\/de\/allgemeine-bedingungen-und-konditionen\/","og_locale":"de_DE","og_type":"article","og_title":"Allgemeine Gesch\u00e4ftsbedingungen von Limburgs Uitje","og_description":"Hier findest du unsere Allgemeinen Gesch\u00e4ftsbedingungen, die f\u00fcr die Buchung eines Gruppenausflugs bei Limburgs Uitje gelten.","og_url":"https:\/\/www.limburgsuitje.nl\/de\/allgemeine-bedingungen-und-konditionen\/","og_site_name":"Limburgsuitje","article_publisher":"https:\/\/www.facebook.com\/limburgsuitje\/","article_modified_time":"2026-02-07T13:40:50+00:00","twitter_card":"summary_large_image","twitter_misc":{"Gesch\u00e4tzte Lesezeit":"1\u00a0Minute"},"schema":{"@context":"https:\/\/schema.org","@graph":[{"@type":"WebPage","@id":"https:\/\/www.limburgsuitje.nl\/de\/allgemeine-bedingungen-und-konditionen\/","url":"https:\/\/www.limburgsuitje.nl\/de\/allgemeine-bedingungen-und-konditionen\/","name":"Allgemeine Gesch\u00e4ftsbedingungen von Limburgs Uitje","isPartOf":{"@id":"https:\/\/www.limburgsuitje.nl\/de\/#website"},"datePublished":"2017-03-23T15:09:40+00:00","dateModified":"2026-02-07T13:40:50+00:00","description":"Hier findest du unsere Allgemeinen Gesch\u00e4ftsbedingungen, die f\u00fcr die Buchung eines Gruppenausflugs bei Limburgs Uitje gelten.","breadcrumb":{"@id":"https:\/\/www.limburgsuitje.nl\/de\/allgemeine-bedingungen-und-konditionen\/#breadcrumb"},"inLanguage":"de","potentialAction":[{"@type":"ReadAction","target":["https:\/\/www.limburgsuitje.nl\/de\/allgemeine-bedingungen-und-konditionen\/"]}]},{"@type":"BreadcrumbList","@id":"https:\/\/www.limburgsuitje.nl\/de\/allgemeine-bedingungen-und-konditionen\/#breadcrumb","itemListElement":[{"@type":"ListItem","position":1,"name":"Home","item":"https:\/\/www.limburgsuitje.nl\/de\/"},{"@type":"ListItem","position":2,"name":"Allgemeine Gesch\u00e4ftsbedingungen"}]},{"@type":"WebSite","@id":"https:\/\/www.limburgsuitje.nl\/de\/#website","url":"https:\/\/www.limburgsuitje.nl\/de\/","name":"Limburgsuitje","description":"Strijd als een ware schot","potentialAction":[{"@type":"SearchAction","target":{"@type":"EntryPoint","urlTemplate":"https:\/\/www.limburgsuitje.nl\/de\/?s={search_term_string}"},"query-input":{"@type":"PropertyValueSpecification","valueRequired":true,"valueName":"search_term_string"}}],"inLanguage":"de"}]}},"_links":{"self":[{"href":"https:\/\/www.limburgsuitje.nl\/de\/wp-json\/wp\/v2\/pages\/5125","targetHints":{"allow":["GET"]}}],"collection":[{"href":"https:\/\/www.limburgsuitje.nl\/de\/wp-json\/wp\/v2\/pages"}],"about":[{"href":"https:\/\/www.limburgsuitje.nl\/de\/wp-json\/wp\/v2\/types\/page"}],"author":[{"embeddable":true,"href":"https:\/\/www.limburgsuitje.nl\/de\/wp-json\/wp\/v2\/users\/1"}],"replies":[{"embeddable":true,"href":"https:\/\/www.limburgsuitje.nl\/de\/wp-json\/wp\/v2\/comments?post=5125"}],"version-history":[{"count":0,"href":"https:\/\/www.limburgsuitje.nl\/de\/wp-json\/wp\/v2\/pages\/5125\/revisions"}],"wp:attachment":[{"href":"https:\/\/www.limburgsuitje.nl\/de\/wp-json\/wp\/v2\/media?parent=5125"}],"curies":[{"name":"wp","href":"https:\/\/api.w.org\/{rel}","templated":true}]}}