{"id":5127,"date":"2022-03-17T13:27:32","date_gmt":"2022-03-17T12:27:32","guid":{"rendered":"https:\/\/www.limburgsuitje.nl\/aktivitaten\/teambildung\/"},"modified":"2026-02-05T12:52:18","modified_gmt":"2026-02-05T11:52:18","slug":"teambildung","status":"publish","type":"page","link":"https:\/\/www.limburgsuitje.nl\/de\/aktivitaten\/teambildung\/","title":{"rendered":"Teambuilding-Aktivit\u00e4ten"},"content":{"rendered":"<p>[et_pb_section fb_built=&#8220;1&#8243; _builder_version=&#8220;4.27.5&#8243; _module_preset=&#8220;default&#8220; global_colors_info=&#8220;{}&#8220;][et_pb_row _builder_version=&#8220;4.27.5&#8243; _module_preset=&#8220;default&#8220; global_colors_info=&#8220;{}&#8220;][et_pb_column type=&#8220;4_4&#8243; _builder_version=&#8220;4.27.5&#8243; _module_preset=&#8220;default&#8220; global_colors_info=&#8220;{}&#8220;][et_pb_text _builder_version=&#8220;4.27.5&#8243; _module_preset=&#8220;default&#8220; hover_enabled=&#8220;0&#8243; global_colors_info=&#8220;{}&#8220; sticky_enabled=&#8220;0&#8243;]<\/p>\n<h1>Teambuilding-Aktivit\u00e4ten Limburg<\/h1>\n<p data-start=\"402\" data-end=\"817\">Sind Sie auf der Suche nach Teambuilding-Aktivit\u00e4ten in Limburg, die nicht nur Ergebnisse liefern, sondern auch Spa\u00df machen? Dann sind Sie bei Limburgs Uitje an der richtigen Adresse. Bei uns finden Sie ein breites Angebot an Gruppenaktivit\u00e4ten, die auf Zusammenarbeit, Kommunikation und Kreativit\u00e4t ausgerichtet sind. Egal, ob Sie eine sportliche Herausforderung suchen, etwas Unkompliziertes oder sogar eine Kombination aus beidem, unsere Teambuilding-Programme sind in jedem Fall f\u00fcr Unternehmen, Organisationen und Vereine jeder Gr\u00f6\u00dfe geeignet. <\/p>\n<p data-start=\"402\" data-end=\"817\">Dar\u00fcber hinaus sorgen unsere erfahrenen Betreuer daf\u00fcr, dass alle Aktivit\u00e4ten sicher ablaufen und jedes Team optimal zusammenarbeiten und Spa\u00df haben kann. Au\u00dferdem ist unser Standort direkt an der A67 hervorragend erreichbar. Dieser Standort ist nicht nur einzigartig, sondern bietet auch zahlreiche M\u00f6glichkeiten f\u00fcr Outdoor-Aktivit\u00e4ten, Indoor-Herausforderungen und ma\u00dfgeschneiderte Programme.  <\/p>\n<p>[\/et_pb_text][et_pb_code _builder_version=&#8220;4.27.5&#8243; _module_preset=&#8220;default&#8220; global_colors_info=&#8220;{}&#8220;]<div class=\"activiteit_grid\">\n<div class=\"spel \" >\n\t<a href=\"https:\/\/www.limburgsuitje.nl\/de\/activiteit\/fungames-xl\/\" title=\"Spa\u00dfspiele XL\">\n\t\t<div>\n\t\t<div class=\"spel-thumbnail\">\n\t\t\t<img decoding=\"async\" src=\"https:\/\/www.limburgsuitje.nl\/wp-content\/uploads\/2017\/11\/flip-the-wall-thumb-1.jpg\" alt=\"Spa\u00dfspiele XL\">\n\t\t<\/div>\n\t\t<div class=\"spel-text\">\n\t\t\t<h3>Spa\u00dfspiele XL<\/h3>\n\t\t\tViel Spa\u00df bei den Spielen, aber auch eine Menge Sport.\n\t\t<\/div>\n\t\t<div class=\"spel-footer\">\n\t\t\t<div class=\"spel-footer-prijs\">\n\t\t\t\t\u20ac 24,50 <span class=\"pp\">p.P.<\/span> \n\t\t\t<\/div>\n\t\t\t<div class=\"spel-footer-duur\">\n\t\t\t\t2 Stunden\n\t\t\t<\/div>\n\t\t<\/div>\n\t\t<\/div>\n\t<\/a>\n<\/div>\n<div class=\"spel \" >\n\t<a href=\"https:\/\/www.limburgsuitje.nl\/de\/activiteit\/expedition-columbus-1\/\" title=\"Expedition Kolumbus\">\n\t\t<div>\n\t\t<div class=\"spel-thumbnail\">\n\t\t\t<img decoding=\"async\" src=\"https:\/\/www.limburgsuitje.nl\/wp-content\/uploads\/2017\/02\/expeditie-columbus-thumb.jpg\" alt=\"Expedition Kolumbus\">\n\t\t<\/div>\n\t\t<div class=\"spel-text\">\n\t\t\t<h3>Expedition Kolumbus<\/h3>\n\t\t\tOhne die unbewohnte Insel, aber genau so spannend!\n\t\t<\/div>\n\t\t<div class=\"spel-footer\">\n\t\t\t<div class=\"spel-footer-prijs\">\n\t\t\t\t\u20ac 22,95 <span class=\"pp\">p.P.<\/span> \n\t\t\t<\/div>\n\t\t\t<div class=\"spel-footer-duur\">\n\t\t\t\t2 Stunden\n\t\t\t<\/div>\n\t\t<\/div>\n\t\t<\/div>\n\t<\/a>\n<\/div>\n<div class=\"spel last\" >\n\t<a href=\"https:\/\/www.limburgsuitje.nl\/de\/activiteit\/expedition-columbus-action\/\" title=\"Expedition Kolumbus sportlich\">\n\t\t<div>\n\t\t<div class=\"spel-thumbnail\">\n\t\t\t<img decoding=\"async\" src=\"https:\/\/www.limburgsuitje.nl\/wp-content\/uploads\/2017\/02\/expeditie-columbus-thumb.jpg\" alt=\"Expedition Kolumbus sportlich\">\n\t\t<\/div>\n\t\t<div class=\"spel-text\">\n\t\t\t<h3>Expedition Kolumbus sportlich<\/h3>\n\t\t\tSch\u00f6ner sportlicher Gruppenausflug!\n\t\t<\/div>\n\t\t<div class=\"spel-footer\">\n\t\t\t<div class=\"spel-footer-prijs\">\n\t\t\t\t\u20ac 22,95 <span class=\"pp\">p.P.<\/span> \n\t\t\t<\/div>\n\t\t\t<div class=\"spel-footer-duur\">\n\t\t\t\t2 Stunden\n\t\t\t<\/div>\n\t\t<\/div>\n\t\t<\/div>\n\t<\/a>\n<\/div>\n<div class=\"spel \" >\n\t<a href=\"https:\/\/www.limburgsuitje.nl\/de\/activiteit\/expedition-kolumbus-2-0\/\" title=\"Expedition Limburg\">\n\t\t<div>\n\t\t<div class=\"spel-thumbnail\">\n\t\t\t<img decoding=\"async\" src=\"https:\/\/www.limburgsuitje.nl\/wp-content\/uploads\/2018\/03\/basketbal-spel-thumb.jpg\" alt=\"Expedition Limburg\">\n\t\t<\/div>\n\t\t<div class=\"spel-text\">\n\t\t\t<h3>Expedition Limburg<\/h3>\n\t\t\tTreten Sie an und gewinnen Sie so viele Pr\u00fcfungen wie m\u00f6glich\n\t\t<\/div>\n\t\t<div class=\"spel-footer\">\n\t\t\t<div class=\"spel-footer-prijs\">\n\t\t\t\t\u20ac 22,95 <span class=\"pp\">p.P.<\/span> \n\t\t\t<\/div>\n\t\t\t<div class=\"spel-footer-duur\">\n\t\t\t\t2 Stunden\n\t\t\t<\/div>\n\t\t<\/div>\n\t\t<\/div>\n\t<\/a>\n<\/div>\n<\/div>\n[\/et_pb_code][\/et_pb_column][\/et_pb_row][et_pb_row _builder_version=&#8220;4.27.5&#8243; _module_preset=&#8220;default&#8220; global_colors_info=&#8220;{}&#8220;][et_pb_column type=&#8220;4_4&#8243; _builder_version=&#8220;4.27.5&#8243; _module_preset=&#8220;default&#8220; global_colors_info=&#8220;{}&#8220;][et_pb_text _builder_version=&#8220;4.27.5&#8243; _module_preset=&#8220;default&#8220; hover_enabled=&#8220;0&#8243; global_colors_info=&#8220;{}&#8220; sticky_enabled=&#8220;0&#8243;]<\/p>\n<h2>Die am h\u00e4ufigsten gestellten Fragen zu unseren Teambuilding-Aktivit\u00e4ten<\/h2>\n<p>[\/et_pb_text][et_pb_accordion _builder_version=&#8220;4.27.5&#8243; _module_preset=&#8220;default&#8220; global_colors_info=&#8220;{}&#8220;][et_pb_accordion_item title=&#8220;Sind die Teambuilding-Aktivit\u00e4ten f\u00fcr jeden geeignet?&#8220; open=&#8220;on&#8220; _builder_version=&#8220;4.27.5&#8243; _module_preset=&#8220;default&#8220; global_colors_info=&#8220;{}&#8220;]<\/p>\n<p>Ja, fast alle Aktivit\u00e4ten sind f\u00fcr alle Altersgruppen geeignet. Einige Ausnahmen sind <em data-start=\"132\" data-end=\"161\">Expeditie Columbus Sportief<\/em>, <em data-start=\"163\" data-end=\"172\">Jackass<\/em> und <em data-start=\"176\" data-end=\"190\">Fun Games XL<\/em>, da diese etwas sportlichere Spiele beinhalten. Erkundigen Sie sich gerne nach den M\u00f6glichkeiten.  <\/p>\n<p>[\/et_pb_accordion_item][et_pb_accordion_item title=&#8220;Ist bei jeder Aktivit\u00e4t ein spezieller Trainer dabei?&#8220; _builder_version=&#8220;4.27.5&#8243; _module_preset=&#8220;default&#8220; global_colors_info=&#8220;{}&#8220; open=&#8220;off&#8220;]<\/p>\n<p>Nein, es gibt keinen speziellen Trainer, der die Gruppe beobachtet und im Nachhinein Feedback gibt. Allerdings hat jede Gruppe einen Betreuer, der die Gruppe begleitet, die Punkte z\u00e4hlt und auf die Sicherheit achtet. <\/p>\n<p>[\/et_pb_accordion_item][et_pb_accordion_item title=&#8220;Welche Arten von Teambuilding-Aktivit\u00e4ten bieten Sie an?&#8220; _builder_version=&#8220;4.27.5&#8243; _module_preset=&#8220;default&#8220; global_colors_info=&#8220;{}&#8220; open=&#8220;off&#8220;]<\/p>\n<p>Wir bieten verschiedene Aktivit\u00e4ten an, von sportlichen Aktivit\u00e4ten bis hin zu Indoor-Aktivit\u00e4ten, bei denen Wissen im Mittelpunkt steht. F\u00fcr jede Gruppe gibt es eine passende Option. <\/p>\n<p>[\/et_pb_accordion_item][et_pb_accordion_item title=&#8220;K\u00f6nnen die Aktivit\u00e4ten an die Gr\u00f6\u00dfe unserer Gruppe angepasst werden?&#8220; _builder_version=&#8220;4.27.5&#8243; _module_preset=&#8220;default&#8220; global_colors_info=&#8220;{}&#8220; open=&#8220;off&#8220;]<\/p>\n<p>Ja, das ist sicherlich m\u00f6glich. Wir k\u00f6nnen ein Teambuilding-Programm f\u00fcr kleine und gro\u00dfe Gruppen anbieten. <\/p>\n<p>[\/et_pb_accordion_item][et_pb_accordion_item title=&#8220;Gibt es Sicherheitsma\u00dfnahmen und Versicherungen?&#8220; _builder_version=&#8220;4.27.5&#8243; _module_preset=&#8220;default&#8220; global_colors_info=&#8220;{}&#8220; open=&#8220;off&#8220;]<\/p>\n<p data-start=\"126\" data-end=\"275\">Sicherheit steht bei uns an erster Stelle. Wir sind dem Branchenverband angeschlossen und arbeiten nach einem zertifizierten Sicherheitssystem. <\/p>\n<p data-start=\"282\" data-end=\"476\">Nat\u00fcrlich k\u00f6nnen bei sportlichen Aktivit\u00e4ten nie alle Risiken vollst\u00e4ndig ausgeschlossen werden. Sollte wider Erwarten doch etwas passieren, ist immer ein Mitarbeiter mit einem BHV-Diplom anwesend. <\/p>\n<p data-start=\"282\" data-end=\"476\">Selbstverst\u00e4ndlich verf\u00fcgen wir auch \u00fcber die richtigen Versicherungen im Bereich der Haftpflicht.<\/p>\n<p>[\/et_pb_accordion_item][et_pb_accordion_item title=&#8220;Ich habe eine andere Frage&#8220; _builder_version=&#8220;4.27.5&#8243; _module_preset=&#8220;default&#8220; global_colors_info=&#8220;{}&#8220; open=&#8220;off&#8220;]<\/p>\n<p>Haben Sie noch Fragen, die nicht speziell eine Teambuilding-Aktivit\u00e4t betreffen? Dann schauen Sie auf unserer allgemeinen <a href=\"https:\/\/www.limburgsuitje.nl\/de\/faq\/\">FAQ<\/a>-Seite nach. Wenn Ihre Frage dort nicht beantwortet wird, nehmen Sie bitte Kontakt mit uns auf.  <\/p>\n<p>[\/et_pb_accordion_item][\/et_pb_accordion][\/et_pb_column][\/et_pb_row][\/et_pb_section]<\/p>\n","protected":false},"excerpt":{"rendered":"<p>Diese beliebte Aktivit\u00e4t basiert auf Expedition Robinson. Sie werden verschiedene Spiele aus dem Fernsehen wiedererkennen! Teambildung F\u00fcr Jung und Alt Bei gutem und schlechtem Wetter** Bestehen Sie und Ihr Team die Tests am besten? Seit Jahren ein Quotenhit im Fernsehen: Expedition Robinson. Und bei uns ist es auch eine der meistgebuchten Aktivit\u00e4ten! Expedition Kolumbus und [&hellip;]<\/p>\n","protected":false},"author":2,"featured_media":0,"parent":5107,"menu_order":0,"comment_status":"closed","ping_status":"closed","template":"","meta":{"_acf_changed":false,"_et_pb_use_builder":"on","_et_pb_old_content":"","_et_gb_content_width":"","footnotes":""},"class_list":["post-5127","page","type-page","status-publish","hentry"],"acf":[],"yoast_head":"<!-- This site is optimized with the Yoast SEO plugin v27.4 - https:\/\/yoast.com\/product\/yoast-seo-wordpress\/ -->\n<title>Teambuilding-Aktivit\u00e4ten in Limburg | Venlo | Sevenum<\/title>\n<meta name=\"description\" content=\"Teambuilding in Limburg organisieren? Entdecken Sie originelle, aktive und gesellige Teambuilding-Aktivit\u00e4ten. Perfekt f\u00fcr jedes Team und Budget.\" \/>\n<meta name=\"robots\" content=\"index, follow, max-snippet:-1, max-image-preview:large, max-video-preview:-1\" \/>\n<link rel=\"canonical\" href=\"https:\/\/www.limburgsuitje.nl\/de\/aktivitaten\/teambildung\/\" \/>\n<meta property=\"og:locale\" content=\"de_DE\" \/>\n<meta property=\"og:type\" content=\"article\" \/>\n<meta property=\"og:title\" content=\"Teambuilding-Aktivit\u00e4ten in Limburg | Venlo | Sevenum\" \/>\n<meta property=\"og:description\" content=\"Teambuilding in Limburg organisieren? Entdecken Sie originelle, aktive und gesellige Teambuilding-Aktivit\u00e4ten. Perfekt f\u00fcr jedes Team und Budget.\" \/>\n<meta property=\"og:url\" content=\"https:\/\/www.limburgsuitje.nl\/de\/aktivitaten\/teambildung\/\" \/>\n<meta property=\"og:site_name\" content=\"Limburgsuitje\" \/>\n<meta property=\"article:publisher\" content=\"https:\/\/www.facebook.com\/limburgsuitje\/\" \/>\n<meta property=\"article:modified_time\" content=\"2026-02-05T11:52:18+00:00\" \/>\n<meta name=\"twitter:card\" content=\"summary_large_image\" \/>\n<meta name=\"twitter:label1\" content=\"Gesch\u00e4tzte Lesezeit\" \/>\n\t<meta name=\"twitter:data1\" content=\"3\u00a0Minuten\" \/>\n<script type=\"application\/ld+json\" class=\"yoast-schema-graph\">{\"@context\":\"https:\\\/\\\/schema.org\",\"@graph\":[{\"@type\":\"WebPage\",\"@id\":\"https:\\\/\\\/www.limburgsuitje.nl\\\/de\\\/aktivitaten\\\/teambildung\\\/\",\"url\":\"https:\\\/\\\/www.limburgsuitje.nl\\\/de\\\/aktivitaten\\\/teambildung\\\/\",\"name\":\"Teambuilding-Aktivit\u00e4ten in Limburg | Venlo | Sevenum\",\"isPartOf\":{\"@id\":\"https:\\\/\\\/www.limburgsuitje.nl\\\/de\\\/#website\"},\"datePublished\":\"2022-03-17T12:27:32+00:00\",\"dateModified\":\"2026-02-05T11:52:18+00:00\",\"description\":\"Teambuilding in Limburg organisieren? Entdecken Sie originelle, aktive und gesellige Teambuilding-Aktivit\u00e4ten. Perfekt f\u00fcr jedes Team und Budget.\",\"breadcrumb\":{\"@id\":\"https:\\\/\\\/www.limburgsuitje.nl\\\/de\\\/aktivitaten\\\/teambildung\\\/#breadcrumb\"},\"inLanguage\":\"de\",\"potentialAction\":[{\"@type\":\"ReadAction\",\"target\":[\"https:\\\/\\\/www.limburgsuitje.nl\\\/de\\\/aktivitaten\\\/teambildung\\\/\"]}]},{\"@type\":\"BreadcrumbList\",\"@id\":\"https:\\\/\\\/www.limburgsuitje.nl\\\/de\\\/aktivitaten\\\/teambildung\\\/#breadcrumb\",\"itemListElement\":[{\"@type\":\"ListItem\",\"position\":1,\"name\":\"Home\",\"item\":\"https:\\\/\\\/www.limburgsuitje.nl\\\/de\\\/\"},{\"@type\":\"ListItem\",\"position\":2,\"name\":\"Gruppenaktivit\u00e4ten\",\"item\":\"https:\\\/\\\/www.limburgsuitje.nl\\\/de\\\/aktivitaten\\\/\"},{\"@type\":\"ListItem\",\"position\":3,\"name\":\"Teambuilding-Aktivit\u00e4ten\"}]},{\"@type\":\"WebSite\",\"@id\":\"https:\\\/\\\/www.limburgsuitje.nl\\\/de\\\/#website\",\"url\":\"https:\\\/\\\/www.limburgsuitje.nl\\\/de\\\/\",\"name\":\"Limburgsuitje\",\"description\":\"Strijd als een ware schot\",\"potentialAction\":[{\"@type\":\"SearchAction\",\"target\":{\"@type\":\"EntryPoint\",\"urlTemplate\":\"https:\\\/\\\/www.limburgsuitje.nl\\\/de\\\/?s={search_term_string}\"},\"query-input\":{\"@type\":\"PropertyValueSpecification\",\"valueRequired\":true,\"valueName\":\"search_term_string\"}}],\"inLanguage\":\"de\"}]}<\/script>\n<!-- \/ Yoast SEO plugin. -->","yoast_head_json":{"title":"Teambuilding-Aktivit\u00e4ten in Limburg | Venlo | Sevenum","description":"Teambuilding in Limburg organisieren? Entdecken Sie originelle, aktive und gesellige Teambuilding-Aktivit\u00e4ten. Perfekt f\u00fcr jedes Team und Budget.","robots":{"index":"index","follow":"follow","max-snippet":"max-snippet:-1","max-image-preview":"max-image-preview:large","max-video-preview":"max-video-preview:-1"},"canonical":"https:\/\/www.limburgsuitje.nl\/de\/aktivitaten\/teambildung\/","og_locale":"de_DE","og_type":"article","og_title":"Teambuilding-Aktivit\u00e4ten in Limburg | Venlo | Sevenum","og_description":"Teambuilding in Limburg organisieren? Entdecken Sie originelle, aktive und gesellige Teambuilding-Aktivit\u00e4ten. Perfekt f\u00fcr jedes Team und Budget.","og_url":"https:\/\/www.limburgsuitje.nl\/de\/aktivitaten\/teambildung\/","og_site_name":"Limburgsuitje","article_publisher":"https:\/\/www.facebook.com\/limburgsuitje\/","article_modified_time":"2026-02-05T11:52:18+00:00","twitter_card":"summary_large_image","twitter_misc":{"Gesch\u00e4tzte Lesezeit":"3\u00a0Minuten"},"schema":{"@context":"https:\/\/schema.org","@graph":[{"@type":"WebPage","@id":"https:\/\/www.limburgsuitje.nl\/de\/aktivitaten\/teambildung\/","url":"https:\/\/www.limburgsuitje.nl\/de\/aktivitaten\/teambildung\/","name":"Teambuilding-Aktivit\u00e4ten in Limburg | Venlo | Sevenum","isPartOf":{"@id":"https:\/\/www.limburgsuitje.nl\/de\/#website"},"datePublished":"2022-03-17T12:27:32+00:00","dateModified":"2026-02-05T11:52:18+00:00","description":"Teambuilding in Limburg organisieren? Entdecken Sie originelle, aktive und gesellige Teambuilding-Aktivit\u00e4ten. Perfekt f\u00fcr jedes Team und Budget.","breadcrumb":{"@id":"https:\/\/www.limburgsuitje.nl\/de\/aktivitaten\/teambildung\/#breadcrumb"},"inLanguage":"de","potentialAction":[{"@type":"ReadAction","target":["https:\/\/www.limburgsuitje.nl\/de\/aktivitaten\/teambildung\/"]}]},{"@type":"BreadcrumbList","@id":"https:\/\/www.limburgsuitje.nl\/de\/aktivitaten\/teambildung\/#breadcrumb","itemListElement":[{"@type":"ListItem","position":1,"name":"Home","item":"https:\/\/www.limburgsuitje.nl\/de\/"},{"@type":"ListItem","position":2,"name":"Gruppenaktivit\u00e4ten","item":"https:\/\/www.limburgsuitje.nl\/de\/aktivitaten\/"},{"@type":"ListItem","position":3,"name":"Teambuilding-Aktivit\u00e4ten"}]},{"@type":"WebSite","@id":"https:\/\/www.limburgsuitje.nl\/de\/#website","url":"https:\/\/www.limburgsuitje.nl\/de\/","name":"Limburgsuitje","description":"Strijd als een ware schot","potentialAction":[{"@type":"SearchAction","target":{"@type":"EntryPoint","urlTemplate":"https:\/\/www.limburgsuitje.nl\/de\/?s={search_term_string}"},"query-input":{"@type":"PropertyValueSpecification","valueRequired":true,"valueName":"search_term_string"}}],"inLanguage":"de"}]}},"_links":{"self":[{"href":"https:\/\/www.limburgsuitje.nl\/de\/wp-json\/wp\/v2\/pages\/5127","targetHints":{"allow":["GET"]}}],"collection":[{"href":"https:\/\/www.limburgsuitje.nl\/de\/wp-json\/wp\/v2\/pages"}],"about":[{"href":"https:\/\/www.limburgsuitje.nl\/de\/wp-json\/wp\/v2\/types\/page"}],"author":[{"embeddable":true,"href":"https:\/\/www.limburgsuitje.nl\/de\/wp-json\/wp\/v2\/users\/2"}],"replies":[{"embeddable":true,"href":"https:\/\/www.limburgsuitje.nl\/de\/wp-json\/wp\/v2\/comments?post=5127"}],"version-history":[{"count":0,"href":"https:\/\/www.limburgsuitje.nl\/de\/wp-json\/wp\/v2\/pages\/5127\/revisions"}],"up":[{"embeddable":true,"href":"https:\/\/www.limburgsuitje.nl\/de\/wp-json\/wp\/v2\/pages\/5107"}],"wp:attachment":[{"href":"https:\/\/www.limburgsuitje.nl\/de\/wp-json\/wp\/v2\/media?parent=5127"}],"curies":[{"name":"wp","href":"https:\/\/api.w.org\/{rel}","templated":true}]}}