{"id":5157,"date":"2017-02-17T13:58:52","date_gmt":"2017-02-17T12:58:52","guid":{"rendered":"https:\/\/www.limburgsuitje.nl\/betriebsfest-limburg\/"},"modified":"2026-03-16T15:07:53","modified_gmt":"2026-03-16T14:07:53","slug":"betriebsfest-limburg","status":"publish","type":"page","link":"https:\/\/www.limburgsuitje.nl\/de\/betriebsfest-limburg\/","title":{"rendered":"Betriebsfest Limburg"},"content":{"rendered":"<p>[et_pb_section fb_built=&#8220;1&#8243; admin_label=&#8220;section&#8220; _builder_version=&#8220;4.16&#8243; global_colors_info=&#8220;{}&#8220;][et_pb_row admin_label=&#8220;Reihe&#8220; _builder_version=&#8220;4.16&#8243; background_size=&#8220;initial&#8220; background_position=&#8220;top_left&#8220; background_repeat=&#8220;repeat&#8220; global_colors_info=&#8220;{}&#8220;][et_pb_column type=&#8220;4_4&#8243; _builder_version=&#8220;4.16&#8243; custom_padding=&#8220;|||&#8220; global_colors_info=&#8220;{}&#8220; custom_padding__hover=&#8220;|||&#8220;][et_pb_text admin_label=&#8220;Text&#8220; _builder_version=&#8220;4.27.5&#8243; background_size=&#8220;initial&#8220; background_position=&#8220;top_left&#8220; background_repeat=&#8220;repeat&#8220; use_border_color=&#8220;off&#8220; border_color=&#8220;#ffffff&#8220; border_style=&#8220;solid&#8220; global_colors_info=&#8220;{}&#8220;]<\/p>\n<h1>Organisieren Sie eine Personalfeier in Limburg<\/h1>\n<p data-start=\"337\" data-end=\"697\">Eine Personalfeier in Limburg organisieren, die allen Spa\u00df macht? Bei Limburgs Uitje finden Sie Personalfeiern, die f\u00fcr Entspannung, Geselligkeit und Verbindung innerhalb des Teams sorgen. Ob es sich um einen informellen Umtrunk mit Aktivit\u00e4ten, ein aktives Tagesprogramm oder ein komplett versorgtes Fest handelt, wir bieten Betriebsausfl\u00fcge f\u00fcr kleine und gro\u00dfe Gruppen.  <\/p>\n<p data-start=\"699\" data-end=\"1044\">Unsere Personalfeiern finden auf unserem Standort in Sevenum, Limburg statt und werden von erfahrenen Instruktoren begleitet. Sie k\u00f6nnen aus aktiven, kreativen und niedrigschwelligen Aktivit\u00e4ten w\u00e4hlen, sodass jeder auf seine eigene Weise mitmachen kann. Die Programme sind flexibel zusammenzustellen und einfach auf Ihre W\u00fcnsche, Planung und Budget abzustimmen.  <\/p>\n<p data-start=\"1046\" data-end=\"1200\">Auf dieser Seite finden Sie eine \u00dcbersicht unserer beliebtesten Personalfeier-Aktivit\u00e4ten in Limburg, inklusive praktischer Informationen und h\u00e4ufig gestellter Fragen.<\/p>\n<p>[\/et_pb_text][\/et_pb_column][\/et_pb_row][\/et_pb_section][et_pb_section fb_built=&#8220;1&#8243; admin_label=&#8220;Section&#8220; _builder_version=&#8220;4.16&#8243; background_color=&#8220;#e6e6e6&#8243; transparent_background=&#8220;off&#8220; global_colors_info=&#8220;{}&#8220;][et_pb_row admin_label=&#8220;Reihe&#8220; _builder_version=&#8220;4.16&#8243; background_size=&#8220;initial&#8220; background_position=&#8220;top_left&#8220; background_repeat=&#8220;repeat&#8220; global_colors_info=&#8220;{}&#8220;][et_pb_column type=&#8220;4_4&#8243; _builder_version=&#8220;4.16&#8243; custom_padding=&#8220;|||&#8220; global_colors_info=&#8220;{}&#8220; custom_padding__hover=&#8220;|||&#8220;][et_pb_text admin_label=&#8220;Deze activiteit bestaat uit deze spellen&#8220; module_id=&#8220;spellen-titel&#8220; _builder_version=&#8220;4.27.5&#8243; background_size=&#8220;initial&#8220; background_position=&#8220;top_left&#8220; background_repeat=&#8220;repeat&#8220; text_orientation=&#8220;center&#8220; module_alignment=&#8220;center&#8220; custom_margin=&#8220;||0px|&#8220; use_border_color=&#8220;off&#8220; border_color=&#8220;#ffffff&#8220; border_style=&#8220;solid&#8220; global_colors_info=&#8220;{}&#8220;]<\/p>\n<h2>Unser Angebot an Personalfeiern in Limburg<\/h2>\n<p>[\/et_pb_text][et_pb_code admin_label=&#8220;Zugeh\u00f6rige Aktivit\u00e4ten &amp; Pakete&#8220; _builder_version=&#8220;4.27.5&#8243; global_colors_info=&#8220;{}&#8220;]<ul id=\"bxslider\">\n<li class=\"slide\">\n<div class=\"spel\" style=\"width: 260px;\">\n\t<a href=\"https:\/\/www.limburgsuitje.nl\/de\/activiteit\/expedition-columbus-1\/\" title=\"Expedition Kolumbus\">\n\t\t<div>\n\t\t<div class=\"spel-thumbnail\">\n\t\t\t<img decoding=\"async\" src=\"https:\/\/www.limburgsuitje.nl\/wp-content\/uploads\/2017\/02\/expeditie-columbus-thumb.jpg\" alt=\"Expedition Kolumbus\">\n\t\t<\/div>\n\t\t<div class=\"spel-text\">\n\t\t\t<h3>Expedition Kolumbus<\/h3>\n\t\t\tOhne die unbewohnte Insel, aber genau so spannend!\n\t\t<\/div>\n\t\t<div class=\"spel-footer\">\n\t\t\t<div class=\"spel-footer-prijs\">\n\t\t\t\t\u20ac 22,95 <span class=\"pp\">p.P.<\/span> \n\t\t\t<\/div>\n\t\t\t<div class=\"spel-footer-duur\">\n\t\t\t\t2 Stunden\n\t\t\t<\/div>\n\t\t<\/div>\n\t\t<\/div>\n\t<\/a>\n<\/div>\n<\/li>\n<li class=\"slide\">\n<div class=\"spel\" style=\"width: 260px;\">\n\t<a href=\"https:\/\/www.limburgsuitje.nl\/de\/activiteit\/fungames-xl\/\" title=\"Spa\u00dfspiele XL\">\n\t\t<div>\n\t\t<div class=\"spel-thumbnail\">\n\t\t\t<img decoding=\"async\" src=\"https:\/\/www.limburgsuitje.nl\/wp-content\/uploads\/2017\/11\/flip-the-wall-thumb-1.jpg\" alt=\"Spa\u00dfspiele XL\">\n\t\t<\/div>\n\t\t<div class=\"spel-text\">\n\t\t\t<h3>Spa\u00dfspiele XL<\/h3>\n\t\t\tViel Spa\u00df bei den Spielen, aber auch eine Menge Sport.\n\t\t<\/div>\n\t\t<div class=\"spel-footer\">\n\t\t\t<div class=\"spel-footer-prijs\">\n\t\t\t\t\u20ac 24,50 <span class=\"pp\">p.P.<\/span> \n\t\t\t<\/div>\n\t\t\t<div class=\"spel-footer-duur\">\n\t\t\t\t2 Stunden\n\t\t\t<\/div>\n\t\t<\/div>\n\t\t<\/div>\n\t<\/a>\n<\/div>\n<\/li>\n<li class=\"slide\">\n<div class=\"spel\" style=\"width: 260px;\">\n\t<a href=\"https:\/\/www.limburgsuitje.nl\/de\/activiteit\/jackass\/\" title=\"Jackass\">\n\t\t<div>\n\t\t<div class=\"spel-thumbnail\">\n\t\t\t<img decoding=\"async\" src=\"https:\/\/www.limburgsuitje.nl\/wp-content\/uploads\/2017\/02\/jackass-thumb.jpg\" alt=\"Jackass\">\n\t\t<\/div>\n\t\t<div class=\"spel-text\">\n\t\t\t<h3>Jackass<\/h3>\n\t\t\tF\u00fcr wen es nicht verr\u00fcckt genug sein kann!\n\t\t<\/div>\n\t\t<div class=\"spel-footer\">\n\t\t\t<div class=\"spel-footer-prijs\">\n\t\t\t\t\u20ac 24,50 <span class=\"pp\">p.P.<\/span> \n\t\t\t<\/div>\n\t\t\t<div class=\"spel-footer-duur\">\n\t\t\t\t2 Stunden\n\t\t\t<\/div>\n\t\t<\/div>\n\t\t<\/div>\n\t<\/a>\n<\/div>\n<\/li>\n<li class=\"slide\">\n<div class=\"spel\" style=\"width: 260px;\">\n\t<a href=\"https:\/\/www.limburgsuitje.nl\/de\/activiteit\/axt-werfen\/\" title=\"Axt-Werfen\">\n\t\t<div>\n\t\t<div class=\"spel-thumbnail\">\n\t\t\t<img decoding=\"async\" src=\"https:\/\/www.limburgsuitje.nl\/wp-content\/uploads\/2025\/10\/axe-throwing-limburg-thumb.jpg\" alt=\"Axt-Werfen\">\n\t\t<\/div>\n\t\t<div class=\"spel-text\">\n\t\t\t<h3>Axt-Werfen<\/h3>\n\t\t\tWerfen Sie Ihren Stress beim Axt-Werfen ab!\n\t\t<\/div>\n\t\t<div class=\"spel-footer\">\n\t\t\t<div class=\"spel-footer-prijs\">\n\t\t\t\t<span class=\"pp\">ab<\/span> \u20ac 16,95 <span class=\"pp\">p.P.<\/span> \n\t\t\t<\/div>\n\t\t\t<div class=\"spel-footer-duur\">\n\t\t\t\t1 Stunde\n\t\t\t<\/div>\n\t\t<\/div>\n\t\t<\/div>\n\t<\/a>\n<\/div>\n<\/li>\n<li class=\"slide\">\n<div class=\"spel\" style=\"width: 260px;\">\n\t<a href=\"https:\/\/www.limburgsuitje.nl\/de\/activiteit\/verrueckte-spiele\/\" title=\"Verr\u00fcckte Spiele\">\n\t\t<div>\n\t\t<div class=\"spel-thumbnail\">\n\t\t\t<img decoding=\"async\" src=\"\" alt=\"Verr\u00fcckte Spiele\">\n\t\t<\/div>\n\t\t<div class=\"spel-text\">\n\t\t\t<h3>Verr\u00fcckte Spiele<\/h3>\n\t\t\tDie verr\u00fccktesten Aktivit\u00e4ten f\u00fcr den coolsten Gruppenausflug\n\t\t<\/div>\n\t\t<div class=\"spel-footer\">\n\t\t\t<div class=\"spel-footer-prijs\">\n\t\t\t\t<span class=\"pp\">ab<\/span> \u20ac 24,50 <span class=\"pp\">p.P.<\/span> \n\t\t\t<\/div>\n\t\t\t<div class=\"spel-footer-duur\">\n\t\t\t\t2 Stunden\n\t\t\t<\/div>\n\t\t<\/div>\n\t\t<\/div>\n\t<\/a>\n<\/div>\n<\/li>\n<li class=\"slide\">\n<div class=\"spel\" style=\"width: 260px;\">\n\t<a href=\"https:\/\/www.limburgsuitje.nl\/activiteit\/de-alleskunner-outdoor-limburg\/\" title=\"De Alleskunner (outdoor)\">\n\t\t<div>\n\t\t<div class=\"spel-thumbnail\">\n\t\t\t<img decoding=\"async\" src=\"https:\/\/www.limburgsuitje.nl\/wp-content\/uploads\/2025\/09\/alleskunner-thumb-1.jpg\" alt=\"De Alleskunner (outdoor)\">\n\t\t<\/div>\n\t\t<div class=\"spel-text\">\n\t\t\t<h3>De Alleskunner (outdoor)<\/h3>\n\t\t\tHet populaire tv programma, nu ook als uitje te boeken.\n\t\t<\/div>\n\t\t<div class=\"spel-footer\">\n\t\t\t<div class=\"spel-footer-prijs\">\n\t\t\t\t\u20ac 22,95 <span class=\"pp\">p.P.<\/span> \n\t\t\t<\/div>\n\t\t\t<div class=\"spel-footer-duur\">\n\t\t\t\t2 uur\n\t\t\t<\/div>\n\t\t<\/div>\n\t\t<\/div>\n\t<\/a>\n<\/div>\n<\/li>\n<li class=\"slide\">\n<div class=\"spel\" style=\"width: 260px;\">\n\t<a href=\"https:\/\/www.limburgsuitje.nl\/activiteit\/de-alleskunners-indoor\/\" title=\"De alleskunner (indoor)\">\n\t\t<div>\n\t\t<div class=\"spel-thumbnail\">\n\t\t\t<img decoding=\"async\" src=\"https:\/\/www.limburgsuitje.nl\/wp-content\/uploads\/2025\/09\/alleskunner-thumb-1.jpg\" alt=\"De alleskunner (indoor)\">\n\t\t<\/div>\n\t\t<div class=\"spel-text\">\n\t\t\t<h3>De alleskunner (indoor)<\/h3>\n\t\t\tKun jij alles aan? Bewijs het in h\u00e9t ultieme uitje: De Alleskunner!\"\n\t\t<\/div>\n\t\t<div class=\"spel-footer\">\n\t\t\t<div class=\"spel-footer-prijs\">\n\t\t\t\t\u20ac 22,95 <span class=\"pp\">p.P.<\/span> \n\t\t\t<\/div>\n\t\t\t<div class=\"spel-footer-duur\">\n\t\t\t\t2 uur\n\t\t\t<\/div>\n\t\t<\/div>\n\t\t<\/div>\n\t<\/a>\n<\/div>\n<\/li>\n<li class=\"slide\">\n<div class=\"spel\" style=\"width: 260px;\">\n\t<a href=\"https:\/\/www.limburgsuitje.nl\/arrangement\/alleskunner-feestavond\/\" title=\"De Alleskunner + BBQ\/Buffet + 5 uur drinken\">\n\t\t<div>\n\t\t<div class=\"spel-thumbnail\">\n\t\t\t<img decoding=\"async\" src=\"https:\/\/www.limburgsuitje.nl\/wp-content\/uploads\/2025\/09\/alleskunner-thumb-1.jpg\" alt=\"De Alleskunner + BBQ\/Buffet + 5 uur drinken\">\n\t\t<\/div>\n\t\t<div class=\"spel-text\">\n\t\t\t<h3>De Alleskunner + BBQ\/Buffet + 5 uur drinken<\/h3>\n\t\t\tSpeel de alleskunner, geniet van een buffet en 5 uur drinken.\n\t\t<\/div>\n\t\t<div class=\"spel-footer\">\n\t\t\t<div class=\"spel-footer-prijs\">\n\t\t\t\t<span class=\"pp\">ab<\/span> \u20ac 58,95 <span class=\"pp\">p.p.<\/span> \n\t\t\t<\/div>\n\t\t\t<div class=\"spel-footer-duur\">\n\t\t\t\t5 uur\n\t\t\t<\/div>\n\t\t<\/div>\n\t\t<\/div>\n\t<\/a>\n<\/div>\n<\/li>\n<li class=\"slide\">\n<div class=\"spel\" style=\"width: 260px;\">\n\t<a href=\"https:\/\/www.limburgsuitje.nl\/arrangement\/lekker-hollands-feestavond\/\" title=\"Lekker Hollands +  BBQ\/Buffet + 5 uur drinken\">\n\t\t<div>\n\t\t<div class=\"spel-thumbnail\">\n\t\t\t<img decoding=\"async\" src=\"https:\/\/www.limburgsuitje.nl\/wp-content\/uploads\/2025\/10\/lekkerhollands-thumb.jpg\" alt=\"Lekker Hollands +  BBQ\/Buffet + 5 uur drinken\">\n\t\t<\/div>\n\t\t<div class=\"spel-text\">\n\t\t\t<h3>Lekker Hollands +  BBQ\/Buffet + 5 uur drinken<\/h3>\n\t\t\tEen complete feestavond met \"Lekker Hollands\".\n\t\t<\/div>\n\t\t<div class=\"spel-footer\">\n\t\t\t<div class=\"spel-footer-prijs\">\n\t\t\t\t<span class=\"pp\">ab<\/span> \u20ac 58,95 <span class=\"pp\">p.p.<\/span> \n\t\t\t<\/div>\n\t\t\t<div class=\"spel-footer-duur\">\n\t\t\t\t5 uur\n\t\t\t<\/div>\n\t\t<\/div>\n\t\t<\/div>\n\t<\/a>\n<\/div>\n<\/li>\n<li class=\"slide\">\n<div class=\"spel\" style=\"width: 260px;\">\n\t<a href=\"https:\/\/www.limburgsuitje.nl\/arrangement\/feestavond-op-maat\/\" title=\"Feestavond op maat\">\n\t\t<div>\n\t\t<div class=\"spel-thumbnail\">\n\t\t\t<img decoding=\"async\" src=\"https:\/\/www.limburgsuitje.nl\/wp-content\/uploads\/2025\/09\/feestlocatielimburg.jpg\" alt=\"Feestavond op maat\">\n\t\t<\/div>\n\t\t<div class=\"spel-text\">\n\t\t\t<h3>Feestavond op maat<\/h3>\n\t\t\tStel zelf een feestavond samen.\n\t\t<\/div>\n\t\t<div class=\"spel-footer\">\n\t\t\t<div class=\"spel-footer-prijs\">\n\t\t\t\t<span class=\"pp\">ab<\/span> \u20ac 30,00 <span class=\"pp\">p.p.<\/span> \n\t\t\t<\/div>\n\t\t\t<div class=\"spel-footer-duur\">\n\t\t\t\t5 uur\n\t\t\t<\/div>\n\t\t<\/div>\n\t\t<\/div>\n\t<\/a>\n<\/div>\n<\/li>\n<li class=\"slide\">\n<div class=\"spel\" style=\"width: 260px;\">\n\t<a href=\"https:\/\/www.limburgsuitje.nl\/arrangement\/pubquiz-feestavond\/\" title=\"Pubquiz + BBQ\/Buffet + 5 uur drinken\">\n\t\t<div>\n\t\t<div class=\"spel-thumbnail\">\n\t\t\t<img decoding=\"async\" src=\"https:\/\/www.limburgsuitje.nl\/wp-content\/uploads\/2022\/09\/pubquiz-thumb.jpg\" alt=\"Pubquiz + BBQ\/Buffet + 5 uur drinken\">\n\t\t<\/div>\n\t\t<div class=\"spel-text\">\n\t\t\t<h3>Pubquiz + BBQ\/Buffet + 5 uur drinken<\/h3>\n\t\t\tGezellige feestavond met pubquiz en eten\/drinken.\n\t\t<\/div>\n\t\t<div class=\"spel-footer\">\n\t\t\t<div class=\"spel-footer-prijs\">\n\t\t\t\t<span class=\"pp\">ab<\/span> \u20ac 51,95 <span class=\"pp\">p.p.<\/span> \n\t\t\t<\/div>\n\t\t\t<div class=\"spel-footer-duur\">\n\t\t\t\t5 uur\n\t\t\t<\/div>\n\t\t<\/div>\n\t\t<\/div>\n\t<\/a>\n<\/div>\n<\/li>\n<\/ul>\n<script type=\"text\/javascript\">\t\t$('#bxslider').bxSlider({\t\tauto: false, mode: 'horizontal', slideSelector: 'li.slide', easing: 'ease', slideWidth: 260, minSlides: 1, maxSlides: 4, slideMargin: 33, moveSlides: 1, shrinkItems: false});<\/script><script type=\"text\/javascript\">\t\t$(document).ready(function(){ $('#bxslider').bxSlider(); });<\/script>[\/et_pb_code][et_pb_text admin_label=&#8220;Deze activiteit bestaat uit deze spellen&#8220; module_id=&#8220;spellen-titel&#8220; _builder_version=&#8220;4.27.5&#8243; background_size=&#8220;initial&#8220; background_position=&#8220;top_left&#8220; background_repeat=&#8220;repeat&#8220; text_orientation=&#8220;center&#8220; module_alignment=&#8220;center&#8220; custom_margin=&#8220;||0px|&#8220; use_border_color=&#8220;off&#8220; border_color=&#8220;#ffffff&#8220; border_style=&#8220;solid&#8220; global_colors_info=&#8220;{}&#8220;]<\/p>\n<h2>Die meist gestellten Fragen \u00fcber unsere Personalfeiern<\/h2>\n<p>[\/et_pb_text][et_pb_accordion _builder_version=&#8220;4.27.5&#8243; _module_preset=&#8220;default&#8220; global_colors_info=&#8220;{}&#8220;][et_pb_accordion_item title=&#8220;Wo k\u00f6nnen wir eine Mitarbeiterfeier in Limburg organisieren?&#8220; open=&#8220;on&#8220; _builder_version=&#8220;4.27.5&#8243; _module_preset=&#8220;default&#8220; global_colors_info=&#8220;{}&#8220;]<\/p>\n<p data-start=\"58\" data-end=\"325\">Alle unsere Aktivit\u00e4ten f\u00fcr eine Mitarbeiterfeier finden in Sevenum statt, an unserem eigenen Standort direkt an der A67. Dieser liegt ca. 30 Minuten von Eindhoven, 15 Minuten von Venlo und 20 Minuten von Weert entfernt. An diesem Standort bieten wir eine breite Palette an Aktivit\u00e4ten.  <\/p>\n<p data-start=\"332\" data-end=\"428\">Einige Aktivit\u00e4ten k\u00f6nnen auch an anderen Standorten \u00fcber <a href=\"https:\/\/www.downtownevents.nl\" target=\"_blank\" rel=\"noopener\">Downtown Events<\/a> organisiert werden.<\/p>\n<p>[\/et_pb_accordion_item][et_pb_accordion_item title=&#8220;F\u00fcr wie viele Personen ist eine Mitarbeiterfeier geeignet?&#8220; _builder_version=&#8220;4.27.5&#8243; _module_preset=&#8220;default&#8220; global_colors_info=&#8220;{}&#8220; open=&#8220;off&#8220;]<\/p>\n<p>Unsere Programme sind f\u00fcr kleine Gruppen ab 10 Personen bis hin zu gro\u00dfen Gesellschaften mit Hunderten von Mitarbeitern geeignet. Wir passen das Konzept an die Gruppengr\u00f6\u00dfe an. <\/p>\n<p>[\/et_pb_accordion_item][et_pb_accordion_item title=&#8220;Welche Art von Aktivit\u00e4ten k\u00f6nnen wir w\u00e4hrend der Mitarbeiterfeier durchf\u00fchren?&#8220; _builder_version=&#8220;4.27.5&#8243; _module_preset=&#8220;default&#8220; global_colors_info=&#8220;{}&#8220; open=&#8220;off&#8220;]<\/p>\n<p>Das kann alles sein: Unterhaltung, Workshops, Spiel- und Teamaktivit\u00e4ten, Themenpartys, Musikauftritte, Quizze, Casino-Abende und mehr.<\/p>\n<p>[\/et_pb_accordion_item][et_pb_accordion_item title=&#8220;K\u00f6nnen Sie die Mitarbeiterfeier ma\u00dfschneidern?&#8220; _builder_version=&#8220;4.27.5&#8243; _module_preset=&#8220;default&#8220; global_colors_info=&#8220;{}&#8220; open=&#8220;off&#8220;]<\/p>\n<p>Ja, das ist sie. Wir stimmen das Programm auf Ihre W\u00fcnsche, Ihr Ziel (Teambuilding, Feier, Jahresabschlussfeier), Ihr Budget und Ihre Stimmung ab.<\/p>\n<p>[\/et_pb_accordion_item][et_pb_accordion_item title=&#8220;Was ist im Preis inbegriffen?&#8220; _builder_version=&#8220;4.27.5&#8243; _module_preset=&#8220;default&#8220; global_colors_info=&#8220;{}&#8220; open=&#8220;off&#8220;]<\/p>\n<p>Das h\u00e4ngt vom gew\u00e4hlten Paket ab. Meistens Begleitung, Aktivit\u00e4ten, Materialien und oft auch Catering-Optionen. Spezifikationen sind immer im Angebot enthalten.  <\/p>\n<p>[\/et_pb_accordion_item][et_pb_accordion_item title=&#8220;Gibt es M\u00f6glichkeiten f\u00fcr Transport oder \u00dcbernachtung?&#8220; _builder_version=&#8220;4.27.5&#8243; _module_preset=&#8220;default&#8220; global_colors_info=&#8220;{}&#8220; open=&#8220;off&#8220;]<\/p>\n<p>Ja, wir haben verschiedene Partner, an die Sie sich f\u00fcr Transport und \u00dcbernachtung wenden k\u00f6nnen. Auf unserer Seite &#8222;<a href=\"https:\/\/www.limburgsuitje.nl\/de\/links\/\" target=\"_blank\" rel=\"noopener\">Umgebung<\/a>&#8220; finden Sie bereits ein gro\u00dfes Angebot. <\/p>\n<p>[\/et_pb_accordion_item][et_pb_accordion_item title=&#8220;Wie lauten die Stornierungsbedingungen?&#8220; _builder_version=&#8220;4.27.5&#8243; _module_preset=&#8220;default&#8220; global_colors_info=&#8220;{}&#8220; open=&#8220;off&#8220;]<\/p>\n<p>Die folgenden Stornierungsbedingungen gelten f\u00fcr alle unsere Aktivit\u00e4ten:<\/p>\n<ul>\n<li>Bei K\u00fcndigung bis zu 1 Monat im Voraus: Keine Geb\u00fchr<\/li>\n<li>Stornierung von 1 Monat bis zu 1 Woche im Voraus: 20% des Preises<\/li>\n<li>Stornierung ab 7 Tage bis 3 Tage vor Beginn: 50% des Preises<\/li>\n<li>Bei Stornierung 3 Tage oder mehr vor Kursbeginn: 100% des Preises<\/li>\n<\/ul>\n<p>Aber in der Beratung ist vieles m\u00f6glich. Der Grund daf\u00fcr ist, dass wir auch Personalpl\u00e4ne haben, die wir sp\u00e4ter nicht mehr \u00e4ndern k\u00f6nnen. Selbst wenn Essen und Trinken gebucht w\u00fcrden, blieben immer noch Kosten f\u00fcr uns \u00fcbrig. Es soll also nicht l\u00e4stig sein, sondern notwendig, weil wir auch nur ein Unternehmen sind.<\/p>\n<p>[\/et_pb_accordion_item][et_pb_accordion_item title=&#8220;Ich habe eine andere Frage&#8220; _builder_version=&#8220;4.27.5&#8243; _module_preset=&#8220;default&#8220; global_colors_info=&#8220;{}&#8220; open=&#8220;off&#8220;]<\/p>\n<p>Haben Sie noch Fragen, die nicht speziell einen Betriebsausflug betreffen? Dann schauen Sie auf unserer allgemeinen <a href=\"https:\/\/www.limburgsuitje.nl\/de\/faq\/\">FAQ<\/a>-Seite nach. Wenn Ihre Frage dort nicht beantwortet wird, nehmen Sie bitte <a href=\"https:\/\/www.limburgsuitje.nl\/de\/kontakt\/\" target=\"_blank\" rel=\"noopener\">Kontakt<\/a> mit uns auf.  <\/p>\n<p>[\/et_pb_accordion_item][\/et_pb_accordion][\/et_pb_column][\/et_pb_row][\/et_pb_section]<\/p>\n","protected":false},"excerpt":{"rendered":"<p>Organisieren Sie eine Personalfeier in Limburg Eine Personalfeier in Limburg organisieren, die allen Spa\u00df macht? Bei Limburgs Uitje finden Sie Personalfeiern, die f\u00fcr Entspannung, Geselligkeit und Verbindung innerhalb des Teams sorgen. Ob es sich um einen informellen Umtrunk mit Aktivit\u00e4ten, ein aktives Tagesprogramm oder ein komplett versorgtes Fest handelt, wir bieten Betriebsausfl\u00fcge f\u00fcr kleine und [&hellip;]<\/p>\n","protected":false},"author":2,"featured_media":0,"parent":0,"menu_order":0,"comment_status":"closed","ping_status":"closed","template":"","meta":{"_acf_changed":false,"_et_pb_use_builder":"on","_et_pb_old_content":"","_et_gb_content_width":"","footnotes":""},"class_list":["post-5157","page","type-page","status-publish","hentry"],"acf":[],"yoast_head":"<!-- This site is optimized with the Yoast SEO plugin v27.4 - https:\/\/yoast.com\/product\/yoast-seo-wordpress\/ -->\n<title>Organisieren Sie Ihre Firmenfeier in Limburg | Sevenum | Venlo<\/title>\n<meta name=\"description\" content=\"Erlebe eine Betriebsfeier in Limburg mit aktiven Spielen, Teambuilding und Spa\u00df f\u00fcr alle Kollegen. Ein Tag voller Geselligkeit!\" \/>\n<meta name=\"robots\" content=\"index, follow, max-snippet:-1, max-image-preview:large, max-video-preview:-1\" \/>\n<link rel=\"canonical\" href=\"https:\/\/www.limburgsuitje.nl\/de\/betriebsfest-limburg\/\" \/>\n<meta property=\"og:locale\" content=\"de_DE\" \/>\n<meta property=\"og:type\" content=\"article\" \/>\n<meta property=\"og:title\" content=\"Organisieren Sie Ihre Firmenfeier in Limburg | Sevenum | Venlo\" \/>\n<meta property=\"og:description\" content=\"Erlebe eine Betriebsfeier in Limburg mit aktiven Spielen, Teambuilding und Spa\u00df f\u00fcr alle Kollegen. Ein Tag voller Geselligkeit!\" \/>\n<meta property=\"og:url\" content=\"https:\/\/www.limburgsuitje.nl\/de\/betriebsfest-limburg\/\" \/>\n<meta property=\"og:site_name\" content=\"Limburgsuitje\" \/>\n<meta property=\"article:publisher\" content=\"https:\/\/www.facebook.com\/limburgsuitje\/\" \/>\n<meta property=\"article:modified_time\" content=\"2026-03-16T14:07:53+00:00\" \/>\n<meta name=\"twitter:card\" content=\"summary_large_image\" \/>\n<meta name=\"twitter:label1\" content=\"Gesch\u00e4tzte Lesezeit\" \/>\n\t<meta name=\"twitter:data1\" content=\"5\u00a0Minuten\" \/>\n<script type=\"application\/ld+json\" class=\"yoast-schema-graph\">{\"@context\":\"https:\\\/\\\/schema.org\",\"@graph\":[{\"@type\":\"WebPage\",\"@id\":\"https:\\\/\\\/www.limburgsuitje.nl\\\/de\\\/betriebsfest-limburg\\\/\",\"url\":\"https:\\\/\\\/www.limburgsuitje.nl\\\/de\\\/betriebsfest-limburg\\\/\",\"name\":\"Organisieren Sie Ihre Firmenfeier in Limburg | Sevenum | Venlo\",\"isPartOf\":{\"@id\":\"https:\\\/\\\/www.limburgsuitje.nl\\\/de\\\/#website\"},\"datePublished\":\"2017-02-17T12:58:52+00:00\",\"dateModified\":\"2026-03-16T14:07:53+00:00\",\"description\":\"Erlebe eine Betriebsfeier in Limburg mit aktiven Spielen, Teambuilding und Spa\u00df f\u00fcr alle Kollegen. Ein Tag voller Geselligkeit!\",\"breadcrumb\":{\"@id\":\"https:\\\/\\\/www.limburgsuitje.nl\\\/de\\\/betriebsfest-limburg\\\/#breadcrumb\"},\"inLanguage\":\"de\",\"potentialAction\":[{\"@type\":\"ReadAction\",\"target\":[\"https:\\\/\\\/www.limburgsuitje.nl\\\/de\\\/betriebsfest-limburg\\\/\"]}]},{\"@type\":\"BreadcrumbList\",\"@id\":\"https:\\\/\\\/www.limburgsuitje.nl\\\/de\\\/betriebsfest-limburg\\\/#breadcrumb\",\"itemListElement\":[{\"@type\":\"ListItem\",\"position\":1,\"name\":\"Home\",\"item\":\"https:\\\/\\\/www.limburgsuitje.nl\\\/de\\\/\"},{\"@type\":\"ListItem\",\"position\":2,\"name\":\"Betriebsfest Limburg\"}]},{\"@type\":\"WebSite\",\"@id\":\"https:\\\/\\\/www.limburgsuitje.nl\\\/de\\\/#website\",\"url\":\"https:\\\/\\\/www.limburgsuitje.nl\\\/de\\\/\",\"name\":\"Limburgsuitje\",\"description\":\"Strijd als een ware schot\",\"potentialAction\":[{\"@type\":\"SearchAction\",\"target\":{\"@type\":\"EntryPoint\",\"urlTemplate\":\"https:\\\/\\\/www.limburgsuitje.nl\\\/de\\\/?s={search_term_string}\"},\"query-input\":{\"@type\":\"PropertyValueSpecification\",\"valueRequired\":true,\"valueName\":\"search_term_string\"}}],\"inLanguage\":\"de\"}]}<\/script>\n<!-- \/ Yoast SEO plugin. -->","yoast_head_json":{"title":"Organisieren Sie Ihre Firmenfeier in Limburg | Sevenum | Venlo","description":"Erlebe eine Betriebsfeier in Limburg mit aktiven Spielen, Teambuilding und Spa\u00df f\u00fcr alle Kollegen. Ein Tag voller Geselligkeit!","robots":{"index":"index","follow":"follow","max-snippet":"max-snippet:-1","max-image-preview":"max-image-preview:large","max-video-preview":"max-video-preview:-1"},"canonical":"https:\/\/www.limburgsuitje.nl\/de\/betriebsfest-limburg\/","og_locale":"de_DE","og_type":"article","og_title":"Organisieren Sie Ihre Firmenfeier in Limburg | Sevenum | Venlo","og_description":"Erlebe eine Betriebsfeier in Limburg mit aktiven Spielen, Teambuilding und Spa\u00df f\u00fcr alle Kollegen. Ein Tag voller Geselligkeit!","og_url":"https:\/\/www.limburgsuitje.nl\/de\/betriebsfest-limburg\/","og_site_name":"Limburgsuitje","article_publisher":"https:\/\/www.facebook.com\/limburgsuitje\/","article_modified_time":"2026-03-16T14:07:53+00:00","twitter_card":"summary_large_image","twitter_misc":{"Gesch\u00e4tzte Lesezeit":"5\u00a0Minuten"},"schema":{"@context":"https:\/\/schema.org","@graph":[{"@type":"WebPage","@id":"https:\/\/www.limburgsuitje.nl\/de\/betriebsfest-limburg\/","url":"https:\/\/www.limburgsuitje.nl\/de\/betriebsfest-limburg\/","name":"Organisieren Sie Ihre Firmenfeier in Limburg | Sevenum | Venlo","isPartOf":{"@id":"https:\/\/www.limburgsuitje.nl\/de\/#website"},"datePublished":"2017-02-17T12:58:52+00:00","dateModified":"2026-03-16T14:07:53+00:00","description":"Erlebe eine Betriebsfeier in Limburg mit aktiven Spielen, Teambuilding und Spa\u00df f\u00fcr alle Kollegen. Ein Tag voller Geselligkeit!","breadcrumb":{"@id":"https:\/\/www.limburgsuitje.nl\/de\/betriebsfest-limburg\/#breadcrumb"},"inLanguage":"de","potentialAction":[{"@type":"ReadAction","target":["https:\/\/www.limburgsuitje.nl\/de\/betriebsfest-limburg\/"]}]},{"@type":"BreadcrumbList","@id":"https:\/\/www.limburgsuitje.nl\/de\/betriebsfest-limburg\/#breadcrumb","itemListElement":[{"@type":"ListItem","position":1,"name":"Home","item":"https:\/\/www.limburgsuitje.nl\/de\/"},{"@type":"ListItem","position":2,"name":"Betriebsfest Limburg"}]},{"@type":"WebSite","@id":"https:\/\/www.limburgsuitje.nl\/de\/#website","url":"https:\/\/www.limburgsuitje.nl\/de\/","name":"Limburgsuitje","description":"Strijd als een ware schot","potentialAction":[{"@type":"SearchAction","target":{"@type":"EntryPoint","urlTemplate":"https:\/\/www.limburgsuitje.nl\/de\/?s={search_term_string}"},"query-input":{"@type":"PropertyValueSpecification","valueRequired":true,"valueName":"search_term_string"}}],"inLanguage":"de"}]}},"_links":{"self":[{"href":"https:\/\/www.limburgsuitje.nl\/de\/wp-json\/wp\/v2\/pages\/5157","targetHints":{"allow":["GET"]}}],"collection":[{"href":"https:\/\/www.limburgsuitje.nl\/de\/wp-json\/wp\/v2\/pages"}],"about":[{"href":"https:\/\/www.limburgsuitje.nl\/de\/wp-json\/wp\/v2\/types\/page"}],"author":[{"embeddable":true,"href":"https:\/\/www.limburgsuitje.nl\/de\/wp-json\/wp\/v2\/users\/2"}],"replies":[{"embeddable":true,"href":"https:\/\/www.limburgsuitje.nl\/de\/wp-json\/wp\/v2\/comments?post=5157"}],"version-history":[{"count":6,"href":"https:\/\/www.limburgsuitje.nl\/de\/wp-json\/wp\/v2\/pages\/5157\/revisions"}],"predecessor-version":[{"id":12879,"href":"https:\/\/www.limburgsuitje.nl\/de\/wp-json\/wp\/v2\/pages\/5157\/revisions\/12879"}],"wp:attachment":[{"href":"https:\/\/www.limburgsuitje.nl\/de\/wp-json\/wp\/v2\/media?parent=5157"}],"curies":[{"name":"wp","href":"https:\/\/api.w.org\/{rel}","templated":true}]}}