{"id":5199,"date":"2016-12-06T09:14:37","date_gmt":"2016-12-06T08:14:37","guid":{"rendered":"https:\/\/www.limburgsuitje.nl\/pakete\/"},"modified":"2022-06-02T22:34:27","modified_gmt":"2022-06-02T20:34:27","slug":"pakete","status":"publish","type":"page","link":"https:\/\/www.limburgsuitje.nl\/de\/pakete\/","title":{"rendered":"Pakete"},"content":{"rendered":"<p>[et_pb_section bb_built=&#8220;1&#8243; admin_label=&#8220;Section&#8220; fullwidth=&#8220;off&#8220; specialty=&#8220;on&#8220;][et_pb_column type=&#8220;1_4&#8243;][et_pb_sidebar admin_label=&#8220;Menu&#8220; orientation=&#8220;left&#8220; area=&#8220;et_pb_widget_area_2&#8243; background_layout=&#8220;light&#8220; remove_border=&#8220;off&#8220; \/][\/et_pb_column][et_pb_column type=&#8220;3_4&#8243; specialty_columns=&#8220;3&#8243;][et_pb_row_inner admin_label=&#8220;Row&#8220;][et_pb_column_inner type=&#8220;4_4&#8243; saved_specialty_column_type=&#8220;3_4&#8243;][et_pb_text admin_label=&#8220;Titel&#8220; background_layout=&#8220;light&#8220; text_orientation=&#8220;left&#8220; use_border_color=&#8220;off&#8220; border_color=&#8220;#ffffff&#8220; border_style=&#8220;solid&#8220;]<\/p>\n<h1>\u00dcberblick \u00fcber alle Gruppenarrangements<\/h1>\n<p>Im Folgenden finden Sie einige Standard-Gruppenarrangements, die wir anbieten. Aber nat\u00fcrlich k\u00f6nnen Sie auch aus den Aktivit\u00e4ten und Verpflegungsm\u00f6glichkeiten auf unserer Website w\u00e4hlen. Das tun Sie, indem Sie aus den <a href=\"https:\/\/www.limburgsuitje.nl\/groepsactiviteiten\/\">Aktivit\u00e4ten<\/a>, dem<a href=\"https:\/\/www.limburgsuitje.nl\/eten-en-drinken\/\"> Essen und den Getr\u00e4nken<\/a> w\u00e4hlen. Dann kontaktieren Sie uns \u00fcber das Kontaktformular und wir machen Ihnen ein ma\u00dfgeschneidertes Angebot.<\/p>\n<p>[\/et_pb_text][et_pb_code admin_label=&#8220;Code&#8220;][\/et_pb_code][\/et_pb_column_inner][\/et_pb_row_inner][et_pb_row_inner admin_label=&#8220;Rij&#8220;][et_pb_column_inner type=&#8220;4_4&#8243; saved_specialty_column_type=&#8220;3_4&#8243;][\/et_pb_column_inner][\/et_pb_row_inner][\/et_pb_column][\/et_pb_section]<\/p>\n","protected":false},"excerpt":{"rendered":"<p>\u00dcberblick \u00fcber alle Gruppenarrangements Im Folgenden finden Sie einige Standard-Gruppenarrangements, die wir anbieten. Aber nat\u00fcrlich k\u00f6nnen Sie auch aus den Aktivit\u00e4ten und Verpflegungsm\u00f6glichkeiten auf unserer Website w\u00e4hlen. Das tun Sie, indem Sie aus den Aktivit\u00e4ten, dem Essen und den Getr\u00e4nken w\u00e4hlen. Dann kontaktieren Sie uns \u00fcber das Kontaktformular und wir machen Ihnen ein ma\u00dfgeschneidertes Angebot. [&hellip;]<\/p>\n","protected":false},"author":1,"featured_media":0,"parent":0,"menu_order":0,"comment_status":"closed","ping_status":"closed","template":"","meta":{"_acf_changed":false,"_et_pb_use_builder":"on","_et_pb_old_content":"","_et_gb_content_width":"","footnotes":""},"class_list":["post-5199","page","type-page","status-publish","hentry"],"acf":[],"yoast_head":"<!-- This site is optimized with the Yoast SEO plugin v27.4 - https:\/\/yoast.com\/product\/yoast-seo-wordpress\/ -->\n<title>Gruppenangebote in Limburg. F\u00fcr einen Gruppenausflug mit Vollverpflegung.<\/title>\n<meta name=\"description\" content=\"Vollst\u00e4ndig arrangierte Gruppenarrangements inkl. Essen und Trinken. Viele M\u00f6glichkeiten f\u00fcr Jung und Alt. Zum Beispiel mit Grill, Buffet oder All-in-Dinner.\" \/>\n<meta name=\"robots\" content=\"index, follow, max-snippet:-1, max-image-preview:large, max-video-preview:-1\" \/>\n<link rel=\"canonical\" href=\"https:\/\/www.limburgsuitje.nl\/de\/pakete\/\" \/>\n<meta property=\"og:locale\" content=\"de_DE\" \/>\n<meta property=\"og:type\" content=\"article\" \/>\n<meta property=\"og:title\" content=\"Gruppenangebote in Limburg. F\u00fcr einen Gruppenausflug mit Vollverpflegung.\" \/>\n<meta property=\"og:description\" content=\"Vollst\u00e4ndig arrangierte Gruppenarrangements inkl. Essen und Trinken. Viele M\u00f6glichkeiten f\u00fcr Jung und Alt. Zum Beispiel mit Grill, Buffet oder All-in-Dinner.\" \/>\n<meta property=\"og:url\" content=\"https:\/\/www.limburgsuitje.nl\/de\/pakete\/\" \/>\n<meta property=\"og:site_name\" content=\"Limburgsuitje\" \/>\n<meta property=\"article:publisher\" content=\"https:\/\/www.facebook.com\/limburgsuitje\/\" \/>\n<meta property=\"article:modified_time\" content=\"2022-06-02T20:34:27+00:00\" \/>\n<meta name=\"twitter:card\" content=\"summary_large_image\" \/>\n<meta name=\"twitter:label1\" content=\"Gesch\u00e4tzte Lesezeit\" \/>\n\t<meta name=\"twitter:data1\" content=\"1\u00a0Minute\" \/>\n<script type=\"application\/ld+json\" class=\"yoast-schema-graph\">{\"@context\":\"https:\\\/\\\/schema.org\",\"@graph\":[{\"@type\":\"WebPage\",\"@id\":\"https:\\\/\\\/www.limburgsuitje.nl\\\/de\\\/pakete\\\/\",\"url\":\"https:\\\/\\\/www.limburgsuitje.nl\\\/de\\\/pakete\\\/\",\"name\":\"Gruppenangebote in Limburg. F\u00fcr einen Gruppenausflug mit Vollverpflegung.\",\"isPartOf\":{\"@id\":\"https:\\\/\\\/www.limburgsuitje.nl\\\/de\\\/#website\"},\"datePublished\":\"2016-12-06T08:14:37+00:00\",\"dateModified\":\"2022-06-02T20:34:27+00:00\",\"description\":\"Vollst\u00e4ndig arrangierte Gruppenarrangements inkl. Essen und Trinken. Viele M\u00f6glichkeiten f\u00fcr Jung und Alt. Zum Beispiel mit Grill, Buffet oder All-in-Dinner.\",\"breadcrumb\":{\"@id\":\"https:\\\/\\\/www.limburgsuitje.nl\\\/de\\\/pakete\\\/#breadcrumb\"},\"inLanguage\":\"de\",\"potentialAction\":[{\"@type\":\"ReadAction\",\"target\":[\"https:\\\/\\\/www.limburgsuitje.nl\\\/de\\\/pakete\\\/\"]}]},{\"@type\":\"BreadcrumbList\",\"@id\":\"https:\\\/\\\/www.limburgsuitje.nl\\\/de\\\/pakete\\\/#breadcrumb\",\"itemListElement\":[{\"@type\":\"ListItem\",\"position\":1,\"name\":\"Home\",\"item\":\"https:\\\/\\\/www.limburgsuitje.nl\\\/de\\\/\"},{\"@type\":\"ListItem\",\"position\":2,\"name\":\"Pakete\"}]},{\"@type\":\"WebSite\",\"@id\":\"https:\\\/\\\/www.limburgsuitje.nl\\\/de\\\/#website\",\"url\":\"https:\\\/\\\/www.limburgsuitje.nl\\\/de\\\/\",\"name\":\"Limburgsuitje\",\"description\":\"Strijd als een ware schot\",\"potentialAction\":[{\"@type\":\"SearchAction\",\"target\":{\"@type\":\"EntryPoint\",\"urlTemplate\":\"https:\\\/\\\/www.limburgsuitje.nl\\\/de\\\/?s={search_term_string}\"},\"query-input\":{\"@type\":\"PropertyValueSpecification\",\"valueRequired\":true,\"valueName\":\"search_term_string\"}}],\"inLanguage\":\"de\"}]}<\/script>\n<!-- \/ Yoast SEO plugin. -->","yoast_head_json":{"title":"Gruppenangebote in Limburg. F\u00fcr einen Gruppenausflug mit Vollverpflegung.","description":"Vollst\u00e4ndig arrangierte Gruppenarrangements inkl. Essen und Trinken. Viele M\u00f6glichkeiten f\u00fcr Jung und Alt. Zum Beispiel mit Grill, Buffet oder All-in-Dinner.","robots":{"index":"index","follow":"follow","max-snippet":"max-snippet:-1","max-image-preview":"max-image-preview:large","max-video-preview":"max-video-preview:-1"},"canonical":"https:\/\/www.limburgsuitje.nl\/de\/pakete\/","og_locale":"de_DE","og_type":"article","og_title":"Gruppenangebote in Limburg. F\u00fcr einen Gruppenausflug mit Vollverpflegung.","og_description":"Vollst\u00e4ndig arrangierte Gruppenarrangements inkl. Essen und Trinken. Viele M\u00f6glichkeiten f\u00fcr Jung und Alt. Zum Beispiel mit Grill, Buffet oder All-in-Dinner.","og_url":"https:\/\/www.limburgsuitje.nl\/de\/pakete\/","og_site_name":"Limburgsuitje","article_publisher":"https:\/\/www.facebook.com\/limburgsuitje\/","article_modified_time":"2022-06-02T20:34:27+00:00","twitter_card":"summary_large_image","twitter_misc":{"Gesch\u00e4tzte Lesezeit":"1\u00a0Minute"},"schema":{"@context":"https:\/\/schema.org","@graph":[{"@type":"WebPage","@id":"https:\/\/www.limburgsuitje.nl\/de\/pakete\/","url":"https:\/\/www.limburgsuitje.nl\/de\/pakete\/","name":"Gruppenangebote in Limburg. F\u00fcr einen Gruppenausflug mit Vollverpflegung.","isPartOf":{"@id":"https:\/\/www.limburgsuitje.nl\/de\/#website"},"datePublished":"2016-12-06T08:14:37+00:00","dateModified":"2022-06-02T20:34:27+00:00","description":"Vollst\u00e4ndig arrangierte Gruppenarrangements inkl. Essen und Trinken. Viele M\u00f6glichkeiten f\u00fcr Jung und Alt. Zum Beispiel mit Grill, Buffet oder All-in-Dinner.","breadcrumb":{"@id":"https:\/\/www.limburgsuitje.nl\/de\/pakete\/#breadcrumb"},"inLanguage":"de","potentialAction":[{"@type":"ReadAction","target":["https:\/\/www.limburgsuitje.nl\/de\/pakete\/"]}]},{"@type":"BreadcrumbList","@id":"https:\/\/www.limburgsuitje.nl\/de\/pakete\/#breadcrumb","itemListElement":[{"@type":"ListItem","position":1,"name":"Home","item":"https:\/\/www.limburgsuitje.nl\/de\/"},{"@type":"ListItem","position":2,"name":"Pakete"}]},{"@type":"WebSite","@id":"https:\/\/www.limburgsuitje.nl\/de\/#website","url":"https:\/\/www.limburgsuitje.nl\/de\/","name":"Limburgsuitje","description":"Strijd als een ware schot","potentialAction":[{"@type":"SearchAction","target":{"@type":"EntryPoint","urlTemplate":"https:\/\/www.limburgsuitje.nl\/de\/?s={search_term_string}"},"query-input":{"@type":"PropertyValueSpecification","valueRequired":true,"valueName":"search_term_string"}}],"inLanguage":"de"}]}},"_links":{"self":[{"href":"https:\/\/www.limburgsuitje.nl\/de\/wp-json\/wp\/v2\/pages\/5199","targetHints":{"allow":["GET"]}}],"collection":[{"href":"https:\/\/www.limburgsuitje.nl\/de\/wp-json\/wp\/v2\/pages"}],"about":[{"href":"https:\/\/www.limburgsuitje.nl\/de\/wp-json\/wp\/v2\/types\/page"}],"author":[{"embeddable":true,"href":"https:\/\/www.limburgsuitje.nl\/de\/wp-json\/wp\/v2\/users\/1"}],"replies":[{"embeddable":true,"href":"https:\/\/www.limburgsuitje.nl\/de\/wp-json\/wp\/v2\/comments?post=5199"}],"version-history":[{"count":0,"href":"https:\/\/www.limburgsuitje.nl\/de\/wp-json\/wp\/v2\/pages\/5199\/revisions"}],"wp:attachment":[{"href":"https:\/\/www.limburgsuitje.nl\/de\/wp-json\/wp\/v2\/media?parent=5199"}],"curies":[{"name":"wp","href":"https:\/\/api.w.org\/{rel}","templated":true}]}}