{"id":5263,"date":"2017-02-17T13:57:00","date_gmt":"2017-02-17T12:57:00","guid":{"rendered":"https:\/\/www.limburgsuitje.nl\/firmenveranstaltung-limburg\/"},"modified":"2026-02-03T18:17:31","modified_gmt":"2026-02-03T17:17:31","slug":"firmenveranstaltung-limburg","status":"publish","type":"page","link":"https:\/\/www.limburgsuitje.nl\/de\/firmenveranstaltung-limburg\/","title":{"rendered":"Firmenveranstaltung Limburg"},"content":{"rendered":"<p>[et_pb_section fb_built=&#8220;1&#8243; admin_label=&#8220;section&#8220; _builder_version=&#8220;4.16&#8243; global_colors_info=&#8220;{}&#8220;][et_pb_row admin_label=&#8220;Reihe&#8220; _builder_version=&#8220;4.16&#8243; background_size=&#8220;initial&#8220; background_position=&#8220;top_left&#8220; background_repeat=&#8220;repeat&#8220; global_colors_info=&#8220;{}&#8220;][et_pb_column type=&#8220;4_4&#8243; _builder_version=&#8220;4.16&#8243; custom_padding=&#8220;|||&#8220; global_colors_info=&#8220;{}&#8220; custom_padding__hover=&#8220;|||&#8220;][et_pb_text admin_label=&#8220;Text&#8220; _builder_version=&#8220;4.27.5&#8243; background_size=&#8220;initial&#8220; background_position=&#8220;top_left&#8220; background_repeat=&#8220;repeat&#8220; hover_enabled=&#8220;0&#8243; use_border_color=&#8220;off&#8220; border_color=&#8220;#ffffff&#8220; border_style=&#8220;solid&#8220; global_colors_info=&#8220;{}&#8220; sticky_enabled=&#8220;0&#8243;]<\/p>\n<h1>Betriebsausflug in Limburg organisieren<\/h1>\n<p data-start=\"152\" data-end=\"633\">Einen Betriebsausflug in Limburg organisieren, der wirklich allen Spa\u00df macht? Dann entscheidest du dich f\u00fcr Limburgs Uitje. Bei uns entdeckst du originelle und aktive Betriebsausfl\u00fcge, die Entspannung bringen, die Zusammenarbeit st\u00e4rken und f\u00fcr eine gute Stimmung im Team sorgen. Egal, ob du einen informellen Teamtag planst, einen Personalausflug organisierst oder einen kompletten Tag voller Aktivit\u00e4ten zusammenstellst, bei uns findest du immer einen passenden Betriebsausflug f\u00fcr kleine und gro\u00dfe Gruppen.   <\/p>\n<p data-start=\"635\" data-end=\"1156\">Dar\u00fcber hinaus organisieren wir alle Betriebsausfl\u00fcge an unserem eigenen Standort in Sevenum, Nord-Limburg. Hier begleiten erfahrene Instruktoren die Aktivit\u00e4ten und sorgen daf\u00fcr, dass alles sicher, klar und energiegeladen abl\u00e4uft. Anschlie\u00dfend w\u00e4hlst du aus sportlichen, kreativen und Teambuilding-Aktivit\u00e4ten aus oder kombinierst mehrere Programme. Du stellst den Betriebsausflug selbst zusammen, abgestimmt auf eure W\u00fcnsche, die verf\u00fcgbare Zeit und das Budget. So entsteht ein Betriebsausflug, der nicht nur gesellig, sondern auch straff organisiert ist.    <\/p>\n<p data-start=\"1158\" data-end=\"1337\">Schlie\u00dflich erh\u00e4ltst du auf dieser Seite einen klaren \u00dcberblick \u00fcber unsere beliebtesten Betriebsausfl\u00fcge in Limburg, einschlie\u00dflich praktischer Informationen und Antworten auf h\u00e4ufig gestellte Fragen.<\/p>\n<p>[\/et_pb_text][\/et_pb_column][\/et_pb_row][\/et_pb_section][et_pb_section fb_built=&#8220;1&#8243; admin_label=&#8220;Section&#8220; _builder_version=&#8220;4.16&#8243; background_color=&#8220;#e6e6e6&#8243; transparent_background=&#8220;off&#8220; global_colors_info=&#8220;{}&#8220;][et_pb_row admin_label=&#8220;Reihe&#8220; _builder_version=&#8220;4.16&#8243; background_size=&#8220;initial&#8220; background_position=&#8220;top_left&#8220; background_repeat=&#8220;repeat&#8220; global_colors_info=&#8220;{}&#8220;][et_pb_column type=&#8220;4_4&#8243; _builder_version=&#8220;4.16&#8243; custom_padding=&#8220;|||&#8220; global_colors_info=&#8220;{}&#8220; custom_padding__hover=&#8220;|||&#8220;][et_pb_text admin_label=&#8220;Deze activiteit bestaat uit deze spellen&#8220; module_id=&#8220;spellen-titel&#8220; _builder_version=&#8220;4.27.5&#8243; background_size=&#8220;initial&#8220; background_position=&#8220;top_left&#8220; background_repeat=&#8220;repeat&#8220; text_orientation=&#8220;center&#8220; module_alignment=&#8220;center&#8220; custom_margin=&#8220;||0px|&#8220; use_border_color=&#8220;off&#8220; border_color=&#8220;#ffffff&#8220; border_style=&#8220;solid&#8220; global_colors_info=&#8220;{}&#8220;]<\/p>\n<h2>Unser Angebot f\u00fcr einen gelungenen Betriebsausflug in Limburg<\/h2>\n<p>[\/et_pb_text][et_pb_code admin_label=&#8220;Zugeh\u00f6rige Aktivit\u00e4ten &amp; Pakete&#8220; _builder_version=&#8220;4.16&#8243; global_colors_info=&#8220;{}&#8220;]<ul id=\"bxslider\">\n<li class=\"slide\">\n<div class=\"spel\" style=\"width: 260px;\">\n\t<a href=\"https:\/\/www.limburgsuitje.nl\/de\/activiteit\/expedition-columbus-1\/\" title=\"Expedition Kolumbus\">\n\t\t<div>\n\t\t<div class=\"spel-thumbnail\">\n\t\t\t<img decoding=\"async\" src=\"https:\/\/www.limburgsuitje.nl\/wp-content\/uploads\/2017\/02\/expeditie-columbus-thumb.jpg\" alt=\"Expedition Kolumbus\">\n\t\t<\/div>\n\t\t<div class=\"spel-text\">\n\t\t\t<h3>Expedition Kolumbus<\/h3>\n\t\t\tOhne die unbewohnte Insel, aber genau so spannend!\n\t\t<\/div>\n\t\t<div class=\"spel-footer\">\n\t\t\t<div class=\"spel-footer-prijs\">\n\t\t\t\t\u20ac 22,95 <span class=\"pp\">p.P.<\/span> \n\t\t\t<\/div>\n\t\t\t<div class=\"spel-footer-duur\">\n\t\t\t\t2 Stunden\n\t\t\t<\/div>\n\t\t<\/div>\n\t\t<\/div>\n\t<\/a>\n<\/div>\n<\/li>\n<li class=\"slide\">\n<div class=\"spel\" style=\"width: 260px;\">\n\t<a href=\"https:\/\/www.limburgsuitje.nl\/de\/activiteit\/highlandgames\/\" title=\"Hochland-Spiele\">\n\t\t<div>\n\t\t<div class=\"spel-thumbnail\">\n\t\t\t<img decoding=\"async\" src=\"https:\/\/www.limburgsuitje.nl\/wp-content\/uploads\/2017\/03\/highland-games-thumb.jpg\" alt=\"Hochland-Spiele\">\n\t\t<\/div>\n\t\t<div class=\"spel-text\">\n\t\t\t<h3>Hochland-Spiele<\/h3>\n\t\t\tK\u00e4mpfe wie ein echter Schotte und zeige deine St\u00e4rke bei den Highland Games.  \n\t\t<\/div>\n\t\t<div class=\"spel-footer\">\n\t\t\t<div class=\"spel-footer-prijs\">\n\t\t\t\t\u20ac 22,95 <span class=\"pp\">p.P.<\/span> \n\t\t\t<\/div>\n\t\t\t<div class=\"spel-footer-duur\">\n\t\t\t\t2 Stunden\n\t\t\t<\/div>\n\t\t<\/div>\n\t\t<\/div>\n\t<\/a>\n<\/div>\n<\/li>\n<li class=\"slide\">\n<div class=\"spel\" style=\"width: 260px;\">\n\t<a href=\"https:\/\/www.limburgsuitje.nl\/de\/activiteit\/fungames\/\" title=\"lustige Spiele\">\n\t\t<div>\n\t\t<div class=\"spel-thumbnail\">\n\t\t\t<img decoding=\"async\" src=\"https:\/\/www.limburgsuitje.nl\/wp-content\/uploads\/2017\/01\/fun-games-thumb.jpg\" alt=\"lustige Spiele\">\n\t\t<\/div>\n\t\t<div class=\"spel-text\">\n\t\t\t<h3>lustige Spiele<\/h3>\n\t\t\tBei dieser Aktivit\u00e4t steht der Spa\u00df im Vordergrund!\n\t\t<\/div>\n\t\t<div class=\"spel-footer\">\n\t\t\t<div class=\"spel-footer-prijs\">\n\t\t\t\t\u20ac 20,50 <span class=\"pp\">p.P.<\/span> \n\t\t\t<\/div>\n\t\t\t<div class=\"spel-footer-duur\">\n\t\t\t\t2 Stunden\n\t\t\t<\/div>\n\t\t<\/div>\n\t\t<\/div>\n\t<\/a>\n<\/div>\n<\/li>\n<li class=\"slide\">\n<div class=\"spel\" style=\"width: 260px;\">\n\t<a href=\"https:\/\/www.limburgsuitje.nl\/de\/activiteit\/expedition-columbus-action\/\" title=\"Expedition Kolumbus sportlich\">\n\t\t<div>\n\t\t<div class=\"spel-thumbnail\">\n\t\t\t<img decoding=\"async\" src=\"https:\/\/www.limburgsuitje.nl\/wp-content\/uploads\/2017\/02\/expeditie-columbus-thumb.jpg\" alt=\"Expedition Kolumbus sportlich\">\n\t\t<\/div>\n\t\t<div class=\"spel-text\">\n\t\t\t<h3>Expedition Kolumbus sportlich<\/h3>\n\t\t\tSch\u00f6ner sportlicher Gruppenausflug!\n\t\t<\/div>\n\t\t<div class=\"spel-footer\">\n\t\t\t<div class=\"spel-footer-prijs\">\n\t\t\t\t\u20ac 22,95 <span class=\"pp\">p.P.<\/span> \n\t\t\t<\/div>\n\t\t\t<div class=\"spel-footer-duur\">\n\t\t\t\t2 Stunden\n\t\t\t<\/div>\n\t\t<\/div>\n\t\t<\/div>\n\t<\/a>\n<\/div>\n<\/li>\n<li class=\"slide\">\n<div class=\"spel\" style=\"width: 260px;\">\n\t<a href=\"https:\/\/www.limburgsuitje.nl\/de\/activiteit\/verrueckte-spiele\/\" title=\"Verr\u00fcckte Spiele\">\n\t\t<div>\n\t\t<div class=\"spel-thumbnail\">\n\t\t\t<img decoding=\"async\" src=\"\" alt=\"Verr\u00fcckte Spiele\">\n\t\t<\/div>\n\t\t<div class=\"spel-text\">\n\t\t\t<h3>Verr\u00fcckte Spiele<\/h3>\n\t\t\tDie verr\u00fccktesten Aktivit\u00e4ten f\u00fcr den coolsten Gruppenausflug\n\t\t<\/div>\n\t\t<div class=\"spel-footer\">\n\t\t\t<div class=\"spel-footer-prijs\">\n\t\t\t\t<span class=\"pp\">ab<\/span> \u20ac 24,50 <span class=\"pp\">p.P.<\/span> \n\t\t\t<\/div>\n\t\t\t<div class=\"spel-footer-duur\">\n\t\t\t\t2 Stunden\n\t\t\t<\/div>\n\t\t<\/div>\n\t\t<\/div>\n\t<\/a>\n<\/div>\n<\/li>\n<li class=\"slide\">\n<div class=\"spel\" style=\"width: 260px;\">\n\t<a href=\"https:\/\/www.limburgsuitje.nl\/activiteit\/lekker-hollands\/\" title=\"Lekker Hollands\">\n\t\t<div>\n\t\t<div class=\"spel-thumbnail\">\n\t\t\t<img decoding=\"async\" src=\"https:\/\/www.limburgsuitje.nl\/wp-content\/uploads\/2025\/10\/lekkerhollands-thumb.jpg\" alt=\"Lekker Hollands\">\n\t\t<\/div>\n\t\t<div class=\"spel-text\">\n\t\t\t<h3>Lekker Hollands<\/h3>\n\t\t\tHollandser gaat het niet worden. Wat weet jij van Holland?\n\t\t<\/div>\n\t\t<div class=\"spel-footer\">\n\t\t\t<div class=\"spel-footer-prijs\">\n\t\t\t\t\u20ac 23,95 <span class=\"pp\">p.P.<\/span> \n\t\t\t<\/div>\n\t\t\t<div class=\"spel-footer-duur\">\n\t\t\t\t2 uur\n\t\t\t<\/div>\n\t\t<\/div>\n\t\t<\/div>\n\t<\/a>\n<\/div>\n<\/li>\n<li class=\"slide\">\n<div class=\"spel\" style=\"width: 260px;\">\n\t<a href=\"https:\/\/www.limburgsuitje.nl\/activiteit\/tv-game-show\/\" title=\"TV Game Show\">\n\t\t<div>\n\t\t<div class=\"spel-thumbnail\">\n\t\t\t<img decoding=\"async\" src=\"https:\/\/www.limburgsuitje.nl\/wp-content\/uploads\/2025\/10\/tvgameshow-thumb.jpg\" alt=\"TV Game Show\">\n\t\t<\/div>\n\t\t<div class=\"spel-text\">\n\t\t\t<h3>TV Game Show<\/h3>\n\t\t\tDe spelshow met alle leuke spellen van tv.\n\t\t<\/div>\n\t\t<div class=\"spel-footer\">\n\t\t\t<div class=\"spel-footer-prijs\">\n\t\t\t\t\u20ac 23,95 <span class=\"pp\">p.P.<\/span> \n\t\t\t<\/div>\n\t\t\t<div class=\"spel-footer-duur\">\n\t\t\t\t2 uur\n\t\t\t<\/div>\n\t\t<\/div>\n\t\t<\/div>\n\t<\/a>\n<\/div>\n<\/li>\n<li class=\"slide\">\n<div class=\"spel\" style=\"width: 260px;\">\n\t<a href=\"https:\/\/www.limburgsuitje.nl\/activiteit\/de-alleskunners-indoor\/\" title=\"De alleskunner (indoor)\">\n\t\t<div>\n\t\t<div class=\"spel-thumbnail\">\n\t\t\t<img decoding=\"async\" src=\"https:\/\/www.limburgsuitje.nl\/wp-content\/uploads\/2025\/09\/alleskunner-thumb-1.jpg\" alt=\"De alleskunner (indoor)\">\n\t\t<\/div>\n\t\t<div class=\"spel-text\">\n\t\t\t<h3>De alleskunner (indoor)<\/h3>\n\t\t\tKun jij alles aan? Bewijs het in h\u00e9t ultieme uitje: De Alleskunner!\"\n\t\t<\/div>\n\t\t<div class=\"spel-footer\">\n\t\t\t<div class=\"spel-footer-prijs\">\n\t\t\t\t\u20ac 22,95 <span class=\"pp\">p.P.<\/span> \n\t\t\t<\/div>\n\t\t\t<div class=\"spel-footer-duur\">\n\t\t\t\t2 uur\n\t\t\t<\/div>\n\t\t<\/div>\n\t\t<\/div>\n\t<\/a>\n<\/div>\n<\/li>\n<li class=\"slide\">\n<div class=\"spel\" style=\"width: 260px;\">\n\t<a href=\"https:\/\/www.limburgsuitje.nl\/activiteit\/de-alleskunner-outdoor-limburg\/\" title=\"De Alleskunner (outdoor)\">\n\t\t<div>\n\t\t<div class=\"spel-thumbnail\">\n\t\t\t<img decoding=\"async\" src=\"https:\/\/www.limburgsuitje.nl\/wp-content\/uploads\/2025\/09\/alleskunner-thumb-1.jpg\" alt=\"De Alleskunner (outdoor)\">\n\t\t<\/div>\n\t\t<div class=\"spel-text\">\n\t\t\t<h3>De Alleskunner (outdoor)<\/h3>\n\t\t\tHet populaire tv programma, nu ook als uitje te boeken.\n\t\t<\/div>\n\t\t<div class=\"spel-footer\">\n\t\t\t<div class=\"spel-footer-prijs\">\n\t\t\t\t\u20ac 22,95 <span class=\"pp\">p.P.<\/span> \n\t\t\t<\/div>\n\t\t\t<div class=\"spel-footer-duur\">\n\t\t\t\t2 uur\n\t\t\t<\/div>\n\t\t<\/div>\n\t\t<\/div>\n\t<\/a>\n<\/div>\n<\/li>\n<\/ul>\n<script type=\"text\/javascript\">\t\t$('#bxslider').bxSlider({\t\tauto: false, mode: 'horizontal', slideSelector: 'li.slide', easing: 'ease', slideWidth: 260, minSlides: 1, maxSlides: 4, slideMargin: 33, moveSlides: 1, shrinkItems: false});<\/script><script type=\"text\/javascript\">\t\t$(document).ready(function(){ $('#bxslider').bxSlider(); });<\/script>[\/et_pb_code][et_pb_text admin_label=&#8220;Deze activiteit bestaat uit deze spellen&#8220; module_id=&#8220;spellen-titel&#8220; _builder_version=&#8220;4.27.5&#8243; background_size=&#8220;initial&#8220; background_position=&#8220;top_left&#8220; background_repeat=&#8220;repeat&#8220; text_orientation=&#8220;center&#8220; module_alignment=&#8220;center&#8220; custom_margin=&#8220;||0px|&#8220; use_border_color=&#8220;off&#8220; border_color=&#8220;#ffffff&#8220; border_style=&#8220;solid&#8220; global_colors_info=&#8220;{}&#8220;]<\/p>\n<h2>Die h\u00e4ufigsten Fragen zu unseren Betriebsausfl\u00fcgen<\/h2>\n<p>[\/et_pb_text][et_pb_accordion _builder_version=&#8220;4.27.5&#8243; _module_preset=&#8220;default&#8220; global_colors_info=&#8220;{}&#8220;][et_pb_accordion_item title=&#8220;Welche Arten von Betriebsausfl\u00fcgen bieten Sie an?&#8220; open=&#8220;on&#8220; _builder_version=&#8220;4.27.5&#8243; _module_preset=&#8220;default&#8220; global_colors_info=&#8220;{}&#8220;]<\/p>\n<p>Wir bieten aktive, kulinarische und entspannende Betriebsausfl\u00fcge an. Dazu geh\u00f6ren Teambuilding, Workshops, City Games, Dinner und komplette Tagesprogramme. <\/p>\n<p>[\/et_pb_accordion_item][et_pb_accordion_item title=&#8220;F\u00fcr wie viele Personen sind die Betriebsausfl\u00fcge geeignet?&#8220; _builder_version=&#8220;4.27.5&#8243; _module_preset=&#8220;default&#8220; global_colors_info=&#8220;{}&#8220; open=&#8220;off&#8220;]<\/p>\n<p>Unsere Betriebsausfl\u00fcge sind f\u00fcr Gruppen von 10 bis 300 Personen geeignet. Gr\u00f6\u00dfere Gruppen sind oft auch nach Absprache m\u00f6glich. <\/p>\n<p>[\/et_pb_accordion_item][et_pb_accordion_item title=&#8220;Wo finden die Betriebsausfl\u00fcge statt?&#8220; _builder_version=&#8220;4.27.5&#8243; _module_preset=&#8220;default&#8220; global_colors_info=&#8220;{}&#8220; open=&#8220;off&#8220;]<\/p>\n<p>Die Ausfl\u00fcge auf unserer Website finden in Sevenum, an unserem eigenen Standort statt. Dar\u00fcber hinaus arbeiten wir mit dem Restaurant De Turfhoeve zusammen, das sich neben uns befindet und in dem viele Indoor-Aktivit\u00e4ten stattfinden.  Einige Aktivit\u00e4ten k\u00f6nnen auch an externen Standorten \u00fcber <a href=\"https:\/\/www.downtownevents.nl\" target=\"_blank\" rel=\"noopener\">Downtown Events<\/a> durchgef\u00fchrt werden.<\/p>\n<p>[\/et_pb_accordion_item][et_pb_accordion_item title=&#8220;Was ist im Preis inbegriffen?&#8220; _builder_version=&#8220;4.27.5&#8243; _module_preset=&#8220;default&#8220; global_colors_info=&#8220;{}&#8220; open=&#8220;off&#8220;]<\/p>\n<p>Der Preis beinhaltet in der Regel Betreuung, Materialien und Organisation. Extras wie Essen, Trinken oder Transport werden im Voraus klar besprochen. Die Preise auf der Website verstehen sich inklusive Mehrwertsteuer.  <\/p>\n<p>[\/et_pb_accordion_item][et_pb_accordion_item title=&#8220;Sind die Betriebsausfl\u00fcge f\u00fcr alle Altersgruppen und Niveaus geeignet?&#8220; _builder_version=&#8220;4.27.5&#8243; _module_preset=&#8220;default&#8220; global_colors_info=&#8220;{}&#8220; open=&#8220;off&#8220;]<\/p>\n<p>Ja, die Aktivit\u00e4ten werden auf die Zusammensetzung der Gruppe abgestimmt. K\u00f6rperliche Anstrengung ist immer optional oder anpassbar. <\/p>\n<p>[\/et_pb_accordion_item][et_pb_accordion_item title=&#8220;Wie sieht es mit Sicherheit und Versicherung aus?&#8220; _builder_version=&#8220;4.27.5&#8243; _module_preset=&#8220;default&#8220; global_colors_info=&#8220;{}&#8220; open=&#8220;off&#8220;]<\/p>\n<p data-start=\"126\" data-end=\"275\">Sicherheit steht bei uns an erster Stelle. Wir sind dem Branchenverband angeschlossen und arbeiten nach einem zertifizierten Sicherheitssystem. <\/p>\n<p data-start=\"282\" data-end=\"476\">Nat\u00fcrlich k\u00f6nnen bei sportlichen Aktivit\u00e4ten nie alle Risiken vollst\u00e4ndig ausgeschlossen werden. Sollte wider Erwarten doch etwas passieren, ist immer ein Mitarbeiter mit einem BHV-Diplom anwesend. <\/p>\n<p data-start=\"282\" data-end=\"476\">Selbstverst\u00e4ndlich verf\u00fcgen wir auch \u00fcber die richtigen Versicherungen im Bereich der Haftpflicht.<\/p>\n<p>[\/et_pb_accordion_item][et_pb_accordion_item title=&#8220;K\u00f6nnen Betriebsausfl\u00fcge nach Ma\u00df angefertigt werden?&#8220; _builder_version=&#8220;4.27.5&#8243; _module_preset=&#8220;default&#8220; global_colors_info=&#8220;{}&#8220; open=&#8220;off&#8220;]<\/p>\n<p>Ja, wir stellen gerne ein Programm zusammen, das auf Ihren W\u00fcnschen, Zielen und Ihrem Budget basiert.<\/p>\n<p>[\/et_pb_accordion_item][et_pb_accordion_item title=&#8220;Wie lange im Voraus m\u00fcssen wir buchen?&#8220; _builder_version=&#8220;4.27.5&#8243; _module_preset=&#8220;default&#8220; global_colors_info=&#8220;{}&#8220; open=&#8220;off&#8220;]<\/p>\n<p>Das ist schwer vorherzusagen. Manchmal gibt es zwei Wochen vorher noch freie Pl\u00e4tze, manchmal sind Termine schon fr\u00fcher ausgebucht. Sobald der Termin feststeht, empfehlen wir, sich nach der Verf\u00fcgbarkeit zu erkundigen. In diesem Fall k\u00f6nnen wir einige Tage lang eine Option f\u00fcr Sie reservieren. Nach der Reservierung k\u00f6nnen die endg\u00fcltigen Teilnehmerzahlen bis zu sieben Tage im Voraus noch angepasst werden.    <\/p>\n<p>[\/et_pb_accordion_item][et_pb_accordion_item title=&#8220;Ich habe eine andere Frage&#8220; _builder_version=&#8220;4.27.5&#8243; _module_preset=&#8220;default&#8220; global_colors_info=&#8220;{}&#8220; open=&#8220;off&#8220;]<\/p>\n<p>Hast du noch Fragen, die nicht speziell einen Betriebsausflug betreffen? Dann schau auf unserer allgemeinen <a href=\"https:\/\/www.limburgsuitje.nl\/de\/faq\/\">FAQ<\/a>-Seite nach. Ist deine Antwort dort nicht dabei, nimm gerne Kontakt mit uns auf.<\/p>\n<p>[\/et_pb_accordion_item][\/et_pb_accordion][\/et_pb_column][\/et_pb_row][\/et_pb_section]<\/p>\n","protected":false},"excerpt":{"rendered":"<p>Betriebsausflug in Limburg organisieren Einen Betriebsausflug in Limburg organisieren, der wirklich allen Spa\u00df macht? Dann entscheidest du dich f\u00fcr Limburgs Uitje. Bei uns entdeckst du originelle und aktive Betriebsausfl\u00fcge, die Entspannung bringen, die Zusammenarbeit st\u00e4rken und f\u00fcr eine gute Stimmung im Team sorgen. Egal, ob du einen informellen Teamtag planst, einen Personalausflug organisierst oder einen [&hellip;]<\/p>\n","protected":false},"author":2,"featured_media":0,"parent":0,"menu_order":0,"comment_status":"closed","ping_status":"closed","template":"","meta":{"_acf_changed":false,"_et_pb_use_builder":"on","_et_pb_old_content":"","_et_gb_content_width":"","footnotes":""},"class_list":["post-5263","page","type-page","status-publish","hentry"],"acf":[],"yoast_head":"<!-- This site is optimized with the Yoast SEO plugin v27.4 - https:\/\/yoast.com\/product\/yoast-seo-wordpress\/ -->\n<title>Betriebsausflug in Limburg | Aktive &amp; originelle Betriebsausfl\u00fcge<\/title>\n<meta name=\"description\" content=\"Ein Betriebsausflug in Limburg geplant? W\u00e4hlt aus originellen, aktiven und entspannten Betriebsausfl\u00fcgen bei Limburgs Uitje. F\u00fcr kleine und gro\u00dfe Teams.\" \/>\n<meta name=\"robots\" content=\"index, follow, max-snippet:-1, max-image-preview:large, max-video-preview:-1\" \/>\n<link rel=\"canonical\" href=\"https:\/\/www.limburgsuitje.nl\/de\/firmenveranstaltung-limburg\/\" \/>\n<meta property=\"og:locale\" content=\"de_DE\" \/>\n<meta property=\"og:type\" content=\"article\" \/>\n<meta property=\"og:title\" content=\"Betriebsausflug in Limburg | Aktive &amp; originelle Betriebsausfl\u00fcge\" \/>\n<meta property=\"og:description\" content=\"Ein Betriebsausflug in Limburg geplant? W\u00e4hlt aus originellen, aktiven und entspannten Betriebsausfl\u00fcgen bei Limburgs Uitje. F\u00fcr kleine und gro\u00dfe Teams.\" \/>\n<meta property=\"og:url\" content=\"https:\/\/www.limburgsuitje.nl\/de\/firmenveranstaltung-limburg\/\" \/>\n<meta property=\"og:site_name\" content=\"Limburgsuitje\" \/>\n<meta property=\"article:publisher\" content=\"https:\/\/www.facebook.com\/limburgsuitje\/\" \/>\n<meta property=\"article:modified_time\" content=\"2026-02-03T17:17:31+00:00\" \/>\n<meta name=\"twitter:card\" content=\"summary_large_image\" \/>\n<meta name=\"twitter:label1\" content=\"Gesch\u00e4tzte Lesezeit\" \/>\n\t<meta name=\"twitter:data1\" content=\"5\u00a0Minuten\" \/>\n<script type=\"application\/ld+json\" class=\"yoast-schema-graph\">{\"@context\":\"https:\\\/\\\/schema.org\",\"@graph\":[{\"@type\":\"WebPage\",\"@id\":\"https:\\\/\\\/www.limburgsuitje.nl\\\/de\\\/firmenveranstaltung-limburg\\\/\",\"url\":\"https:\\\/\\\/www.limburgsuitje.nl\\\/de\\\/firmenveranstaltung-limburg\\\/\",\"name\":\"Betriebsausflug in Limburg | Aktive & originelle Betriebsausfl\u00fcge\",\"isPartOf\":{\"@id\":\"https:\\\/\\\/www.limburgsuitje.nl\\\/de\\\/#website\"},\"datePublished\":\"2017-02-17T12:57:00+00:00\",\"dateModified\":\"2026-02-03T17:17:31+00:00\",\"description\":\"Ein Betriebsausflug in Limburg geplant? W\u00e4hlt aus originellen, aktiven und entspannten Betriebsausfl\u00fcgen bei Limburgs Uitje. F\u00fcr kleine und gro\u00dfe Teams.\",\"breadcrumb\":{\"@id\":\"https:\\\/\\\/www.limburgsuitje.nl\\\/de\\\/firmenveranstaltung-limburg\\\/#breadcrumb\"},\"inLanguage\":\"de\",\"potentialAction\":[{\"@type\":\"ReadAction\",\"target\":[\"https:\\\/\\\/www.limburgsuitje.nl\\\/de\\\/firmenveranstaltung-limburg\\\/\"]}]},{\"@type\":\"BreadcrumbList\",\"@id\":\"https:\\\/\\\/www.limburgsuitje.nl\\\/de\\\/firmenveranstaltung-limburg\\\/#breadcrumb\",\"itemListElement\":[{\"@type\":\"ListItem\",\"position\":1,\"name\":\"Home\",\"item\":\"https:\\\/\\\/www.limburgsuitje.nl\\\/de\\\/\"},{\"@type\":\"ListItem\",\"position\":2,\"name\":\"Firmenveranstaltung Limburg\"}]},{\"@type\":\"WebSite\",\"@id\":\"https:\\\/\\\/www.limburgsuitje.nl\\\/de\\\/#website\",\"url\":\"https:\\\/\\\/www.limburgsuitje.nl\\\/de\\\/\",\"name\":\"Limburgsuitje\",\"description\":\"Strijd als een ware schot\",\"potentialAction\":[{\"@type\":\"SearchAction\",\"target\":{\"@type\":\"EntryPoint\",\"urlTemplate\":\"https:\\\/\\\/www.limburgsuitje.nl\\\/de\\\/?s={search_term_string}\"},\"query-input\":{\"@type\":\"PropertyValueSpecification\",\"valueRequired\":true,\"valueName\":\"search_term_string\"}}],\"inLanguage\":\"de\"}]}<\/script>\n<!-- \/ Yoast SEO plugin. -->","yoast_head_json":{"title":"Betriebsausflug in Limburg | Aktive & originelle Betriebsausfl\u00fcge","description":"Ein Betriebsausflug in Limburg geplant? W\u00e4hlt aus originellen, aktiven und entspannten Betriebsausfl\u00fcgen bei Limburgs Uitje. F\u00fcr kleine und gro\u00dfe Teams.","robots":{"index":"index","follow":"follow","max-snippet":"max-snippet:-1","max-image-preview":"max-image-preview:large","max-video-preview":"max-video-preview:-1"},"canonical":"https:\/\/www.limburgsuitje.nl\/de\/firmenveranstaltung-limburg\/","og_locale":"de_DE","og_type":"article","og_title":"Betriebsausflug in Limburg | Aktive & originelle Betriebsausfl\u00fcge","og_description":"Ein Betriebsausflug in Limburg geplant? W\u00e4hlt aus originellen, aktiven und entspannten Betriebsausfl\u00fcgen bei Limburgs Uitje. F\u00fcr kleine und gro\u00dfe Teams.","og_url":"https:\/\/www.limburgsuitje.nl\/de\/firmenveranstaltung-limburg\/","og_site_name":"Limburgsuitje","article_publisher":"https:\/\/www.facebook.com\/limburgsuitje\/","article_modified_time":"2026-02-03T17:17:31+00:00","twitter_card":"summary_large_image","twitter_misc":{"Gesch\u00e4tzte Lesezeit":"5\u00a0Minuten"},"schema":{"@context":"https:\/\/schema.org","@graph":[{"@type":"WebPage","@id":"https:\/\/www.limburgsuitje.nl\/de\/firmenveranstaltung-limburg\/","url":"https:\/\/www.limburgsuitje.nl\/de\/firmenveranstaltung-limburg\/","name":"Betriebsausflug in Limburg | Aktive & originelle Betriebsausfl\u00fcge","isPartOf":{"@id":"https:\/\/www.limburgsuitje.nl\/de\/#website"},"datePublished":"2017-02-17T12:57:00+00:00","dateModified":"2026-02-03T17:17:31+00:00","description":"Ein Betriebsausflug in Limburg geplant? W\u00e4hlt aus originellen, aktiven und entspannten Betriebsausfl\u00fcgen bei Limburgs Uitje. F\u00fcr kleine und gro\u00dfe Teams.","breadcrumb":{"@id":"https:\/\/www.limburgsuitje.nl\/de\/firmenveranstaltung-limburg\/#breadcrumb"},"inLanguage":"de","potentialAction":[{"@type":"ReadAction","target":["https:\/\/www.limburgsuitje.nl\/de\/firmenveranstaltung-limburg\/"]}]},{"@type":"BreadcrumbList","@id":"https:\/\/www.limburgsuitje.nl\/de\/firmenveranstaltung-limburg\/#breadcrumb","itemListElement":[{"@type":"ListItem","position":1,"name":"Home","item":"https:\/\/www.limburgsuitje.nl\/de\/"},{"@type":"ListItem","position":2,"name":"Firmenveranstaltung Limburg"}]},{"@type":"WebSite","@id":"https:\/\/www.limburgsuitje.nl\/de\/#website","url":"https:\/\/www.limburgsuitje.nl\/de\/","name":"Limburgsuitje","description":"Strijd als een ware schot","potentialAction":[{"@type":"SearchAction","target":{"@type":"EntryPoint","urlTemplate":"https:\/\/www.limburgsuitje.nl\/de\/?s={search_term_string}"},"query-input":{"@type":"PropertyValueSpecification","valueRequired":true,"valueName":"search_term_string"}}],"inLanguage":"de"}]}},"_links":{"self":[{"href":"https:\/\/www.limburgsuitje.nl\/de\/wp-json\/wp\/v2\/pages\/5263","targetHints":{"allow":["GET"]}}],"collection":[{"href":"https:\/\/www.limburgsuitje.nl\/de\/wp-json\/wp\/v2\/pages"}],"about":[{"href":"https:\/\/www.limburgsuitje.nl\/de\/wp-json\/wp\/v2\/types\/page"}],"author":[{"embeddable":true,"href":"https:\/\/www.limburgsuitje.nl\/de\/wp-json\/wp\/v2\/users\/2"}],"replies":[{"embeddable":true,"href":"https:\/\/www.limburgsuitje.nl\/de\/wp-json\/wp\/v2\/comments?post=5263"}],"version-history":[{"count":0,"href":"https:\/\/www.limburgsuitje.nl\/de\/wp-json\/wp\/v2\/pages\/5263\/revisions"}],"wp:attachment":[{"href":"https:\/\/www.limburgsuitje.nl\/de\/wp-json\/wp\/v2\/media?parent=5263"}],"curies":[{"name":"wp","href":"https:\/\/api.w.org\/{rel}","templated":true}]}}