{"id":5269,"date":"2017-02-28T19:38:24","date_gmt":"2017-02-28T18:38:24","guid":{"rendered":"https:\/\/www.limburgsuitje.nl\/imbisse\/"},"modified":"2026-02-24T16:09:21","modified_gmt":"2026-02-24T15:09:21","slug":"imbisse","status":"publish","type":"page","link":"https:\/\/www.limburgsuitje.nl\/de\/5415-2\/imbisse\/","title":{"rendered":"Imbisse"},"content":{"rendered":"<p>[et_pb_section fb_built=&#8220;1&#8243; specialty=&#8220;on&#8220; admin_label=&#8220;Section&#8220; _builder_version=&#8220;4.16&#8243; global_colors_info=&#8220;{}&#8220;][et_pb_column type=&#8220;1_4&#8243; _builder_version=&#8220;4.16&#8243; custom_padding=&#8220;|||&#8220; global_colors_info=&#8220;{}&#8220; custom_padding__hover=&#8220;|||&#8220;][et_pb_sidebar area=&#8220;et_pb_widget_area_3&#8243; admin_label=&#8220;Menu&#8220; _builder_version=&#8220;4.16&#8243; remove_border=&#8220;off&#8220; global_colors_info=&#8220;{}&#8220;][\/et_pb_sidebar][\/et_pb_column][et_pb_column type=&#8220;3_4&#8243; specialty_columns=&#8220;3&#8243; _builder_version=&#8220;4.16&#8243; custom_padding=&#8220;|||&#8220; global_colors_info=&#8220;{}&#8220; custom_padding__hover=&#8220;|||&#8220;][et_pb_row_inner admin_label=&#8220;Row&#8220; _builder_version=&#8220;4.16&#8243; global_colors_info=&#8220;{}&#8220;][et_pb_column_inner saved_specialty_column_type=&#8220;3_4&#8243; _builder_version=&#8220;4.16&#8243; custom_padding=&#8220;|||&#8220; global_colors_info=&#8220;{}&#8220; custom_padding__hover=&#8220;|||&#8220;][et_pb_text admin_label=&#8220;Titel&#8220; _builder_version=&#8220;4.27.5&#8243; background_size=&#8220;initial&#8220; background_position=&#8220;top_left&#8220; background_repeat=&#8220;repeat&#8220; hover_enabled=&#8220;0&#8243; use_border_color=&#8220;off&#8220; border_color=&#8220;#ffffff&#8220; border_style=&#8220;solid&#8220; global_colors_info=&#8220;{}&#8220; sticky_enabled=&#8220;0&#8243;]<\/p>\n<h1>Imbisse<\/h1>\n<p>[\/et_pb_text][et_pb_text admin_label=&#8220;Tekst onder&#8220; _builder_version=&#8220;4.27.5&#8243; background_size=&#8220;initial&#8220; background_position=&#8220;top_left&#8220; background_repeat=&#8220;repeat&#8220; hover_enabled=&#8220;0&#8243; use_border_color=&#8220;off&#8220; border_color=&#8220;#ffffff&#8220; border_style=&#8220;solid&#8220; global_colors_info=&#8220;{}&#8220; sticky_enabled=&#8220;0&#8243;]<\/p>\n<p>Lust auf einen leckeren Snack zwischendurch oder zum Umtrunk? W\u00e4hle zum Beispiel eine k\u00f6stliche Bitterbal oder eine gemischte Snackplatte. <\/p>\n<p data-start=\"157\" data-end=\"280\" data-is-last-node=\"\" data-is-only-node=\"\">F\u00fcr die gemischte Snackplatte ist keine Reservierung erforderlich, diese H\u00e4ppchen kannst du einfach am Tag selbst bestellen. Die anderen Snacks sind auf Reservierung erh\u00e4ltlich. <\/p>\n<p>[\/et_pb_text][et_pb_code admin_label=&#8220;Code&#8220; _builder_version=&#8220;4.16&#8243; global_colors_info=&#8220;{}&#8220;]<div class=\"activiteit_grid\">\n<div class=\"spel \" >\n\t<a href=\"https:\/\/www.limburgsuitje.nl\/de\/catering\/10215\/\" title=\"Samstag Getr\u00e4nkeangebot\">\n\t\t<div>\n\t\t<div class=\"spel-thumbnail\">\n\t\t\t<img decoding=\"async\" src=\"https:\/\/www.limburgsuitje.nl\/wp-content\/uploads\/2017\/03\/gemengde-bittergarnituur-thumb.jpg\" alt=\"Samstag Getr\u00e4nkeangebot\">\n\t\t<\/div>\n\t\t<div class=\"spel-text\">\n\t\t\t<h3>Samstag Getr\u00e4nkeangebot<\/h3>\n\t\t\tZwei Stunden kostenlose Getr\u00e4nke und 2x Snacks\n\t\t<\/div>\n\t\t<div class=\"spel-footer\">\n\t\t\t<div class=\"spel-footer-prijs\">\n\t\t\t\t\u20ac 16,95 <span class=\"pp\">p.p.<\/span> \n\t\t\t<\/div>\n\t\t<\/div>\n\t\t<\/div>\n\t<\/a>\n<\/div>\n<div class=\"spel \" >\n\t<a href=\"https:\/\/www.limburgsuitje.nl\/de\/catering\/3x-vorspeisen-p-p\/\" title=\"3x Vorspeisen p.P.\">\n\t\t<div>\n\t\t<div class=\"spel-thumbnail\">\n\t\t\t<img decoding=\"async\" src=\"https:\/\/www.limburgsuitje.nl\/wp-content\/uploads\/2017\/03\/gemengde-bittergarnituur-thumb.jpg\" alt=\"3x Vorspeisen p.P.\">\n\t\t<\/div>\n\t\t<div class=\"spel-text\">\n\t\t\t<h3>3x Vorspeisen p.P.<\/h3>\n\t\t\tBestellen Sie jetzt drei Vorspeisen p.P. (nur bei Limburgs Uitje)\n\t\t<\/div>\n\t\t<div class=\"spel-footer\">\n\t\t\t<div class=\"spel-footer-prijs\">\n\t\t\t\t\u20ac 2,50 <span class=\"pp\">p.p.<\/span> \n\t\t\t<\/div>\n\t\t<\/div>\n\t\t<\/div>\n\t<\/a>\n<\/div>\n<div class=\"spel last\" >\n\t<a href=\"https:\/\/www.limburgsuitje.nl\/de\/catering\/krokette-frikandel-kaese-sandwich\/\" title=\"Krokette\/Frikandel\/K\u00e4se-Sandwich\">\n\t\t<div>\n\t\t<div class=\"spel-thumbnail\">\n\t\t\t<img decoding=\"async\" src=\"https:\/\/www.limburgsuitje.nl\/wp-content\/uploads\/2017\/02\/nog-geen-foto.jpg\" alt=\"Krokette\/Frikandel\/K\u00e4se-Sandwich\">\n\t\t<\/div>\n\t\t<div class=\"spel-text\">\n\t\t\t<h3>Krokette\/Frikandel\/K\u00e4se-Sandwich<\/h3>\n\t\t\tEinfach ein leckerer Snack, ein Frikandel oder ein Kroketten-Sandwich.\n\t\t<\/div>\n\t\t<div class=\"spel-footer\">\n\t\t\t<div class=\"spel-footer-prijs\">\n\t\t\t\t\u20ac 3,75 <span class=\"pp\">p.p.<\/span> \n\t\t\t<\/div>\n\t\t<\/div>\n\t\t<\/div>\n\t<\/a>\n<\/div>\n<div class=\"spel \" >\n\t<a href=\"https:\/\/www.limburgsuitje.nl\/de\/catering\/gemischte-snacks\/\" title=\"Gemischte Snacks\">\n\t\t<div>\n\t\t<div class=\"spel-thumbnail\">\n\t\t\t<img decoding=\"async\" src=\"https:\/\/www.limburgsuitje.nl\/wp-content\/uploads\/2017\/03\/gemengde-bittergarnituur-thumb.jpg\" alt=\"Gemischte Snacks\">\n\t\t<\/div>\n\t\t<div class=\"spel-text\">\n\t\t\t<h3>Gemischte Snacks<\/h3>\n\t\t\tEine k\u00f6stliche Portion gemischter Bittergarnituren\n\t\t<\/div>\n\t\t<div class=\"spel-footer\">\n\t\t\t<div class=\"spel-footer-prijs\">\n\t\t\t\t<span class=\"pp\">ab<\/span> \u20ac 8,95 <span class=\"pp\">p.p.<\/span> \n\t\t\t<\/div>\n\t\t<\/div>\n\t\t<\/div>\n\t<\/a>\n<\/div>\n<\/div>\n[\/et_pb_code][\/et_pb_column_inner][\/et_pb_row_inner][et_pb_row_inner admin_label=&#8220;Rij&#8220; _builder_version=&#8220;4.16&#8243; global_colors_info=&#8220;{}&#8220;][et_pb_column_inner saved_specialty_column_type=&#8220;3_4&#8243; _builder_version=&#8220;4.16&#8243; custom_padding=&#8220;|||&#8220; global_colors_info=&#8220;{}&#8220; custom_padding__hover=&#8220;|||&#8220;][\/et_pb_column_inner][\/et_pb_row_inner][\/et_pb_column][\/et_pb_section]<\/p>\n","protected":false},"excerpt":{"rendered":"<p>Gemischte Snacks Sie k\u00f6nnen den ganzen Tag \u00fcber eine Portion k\u00f6stliche Bittergarnitur bestellen. Diese besteht aus 10 St\u00fcck. (Der Preis im Turfhoeve w\u00e4hrend einer Indoor-Aktivit\u00e4t kann unterschiedlich sein)<img decoding=\"async\" class=\"prijslijst\" src=\"https:\/\/www.limburgsuitje.nl\/wp-content\/themes\/Limburgsuitje\/images\/prijslijst.png\" alt=\"prijslijst\" \/><div class=\"activiteit_samenvatting\">\n\t<div class=\"label\">Minimale Anzahl\n\t<\/div>\n\t<div class=\"value\">1 personen \n\t<\/div>\n\t<div class=\"label\">Prijs\n\t<\/div>\n\t<div class=\"value\">\t\t\t\t<span class=\"pp\">ab<\/span> \u20ac 8,95 <span class=\"pp\">p.p.<\/span> \n\t<\/div>\n<\/div>\n <\/p>\n","protected":false},"author":2,"featured_media":0,"parent":5415,"menu_order":0,"comment_status":"closed","ping_status":"closed","template":"","meta":{"_acf_changed":false,"_et_pb_use_builder":"on","_et_pb_old_content":"","_et_gb_content_width":"","footnotes":""},"class_list":["post-5269","page","type-page","status-publish","hentry"],"acf":[],"yoast_head":"<!-- This site is optimized with the Yoast SEO plugin v27.4 - https:\/\/yoast.com\/product\/yoast-seo-wordpress\/ -->\n<title>Ein leckerer Snack w\u00e4hrend deines Teamausflugs bei Limburgs Uitje?<\/title>\n<meta name=\"description\" content=\"Sie k\u00f6nnen! Genie\u00dfe eine leckere Auswahl an herzhaften Snacks nach deinem Gruppenausflug bei uns in Sevenum. Nach der Anstrengung kommt die Entspannung.\" \/>\n<meta name=\"robots\" content=\"index, follow, max-snippet:-1, max-image-preview:large, max-video-preview:-1\" \/>\n<link rel=\"canonical\" href=\"https:\/\/www.limburgsuitje.nl\/de\/5415-2\/imbisse\/\" \/>\n<meta property=\"og:locale\" content=\"de_DE\" \/>\n<meta property=\"og:type\" content=\"article\" \/>\n<meta property=\"og:title\" content=\"Ein leckerer Snack w\u00e4hrend deines Teamausflugs bei Limburgs Uitje?\" \/>\n<meta property=\"og:description\" content=\"Sie k\u00f6nnen! Genie\u00dfe eine leckere Auswahl an herzhaften Snacks nach deinem Gruppenausflug bei uns in Sevenum. Nach der Anstrengung kommt die Entspannung.\" \/>\n<meta property=\"og:url\" content=\"https:\/\/www.limburgsuitje.nl\/de\/5415-2\/imbisse\/\" \/>\n<meta property=\"og:site_name\" content=\"Limburgsuitje\" \/>\n<meta property=\"article:publisher\" content=\"https:\/\/www.facebook.com\/limburgsuitje\/\" \/>\n<meta property=\"article:modified_time\" content=\"2026-02-24T15:09:21+00:00\" \/>\n<meta name=\"twitter:card\" content=\"summary_large_image\" \/>\n<meta name=\"twitter:label1\" content=\"Gesch\u00e4tzte Lesezeit\" \/>\n\t<meta name=\"twitter:data1\" content=\"1\u00a0Minute\" \/>\n<script type=\"application\/ld+json\" class=\"yoast-schema-graph\">{\"@context\":\"https:\\\/\\\/schema.org\",\"@graph\":[{\"@type\":\"WebPage\",\"@id\":\"https:\\\/\\\/www.limburgsuitje.nl\\\/de\\\/5415-2\\\/imbisse\\\/\",\"url\":\"https:\\\/\\\/www.limburgsuitje.nl\\\/de\\\/5415-2\\\/imbisse\\\/\",\"name\":\"Ein leckerer Snack w\u00e4hrend deines Teamausflugs bei Limburgs Uitje?\",\"isPartOf\":{\"@id\":\"https:\\\/\\\/www.limburgsuitje.nl\\\/de\\\/#website\"},\"datePublished\":\"2017-02-28T18:38:24+00:00\",\"dateModified\":\"2026-02-24T15:09:21+00:00\",\"description\":\"Sie k\u00f6nnen! Genie\u00dfe eine leckere Auswahl an herzhaften Snacks nach deinem Gruppenausflug bei uns in Sevenum. Nach der Anstrengung kommt die Entspannung.\",\"breadcrumb\":{\"@id\":\"https:\\\/\\\/www.limburgsuitje.nl\\\/de\\\/5415-2\\\/imbisse\\\/#breadcrumb\"},\"inLanguage\":\"de\",\"potentialAction\":[{\"@type\":\"ReadAction\",\"target\":[\"https:\\\/\\\/www.limburgsuitje.nl\\\/de\\\/5415-2\\\/imbisse\\\/\"]}]},{\"@type\":\"BreadcrumbList\",\"@id\":\"https:\\\/\\\/www.limburgsuitje.nl\\\/de\\\/5415-2\\\/imbisse\\\/#breadcrumb\",\"itemListElement\":[{\"@type\":\"ListItem\",\"position\":1,\"name\":\"Home\",\"item\":\"https:\\\/\\\/www.limburgsuitje.nl\\\/de\\\/\"},{\"@type\":\"ListItem\",\"position\":2,\"name\":\"Essen und Trinken\",\"item\":\"https:\\\/\\\/www.limburgsuitje.nl\\\/de\\\/5415-2\\\/\"},{\"@type\":\"ListItem\",\"position\":3,\"name\":\"Imbisse\"}]},{\"@type\":\"WebSite\",\"@id\":\"https:\\\/\\\/www.limburgsuitje.nl\\\/de\\\/#website\",\"url\":\"https:\\\/\\\/www.limburgsuitje.nl\\\/de\\\/\",\"name\":\"Limburgsuitje\",\"description\":\"Strijd als een ware schot\",\"potentialAction\":[{\"@type\":\"SearchAction\",\"target\":{\"@type\":\"EntryPoint\",\"urlTemplate\":\"https:\\\/\\\/www.limburgsuitje.nl\\\/de\\\/?s={search_term_string}\"},\"query-input\":{\"@type\":\"PropertyValueSpecification\",\"valueRequired\":true,\"valueName\":\"search_term_string\"}}],\"inLanguage\":\"de\"}]}<\/script>\n<!-- \/ Yoast SEO plugin. -->","yoast_head_json":{"title":"Ein leckerer Snack w\u00e4hrend deines Teamausflugs bei Limburgs Uitje?","description":"Sie k\u00f6nnen! Genie\u00dfe eine leckere Auswahl an herzhaften Snacks nach deinem Gruppenausflug bei uns in Sevenum. Nach der Anstrengung kommt die Entspannung.","robots":{"index":"index","follow":"follow","max-snippet":"max-snippet:-1","max-image-preview":"max-image-preview:large","max-video-preview":"max-video-preview:-1"},"canonical":"https:\/\/www.limburgsuitje.nl\/de\/5415-2\/imbisse\/","og_locale":"de_DE","og_type":"article","og_title":"Ein leckerer Snack w\u00e4hrend deines Teamausflugs bei Limburgs Uitje?","og_description":"Sie k\u00f6nnen! Genie\u00dfe eine leckere Auswahl an herzhaften Snacks nach deinem Gruppenausflug bei uns in Sevenum. Nach der Anstrengung kommt die Entspannung.","og_url":"https:\/\/www.limburgsuitje.nl\/de\/5415-2\/imbisse\/","og_site_name":"Limburgsuitje","article_publisher":"https:\/\/www.facebook.com\/limburgsuitje\/","article_modified_time":"2026-02-24T15:09:21+00:00","twitter_card":"summary_large_image","twitter_misc":{"Gesch\u00e4tzte Lesezeit":"1\u00a0Minute"},"schema":{"@context":"https:\/\/schema.org","@graph":[{"@type":"WebPage","@id":"https:\/\/www.limburgsuitje.nl\/de\/5415-2\/imbisse\/","url":"https:\/\/www.limburgsuitje.nl\/de\/5415-2\/imbisse\/","name":"Ein leckerer Snack w\u00e4hrend deines Teamausflugs bei Limburgs Uitje?","isPartOf":{"@id":"https:\/\/www.limburgsuitje.nl\/de\/#website"},"datePublished":"2017-02-28T18:38:24+00:00","dateModified":"2026-02-24T15:09:21+00:00","description":"Sie k\u00f6nnen! Genie\u00dfe eine leckere Auswahl an herzhaften Snacks nach deinem Gruppenausflug bei uns in Sevenum. Nach der Anstrengung kommt die Entspannung.","breadcrumb":{"@id":"https:\/\/www.limburgsuitje.nl\/de\/5415-2\/imbisse\/#breadcrumb"},"inLanguage":"de","potentialAction":[{"@type":"ReadAction","target":["https:\/\/www.limburgsuitje.nl\/de\/5415-2\/imbisse\/"]}]},{"@type":"BreadcrumbList","@id":"https:\/\/www.limburgsuitje.nl\/de\/5415-2\/imbisse\/#breadcrumb","itemListElement":[{"@type":"ListItem","position":1,"name":"Home","item":"https:\/\/www.limburgsuitje.nl\/de\/"},{"@type":"ListItem","position":2,"name":"Essen und Trinken","item":"https:\/\/www.limburgsuitje.nl\/de\/5415-2\/"},{"@type":"ListItem","position":3,"name":"Imbisse"}]},{"@type":"WebSite","@id":"https:\/\/www.limburgsuitje.nl\/de\/#website","url":"https:\/\/www.limburgsuitje.nl\/de\/","name":"Limburgsuitje","description":"Strijd als een ware schot","potentialAction":[{"@type":"SearchAction","target":{"@type":"EntryPoint","urlTemplate":"https:\/\/www.limburgsuitje.nl\/de\/?s={search_term_string}"},"query-input":{"@type":"PropertyValueSpecification","valueRequired":true,"valueName":"search_term_string"}}],"inLanguage":"de"}]}},"_links":{"self":[{"href":"https:\/\/www.limburgsuitje.nl\/de\/wp-json\/wp\/v2\/pages\/5269","targetHints":{"allow":["GET"]}}],"collection":[{"href":"https:\/\/www.limburgsuitje.nl\/de\/wp-json\/wp\/v2\/pages"}],"about":[{"href":"https:\/\/www.limburgsuitje.nl\/de\/wp-json\/wp\/v2\/types\/page"}],"author":[{"embeddable":true,"href":"https:\/\/www.limburgsuitje.nl\/de\/wp-json\/wp\/v2\/users\/2"}],"replies":[{"embeddable":true,"href":"https:\/\/www.limburgsuitje.nl\/de\/wp-json\/wp\/v2\/comments?post=5269"}],"version-history":[{"count":0,"href":"https:\/\/www.limburgsuitje.nl\/de\/wp-json\/wp\/v2\/pages\/5269\/revisions"}],"up":[{"embeddable":true,"href":"https:\/\/www.limburgsuitje.nl\/de\/wp-json\/wp\/v2\/pages\/5415"}],"wp:attachment":[{"href":"https:\/\/www.limburgsuitje.nl\/de\/wp-json\/wp\/v2\/media?parent=5269"}],"curies":[{"name":"wp","href":"https:\/\/api.w.org\/{rel}","templated":true}]}}