{"id":5289,"date":"2017-02-28T19:41:17","date_gmt":"2017-02-28T18:41:17","guid":{"rendered":"https:\/\/www.limburgsuitje.nl\/getraenke-pakete\/"},"modified":"2026-03-13T15:54:53","modified_gmt":"2026-03-13T14:54:53","slug":"getraenke-pakete","status":"publish","type":"page","link":"https:\/\/www.limburgsuitje.nl\/de\/5415-2\/getraenke-pakete\/","title":{"rendered":"Getr\u00e4nke (Pakete)"},"content":{"rendered":"<p>[et_pb_section fb_built=&#8220;1&#8243; specialty=&#8220;on&#8220; admin_label=&#8220;Section&#8220; _builder_version=&#8220;4.16&#8243; global_colors_info=&#8220;{}&#8220;][et_pb_column type=&#8220;1_4&#8243; _builder_version=&#8220;4.16&#8243; custom_padding=&#8220;|||&#8220; global_colors_info=&#8220;{}&#8220; custom_padding__hover=&#8220;|||&#8220;][et_pb_sidebar area=&#8220;et_pb_widget_area_3&#8243; admin_label=&#8220;Menu&#8220; _builder_version=&#8220;4.16&#8243; remove_border=&#8220;off&#8220; global_colors_info=&#8220;{}&#8220;][\/et_pb_sidebar][\/et_pb_column][et_pb_column type=&#8220;3_4&#8243; specialty_columns=&#8220;3&#8243; _builder_version=&#8220;4.16&#8243; custom_padding=&#8220;|||&#8220; global_colors_info=&#8220;{}&#8220; custom_padding__hover=&#8220;|||&#8220;][et_pb_row_inner admin_label=&#8220;Row&#8220; _builder_version=&#8220;4.16&#8243; global_colors_info=&#8220;{}&#8220;][et_pb_column_inner saved_specialty_column_type=&#8220;3_4&#8243; _builder_version=&#8220;4.16&#8243; custom_padding=&#8220;|||&#8220; global_colors_info=&#8220;{}&#8220; custom_padding__hover=&#8220;|||&#8220;][et_pb_text admin_label=&#8220;Titel&#8220; _builder_version=&#8220;4.27.6&#8243; background_size=&#8220;initial&#8220; background_position=&#8220;top_left&#8220; background_repeat=&#8220;repeat&#8220; hover_enabled=&#8220;0&#8243; use_border_color=&#8220;off&#8220; border_color=&#8220;#ffffff&#8220; border_style=&#8220;solid&#8220; global_colors_info=&#8220;{}&#8220; sticky_enabled=&#8220;0&#8243;]<\/p>\n<h1>Getr\u00e4nke (Pakete)<\/h1>\n<p data-start=\"0\" data-end=\"57\">Zu einem geselligen Tag geh\u00f6rt nat\u00fcrlich auch ein Getr\u00e4nk.<\/p>\n<p data-start=\"59\" data-end=\"321\">Du kannst eine Getr\u00e4nkepauschale in Kombination mit zum Beispiel einem Barbecue, Buffet oder einem Pubquiz buchen. Wir wenden hierf\u00fcr zwei verschiedene Tarife an: einen f\u00fcr unseren eigenen Standort von <strong data-start=\"248\" data-end=\"289\"><span class=\"hover:entity-accent entity-underline inline cursor-pointer align-baseline\"><span class=\"whitespace-normal\">Limburgs Uitje, <\/span><\/span><\/strong>einen f\u00fcr <strong data-start=\"302\" data-end=\"318\">De Turfhoeve <\/strong>und <strong data-start=\"302\" data-end=\"318\">Cascara Rodizio.<\/strong> <\/p>\n<ul data-start=\"323\" data-end=\"578\">\n<li data-start=\"323\" data-end=\"462\">\n<p data-start=\"325\" data-end=\"462\">Hast du ein Barbecue, ein Buffet oder eine Indoor-Aktivit\u00e4t wie ein Pubquiz oder <em data-start=\"398\" data-end=\"418\">Ik Hou van Holland<\/em>? Dann gelten in den meisten F\u00e4llen die Tarife von De Turfhoeve.  Dort kostet eine 2-st\u00fcndige Getr\u00e4nkepauschale 15,\u2013 \u20ac p. P. Jede weitere Stunde kostet 5,\u2013 \u20ac p. P. pro Std. <\/p>\n<\/li>\n<li data-start=\"463\" data-end=\"578\">Hast du ein Abendessen bei <a href=\"https:\/\/www.limburgsuitje.nl\/de\/cascara-rodizio-grill-und-bar\/\">Cascara Rodizio<\/a>? Dann kostet eine 2-st\u00fcndige Getr\u00e4nkepauschale 15,\u2013 \u20ac p. P. Jede weitere Stunde kostet 5,\u2013 \u20ac p. P. pro Std.\n<\/li>\n<li>Kombinierst du eine Outdoor-Aktivit\u00e4t mit einer anschlie\u00dfenden Getr\u00e4nkepauschale? Dann gelten die Tarife von Limburgs Uitje.  <\/li>\n<\/ul>\n<p data-start=\"580\" data-end=\"730\">Bei jeder Catering-Option ist deutlich angegeben, an welchem Standort diese stattfindet. Bist du unsicher? Nimm einfach Kontakt mit uns auf, um weitere Informationen zu erhalten.  <\/p>\n<p data-start=\"732\" data-end=\"898\" data-is-last-node=\"\" data-is-only-node=\"\"><strong>M\u00f6chtest du im Anschluss einfach noch ein oder mehrere Getr\u00e4nke bestellen? Dann ist eine Getr\u00e4nkepauschale nicht erforderlich. Wir k\u00f6nnen die Getr\u00e4nke auch einfach separat f\u00fcr euch notieren.  <\/strong><\/p>\n<p>[\/et_pb_text][et_pb_code admin_label=&#8220;Code&#8220; _builder_version=&#8220;4.16&#8243; global_colors_info=&#8220;{}&#8220;]<div class=\"activiteit_grid\">\n<div class=\"spel \" >\n\t<a href=\"https:\/\/www.limburgsuitje.nl\/de\/catering\/10215\/\" title=\"Samstag Getr\u00e4nkeangebot\">\n\t\t<div>\n\t\t<div class=\"spel-thumbnail\">\n\t\t\t<img decoding=\"async\" src=\"https:\/\/www.limburgsuitje.nl\/wp-content\/uploads\/2017\/03\/gemengde-bittergarnituur-thumb.jpg\" alt=\"Samstag Getr\u00e4nkeangebot\">\n\t\t<\/div>\n\t\t<div class=\"spel-text\">\n\t\t\t<h3>Samstag Getr\u00e4nkeangebot<\/h3>\n\t\t\tZwei Stunden kostenlose Getr\u00e4nke und 2x Snacks\n\t\t<\/div>\n\t\t<div class=\"spel-footer\">\n\t\t\t<div class=\"spel-footer-prijs\">\n\t\t\t\t\u20ac 16,95 <span class=\"pp\">p.p.<\/span> \n\t\t\t<\/div>\n\t\t<\/div>\n\t\t<\/div>\n\t<\/a>\n<\/div>\n<div class=\"spel \" >\n\t<a href=\"https:\/\/www.limburgsuitje.nl\/de\/catering\/getraenkepaket-2-stunden\/\" title=\"Getr\u00e4nkepaket 2 Stunden\">\n\t\t<div>\n\t\t<div class=\"spel-thumbnail\">\n\t\t\t<img decoding=\"async\" src=\"https:\/\/www.limburgsuitje.nl\/wp-content\/uploads\/2017\/03\/lindeboom-bier.jpg\" alt=\"Getr\u00e4nkepaket 2 Stunden\">\n\t\t<\/div>\n\t\t<div class=\"spel-text\">\n\t\t\t<h3>Getr\u00e4nkepaket 2 Stunden<\/h3>\n\t\t\tGenie\u00dfe 2 Stunden lang unbegrenzt Getr\u00e4nke.\n\t\t<\/div>\n\t\t<div class=\"spel-footer\">\n\t\t\t<div class=\"spel-footer-prijs\">\n\t\t\t\t<span class=\"pp\">ab<\/span> \u20ac 17,50 <span class=\"pp\">p.p.<\/span> \n\t\t\t<\/div>\n\t\t<\/div>\n\t\t<\/div>\n\t<\/a>\n<\/div>\n<div class=\"spel last\" >\n\t<a href=\"https:\/\/www.limburgsuitje.nl\/de\/catering\/wertmarken-fuer-den-verbrauch\/\" title=\"Wertmarken f\u00fcr den Verbrauch\">\n\t\t<div>\n\t\t<div class=\"spel-thumbnail\">\n\t\t\t<img decoding=\"async\" src=\"https:\/\/www.limburgsuitje.nl\/wp-content\/uploads\/2017\/03\/consumptiemunten-thumb-1.jpg\" alt=\"Wertmarken f\u00fcr den Verbrauch\">\n\t\t<\/div>\n\t\t<div class=\"spel-text\">\n\t\t\t<h3>Wertmarken f\u00fcr den Verbrauch<\/h3>\n\t\t\tWertmarken f\u00fcr die Bequemlichkeit\n\t\t<\/div>\n\t\t<div class=\"spel-footer\">\n\t\t\t<div class=\"spel-footer-prijs\">\n\t\t\t\t<span class=\"pp\">ab<\/span> \u20ac 3,30 <span class=\"pp\">p.p.<\/span> \n\t\t\t<\/div>\n\t\t<\/div>\n\t\t<\/div>\n\t<\/a>\n<\/div>\n<div class=\"spel \" >\n\t<a href=\"https:\/\/www.limburgsuitje.nl\/de\/catering\/lose-getraenke\/\" title=\"lose Getr\u00e4nke\">\n\t\t<div>\n\t\t<div class=\"spel-thumbnail\">\n\t\t\t<img decoding=\"async\" src=\"https:\/\/www.limburgsuitje.nl\/wp-content\/uploads\/2017\/03\/lindeboom-bier.jpg\" alt=\"lose Getr\u00e4nke\">\n\t\t<\/div>\n\t\t<div class=\"spel-text\">\n\t\t\t<h3>lose Getr\u00e4nke<\/h3>\n\t\t\tSie k\u00f6nnen jederzeit einzelne Getr\u00e4nke bestellen\n\t\t<\/div>\n\t\t<div class=\"spel-footer\">\n\t\t\t<div class=\"spel-footer-prijs\">\n\t\t\t\t<span class=\"pp\">ab<\/span> \u20ac 2,90 <span class=\"pp\">p.p.<\/span> \n\t\t\t<\/div>\n\t\t<\/div>\n\t\t<\/div>\n\t<\/a>\n<\/div>\n<div class=\"spel \" >\n\t<a href=\"https:\/\/www.limburgsuitje.nl\/de\/catering\/getraenkepaket-5-stunden\/\" title=\"Getr\u00e4nkepaket 5 Stunden\">\n\t\t<div>\n\t\t<div class=\"spel-thumbnail\">\n\t\t\t<img decoding=\"async\" src=\"https:\/\/www.limburgsuitje.nl\/wp-content\/uploads\/2017\/03\/lindeboom-bier.jpg\" alt=\"Getr\u00e4nkepaket 5 Stunden\">\n\t\t<\/div>\n\t\t<div class=\"spel-text\">\n\t\t\t<h3>Getr\u00e4nkepaket 5 Stunden<\/h3>\n\t\t\tGenie\u00dfe 3 Stunden lang unbegrenzt Getr\u00e4nke.\n\t\t<\/div>\n\t\t<div class=\"spel-footer\">\n\t\t\t<div class=\"spel-footer-prijs\">\n\t\t\t\t<span class=\"pp\">ab<\/span> \u20ac 30,00 <span class=\"pp\">p.p.<\/span> \n\t\t\t<\/div>\n\t\t<\/div>\n\t\t<\/div>\n\t<\/a>\n<\/div>\n<div class=\"spel last\" >\n\t<a href=\"https:\/\/www.limburgsuitje.nl\/de\/catering\/getraenkepauschale-4-stunden\/\" title=\"Getr\u00e4nkepauschale 4 Stunden\">\n\t\t<div>\n\t\t<div class=\"spel-thumbnail\">\n\t\t\t<img decoding=\"async\" src=\"https:\/\/www.limburgsuitje.nl\/wp-content\/uploads\/2017\/03\/lindeboom-bier.jpg\" alt=\"Getr\u00e4nkepauschale 4 Stunden\">\n\t\t<\/div>\n\t\t<div class=\"spel-text\">\n\t\t\t<h3>Getr\u00e4nkepauschale 4 Stunden<\/h3>\n\t\t\tDies ist der Preis in Limburgs Uitje. Klicken Sie weiter f\u00fcr den Preis an der Turfhoeve. \n\t\t<\/div>\n\t\t<div class=\"spel-footer\">\n\t\t\t<div class=\"spel-footer-prijs\">\n\t\t\t\t<span class=\"pp\">ab<\/span> \u20ac 26,50 <span class=\"pp\">p.p.<\/span> \n\t\t\t<\/div>\n\t\t<\/div>\n\t\t<\/div>\n\t<\/a>\n<\/div>\n<div class=\"spel \" >\n\t<a href=\"https:\/\/www.limburgsuitje.nl\/de\/catering\/getraenkepaket-3-stunden\/\" title=\"Getr\u00e4nkepaket 3 Stunden\">\n\t\t<div>\n\t\t<div class=\"spel-thumbnail\">\n\t\t\t<img decoding=\"async\" src=\"https:\/\/www.limburgsuitje.nl\/wp-content\/uploads\/2017\/03\/lindeboom-bier.jpg\" alt=\"Getr\u00e4nkepaket 3 Stunden\">\n\t\t<\/div>\n\t\t<div class=\"spel-text\">\n\t\t\t<h3>Getr\u00e4nkepaket 3 Stunden<\/h3>\n\t\t\tDies ist der Preis in Limburgs Uitje. Klicken Sie weiter f\u00fcr den Preis an der Turfhoeve. \n\t\t<\/div>\n\t\t<div class=\"spel-footer\">\n\t\t\t<div class=\"spel-footer-prijs\">\n\t\t\t\t<span class=\"pp\">ab<\/span> \u20ac 22,50 <span class=\"pp\">p.p.<\/span> \n\t\t\t<\/div>\n\t\t<\/div>\n\t\t<\/div>\n\t<\/a>\n<\/div>\n<\/div>\n[\/et_pb_code][\/et_pb_column_inner][\/et_pb_row_inner][et_pb_row_inner admin_label=&#8220;Rij&#8220; _builder_version=&#8220;4.16&#8243; global_colors_info=&#8220;{}&#8220;][et_pb_column_inner saved_specialty_column_type=&#8220;3_4&#8243; _builder_version=&#8220;4.16&#8243; custom_padding=&#8220;|||&#8220; global_colors_info=&#8220;{}&#8220; custom_padding__hover=&#8220;|||&#8220;][\/et_pb_column_inner][\/et_pb_row_inner][\/et_pb_column][\/et_pb_section]<\/p>\n","protected":false},"excerpt":{"rendered":"<p>Getr\u00e4nkepaket 3 Stunden Hinweis: Sie k\u00f6nnen jederzeit vor und nach der Aktivit\u00e4t Getr\u00e4nke bestellen. W\u00e4hrend der Aktivit\u00e4t ist das nicht m\u00f6glich, au\u00dfer bei einer Indoor-Aktivit\u00e4t. F\u00fcr die Zeit w\u00e4hrend einer Outdoor-Aktivit\u00e4t ist eine Getr\u00e4nkepauschale also nicht erforderlich. F\u00fcr 3 Stunden k\u00f6nnen Sie unsere Getr\u00e4nke unbegrenzt nutzen. Das bedeutet Standardbier, Softdrinks und Wein. Aber auch Kaffee, [&hellip;]<\/p>\n","protected":false},"author":2,"featured_media":0,"parent":5415,"menu_order":0,"comment_status":"closed","ping_status":"closed","template":"","meta":{"_acf_changed":false,"_et_pb_use_builder":"on","_et_pb_old_content":"","_et_gb_content_width":"","footnotes":""},"class_list":["post-5289","page","type-page","status-publish","hentry"],"acf":[],"yoast_head":"<!-- This site is optimized with the Yoast SEO plugin v27.4 - https:\/\/yoast.com\/product\/yoast-seo-wordpress\/ -->\n<title>Getr\u00e4nkepauschale bei Limburgs Uitje<\/title>\n<meta name=\"description\" content=\"Kombiniere dein Teamevent im Anschluss mit einer Getr\u00e4nkepauschale, bei der du f\u00fcr eine bestimmte Zeit unbegrenzt trinken kannst.\" \/>\n<meta name=\"robots\" content=\"index, follow, max-snippet:-1, max-image-preview:large, max-video-preview:-1\" \/>\n<link rel=\"canonical\" href=\"https:\/\/www.limburgsuitje.nl\/de\/5415-2\/getraenke-pakete\/\" \/>\n<meta property=\"og:locale\" content=\"de_DE\" \/>\n<meta property=\"og:type\" content=\"article\" \/>\n<meta property=\"og:title\" content=\"Getr\u00e4nkepauschale bei Limburgs Uitje\" \/>\n<meta property=\"og:description\" content=\"Kombiniere dein Teamevent im Anschluss mit einer Getr\u00e4nkepauschale, bei der du f\u00fcr eine bestimmte Zeit unbegrenzt trinken kannst.\" \/>\n<meta property=\"og:url\" content=\"https:\/\/www.limburgsuitje.nl\/de\/5415-2\/getraenke-pakete\/\" \/>\n<meta property=\"og:site_name\" content=\"Limburgsuitje\" \/>\n<meta property=\"article:publisher\" content=\"https:\/\/www.facebook.com\/limburgsuitje\/\" \/>\n<meta property=\"article:modified_time\" content=\"2026-03-13T14:54:53+00:00\" \/>\n<meta name=\"twitter:card\" content=\"summary_large_image\" \/>\n<meta name=\"twitter:label1\" content=\"Gesch\u00e4tzte Lesezeit\" \/>\n\t<meta name=\"twitter:data1\" content=\"2\u00a0Minuten\" \/>\n<script type=\"application\/ld+json\" class=\"yoast-schema-graph\">{\"@context\":\"https:\\\/\\\/schema.org\",\"@graph\":[{\"@type\":\"WebPage\",\"@id\":\"https:\\\/\\\/www.limburgsuitje.nl\\\/de\\\/5415-2\\\/getraenke-pakete\\\/\",\"url\":\"https:\\\/\\\/www.limburgsuitje.nl\\\/de\\\/5415-2\\\/getraenke-pakete\\\/\",\"name\":\"Getr\u00e4nkepauschale bei Limburgs Uitje\",\"isPartOf\":{\"@id\":\"https:\\\/\\\/www.limburgsuitje.nl\\\/de\\\/#website\"},\"datePublished\":\"2017-02-28T18:41:17+00:00\",\"dateModified\":\"2026-03-13T14:54:53+00:00\",\"description\":\"Kombiniere dein Teamevent im Anschluss mit einer Getr\u00e4nkepauschale, bei der du f\u00fcr eine bestimmte Zeit unbegrenzt trinken kannst.\",\"breadcrumb\":{\"@id\":\"https:\\\/\\\/www.limburgsuitje.nl\\\/de\\\/5415-2\\\/getraenke-pakete\\\/#breadcrumb\"},\"inLanguage\":\"de\",\"potentialAction\":[{\"@type\":\"ReadAction\",\"target\":[\"https:\\\/\\\/www.limburgsuitje.nl\\\/de\\\/5415-2\\\/getraenke-pakete\\\/\"]}]},{\"@type\":\"BreadcrumbList\",\"@id\":\"https:\\\/\\\/www.limburgsuitje.nl\\\/de\\\/5415-2\\\/getraenke-pakete\\\/#breadcrumb\",\"itemListElement\":[{\"@type\":\"ListItem\",\"position\":1,\"name\":\"Home\",\"item\":\"https:\\\/\\\/www.limburgsuitje.nl\\\/de\\\/\"},{\"@type\":\"ListItem\",\"position\":2,\"name\":\"Essen und Trinken\",\"item\":\"https:\\\/\\\/www.limburgsuitje.nl\\\/de\\\/5415-2\\\/\"},{\"@type\":\"ListItem\",\"position\":3,\"name\":\"Getr\u00e4nke (Pakete)\"}]},{\"@type\":\"WebSite\",\"@id\":\"https:\\\/\\\/www.limburgsuitje.nl\\\/de\\\/#website\",\"url\":\"https:\\\/\\\/www.limburgsuitje.nl\\\/de\\\/\",\"name\":\"Limburgsuitje\",\"description\":\"Strijd als een ware schot\",\"potentialAction\":[{\"@type\":\"SearchAction\",\"target\":{\"@type\":\"EntryPoint\",\"urlTemplate\":\"https:\\\/\\\/www.limburgsuitje.nl\\\/de\\\/?s={search_term_string}\"},\"query-input\":{\"@type\":\"PropertyValueSpecification\",\"valueRequired\":true,\"valueName\":\"search_term_string\"}}],\"inLanguage\":\"de\"}]}<\/script>\n<!-- \/ Yoast SEO plugin. -->","yoast_head_json":{"title":"Getr\u00e4nkepauschale bei Limburgs Uitje","description":"Kombiniere dein Teamevent im Anschluss mit einer Getr\u00e4nkepauschale, bei der du f\u00fcr eine bestimmte Zeit unbegrenzt trinken kannst.","robots":{"index":"index","follow":"follow","max-snippet":"max-snippet:-1","max-image-preview":"max-image-preview:large","max-video-preview":"max-video-preview:-1"},"canonical":"https:\/\/www.limburgsuitje.nl\/de\/5415-2\/getraenke-pakete\/","og_locale":"de_DE","og_type":"article","og_title":"Getr\u00e4nkepauschale bei Limburgs Uitje","og_description":"Kombiniere dein Teamevent im Anschluss mit einer Getr\u00e4nkepauschale, bei der du f\u00fcr eine bestimmte Zeit unbegrenzt trinken kannst.","og_url":"https:\/\/www.limburgsuitje.nl\/de\/5415-2\/getraenke-pakete\/","og_site_name":"Limburgsuitje","article_publisher":"https:\/\/www.facebook.com\/limburgsuitje\/","article_modified_time":"2026-03-13T14:54:53+00:00","twitter_card":"summary_large_image","twitter_misc":{"Gesch\u00e4tzte Lesezeit":"2\u00a0Minuten"},"schema":{"@context":"https:\/\/schema.org","@graph":[{"@type":"WebPage","@id":"https:\/\/www.limburgsuitje.nl\/de\/5415-2\/getraenke-pakete\/","url":"https:\/\/www.limburgsuitje.nl\/de\/5415-2\/getraenke-pakete\/","name":"Getr\u00e4nkepauschale bei Limburgs Uitje","isPartOf":{"@id":"https:\/\/www.limburgsuitje.nl\/de\/#website"},"datePublished":"2017-02-28T18:41:17+00:00","dateModified":"2026-03-13T14:54:53+00:00","description":"Kombiniere dein Teamevent im Anschluss mit einer Getr\u00e4nkepauschale, bei der du f\u00fcr eine bestimmte Zeit unbegrenzt trinken kannst.","breadcrumb":{"@id":"https:\/\/www.limburgsuitje.nl\/de\/5415-2\/getraenke-pakete\/#breadcrumb"},"inLanguage":"de","potentialAction":[{"@type":"ReadAction","target":["https:\/\/www.limburgsuitje.nl\/de\/5415-2\/getraenke-pakete\/"]}]},{"@type":"BreadcrumbList","@id":"https:\/\/www.limburgsuitje.nl\/de\/5415-2\/getraenke-pakete\/#breadcrumb","itemListElement":[{"@type":"ListItem","position":1,"name":"Home","item":"https:\/\/www.limburgsuitje.nl\/de\/"},{"@type":"ListItem","position":2,"name":"Essen und Trinken","item":"https:\/\/www.limburgsuitje.nl\/de\/5415-2\/"},{"@type":"ListItem","position":3,"name":"Getr\u00e4nke (Pakete)"}]},{"@type":"WebSite","@id":"https:\/\/www.limburgsuitje.nl\/de\/#website","url":"https:\/\/www.limburgsuitje.nl\/de\/","name":"Limburgsuitje","description":"Strijd als een ware schot","potentialAction":[{"@type":"SearchAction","target":{"@type":"EntryPoint","urlTemplate":"https:\/\/www.limburgsuitje.nl\/de\/?s={search_term_string}"},"query-input":{"@type":"PropertyValueSpecification","valueRequired":true,"valueName":"search_term_string"}}],"inLanguage":"de"}]}},"_links":{"self":[{"href":"https:\/\/www.limburgsuitje.nl\/de\/wp-json\/wp\/v2\/pages\/5289","targetHints":{"allow":["GET"]}}],"collection":[{"href":"https:\/\/www.limburgsuitje.nl\/de\/wp-json\/wp\/v2\/pages"}],"about":[{"href":"https:\/\/www.limburgsuitje.nl\/de\/wp-json\/wp\/v2\/types\/page"}],"author":[{"embeddable":true,"href":"https:\/\/www.limburgsuitje.nl\/de\/wp-json\/wp\/v2\/users\/2"}],"replies":[{"embeddable":true,"href":"https:\/\/www.limburgsuitje.nl\/de\/wp-json\/wp\/v2\/comments?post=5289"}],"version-history":[{"count":4,"href":"https:\/\/www.limburgsuitje.nl\/de\/wp-json\/wp\/v2\/pages\/5289\/revisions"}],"predecessor-version":[{"id":12794,"href":"https:\/\/www.limburgsuitje.nl\/de\/wp-json\/wp\/v2\/pages\/5289\/revisions\/12794"}],"up":[{"embeddable":true,"href":"https:\/\/www.limburgsuitje.nl\/de\/wp-json\/wp\/v2\/pages\/5415"}],"wp:attachment":[{"href":"https:\/\/www.limburgsuitje.nl\/de\/wp-json\/wp\/v2\/media?parent=5289"}],"curies":[{"name":"wp","href":"https:\/\/api.w.org\/{rel}","templated":true}]}}