{"id":5301,"date":"2017-02-28T19:39:11","date_gmt":"2017-02-28T18:39:11","guid":{"rendered":"https:\/\/www.limburgsuitje.nl\/buffets\/"},"modified":"2026-02-20T13:53:12","modified_gmt":"2026-02-20T12:53:12","slug":"buffets","status":"publish","type":"page","link":"https:\/\/www.limburgsuitje.nl\/de\/5415-2\/buffets\/","title":{"rendered":"Buffets"},"content":{"rendered":"<p>[et_pb_section fb_built=&#8220;1&#8243; specialty=&#8220;on&#8220; admin_label=&#8220;Section&#8220; _builder_version=&#8220;4.16&#8243; global_colors_info=&#8220;{}&#8220;][et_pb_column type=&#8220;1_4&#8243; _builder_version=&#8220;4.16&#8243; custom_padding=&#8220;|||&#8220; global_colors_info=&#8220;{}&#8220; custom_padding__hover=&#8220;|||&#8220;][et_pb_sidebar area=&#8220;et_pb_widget_area_3&#8243; admin_label=&#8220;Menu&#8220; _builder_version=&#8220;4.16&#8243; remove_border=&#8220;off&#8220; global_colors_info=&#8220;{}&#8220;][\/et_pb_sidebar][\/et_pb_column][et_pb_column type=&#8220;3_4&#8243; specialty_columns=&#8220;3&#8243; _builder_version=&#8220;4.16&#8243; custom_padding=&#8220;|||&#8220; global_colors_info=&#8220;{}&#8220; custom_padding__hover=&#8220;|||&#8220;][et_pb_row_inner admin_label=&#8220;Row&#8220; _builder_version=&#8220;4.16&#8243; global_colors_info=&#8220;{}&#8220;][et_pb_column_inner saved_specialty_column_type=&#8220;3_4&#8243; _builder_version=&#8220;4.16&#8243; custom_padding=&#8220;|||&#8220; global_colors_info=&#8220;{}&#8220; custom_padding__hover=&#8220;|||&#8220;][et_pb_text admin_label=&#8220;Titel&#8220; _builder_version=&#8220;4.27.5&#8243; background_size=&#8220;initial&#8220; background_position=&#8220;top_left&#8220; background_repeat=&#8220;repeat&#8220; hover_enabled=&#8220;0&#8243; use_border_color=&#8220;off&#8220; border_color=&#8220;#ffffff&#8220; border_style=&#8220;solid&#8220; global_colors_info=&#8220;{}&#8220; sticky_enabled=&#8220;0&#8243;]<\/p>\n<h1>Buffet<\/h1>\n<p>Unten findest du verschiedene Buffets, um dein Gruppenevent schmackhaft ausklingen zu lassen oder w\u00e4hrend eines geselligen Partyabends zu genie\u00dfen. <\/p>\n<p>[\/et_pb_text][et_pb_code admin_label=&#8220;Code&#8220; _builder_version=&#8220;4.16&#8243; global_colors_info=&#8220;{}&#8220;]<div class=\"activiteit_grid\">\n<div class=\"spel \" >\n\t<a href=\"https:\/\/www.limburgsuitje.nl\/de\/catering\/abendbuffet\/\" title=\"Abendbuffet (im Turfhoeve)\">\n\t\t<div>\n\t\t<div class=\"spel-thumbnail\">\n\t\t\t<img decoding=\"async\" src=\"https:\/\/www.limburgsuitje.nl\/wp-content\/uploads\/2017\/02\/nog-geen-foto.jpg\" alt=\"Abendbuffet (im Turfhoeve)\">\n\t\t<\/div>\n\t\t<div class=\"spel-text\">\n\t\t\t<h3>Abendbuffet (im Turfhoeve)<\/h3>\n\t\t\tEin herrlich ausgiebiges 3-G\u00e4nge-Men\u00fc inkl. Nachspeise. (min. 25 Pers.)\n\t\t<\/div>\n\t\t<div class=\"spel-footer\">\n\t\t\t<div class=\"spel-footer-prijs\">\n\t\t\t\t<span class=\"pp\">ab<\/span> \u20ac 34,50 <span class=\"pp\">p.p.<\/span> \n\t\t\t<\/div>\n\t\t<\/div>\n\t\t<\/div>\n\t<\/a>\n<\/div>\n<div class=\"spel \" >\n\t<a href=\"https:\/\/www.limburgsuitje.nl\/de\/catering\/torffarm-buffet\/\" title=\"Turfhoeve Buffet (im Turfhoeve)\">\n\t\t<div>\n\t\t<div class=\"spel-thumbnail\">\n\t\t\t<img decoding=\"async\" src=\"https:\/\/www.limburgsuitje.nl\/wp-content\/uploads\/2017\/03\/koud-en-warm-buffet-1-thumb.jpg\" alt=\"Turfhoeve Buffet (im Turfhoeve)\">\n\t\t<\/div>\n\t\t<div class=\"spel-text\">\n\t\t\t<h3>Turfhoeve Buffet (im Turfhoeve)<\/h3>\n\t\t\tLeckeres kaltes und warmes Buffet. (min. 20 Pers.)\n\t\t<\/div>\n\t\t<div class=\"spel-footer\">\n\t\t\t<div class=\"spel-footer-prijs\">\n\t\t\t\t\u20ac 24,95 <span class=\"pp\">p.p.<\/span> \n\t\t\t<\/div>\n\t\t<\/div>\n\t\t<\/div>\n\t<\/a>\n<\/div>\n<\/div>\n[\/et_pb_code][\/et_pb_column_inner][\/et_pb_row_inner][et_pb_row_inner admin_label=&#8220;Rij&#8220; _builder_version=&#8220;4.16&#8243; global_colors_info=&#8220;{}&#8220;][et_pb_column_inner saved_specialty_column_type=&#8220;3_4&#8243; _builder_version=&#8220;4.16&#8243; custom_padding=&#8220;|||&#8220; global_colors_info=&#8220;{}&#8220; custom_padding__hover=&#8220;|||&#8220;][\/et_pb_column_inner][\/et_pb_row_inner][\/et_pb_column][\/et_pb_section]<\/p>\n","protected":false},"excerpt":{"rendered":"<p>Torffarm-Buffet 2 Hauptgerichte Ihrer Wahl (f\u00fcr die ganze Gruppe) und Beilagen wie beschrieben: Hauptgang SCHWEINEMEDAILLONS mit ChampignonrahmsauceFISCHPLATTE mit Gem\u00fcse und Beurre-Blanc-SauceHACKB\u00c4LLCHEN in TomatensauceKRUSTENSCHINKEN mit PfeffersauceH\u00c4HNCHENSCHENKELFILET mit CurrysaucePASTA TARTUFO mit Waldpilz-Tr\u00fcffelsauce Beilagen ARDAPPELGRATINREISSTIR-GEM\u00dcSEARDAPPELSALADECOOLSALADEHUZARENSALADEPASTASALADEGR\u00dcNE SALADE mit Tomate und Gurke Je nach Bedarf erweiterbar mit: TOMATENSUPPE UND SAISONALE SUPPE 4,95 \u20ac p. P.MINI-ZUPFBR\u00d6TCHEN mit Tapenade, Kr\u00e4uterbutter und Tr\u00fcffelcreme [&hellip;]<\/p>\n","protected":false},"author":2,"featured_media":0,"parent":5415,"menu_order":0,"comment_status":"closed","ping_status":"closed","template":"","meta":{"_acf_changed":false,"_et_pb_use_builder":"on","_et_pb_old_content":"","_et_gb_content_width":"","footnotes":""},"class_list":["post-5301","page","type-page","status-publish","hentry"],"acf":[],"yoast_head":"<!-- This site is optimized with the Yoast SEO plugin v27.4 - https:\/\/yoast.com\/product\/yoast-seo-wordpress\/ -->\n<title>M\u00f6chtest du nach deinem Team-Event noch ein leckeres Buffet genie\u00dfen?<\/title>\n<meta name=\"description\" content=\"Dies ist auch in Limburgs Uitje m\u00f6glich. W\u00e4hle eines der Buffets aus, wie zum Beispiel ein Sat\u00e9-Buffet oder das Turfhoeve-Buffet.\" \/>\n<meta name=\"robots\" content=\"index, follow, max-snippet:-1, max-image-preview:large, max-video-preview:-1\" \/>\n<link rel=\"canonical\" href=\"https:\/\/www.limburgsuitje.nl\/de\/5415-2\/buffets\/\" \/>\n<meta property=\"og:locale\" content=\"de_DE\" \/>\n<meta property=\"og:type\" content=\"article\" \/>\n<meta property=\"og:title\" content=\"M\u00f6chtest du nach deinem Team-Event noch ein leckeres Buffet genie\u00dfen?\" \/>\n<meta property=\"og:description\" content=\"Dies ist auch in Limburgs Uitje m\u00f6glich. W\u00e4hle eines der Buffets aus, wie zum Beispiel ein Sat\u00e9-Buffet oder das Turfhoeve-Buffet.\" \/>\n<meta property=\"og:url\" content=\"https:\/\/www.limburgsuitje.nl\/de\/5415-2\/buffets\/\" \/>\n<meta property=\"og:site_name\" content=\"Limburgsuitje\" \/>\n<meta property=\"article:publisher\" content=\"https:\/\/www.facebook.com\/limburgsuitje\/\" \/>\n<meta property=\"article:modified_time\" content=\"2026-02-20T12:53:12+00:00\" \/>\n<meta name=\"twitter:card\" content=\"summary_large_image\" \/>\n<meta name=\"twitter:label1\" content=\"Gesch\u00e4tzte Lesezeit\" \/>\n\t<meta name=\"twitter:data1\" content=\"1\u00a0Minute\" \/>\n<script type=\"application\/ld+json\" class=\"yoast-schema-graph\">{\"@context\":\"https:\\\/\\\/schema.org\",\"@graph\":[{\"@type\":\"WebPage\",\"@id\":\"https:\\\/\\\/www.limburgsuitje.nl\\\/de\\\/5415-2\\\/buffets\\\/\",\"url\":\"https:\\\/\\\/www.limburgsuitje.nl\\\/de\\\/5415-2\\\/buffets\\\/\",\"name\":\"M\u00f6chtest du nach deinem Team-Event noch ein leckeres Buffet genie\u00dfen?\",\"isPartOf\":{\"@id\":\"https:\\\/\\\/www.limburgsuitje.nl\\\/de\\\/#website\"},\"datePublished\":\"2017-02-28T18:39:11+00:00\",\"dateModified\":\"2026-02-20T12:53:12+00:00\",\"description\":\"Dies ist auch in Limburgs Uitje m\u00f6glich. W\u00e4hle eines der Buffets aus, wie zum Beispiel ein Sat\u00e9-Buffet oder das Turfhoeve-Buffet.\",\"breadcrumb\":{\"@id\":\"https:\\\/\\\/www.limburgsuitje.nl\\\/de\\\/5415-2\\\/buffets\\\/#breadcrumb\"},\"inLanguage\":\"de\",\"potentialAction\":[{\"@type\":\"ReadAction\",\"target\":[\"https:\\\/\\\/www.limburgsuitje.nl\\\/de\\\/5415-2\\\/buffets\\\/\"]}]},{\"@type\":\"BreadcrumbList\",\"@id\":\"https:\\\/\\\/www.limburgsuitje.nl\\\/de\\\/5415-2\\\/buffets\\\/#breadcrumb\",\"itemListElement\":[{\"@type\":\"ListItem\",\"position\":1,\"name\":\"Home\",\"item\":\"https:\\\/\\\/www.limburgsuitje.nl\\\/de\\\/\"},{\"@type\":\"ListItem\",\"position\":2,\"name\":\"Essen und Trinken\",\"item\":\"https:\\\/\\\/www.limburgsuitje.nl\\\/de\\\/5415-2\\\/\"},{\"@type\":\"ListItem\",\"position\":3,\"name\":\"Buffets\"}]},{\"@type\":\"WebSite\",\"@id\":\"https:\\\/\\\/www.limburgsuitje.nl\\\/de\\\/#website\",\"url\":\"https:\\\/\\\/www.limburgsuitje.nl\\\/de\\\/\",\"name\":\"Limburgsuitje\",\"description\":\"Strijd als een ware schot\",\"potentialAction\":[{\"@type\":\"SearchAction\",\"target\":{\"@type\":\"EntryPoint\",\"urlTemplate\":\"https:\\\/\\\/www.limburgsuitje.nl\\\/de\\\/?s={search_term_string}\"},\"query-input\":{\"@type\":\"PropertyValueSpecification\",\"valueRequired\":true,\"valueName\":\"search_term_string\"}}],\"inLanguage\":\"de\"}]}<\/script>\n<!-- \/ Yoast SEO plugin. -->","yoast_head_json":{"title":"M\u00f6chtest du nach deinem Team-Event noch ein leckeres Buffet genie\u00dfen?","description":"Dies ist auch in Limburgs Uitje m\u00f6glich. W\u00e4hle eines der Buffets aus, wie zum Beispiel ein Sat\u00e9-Buffet oder das Turfhoeve-Buffet.","robots":{"index":"index","follow":"follow","max-snippet":"max-snippet:-1","max-image-preview":"max-image-preview:large","max-video-preview":"max-video-preview:-1"},"canonical":"https:\/\/www.limburgsuitje.nl\/de\/5415-2\/buffets\/","og_locale":"de_DE","og_type":"article","og_title":"M\u00f6chtest du nach deinem Team-Event noch ein leckeres Buffet genie\u00dfen?","og_description":"Dies ist auch in Limburgs Uitje m\u00f6glich. W\u00e4hle eines der Buffets aus, wie zum Beispiel ein Sat\u00e9-Buffet oder das Turfhoeve-Buffet.","og_url":"https:\/\/www.limburgsuitje.nl\/de\/5415-2\/buffets\/","og_site_name":"Limburgsuitje","article_publisher":"https:\/\/www.facebook.com\/limburgsuitje\/","article_modified_time":"2026-02-20T12:53:12+00:00","twitter_card":"summary_large_image","twitter_misc":{"Gesch\u00e4tzte Lesezeit":"1\u00a0Minute"},"schema":{"@context":"https:\/\/schema.org","@graph":[{"@type":"WebPage","@id":"https:\/\/www.limburgsuitje.nl\/de\/5415-2\/buffets\/","url":"https:\/\/www.limburgsuitje.nl\/de\/5415-2\/buffets\/","name":"M\u00f6chtest du nach deinem Team-Event noch ein leckeres Buffet genie\u00dfen?","isPartOf":{"@id":"https:\/\/www.limburgsuitje.nl\/de\/#website"},"datePublished":"2017-02-28T18:39:11+00:00","dateModified":"2026-02-20T12:53:12+00:00","description":"Dies ist auch in Limburgs Uitje m\u00f6glich. W\u00e4hle eines der Buffets aus, wie zum Beispiel ein Sat\u00e9-Buffet oder das Turfhoeve-Buffet.","breadcrumb":{"@id":"https:\/\/www.limburgsuitje.nl\/de\/5415-2\/buffets\/#breadcrumb"},"inLanguage":"de","potentialAction":[{"@type":"ReadAction","target":["https:\/\/www.limburgsuitje.nl\/de\/5415-2\/buffets\/"]}]},{"@type":"BreadcrumbList","@id":"https:\/\/www.limburgsuitje.nl\/de\/5415-2\/buffets\/#breadcrumb","itemListElement":[{"@type":"ListItem","position":1,"name":"Home","item":"https:\/\/www.limburgsuitje.nl\/de\/"},{"@type":"ListItem","position":2,"name":"Essen und Trinken","item":"https:\/\/www.limburgsuitje.nl\/de\/5415-2\/"},{"@type":"ListItem","position":3,"name":"Buffets"}]},{"@type":"WebSite","@id":"https:\/\/www.limburgsuitje.nl\/de\/#website","url":"https:\/\/www.limburgsuitje.nl\/de\/","name":"Limburgsuitje","description":"Strijd als een ware schot","potentialAction":[{"@type":"SearchAction","target":{"@type":"EntryPoint","urlTemplate":"https:\/\/www.limburgsuitje.nl\/de\/?s={search_term_string}"},"query-input":{"@type":"PropertyValueSpecification","valueRequired":true,"valueName":"search_term_string"}}],"inLanguage":"de"}]}},"_links":{"self":[{"href":"https:\/\/www.limburgsuitje.nl\/de\/wp-json\/wp\/v2\/pages\/5301","targetHints":{"allow":["GET"]}}],"collection":[{"href":"https:\/\/www.limburgsuitje.nl\/de\/wp-json\/wp\/v2\/pages"}],"about":[{"href":"https:\/\/www.limburgsuitje.nl\/de\/wp-json\/wp\/v2\/types\/page"}],"author":[{"embeddable":true,"href":"https:\/\/www.limburgsuitje.nl\/de\/wp-json\/wp\/v2\/users\/2"}],"replies":[{"embeddable":true,"href":"https:\/\/www.limburgsuitje.nl\/de\/wp-json\/wp\/v2\/comments?post=5301"}],"version-history":[{"count":0,"href":"https:\/\/www.limburgsuitje.nl\/de\/wp-json\/wp\/v2\/pages\/5301\/revisions"}],"up":[{"embeddable":true,"href":"https:\/\/www.limburgsuitje.nl\/de\/wp-json\/wp\/v2\/pages\/5415"}],"wp:attachment":[{"href":"https:\/\/www.limburgsuitje.nl\/de\/wp-json\/wp\/v2\/media?parent=5301"}],"curies":[{"name":"wp","href":"https:\/\/api.w.org\/{rel}","templated":true}]}}