{"id":5325,"date":"2017-02-22T20:12:50","date_gmt":"2017-02-22T19:12:50","guid":{"rendered":"https:\/\/www.limburgsuitje.nl\/mittagessen\/"},"modified":"2026-02-20T13:33:44","modified_gmt":"2026-02-20T12:33:44","slug":"mittagessen","status":"publish","type":"page","link":"https:\/\/www.limburgsuitje.nl\/de\/5415-2\/mittagessen\/","title":{"rendered":"Mittagessen"},"content":{"rendered":"<p>[et_pb_section fb_built=&#8220;1&#8243; specialty=&#8220;on&#8220; admin_label=&#8220;Section&#8220; _builder_version=&#8220;4.16&#8243; global_colors_info=&#8220;{}&#8220;][et_pb_column type=&#8220;1_4&#8243; _builder_version=&#8220;4.16&#8243; custom_padding=&#8220;|||&#8220; global_colors_info=&#8220;{}&#8220; custom_padding__hover=&#8220;|||&#8220;][et_pb_sidebar area=&#8220;et_pb_widget_area_3&#8243; admin_label=&#8220;Menu&#8220; _builder_version=&#8220;4.16&#8243; remove_border=&#8220;off&#8220; global_colors_info=&#8220;{}&#8220;][\/et_pb_sidebar][\/et_pb_column][et_pb_column type=&#8220;3_4&#8243; specialty_columns=&#8220;3&#8243; _builder_version=&#8220;4.16&#8243; custom_padding=&#8220;|||&#8220; global_colors_info=&#8220;{}&#8220; custom_padding__hover=&#8220;|||&#8220;][et_pb_row_inner admin_label=&#8220;Row&#8220; _builder_version=&#8220;4.16&#8243; global_colors_info=&#8220;{}&#8220;][et_pb_column_inner saved_specialty_column_type=&#8220;3_4&#8243; _builder_version=&#8220;4.16&#8243; custom_padding=&#8220;|||&#8220; global_colors_info=&#8220;{}&#8220; custom_padding__hover=&#8220;|||&#8220;][et_pb_text admin_label=&#8220;Titel&#8220; _builder_version=&#8220;4.27.5&#8243; background_size=&#8220;initial&#8220; background_position=&#8220;top_left&#8220; background_repeat=&#8220;repeat&#8220; hover_enabled=&#8220;0&#8243; use_border_color=&#8220;off&#8220; border_color=&#8220;#ffffff&#8220; border_style=&#8220;solid&#8220; global_colors_info=&#8220;{}&#8220; sticky_enabled=&#8220;0&#8243;]<\/p>\n<h1>M\u00f6glichkeiten zum Mittagessen<\/h1>\n<p>M\u00f6chtest du zwischen den Aktivit\u00e4ten ein herrliches Mittagessen genie\u00dfen oder lieber gut gest\u00e4rkt in einen anstrengenden Tag starten? Im benachbarten Restaurant de Turfhoeve bieten wir verschiedene, schmackhafte Mittagsoptionen an. <\/p>\n<p>[\/et_pb_text][et_pb_code admin_label=&#8220;Code&#8220; _builder_version=&#8220;4.16&#8243; global_colors_info=&#8220;{}&#8220;]<div class=\"activiteit_grid\">\n<div class=\"spel \" >\n\t<a href=\"https:\/\/www.limburgsuitje.nl\/de\/catering\/komplettes-mittagessen-3-verkostung\/\" title=\"Komplettes Mittagessen 3 (Verkostung)\">\n\t\t<div>\n\t\t<div class=\"spel-thumbnail\">\n\t\t\t<img decoding=\"async\" src=\"https:\/\/www.limburgsuitje.nl\/wp-content\/uploads\/2017\/03\/turfhoeve-thumb.jpg\" alt=\"Komplettes Mittagessen 3 (Verkostung)\">\n\t\t<\/div>\n\t\t<div class=\"spel-text\">\n\t\t\t<h3>Komplettes Mittagessen 3 (Verkostung)<\/h3>\n\t\t\tHerrliche, komplette Lunch-Verkostung.\n\t\t<\/div>\n\t\t<div class=\"spel-footer\">\n\t\t\t<div class=\"spel-footer-prijs\">\n\t\t\t\t\u20ac 23,25 <span class=\"pp\">p.p.<\/span> \n\t\t\t<\/div>\n\t\t<\/div>\n\t\t<\/div>\n\t<\/a>\n<\/div>\n<div class=\"spel \" >\n\t<a href=\"https:\/\/www.limburgsuitje.nl\/de\/catering\/11847\/\" title=\"Komplettes Mittagessen 2 (+ warme Gerichte)\">\n\t\t<div>\n\t\t<div class=\"spel-thumbnail\">\n\t\t\t<img decoding=\"async\" src=\"https:\/\/www.limburgsuitje.nl\/wp-content\/uploads\/2017\/03\/turfhoeve-thumb.jpg\" alt=\"Komplettes Mittagessen 2 (+ warme Gerichte)\">\n\t\t<\/div>\n\t\t<div class=\"spel-text\">\n\t\t\t<h3>Komplettes Mittagessen 2 (+ warme Gerichte)<\/h3>\n\t\t\tKomplettes Mittagessen inklusive warmer Gerichte\n\t\t<\/div>\n\t\t<div class=\"spel-footer\">\n\t\t\t<div class=\"spel-footer-prijs\">\n\t\t\t\t\u20ac 22,50 <span class=\"pp\">p.p.<\/span> \n\t\t\t<\/div>\n\t\t<\/div>\n\t\t<\/div>\n\t<\/a>\n<\/div>\n<div class=\"spel last\" >\n\t<a href=\"https:\/\/www.limburgsuitje.nl\/de\/catering\/mittagessen-a-la-carte\/\" title=\"Mittagessen \u00e0 la carte\">\n\t\t<div>\n\t\t<div class=\"spel-thumbnail\">\n\t\t\t<img decoding=\"async\" src=\"https:\/\/www.limburgsuitje.nl\/wp-content\/uploads\/2017\/03\/turfhoeve-thumb.jpg\" alt=\"Mittagessen \u00e0 la carte\">\n\t\t<\/div>\n\t\t<div class=\"spel-text\">\n\t\t\t<h3>Mittagessen \u00e0 la carte<\/h3>\n\t\t\tTreffen Sie Ihre eigene Wahl aus der Speisekarte des Turfhoeve?\n\t\t<\/div>\n\t\t<div class=\"spel-footer\">\n\t\t\t<div class=\"spel-footer-prijs\">\n\t\t\t\t<span class=\"pp\">ab<\/span> \u20ac 0 <span class=\"pp\">p.p.<\/span> \n\t\t\t<\/div>\n\t\t<\/div>\n\t\t<\/div>\n\t<\/a>\n<\/div>\n<div class=\"spel \" >\n\t<a href=\"https:\/\/www.limburgsuitje.nl\/de\/catering\/brot-mittagessen\/\" title=\"Komplettes Mittagessen 1\">\n\t\t<div>\n\t\t<div class=\"spel-thumbnail\">\n\t\t\t<img decoding=\"async\" src=\"https:\/\/www.limburgsuitje.nl\/wp-content\/uploads\/2017\/02\/nog-geen-foto.jpg\" alt=\"Komplettes Mittagessen 1\">\n\t\t<\/div>\n\t\t<div class=\"spel-text\">\n\t\t\t<h3>Komplettes Mittagessen 1<\/h3>\n\t\t\tVolles Mittagessen mit Kaffee\/Tee\n\t\t<\/div>\n\t\t<div class=\"spel-footer\">\n\t\t\t<div class=\"spel-footer-prijs\">\n\t\t\t\t\u20ac 18,50 <span class=\"pp\">p.p.<\/span> \n\t\t\t<\/div>\n\t\t<\/div>\n\t\t<\/div>\n\t<\/a>\n<\/div>\n<div class=\"spel \" >\n\t<a href=\"https:\/\/www.limburgsuitje.nl\/de\/catering\/mittagstisch\/\" title=\"Mittagstisch\">\n\t\t<div>\n\t\t<div class=\"spel-thumbnail\">\n\t\t\t<img decoding=\"async\" src=\"https:\/\/www.limburgsuitje.nl\/wp-content\/uploads\/2017\/02\/nog-geen-foto.jpg\" alt=\"Mittagstisch\">\n\t\t<\/div>\n\t\t<div class=\"spel-text\">\n\t\t\t<h3>Mittagstisch<\/h3>\n\t\t\tEine leckere Suppe und ein Sandwich Ihrer Wahl.\n\t\t<\/div>\n\t\t<div class=\"spel-footer\">\n\t\t\t<div class=\"spel-footer-prijs\">\n\t\t\t\t\u20ac 15,50 <span class=\"pp\">p.p.<\/span> \n\t\t\t<\/div>\n\t\t<\/div>\n\t\t<\/div>\n\t<\/a>\n<\/div>\n<\/div>\n[\/et_pb_code][\/et_pb_column_inner][\/et_pb_row_inner][et_pb_row_inner admin_label=&#8220;Rij&#8220; _builder_version=&#8220;4.16&#8243; global_colors_info=&#8220;{}&#8220;][et_pb_column_inner saved_specialty_column_type=&#8220;3_4&#8243; _builder_version=&#8220;4.16&#8243; custom_padding=&#8220;|||&#8220; global_colors_info=&#8220;{}&#8220; custom_padding__hover=&#8220;|||&#8220;][\/et_pb_column_inner][\/et_pb_row_inner][\/et_pb_column][\/et_pb_section]<\/p>\n","protected":false},"excerpt":{"rendered":"<p>Mittagstisch Tasse Suppe Ziegenk\u00e4se-Sandwich, Carpaccio-Sandwich &amp; Kroketten-Sandwich Dieses Mittagessen findet im angrenzenden Restaurant de Turfhoeve statt.<img decoding=\"async\" class=\"prijslijst\" src=\"https:\/\/www.limburgsuitje.nl\/wp-content\/themes\/Limburgsuitje\/images\/prijslijst.png\" alt=\"prijslijst\" \/><div class=\"activiteit_samenvatting\">\n\t<div class=\"label\">Minimale Anzahl\n\t<\/div>\n\t<div class=\"value\">2 personen \n\t<\/div>\n\t<div class=\"label\">Prijs\n\t<\/div>\n\t<div class=\"value\">\t\t\t\t\u20ac 15,50 <span class=\"pp\">p.p. (inkl. MwSt.)<\/span> \n\t<\/div>\n<\/div>\n<\/p>\n","protected":false},"author":1,"featured_media":0,"parent":5415,"menu_order":0,"comment_status":"closed","ping_status":"closed","template":"","meta":{"_acf_changed":false,"_et_pb_use_builder":"on","_et_pb_old_content":"","_et_gb_content_width":"","footnotes":""},"class_list":["post-5325","page","type-page","status-publish","hentry"],"acf":[],"yoast_head":"<!-- This site is optimized with the Yoast SEO plugin v27.4 - https:\/\/yoast.com\/product\/yoast-seo-wordpress\/ -->\n<title>Mittagessen vor oder nach deinem Teamausflug in Sevenum?<\/title>\n<meta name=\"description\" content=\"Das ist bei Limburgs Uitje in Zusammenarbeit mit dem Restaurant de Turfhoeve m\u00f6glich. W\u00e4hle eines der kompletten Mittagsangebote f\u00fcr deine Gruppe aus.\" \/>\n<meta name=\"robots\" content=\"index, follow, max-snippet:-1, max-image-preview:large, max-video-preview:-1\" \/>\n<link rel=\"canonical\" href=\"https:\/\/www.limburgsuitje.nl\/de\/5415-2\/mittagessen\/\" \/>\n<meta property=\"og:locale\" content=\"de_DE\" \/>\n<meta property=\"og:type\" content=\"article\" \/>\n<meta property=\"og:title\" content=\"Mittagessen vor oder nach deinem Teamausflug in Sevenum?\" \/>\n<meta property=\"og:description\" content=\"Das ist bei Limburgs Uitje in Zusammenarbeit mit dem Restaurant de Turfhoeve m\u00f6glich. W\u00e4hle eines der kompletten Mittagsangebote f\u00fcr deine Gruppe aus.\" \/>\n<meta property=\"og:url\" content=\"https:\/\/www.limburgsuitje.nl\/de\/5415-2\/mittagessen\/\" \/>\n<meta property=\"og:site_name\" content=\"Limburgsuitje\" \/>\n<meta property=\"article:publisher\" content=\"https:\/\/www.facebook.com\/limburgsuitje\/\" \/>\n<meta property=\"article:modified_time\" content=\"2026-02-20T12:33:44+00:00\" \/>\n<meta name=\"twitter:card\" content=\"summary_large_image\" \/>\n<meta name=\"twitter:label1\" content=\"Gesch\u00e4tzte Lesezeit\" \/>\n\t<meta name=\"twitter:data1\" content=\"1\u00a0Minute\" \/>\n<script type=\"application\/ld+json\" class=\"yoast-schema-graph\">{\"@context\":\"https:\\\/\\\/schema.org\",\"@graph\":[{\"@type\":\"WebPage\",\"@id\":\"https:\\\/\\\/www.limburgsuitje.nl\\\/de\\\/5415-2\\\/mittagessen\\\/\",\"url\":\"https:\\\/\\\/www.limburgsuitje.nl\\\/de\\\/5415-2\\\/mittagessen\\\/\",\"name\":\"Mittagessen vor oder nach deinem Teamausflug in Sevenum?\",\"isPartOf\":{\"@id\":\"https:\\\/\\\/www.limburgsuitje.nl\\\/de\\\/#website\"},\"datePublished\":\"2017-02-22T19:12:50+00:00\",\"dateModified\":\"2026-02-20T12:33:44+00:00\",\"description\":\"Das ist bei Limburgs Uitje in Zusammenarbeit mit dem Restaurant de Turfhoeve m\u00f6glich. W\u00e4hle eines der kompletten Mittagsangebote f\u00fcr deine Gruppe aus.\",\"breadcrumb\":{\"@id\":\"https:\\\/\\\/www.limburgsuitje.nl\\\/de\\\/5415-2\\\/mittagessen\\\/#breadcrumb\"},\"inLanguage\":\"de\",\"potentialAction\":[{\"@type\":\"ReadAction\",\"target\":[\"https:\\\/\\\/www.limburgsuitje.nl\\\/de\\\/5415-2\\\/mittagessen\\\/\"]}]},{\"@type\":\"BreadcrumbList\",\"@id\":\"https:\\\/\\\/www.limburgsuitje.nl\\\/de\\\/5415-2\\\/mittagessen\\\/#breadcrumb\",\"itemListElement\":[{\"@type\":\"ListItem\",\"position\":1,\"name\":\"Home\",\"item\":\"https:\\\/\\\/www.limburgsuitje.nl\\\/de\\\/\"},{\"@type\":\"ListItem\",\"position\":2,\"name\":\"Essen und Trinken\",\"item\":\"https:\\\/\\\/www.limburgsuitje.nl\\\/de\\\/5415-2\\\/\"},{\"@type\":\"ListItem\",\"position\":3,\"name\":\"Mittagessen\"}]},{\"@type\":\"WebSite\",\"@id\":\"https:\\\/\\\/www.limburgsuitje.nl\\\/de\\\/#website\",\"url\":\"https:\\\/\\\/www.limburgsuitje.nl\\\/de\\\/\",\"name\":\"Limburgsuitje\",\"description\":\"Strijd als een ware schot\",\"potentialAction\":[{\"@type\":\"SearchAction\",\"target\":{\"@type\":\"EntryPoint\",\"urlTemplate\":\"https:\\\/\\\/www.limburgsuitje.nl\\\/de\\\/?s={search_term_string}\"},\"query-input\":{\"@type\":\"PropertyValueSpecification\",\"valueRequired\":true,\"valueName\":\"search_term_string\"}}],\"inLanguage\":\"de\"}]}<\/script>\n<!-- \/ Yoast SEO plugin. -->","yoast_head_json":{"title":"Mittagessen vor oder nach deinem Teamausflug in Sevenum?","description":"Das ist bei Limburgs Uitje in Zusammenarbeit mit dem Restaurant de Turfhoeve m\u00f6glich. W\u00e4hle eines der kompletten Mittagsangebote f\u00fcr deine Gruppe aus.","robots":{"index":"index","follow":"follow","max-snippet":"max-snippet:-1","max-image-preview":"max-image-preview:large","max-video-preview":"max-video-preview:-1"},"canonical":"https:\/\/www.limburgsuitje.nl\/de\/5415-2\/mittagessen\/","og_locale":"de_DE","og_type":"article","og_title":"Mittagessen vor oder nach deinem Teamausflug in Sevenum?","og_description":"Das ist bei Limburgs Uitje in Zusammenarbeit mit dem Restaurant de Turfhoeve m\u00f6glich. W\u00e4hle eines der kompletten Mittagsangebote f\u00fcr deine Gruppe aus.","og_url":"https:\/\/www.limburgsuitje.nl\/de\/5415-2\/mittagessen\/","og_site_name":"Limburgsuitje","article_publisher":"https:\/\/www.facebook.com\/limburgsuitje\/","article_modified_time":"2026-02-20T12:33:44+00:00","twitter_card":"summary_large_image","twitter_misc":{"Gesch\u00e4tzte Lesezeit":"1\u00a0Minute"},"schema":{"@context":"https:\/\/schema.org","@graph":[{"@type":"WebPage","@id":"https:\/\/www.limburgsuitje.nl\/de\/5415-2\/mittagessen\/","url":"https:\/\/www.limburgsuitje.nl\/de\/5415-2\/mittagessen\/","name":"Mittagessen vor oder nach deinem Teamausflug in Sevenum?","isPartOf":{"@id":"https:\/\/www.limburgsuitje.nl\/de\/#website"},"datePublished":"2017-02-22T19:12:50+00:00","dateModified":"2026-02-20T12:33:44+00:00","description":"Das ist bei Limburgs Uitje in Zusammenarbeit mit dem Restaurant de Turfhoeve m\u00f6glich. W\u00e4hle eines der kompletten Mittagsangebote f\u00fcr deine Gruppe aus.","breadcrumb":{"@id":"https:\/\/www.limburgsuitje.nl\/de\/5415-2\/mittagessen\/#breadcrumb"},"inLanguage":"de","potentialAction":[{"@type":"ReadAction","target":["https:\/\/www.limburgsuitje.nl\/de\/5415-2\/mittagessen\/"]}]},{"@type":"BreadcrumbList","@id":"https:\/\/www.limburgsuitje.nl\/de\/5415-2\/mittagessen\/#breadcrumb","itemListElement":[{"@type":"ListItem","position":1,"name":"Home","item":"https:\/\/www.limburgsuitje.nl\/de\/"},{"@type":"ListItem","position":2,"name":"Essen und Trinken","item":"https:\/\/www.limburgsuitje.nl\/de\/5415-2\/"},{"@type":"ListItem","position":3,"name":"Mittagessen"}]},{"@type":"WebSite","@id":"https:\/\/www.limburgsuitje.nl\/de\/#website","url":"https:\/\/www.limburgsuitje.nl\/de\/","name":"Limburgsuitje","description":"Strijd als een ware schot","potentialAction":[{"@type":"SearchAction","target":{"@type":"EntryPoint","urlTemplate":"https:\/\/www.limburgsuitje.nl\/de\/?s={search_term_string}"},"query-input":{"@type":"PropertyValueSpecification","valueRequired":true,"valueName":"search_term_string"}}],"inLanguage":"de"}]}},"_links":{"self":[{"href":"https:\/\/www.limburgsuitje.nl\/de\/wp-json\/wp\/v2\/pages\/5325","targetHints":{"allow":["GET"]}}],"collection":[{"href":"https:\/\/www.limburgsuitje.nl\/de\/wp-json\/wp\/v2\/pages"}],"about":[{"href":"https:\/\/www.limburgsuitje.nl\/de\/wp-json\/wp\/v2\/types\/page"}],"author":[{"embeddable":true,"href":"https:\/\/www.limburgsuitje.nl\/de\/wp-json\/wp\/v2\/users\/1"}],"replies":[{"embeddable":true,"href":"https:\/\/www.limburgsuitje.nl\/de\/wp-json\/wp\/v2\/comments?post=5325"}],"version-history":[{"count":0,"href":"https:\/\/www.limburgsuitje.nl\/de\/wp-json\/wp\/v2\/pages\/5325\/revisions"}],"up":[{"embeddable":true,"href":"https:\/\/www.limburgsuitje.nl\/de\/wp-json\/wp\/v2\/pages\/5415"}],"wp:attachment":[{"href":"https:\/\/www.limburgsuitje.nl\/de\/wp-json\/wp\/v2\/media?parent=5325"}],"curies":[{"name":"wp","href":"https:\/\/api.w.org\/{rel}","templated":true}]}}