{"id":5369,"date":"2017-02-13T13:49:42","date_gmt":"2017-02-13T12:49:42","guid":{"rendered":"https:\/\/www.limburgsuitje.nl\/kontakt\/"},"modified":"2026-03-05T09:51:48","modified_gmt":"2026-03-05T08:51:48","slug":"kontakt","status":"publish","type":"page","link":"https:\/\/www.limburgsuitje.nl\/de\/kontakt\/","title":{"rendered":"Kontakt"},"content":{"rendered":"<p>[et_pb_section fb_built=&#8220;1&#8243; admin_label=&#8220;section&#8220; _builder_version=&#8220;4.16&#8243; global_colors_info=&#8220;{}&#8220;][et_pb_row column_structure=&#8220;1_2,1_2&#8243; admin_label=&#8220;Reihe&#8220; _builder_version=&#8220;4.16&#8243; background_size=&#8220;initial&#8220; background_position=&#8220;top_left&#8220; background_repeat=&#8220;repeat&#8220; global_colors_info=&#8220;{}&#8220;][et_pb_column type=&#8220;1_2&#8243; _builder_version=&#8220;4.16&#8243; custom_padding=&#8220;|||&#8220; global_colors_info=&#8220;{}&#8220; custom_padding__hover=&#8220;|||&#8220;][et_pb_text admin_label=&#8220;Text&#8220; _builder_version=&#8220;4.27.6&#8243; background_size=&#8220;initial&#8220; background_position=&#8220;top_left&#8220; background_repeat=&#8220;repeat&#8220; hover_enabled=&#8220;0&#8243; z_index_tablet=&#8220;500&#8243; text_text_shadow_horizontal_length_tablet=&#8220;0px&#8220; text_text_shadow_vertical_length_tablet=&#8220;0px&#8220; text_text_shadow_blur_strength_tablet=&#8220;1px&#8220; link_text_shadow_horizontal_length_tablet=&#8220;0px&#8220; link_text_shadow_vertical_length_tablet=&#8220;0px&#8220; link_text_shadow_blur_strength_tablet=&#8220;1px&#8220; ul_text_shadow_horizontal_length_tablet=&#8220;0px&#8220; ul_text_shadow_vertical_length_tablet=&#8220;0px&#8220; ul_text_shadow_blur_strength_tablet=&#8220;1px&#8220; ol_text_shadow_horizontal_length_tablet=&#8220;0px&#8220; ol_text_shadow_vertical_length_tablet=&#8220;0px&#8220; ol_text_shadow_blur_strength_tablet=&#8220;1px&#8220; quote_text_shadow_horizontal_length_tablet=&#8220;0px&#8220; quote_text_shadow_vertical_length_tablet=&#8220;0px&#8220; quote_text_shadow_blur_strength_tablet=&#8220;1px&#8220; header_text_shadow_horizontal_length_tablet=&#8220;0px&#8220; header_text_shadow_vertical_length_tablet=&#8220;0px&#8220; header_text_shadow_blur_strength_tablet=&#8220;1px&#8220; header_2_text_shadow_horizontal_length_tablet=&#8220;0px&#8220; header_2_text_shadow_vertical_length_tablet=&#8220;0px&#8220; header_2_text_shadow_blur_strength_tablet=&#8220;1px&#8220; header_3_text_shadow_horizontal_length_tablet=&#8220;0px&#8220; header_3_text_shadow_vertical_length_tablet=&#8220;0px&#8220; header_3_text_shadow_blur_strength_tablet=&#8220;1px&#8220; header_4_text_shadow_horizontal_length_tablet=&#8220;0px&#8220; header_4_text_shadow_vertical_length_tablet=&#8220;0px&#8220; header_4_text_shadow_blur_strength_tablet=&#8220;1px&#8220; header_5_text_shadow_horizontal_length_tablet=&#8220;0px&#8220; header_5_text_shadow_vertical_length_tablet=&#8220;0px&#8220; header_5_text_shadow_blur_strength_tablet=&#8220;1px&#8220; header_6_text_shadow_horizontal_length_tablet=&#8220;0px&#8220; header_6_text_shadow_vertical_length_tablet=&#8220;0px&#8220; header_6_text_shadow_blur_strength_tablet=&#8220;1px&#8220; box_shadow_horizontal_tablet=&#8220;0px&#8220; box_shadow_vertical_tablet=&#8220;0px&#8220; box_shadow_blur_tablet=&#8220;40px&#8220; box_shadow_spread_tablet=&#8220;0px&#8220; use_border_color=&#8220;off&#8220; global_colors_info=&#8220;{}&#8220; sticky_enabled=&#8220;0&#8243;]<\/p>\n<h1>Kontakt Limburgs Uitje<\/h1>\n<p>Sie k\u00f6nnen uns \u00fcber die unten stehenden Angaben kontaktieren. Wenn Sie sich erkundigen m\u00f6chten, ob eine Aktivit\u00e4t verf\u00fcgbar ist, k\u00f6nnen Sie dies auch \u00fcber das Buchungsformular bei der Aktivit\u00e4t tun.<strong> <\/strong><\/p>\n<p><strong>Telefon: <\/strong><a href=\"tel:0773030062\">077 303 0062*<\/a><br \/>(aus Belgien\/Deutschland: <a href=\"tel:0031773030062\">0031 77 303 0062<\/a>)<\/p>\n<p><img decoding=\"async\" class=\"alignleft wp-image-811\" src=\"https:\/\/www.limburgsuitje.nl\/wp-content\/uploads\/2017\/02\/whatsapp.jpg\" width=\"50\" height=\"50\" srcset=\"https:\/\/www.limburgsuitje.nl\/wp-content\/uploads\/2017\/02\/whatsapp.jpg 204w, https:\/\/www.limburgsuitje.nl\/wp-content\/uploads\/2017\/02\/whatsapp-150x150.jpg 150w\" sizes=\"(max-width: 50px) 100vw, 50px\" \/><\/p>\n<p>*Wir versuchen, sieben Tage die Woche telefonisch zwischen 10:00 und 17:00 Uhr erreichbar zu sein. Aufgrund von Arbeiten auf dem Gel\u00e4nde und der Begleitung von Ausfl\u00fcgen kann es jedoch vorkommen, dass wir das Telefon nicht sofort abnehmen k\u00f6nnen. In diesem Fall kannst du uns eine E-Mail schreiben oder eine WhatsApp-Nachricht an unsere Festnetznummer senden. Nachrichten per WhatsApp sind auch au\u00dferhalb der \u00d6ffnungszeiten m\u00f6glich.   <\/p>\n<p> <strong> E-Mail: <\/strong><a href=\"mailto:info@limburgsuitje.nl\" target=\"_blank\" rel=\"noopener\">info@limburgsuitje.nl<\/a><\/p>\n<h2>\u00d6ffnungszeiten:<\/h2>\n<p>Wir haben sieben Tage die Woche auf Reservierung ge\u00f6ffnet. Ohne Reservierung k\u00f6nnen wir keine Aktivit\u00e4ten anbieten. <\/p>\n<h2>Unternehmensdaten:<\/h2>\n<p><strong>Kvk: <\/strong>12050588<br \/><strong>USt-IdNr.: <\/strong>NL001584230B33<\/p>\n<p>&nbsp;<\/p>\n<h2>Besuchsadresse<strong>:<\/strong><\/h2>\n<p>Limburgs Uitje<br \/>Middenpeelweg 1<br \/>5975 MZ Sevenum<\/p>\n<p><a href=\"https:\/\/www.limburgsuitje.nl\/vacatures\/\">Hier finden Sie unsere offenen Stellen.<\/a><\/p>\n<p>[\/et_pb_text][et_pb_code admin_label=&#8220;Google-Maps&#8220; _builder_version=&#8220;4.16&#8243; global_colors_info=&#8220;{}&#8220;]<iframe src=\"https:\/\/www.google.com\/maps\/embed?pb=!1m18!1m12!1m3!1d5923.324930442853!2d5.978741703684513!3d51.37638220070773!2m3!1f0!2f0!3f0!3m2!1i1024!2i768!4f13.1!3m3!1m2!1s0x47c748531e45ee89%3A0xdfc8aa533e2408ef!2sLimburgs+Uitje!5e0!3m2!1snl!2snl!4v1490281455426\" width=\"600\" height=\"400\" frameborder=\"0\" style=\"border:0\" allowfullscreen=\"\"><\/iframe>[\/et_pb_code][\/et_pb_column][et_pb_column type=&#8220;1_2&#8243; _builder_version=&#8220;4.16&#8243; custom_padding=&#8220;|||&#8220; global_colors_info=&#8220;{}&#8220; custom_padding__hover=&#8220;|||&#8220;][et_pb_text admin_label=&#8220;Contact formulier titel&#8220; _builder_version=&#8220;4.16&#8243; background_size=&#8220;initial&#8220; background_position=&#8220;top_left&#8220; background_repeat=&#8220;repeat&#8220; use_border_color=&#8220;off&#8220; border_color=&#8220;#ffffff&#8220; border_style=&#8220;solid&#8220; global_colors_info=&#8220;{}&#8220;]<\/p>\n<h2>Kontakt-Formular<\/h2>\n<p>[\/et_pb_text][et_pb_text admin_label=&#8220;Contactformulier&#8220; _builder_version=&#8220;4.16&#8243; background_size=&#8220;initial&#8220; background_position=&#8220;top_left&#8220; background_repeat=&#8220;repeat&#8220; use_border_color=&#8220;off&#8220; border_color=&#8220;#ffffff&#8220; border_style=&#8220;solid&#8220; global_colors_info=&#8220;{}&#8220;]<\/p>\n\n<div class=\"wpcf7 no-js\" id=\"wpcf7-f5959-o1\" lang=\"de-DE\" dir=\"ltr\" data-wpcf7-id=\"5959\">\n<div class=\"screen-reader-response\"><p role=\"status\" aria-live=\"polite\" aria-atomic=\"true\"><\/p> <ul><\/ul><\/div>\n<form action=\"\/de\/wp-json\/wp\/v2\/pages\/5369#wpcf7-f5959-o1\" method=\"post\" class=\"wpcf7-form init\" aria-label=\"Kontaktformular\" novalidate=\"novalidate\" data-status=\"init\">\n<fieldset class=\"hidden-fields-container\"><input type=\"hidden\" name=\"_wpcf7\" value=\"5959\" \/><input type=\"hidden\" name=\"_wpcf7_version\" value=\"6.1.5\" \/><input type=\"hidden\" name=\"_wpcf7_locale\" value=\"de_DE\" \/><input type=\"hidden\" name=\"_wpcf7_unit_tag\" value=\"wpcf7-f5959-o1\" \/><input type=\"hidden\" name=\"_wpcf7_container_post\" value=\"0\" \/><input type=\"hidden\" name=\"_wpcf7_posted_data_hash\" value=\"\" \/><input type=\"hidden\" name=\"_wpcf7dtx_version\" value=\"5.0.5\" \/><input type=\"hidden\" name=\"_wpcf7_recaptcha_response\" value=\"\" \/>\n<\/fieldset>\n<p><br \/>\n<label for=\"groepsnaam\">Name der Gruppe<\/label><span class=\"wpcf7-form-control-wrap\" data-name=\"groepsnaam\"><input size=\"40\" maxlength=\"400\" class=\"wpcf7-form-control wpcf7-text wpcf7-validates-as-required\" aria-required=\"true\" aria-invalid=\"false\" value=\"\" type=\"text\" name=\"groepsnaam\" \/><\/span>\n<\/p>\n<p><br \/>\n<label for=\"voornaam\">Vornamen<\/label><span class=\"wpcf7-form-control-wrap\" data-name=\"voornaam\"><input size=\"40\" maxlength=\"400\" class=\"wpcf7-form-control wpcf7-text wpcf7-validates-as-required\" aria-required=\"true\" aria-invalid=\"false\" value=\"\" type=\"text\" name=\"voornaam\" \/><\/span>\n<\/p>\n<p><br \/>\n<label for=\"achternaam\">Nachname<\/label><span class=\"wpcf7-form-control-wrap\" data-name=\"achternaam\"><input size=\"40\" maxlength=\"400\" class=\"wpcf7-form-control wpcf7-text wpcf7-validates-as-required\" aria-required=\"true\" aria-invalid=\"false\" value=\"\" type=\"text\" name=\"achternaam\" \/><\/span>\n<\/p>\n<p><br \/>\n<label for=\"telefoon\">Handy-Nummer<\/label><span class=\"wpcf7-form-control-wrap\" data-name=\"telefoon\"><input size=\"40\" maxlength=\"400\" class=\"wpcf7-form-control wpcf7-tel wpcf7-validates-as-required wpcf7-text wpcf7-validates-as-tel\" aria-required=\"true\" aria-invalid=\"false\" value=\"\" type=\"tel\" name=\"telefoon\" \/><\/span>\n<\/p>\n<p><br \/>\n<label for=\"email\">E-mail<\/label><span class=\"wpcf7-form-control-wrap\" data-name=\"email\"><input size=\"40\" maxlength=\"400\" class=\"wpcf7-form-control wpcf7-email wpcf7-validates-as-required wpcf7-text wpcf7-validates-as-email\" aria-required=\"true\" aria-invalid=\"false\" value=\"\" type=\"email\" name=\"email\" \/><\/span>\n<\/p>\n<p><br \/>\n<label for=\"reden\">Grund der Kontaktaufnahme<\/label><span class=\"wpcf7-form-control-wrap\" data-name=\"reden\"><select class=\"wpcf7-form-control wpcf7-select wpcf7-validates-as-required\" aria-required=\"true\" aria-invalid=\"false\" name=\"reden\"><option value=\"\">&#8211; Bitte ausw\u00e4hlen &#8211;<\/option><option value=\"Einen Termin vereinbaren\">Einen Termin vereinbaren<\/option><option value=\"Informationen anfordern\">Informationen anfordern<\/option><option value=\"Ein Kompliment weitergeben\">Ein Kompliment weitergeben<\/option><option value=\"Eine Beschwerde einreichen\">Eine Beschwerde einreichen<\/option><option value=\"Eine Reservierung vornehmen\">Eine Reservierung vornehmen<\/option><\/select><\/span>\n<\/p>\n<p><br \/>\n<span class=\"wpcf7-form-control-wrap\" data-name=\"acceptance-533\"><span class=\"wpcf7-form-control wpcf7-acceptance\"><span class=\"wpcf7-list-item\"><label><input type=\"checkbox\" name=\"acceptance-533\" value=\"1\" aria-invalid=\"false\" \/><span class=\"wpcf7-list-item-label\">Ich bin mit den allgemeinen Gesch\u00e4ftsbedingungen und der Datenschutzerkl\u00e4rung einverstanden<\/span><\/label><\/span><\/span><\/span>\n<\/p>\n<p><br \/>\n\n<\/p>\n<p><br \/>\n<strong>Frage\/Bemerkung<\/strong><br \/>\n<span class=\"wpcf7-form-control-wrap\" data-name=\"opmerkingen\"><textarea cols=\"40\" rows=\"10\" maxlength=\"2000\" class=\"wpcf7-form-control wpcf7-textarea\" aria-invalid=\"false\" placeholder=\"Beschreiben Sie bitte Ihre Frage oder Anmerkung so klar wie m\u00f6glich....\" name=\"opmerkingen\"><\/textarea><\/span>\n<\/p>\n<p><input class=\"wpcf7-form-control wpcf7-submit has-spinner\" type=\"submit\" value=\"Verzenden\" \/>\n<\/p>\n<div class=\"sln_recaptcha\">\n\t<p>Dieses Formular ist durch das reCAPTCHA von Google gesch\u00fctzt und unterliegt den Nutzungsbedingungen von <a href=\"https:\/\/policies.google.com\/terms?hl=nl\" target=\"_blank\">Google<\/a>.\n\t<\/p>\n<\/div>\n\n\n<div class=\"wpcf7-response-output\" aria-hidden=\"true\"><\/div>\n<\/form>\n<\/div>\n\n<p>[\/et_pb_text][\/et_pb_column][\/et_pb_row][\/et_pb_section]<\/p>\n","protected":false},"excerpt":{"rendered":"<p>Kontakt Limburgs Uitje Sie k\u00f6nnen uns \u00fcber die unten stehenden Angaben kontaktieren. Wenn Sie sich erkundigen m\u00f6chten, ob eine Aktivit\u00e4t verf\u00fcgbar ist, k\u00f6nnen Sie dies auch \u00fcber das Buchungsformular bei der Aktivit\u00e4t tun. Telefon: 077 303 0062*(aus Belgien\/Deutschland: 0031 77 303 0062) *Wir versuchen, sieben Tage die Woche telefonisch zwischen 10:00 und 17:00 Uhr erreichbar [&hellip;]<\/p>\n","protected":false},"author":2,"featured_media":0,"parent":0,"menu_order":0,"comment_status":"closed","ping_status":"closed","template":"","meta":{"_acf_changed":false,"_et_pb_use_builder":"on","_et_pb_old_content":"","_et_gb_content_width":"","footnotes":""},"class_list":["post-5369","page","type-page","status-publish","hentry"],"acf":[],"yoast_head":"<!-- This site is optimized with the Yoast SEO plugin v27.4 - https:\/\/yoast.com\/product\/yoast-seo-wordpress\/ -->\n<title>Kontakt Limburgs Uitje<\/title>\n<meta name=\"description\" content=\"Kontaktiere Limburgs Uitje per E-Mail oder Telefon. Wir sind sieben Tage die Woche f\u00fcr alle deine Fragen erreichbar.\" \/>\n<meta name=\"robots\" content=\"index, follow, max-snippet:-1, max-image-preview:large, max-video-preview:-1\" \/>\n<link rel=\"canonical\" href=\"https:\/\/www.limburgsuitje.nl\/de\/kontakt\/\" \/>\n<meta property=\"og:locale\" content=\"de_DE\" \/>\n<meta property=\"og:type\" content=\"article\" \/>\n<meta property=\"og:title\" content=\"Kontakt Limburgs Uitje\" \/>\n<meta property=\"og:description\" content=\"Kontaktiere Limburgs Uitje per E-Mail oder Telefon. Wir sind sieben Tage die Woche f\u00fcr alle deine Fragen erreichbar.\" \/>\n<meta property=\"og:url\" content=\"https:\/\/www.limburgsuitje.nl\/de\/kontakt\/\" \/>\n<meta property=\"og:site_name\" content=\"Limburgsuitje\" \/>\n<meta property=\"article:publisher\" content=\"https:\/\/www.facebook.com\/limburgsuitje\/\" \/>\n<meta property=\"article:modified_time\" content=\"2026-03-05T08:51:48+00:00\" \/>\n<meta property=\"og:image\" content=\"https:\/\/www.limburgsuitje.nl\/wp-content\/uploads\/2017\/02\/whatsapp.jpg\" \/>\n\t<meta property=\"og:image:width\" content=\"204\" \/>\n\t<meta property=\"og:image:height\" content=\"204\" \/>\n\t<meta property=\"og:image:type\" content=\"image\/jpeg\" \/>\n<meta name=\"twitter:card\" content=\"summary_large_image\" \/>\n<meta name=\"twitter:label1\" content=\"Gesch\u00e4tzte Lesezeit\" \/>\n\t<meta name=\"twitter:data1\" content=\"3\u00a0Minuten\" \/>\n<script type=\"application\/ld+json\" class=\"yoast-schema-graph\">{\"@context\":\"https:\\\/\\\/schema.org\",\"@graph\":[{\"@type\":\"WebPage\",\"@id\":\"https:\\\/\\\/www.limburgsuitje.nl\\\/de\\\/kontakt\\\/\",\"url\":\"https:\\\/\\\/www.limburgsuitje.nl\\\/de\\\/kontakt\\\/\",\"name\":\"Kontakt Limburgs Uitje\",\"isPartOf\":{\"@id\":\"https:\\\/\\\/www.limburgsuitje.nl\\\/de\\\/#website\"},\"primaryImageOfPage\":{\"@id\":\"https:\\\/\\\/www.limburgsuitje.nl\\\/de\\\/kontakt\\\/#primaryimage\"},\"image\":{\"@id\":\"https:\\\/\\\/www.limburgsuitje.nl\\\/de\\\/kontakt\\\/#primaryimage\"},\"thumbnailUrl\":\"https:\\\/\\\/www.limburgsuitje.nl\\\/wp-content\\\/uploads\\\/2017\\\/02\\\/whatsapp.jpg\",\"datePublished\":\"2017-02-13T12:49:42+00:00\",\"dateModified\":\"2026-03-05T08:51:48+00:00\",\"description\":\"Kontaktiere Limburgs Uitje per E-Mail oder Telefon. Wir sind sieben Tage die Woche f\u00fcr alle deine Fragen erreichbar.\",\"breadcrumb\":{\"@id\":\"https:\\\/\\\/www.limburgsuitje.nl\\\/de\\\/kontakt\\\/#breadcrumb\"},\"inLanguage\":\"de\",\"potentialAction\":[{\"@type\":\"ReadAction\",\"target\":[\"https:\\\/\\\/www.limburgsuitje.nl\\\/de\\\/kontakt\\\/\"]}]},{\"@type\":\"ImageObject\",\"inLanguage\":\"de\",\"@id\":\"https:\\\/\\\/www.limburgsuitje.nl\\\/de\\\/kontakt\\\/#primaryimage\",\"url\":\"https:\\\/\\\/www.limburgsuitje.nl\\\/wp-content\\\/uploads\\\/2017\\\/02\\\/whatsapp.jpg\",\"contentUrl\":\"https:\\\/\\\/www.limburgsuitje.nl\\\/wp-content\\\/uploads\\\/2017\\\/02\\\/whatsapp.jpg\"},{\"@type\":\"BreadcrumbList\",\"@id\":\"https:\\\/\\\/www.limburgsuitje.nl\\\/de\\\/kontakt\\\/#breadcrumb\",\"itemListElement\":[{\"@type\":\"ListItem\",\"position\":1,\"name\":\"Home\",\"item\":\"https:\\\/\\\/www.limburgsuitje.nl\\\/de\\\/\"},{\"@type\":\"ListItem\",\"position\":2,\"name\":\"Kontakt\"}]},{\"@type\":\"WebSite\",\"@id\":\"https:\\\/\\\/www.limburgsuitje.nl\\\/de\\\/#website\",\"url\":\"https:\\\/\\\/www.limburgsuitje.nl\\\/de\\\/\",\"name\":\"Limburgsuitje\",\"description\":\"Strijd als een ware schot\",\"potentialAction\":[{\"@type\":\"SearchAction\",\"target\":{\"@type\":\"EntryPoint\",\"urlTemplate\":\"https:\\\/\\\/www.limburgsuitje.nl\\\/de\\\/?s={search_term_string}\"},\"query-input\":{\"@type\":\"PropertyValueSpecification\",\"valueRequired\":true,\"valueName\":\"search_term_string\"}}],\"inLanguage\":\"de\"}]}<\/script>\n<!-- \/ Yoast SEO plugin. -->","yoast_head_json":{"title":"Kontakt Limburgs Uitje","description":"Kontaktiere Limburgs Uitje per E-Mail oder Telefon. Wir sind sieben Tage die Woche f\u00fcr alle deine Fragen erreichbar.","robots":{"index":"index","follow":"follow","max-snippet":"max-snippet:-1","max-image-preview":"max-image-preview:large","max-video-preview":"max-video-preview:-1"},"canonical":"https:\/\/www.limburgsuitje.nl\/de\/kontakt\/","og_locale":"de_DE","og_type":"article","og_title":"Kontakt Limburgs Uitje","og_description":"Kontaktiere Limburgs Uitje per E-Mail oder Telefon. Wir sind sieben Tage die Woche f\u00fcr alle deine Fragen erreichbar.","og_url":"https:\/\/www.limburgsuitje.nl\/de\/kontakt\/","og_site_name":"Limburgsuitje","article_publisher":"https:\/\/www.facebook.com\/limburgsuitje\/","article_modified_time":"2026-03-05T08:51:48+00:00","og_image":[{"width":204,"height":204,"url":"https:\/\/www.limburgsuitje.nl\/wp-content\/uploads\/2017\/02\/whatsapp.jpg","type":"image\/jpeg"}],"twitter_card":"summary_large_image","twitter_misc":{"Gesch\u00e4tzte Lesezeit":"3\u00a0Minuten"},"schema":{"@context":"https:\/\/schema.org","@graph":[{"@type":"WebPage","@id":"https:\/\/www.limburgsuitje.nl\/de\/kontakt\/","url":"https:\/\/www.limburgsuitje.nl\/de\/kontakt\/","name":"Kontakt Limburgs Uitje","isPartOf":{"@id":"https:\/\/www.limburgsuitje.nl\/de\/#website"},"primaryImageOfPage":{"@id":"https:\/\/www.limburgsuitje.nl\/de\/kontakt\/#primaryimage"},"image":{"@id":"https:\/\/www.limburgsuitje.nl\/de\/kontakt\/#primaryimage"},"thumbnailUrl":"https:\/\/www.limburgsuitje.nl\/wp-content\/uploads\/2017\/02\/whatsapp.jpg","datePublished":"2017-02-13T12:49:42+00:00","dateModified":"2026-03-05T08:51:48+00:00","description":"Kontaktiere Limburgs Uitje per E-Mail oder Telefon. Wir sind sieben Tage die Woche f\u00fcr alle deine Fragen erreichbar.","breadcrumb":{"@id":"https:\/\/www.limburgsuitje.nl\/de\/kontakt\/#breadcrumb"},"inLanguage":"de","potentialAction":[{"@type":"ReadAction","target":["https:\/\/www.limburgsuitje.nl\/de\/kontakt\/"]}]},{"@type":"ImageObject","inLanguage":"de","@id":"https:\/\/www.limburgsuitje.nl\/de\/kontakt\/#primaryimage","url":"https:\/\/www.limburgsuitje.nl\/wp-content\/uploads\/2017\/02\/whatsapp.jpg","contentUrl":"https:\/\/www.limburgsuitje.nl\/wp-content\/uploads\/2017\/02\/whatsapp.jpg"},{"@type":"BreadcrumbList","@id":"https:\/\/www.limburgsuitje.nl\/de\/kontakt\/#breadcrumb","itemListElement":[{"@type":"ListItem","position":1,"name":"Home","item":"https:\/\/www.limburgsuitje.nl\/de\/"},{"@type":"ListItem","position":2,"name":"Kontakt"}]},{"@type":"WebSite","@id":"https:\/\/www.limburgsuitje.nl\/de\/#website","url":"https:\/\/www.limburgsuitje.nl\/de\/","name":"Limburgsuitje","description":"Strijd als een ware schot","potentialAction":[{"@type":"SearchAction","target":{"@type":"EntryPoint","urlTemplate":"https:\/\/www.limburgsuitje.nl\/de\/?s={search_term_string}"},"query-input":{"@type":"PropertyValueSpecification","valueRequired":true,"valueName":"search_term_string"}}],"inLanguage":"de"}]}},"_links":{"self":[{"href":"https:\/\/www.limburgsuitje.nl\/de\/wp-json\/wp\/v2\/pages\/5369","targetHints":{"allow":["GET"]}}],"collection":[{"href":"https:\/\/www.limburgsuitje.nl\/de\/wp-json\/wp\/v2\/pages"}],"about":[{"href":"https:\/\/www.limburgsuitje.nl\/de\/wp-json\/wp\/v2\/types\/page"}],"author":[{"embeddable":true,"href":"https:\/\/www.limburgsuitje.nl\/de\/wp-json\/wp\/v2\/users\/2"}],"replies":[{"embeddable":true,"href":"https:\/\/www.limburgsuitje.nl\/de\/wp-json\/wp\/v2\/comments?post=5369"}],"version-history":[{"count":0,"href":"https:\/\/www.limburgsuitje.nl\/de\/wp-json\/wp\/v2\/pages\/5369\/revisions"}],"wp:attachment":[{"href":"https:\/\/www.limburgsuitje.nl\/de\/wp-json\/wp\/v2\/media?parent=5369"}],"curies":[{"name":"wp","href":"https:\/\/api.w.org\/{rel}","templated":true}]}}