{"id":5387,"date":"2018-03-12T15:46:54","date_gmt":"2018-03-12T14:46:54","guid":{"rendered":"https:\/\/www.limburgsuitje.nl\/gruppenausflug-maasbree-und-baarlo\/"},"modified":"2026-03-16T15:00:59","modified_gmt":"2026-03-16T14:00:59","slug":"gruppenausflug-maasbree-und-baarlo","status":"publish","type":"page","link":"https:\/\/www.limburgsuitje.nl\/de\/gruppenausflug-maasbree-und-baarlo\/","title":{"rendered":"Gruppenausflug Maasbree und Baarlo"},"content":{"rendered":"<p>[et_pb_section fb_built=&#8220;1&#8243; admin_label=&#8220;section&#8220; _builder_version=&#8220;4.16&#8243; global_colors_info=&#8220;{}&#8220;][et_pb_row admin_label=&#8220;Reihe&#8220; _builder_version=&#8220;4.16&#8243; background_size=&#8220;initial&#8220; background_position=&#8220;top_left&#8220; background_repeat=&#8220;repeat&#8220; global_colors_info=&#8220;{}&#8220;][et_pb_column type=&#8220;4_4&#8243; _builder_version=&#8220;4.16&#8243; custom_padding=&#8220;|||&#8220; global_colors_info=&#8220;{}&#8220; custom_padding__hover=&#8220;|||&#8220;][et_pb_text admin_label=&#8220;Text&#8220; _builder_version=&#8220;4.27.5&#8243; background_size=&#8220;initial&#8220; background_position=&#8220;top_left&#8220; background_repeat=&#8220;repeat&#8220; custom_padding=&#8220;0px|||||&#8220; use_border_color=&#8220;off&#8220; global_colors_info=&#8220;{}&#8220;]<\/p>\n<h1 data-start=\"330\" data-end=\"674\">Organisieren Sie Ihren Gruppenausflug in der N\u00e4he von Maasbree und Baarlo<\/h1>\n<p data-start=\"350\" data-end=\"703\">Einen Gruppenausflug in Baarlo oder Maasbree f\u00fcr Freunde, Familie oder einen Verein organisieren? Bei Limburgs Uitje finden Sie aktive und gesellige Gruppenausfl\u00fcge in kurzer Entfernung von beiden Orten. Von sportlichen Outdoor-Aktivit\u00e4ten bis hin zu niedrigschwelligen Gruppenspielen: Die Ausfl\u00fcge sind f\u00fcr unterschiedliche Gruppen geeignet und sorgen daf\u00fcr, dass jeder mitmachen kann.  <\/p>\n<p data-start=\"705\" data-end=\"1075\">Unsere Gruppenausfl\u00fcge finden an unserem gut erreichbaren Standort in Sevenum, in der Umgebung von Baarlo und Maasbree statt und werden von erfahrenen Instruktoren begleitet. Die Aktivit\u00e4ten sind flexibel zu gestalten und einfach auf die Zusammensetzung Ihrer Gruppe, die verf\u00fcgbare Zeit und das Budget abzustimmen. So wird der Gruppenausflug \u00fcbersichtlich, entspannt und vor allem f\u00fcr alle lustig.  <\/p>\n<p data-start=\"1077\" data-end=\"1241\">Auf dieser Seite finden Sie eine \u00dcbersicht unserer beliebtesten Gruppenaktivit\u00e4ten in der Region Baarlo und Maasbree, inklusive praktischer Informationen und h\u00e4ufig gestellter Fragen.<\/p>\n<p>[\/et_pb_text][\/et_pb_column][\/et_pb_row][\/et_pb_section][et_pb_section fb_built=&#8220;1&#8243; admin_label=&#8220;Section&#8220; _builder_version=&#8220;4.16&#8243; background_color=&#8220;#e6e6e6&#8243; transparent_background=&#8220;off&#8220; global_colors_info=&#8220;{}&#8220;][et_pb_row admin_label=&#8220;Reihe&#8220; _builder_version=&#8220;4.16&#8243; background_size=&#8220;initial&#8220; background_position=&#8220;top_left&#8220; background_repeat=&#8220;repeat&#8220; global_colors_info=&#8220;{}&#8220;][et_pb_column type=&#8220;4_4&#8243; _builder_version=&#8220;4.16&#8243; custom_padding=&#8220;|||&#8220; global_colors_info=&#8220;{}&#8220; custom_padding__hover=&#8220;|||&#8220;][et_pb_text admin_label=&#8220;Deze activiteit bestaat uit deze spellen&#8220; module_id=&#8220;spellen-titel&#8220; _builder_version=&#8220;4.27.5&#8243; background_size=&#8220;initial&#8220; background_position=&#8220;top_left&#8220; background_repeat=&#8220;repeat&#8220; text_orientation=&#8220;center&#8220; module_alignment=&#8220;center&#8220; custom_margin=&#8220;||0px|&#8220; use_border_color=&#8220;off&#8220; border_color=&#8220;#ffffff&#8220; border_style=&#8220;solid&#8220; global_colors_info=&#8220;{}&#8220;]<\/p>\n<h2>Angebot an Gruppenausfl\u00fcgen in der Umgebung von Maasbree und Baarlo<\/h2>\n<p>[\/et_pb_text][et_pb_code admin_label=&#8220;Zugeh\u00f6rige Aktivit\u00e4ten &amp; Pakete&#8220; _builder_version=&#8220;4.27.5&#8243; global_colors_info=&#8220;{}&#8220;]<ul id=\"bxslider\">\n<li class=\"slide\">\n<div class=\"spel\" style=\"width: 260px;\">\n\t<a href=\"https:\/\/www.limburgsuitje.nl\/de\/activiteit\/expedition-columbus-1\/\" title=\"Expedition Kolumbus\">\n\t\t<div>\n\t\t<div class=\"spel-thumbnail\">\n\t\t\t<img decoding=\"async\" src=\"https:\/\/www.limburgsuitje.nl\/wp-content\/uploads\/2017\/02\/expeditie-columbus-thumb.jpg\" alt=\"Expedition Kolumbus\">\n\t\t<\/div>\n\t\t<div class=\"spel-text\">\n\t\t\t<h3>Expedition Kolumbus<\/h3>\n\t\t\tOhne die unbewohnte Insel, aber genau so spannend!\n\t\t<\/div>\n\t\t<div class=\"spel-footer\">\n\t\t\t<div class=\"spel-footer-prijs\">\n\t\t\t\t\u20ac 22,95 <span class=\"pp\">p.P.<\/span> \n\t\t\t<\/div>\n\t\t\t<div class=\"spel-footer-duur\">\n\t\t\t\t2 Stunden\n\t\t\t<\/div>\n\t\t<\/div>\n\t\t<\/div>\n\t<\/a>\n<\/div>\n<\/li>\n<li class=\"slide\">\n<div class=\"spel\" style=\"width: 260px;\">\n\t<a href=\"https:\/\/www.limburgsuitje.nl\/de\/activiteit\/fungames\/\" title=\"lustige Spiele\">\n\t\t<div>\n\t\t<div class=\"spel-thumbnail\">\n\t\t\t<img decoding=\"async\" src=\"https:\/\/www.limburgsuitje.nl\/wp-content\/uploads\/2017\/01\/fun-games-thumb.jpg\" alt=\"lustige Spiele\">\n\t\t<\/div>\n\t\t<div class=\"spel-text\">\n\t\t\t<h3>lustige Spiele<\/h3>\n\t\t\tBei dieser Aktivit\u00e4t steht der Spa\u00df im Vordergrund!\n\t\t<\/div>\n\t\t<div class=\"spel-footer\">\n\t\t\t<div class=\"spel-footer-prijs\">\n\t\t\t\t\u20ac 20,50 <span class=\"pp\">p.P.<\/span> \n\t\t\t<\/div>\n\t\t\t<div class=\"spel-footer-duur\">\n\t\t\t\t2 Stunden\n\t\t\t<\/div>\n\t\t<\/div>\n\t\t<\/div>\n\t<\/a>\n<\/div>\n<\/li>\n<li class=\"slide\">\n<div class=\"spel\" style=\"width: 260px;\">\n\t<a href=\"https:\/\/www.limburgsuitje.nl\/de\/activiteit\/expedition-columbus-action\/\" title=\"Expedition Kolumbus sportlich\">\n\t\t<div>\n\t\t<div class=\"spel-thumbnail\">\n\t\t\t<img decoding=\"async\" src=\"https:\/\/www.limburgsuitje.nl\/wp-content\/uploads\/2017\/02\/expeditie-columbus-thumb.jpg\" alt=\"Expedition Kolumbus sportlich\">\n\t\t<\/div>\n\t\t<div class=\"spel-text\">\n\t\t\t<h3>Expedition Kolumbus sportlich<\/h3>\n\t\t\tSch\u00f6ner sportlicher Gruppenausflug!\n\t\t<\/div>\n\t\t<div class=\"spel-footer\">\n\t\t\t<div class=\"spel-footer-prijs\">\n\t\t\t\t\u20ac 22,95 <span class=\"pp\">p.P.<\/span> \n\t\t\t<\/div>\n\t\t\t<div class=\"spel-footer-duur\">\n\t\t\t\t2 Stunden\n\t\t\t<\/div>\n\t\t<\/div>\n\t\t<\/div>\n\t<\/a>\n<\/div>\n<\/li>\n<li class=\"slide\">\n<div class=\"spel\" style=\"width: 260px;\">\n\t<a href=\"https:\/\/www.limburgsuitje.nl\/de\/activiteit\/fungames-xl\/\" title=\"Spa\u00dfspiele XL\">\n\t\t<div>\n\t\t<div class=\"spel-thumbnail\">\n\t\t\t<img decoding=\"async\" src=\"https:\/\/www.limburgsuitje.nl\/wp-content\/uploads\/2017\/11\/flip-the-wall-thumb-1.jpg\" alt=\"Spa\u00dfspiele XL\">\n\t\t<\/div>\n\t\t<div class=\"spel-text\">\n\t\t\t<h3>Spa\u00dfspiele XL<\/h3>\n\t\t\tViel Spa\u00df bei den Spielen, aber auch eine Menge Sport.\n\t\t<\/div>\n\t\t<div class=\"spel-footer\">\n\t\t\t<div class=\"spel-footer-prijs\">\n\t\t\t\t\u20ac 24,50 <span class=\"pp\">p.P.<\/span> \n\t\t\t<\/div>\n\t\t\t<div class=\"spel-footer-duur\">\n\t\t\t\t2 Stunden\n\t\t\t<\/div>\n\t\t<\/div>\n\t\t<\/div>\n\t<\/a>\n<\/div>\n<\/li>\n<li class=\"slide\">\n<div class=\"spel\" style=\"width: 260px;\">\n\t<a href=\"https:\/\/www.limburgsuitje.nl\/de\/activiteit\/jackass\/\" title=\"Jackass\">\n\t\t<div>\n\t\t<div class=\"spel-thumbnail\">\n\t\t\t<img decoding=\"async\" src=\"https:\/\/www.limburgsuitje.nl\/wp-content\/uploads\/2017\/02\/jackass-thumb.jpg\" alt=\"Jackass\">\n\t\t<\/div>\n\t\t<div class=\"spel-text\">\n\t\t\t<h3>Jackass<\/h3>\n\t\t\tF\u00fcr wen es nicht verr\u00fcckt genug sein kann!\n\t\t<\/div>\n\t\t<div class=\"spel-footer\">\n\t\t\t<div class=\"spel-footer-prijs\">\n\t\t\t\t\u20ac 24,50 <span class=\"pp\">p.P.<\/span> \n\t\t\t<\/div>\n\t\t\t<div class=\"spel-footer-duur\">\n\t\t\t\t2 Stunden\n\t\t\t<\/div>\n\t\t<\/div>\n\t\t<\/div>\n\t<\/a>\n<\/div>\n<\/li>\n<li class=\"slide\">\n<div class=\"spel\" style=\"width: 260px;\">\n\t<a href=\"https:\/\/www.limburgsuitje.nl\/de\/activiteit\/familienmix\/\" title=\"Familienmischung\">\n\t\t<div>\n\t\t<div class=\"spel-thumbnail\">\n\t\t\t<img decoding=\"async\" src=\"https:\/\/www.limburgsuitje.nl\/wp-content\/uploads\/2017\/02\/familiemix-thumb.jpg\" alt=\"Familienmischung\">\n\t\t<\/div>\n\t\t<div class=\"spel-text\">\n\t\t\t<h3>Familienmischung<\/h3>\n\t\t\tEine Mischung aus Spielen f\u00fcr Jung und Alt! Ideal f\u00fcr einen Familientag.\n\t\t<\/div>\n\t\t<div class=\"spel-footer\">\n\t\t\t<div class=\"spel-footer-prijs\">\n\t\t\t\t\u20ac 19,95 <span class=\"pp\">p.P.<\/span> \n\t\t\t<\/div>\n\t\t\t<div class=\"spel-footer-duur\">\n\t\t\t\t2 Stunden\n\t\t\t<\/div>\n\t\t<\/div>\n\t\t<\/div>\n\t<\/a>\n<\/div>\n<\/li>\n<li class=\"slide\">\n<div class=\"spel\" style=\"width: 260px;\">\n\t<a href=\"https:\/\/www.limburgsuitje.nl\/de\/activiteit\/verrueckte-spiele\/\" title=\"Verr\u00fcckte Spiele\">\n\t\t<div>\n\t\t<div class=\"spel-thumbnail\">\n\t\t\t<img decoding=\"async\" src=\"https:\/\/www.limburgsuitje.nl\/wp-content\/uploads\/2023\/02\/draailadder-thumb.png\" alt=\"Verr\u00fcckte Spiele\">\n\t\t<\/div>\n\t\t<div class=\"spel-text\">\n\t\t\t<h3>Verr\u00fcckte Spiele<\/h3>\n\t\t\tDie verr\u00fccktesten Aktivit\u00e4ten f\u00fcr den coolsten Gruppenausflug\n\t\t<\/div>\n\t\t<div class=\"spel-footer\">\n\t\t\t<div class=\"spel-footer-prijs\">\n\t\t\t\t<span class=\"pp\">ab<\/span> \u20ac 24,50 <span class=\"pp\">p.P.<\/span> \n\t\t\t<\/div>\n\t\t\t<div class=\"spel-footer-duur\">\n\t\t\t\t2 Stunden\n\t\t\t<\/div>\n\t\t<\/div>\n\t\t<\/div>\n\t<\/a>\n<\/div>\n<\/li>\n<li class=\"slide\">\n<div class=\"spel\" style=\"width: 260px;\">\n\t<a href=\"https:\/\/www.limburgsuitje.nl\/activiteit\/de-alleskunners-indoor\/\" title=\"De alleskunner (indoor)\">\n\t\t<div>\n\t\t<div class=\"spel-thumbnail\">\n\t\t\t<img decoding=\"async\" src=\"https:\/\/www.limburgsuitje.nl\/wp-content\/uploads\/2025\/09\/alleskunner-thumb-1.jpg\" alt=\"De alleskunner (indoor)\">\n\t\t<\/div>\n\t\t<div class=\"spel-text\">\n\t\t\t<h3>De alleskunner (indoor)<\/h3>\n\t\t\tKun jij alles aan? Bewijs het in h\u00e9t ultieme uitje: De Alleskunner!\"\n\t\t<\/div>\n\t\t<div class=\"spel-footer\">\n\t\t\t<div class=\"spel-footer-prijs\">\n\t\t\t\t\u20ac 22,95 <span class=\"pp\">p.P.<\/span> \n\t\t\t<\/div>\n\t\t\t<div class=\"spel-footer-duur\">\n\t\t\t\t2 uur\n\t\t\t<\/div>\n\t\t<\/div>\n\t\t<\/div>\n\t<\/a>\n<\/div>\n<\/li>\n<li class=\"slide\">\n<div class=\"spel\" style=\"width: 260px;\">\n\t<a href=\"https:\/\/www.limburgsuitje.nl\/activiteit\/de-alleskunner-outdoor-limburg\/\" title=\"De Alleskunner (outdoor)\">\n\t\t<div>\n\t\t<div class=\"spel-thumbnail\">\n\t\t\t<img decoding=\"async\" src=\"https:\/\/www.limburgsuitje.nl\/wp-content\/uploads\/2025\/09\/alleskunner-thumb-1.jpg\" alt=\"De Alleskunner (outdoor)\">\n\t\t<\/div>\n\t\t<div class=\"spel-text\">\n\t\t\t<h3>De Alleskunner (outdoor)<\/h3>\n\t\t\tHet populaire tv programma, nu ook als uitje te boeken.\n\t\t<\/div>\n\t\t<div class=\"spel-footer\">\n\t\t\t<div class=\"spel-footer-prijs\">\n\t\t\t\t\u20ac 22,95 <span class=\"pp\">p.P.<\/span> \n\t\t\t<\/div>\n\t\t\t<div class=\"spel-footer-duur\">\n\t\t\t\t2 uur\n\t\t\t<\/div>\n\t\t<\/div>\n\t\t<\/div>\n\t<\/a>\n<\/div>\n<\/li>\n<\/ul>\n<script type=\"text\/javascript\">\t\t$('#bxslider').bxSlider({\t\tauto: false, mode: 'horizontal', slideSelector: 'li.slide', easing: 'ease', slideWidth: 260, minSlides: 1, maxSlides: 4, slideMargin: 33, moveSlides: 1, shrinkItems: false});<\/script><script type=\"text\/javascript\">\t\t$(document).ready(function(){ $('#bxslider').bxSlider(); });<\/script>[\/et_pb_code][et_pb_text admin_label=&#8220;Deze activiteit bestaat uit deze spellen&#8220; module_id=&#8220;spellen-titel&#8220; _builder_version=&#8220;4.27.5&#8243; background_size=&#8220;initial&#8220; background_position=&#8220;top_left&#8220; background_repeat=&#8220;repeat&#8220; text_orientation=&#8220;center&#8220; module_alignment=&#8220;center&#8220; custom_margin=&#8220;||0px|&#8220; use_border_color=&#8220;off&#8220; border_color=&#8220;#ffffff&#8220; border_style=&#8220;solid&#8220; global_colors_info=&#8220;{}&#8220;]<\/p>\n<h2>Die am h\u00e4ufigsten gestellten Fragen zu unseren Gruppenausfl\u00fcgen<\/h2>\n<p>[\/et_pb_text][et_pb_accordion _builder_version=&#8220;4.27.5&#8243; _module_preset=&#8220;default&#8220; global_colors_info=&#8220;{}&#8220;][et_pb_accordion_item title=&#8220;Wie weit ist Limburgs Uitje von Maasbree entfernt?&#8220; open=&#8220;on&#8220; _builder_version=&#8220;4.27.5&#8243; _module_preset=&#8220;default&#8220; global_colors_info=&#8220;{}&#8220;]<\/p>\n<p data-start=\"58\" data-end=\"325\">Limburgs Uitje ist nur 10 Autominuten von Maasbree entfernt. Mit dem Fahrrad sind es etwa 30 Minuten. Es gibt leider keine guten \u00f6ffentlichen Verkehrsmittel zwischen diesen Orten.  <\/p>\n<p>[\/et_pb_accordion_item][et_pb_accordion_item title=&#8220;Wie weit ist Limburgs Uitje von Baarlo entfernt?&#8220; open=&#8220;off&#8220; _builder_version=&#8220;4.27.5&#8243; _module_preset=&#8220;default&#8220; global_colors_info=&#8220;{}&#8220;]<\/p>\n<p data-start=\"58\" data-end=\"325\">Limburgs Uitje ist nur 15 Autominuten von Baarlo entfernt. Mit dem Fahrrad sind es etwa 45 Minuten. Es gibt leider keine guten \u00f6ffentlichen Verkehrsmittel zwischen diesen Orten.  <\/p>\n<p>[\/et_pb_accordion_item][et_pb_accordion_item title=&#8220;F\u00fcr wie viele Personen ist ein Gruppenausflug geeignet?&#8220; _builder_version=&#8220;4.27.5&#8243; _module_preset=&#8220;default&#8220; global_colors_info=&#8220;{}&#8220; open=&#8220;off&#8220;]<\/p>\n<p>Unsere Programme sind f\u00fcr kleine Gruppen ab 10 Personen bis hin zu gro\u00dfen Gesellschaften mit Hunderten von Mitarbeitern geeignet. Wir passen das Konzept an die Gruppengr\u00f6\u00dfe an. <\/p>\n<p>[\/et_pb_accordion_item][et_pb_accordion_item title=&#8220;Welche Arten von Gruppenausfl\u00fcgen bieten Sie an?&#8220; _builder_version=&#8220;4.27.5&#8243; _module_preset=&#8220;default&#8220; global_colors_info=&#8220;{}&#8220; open=&#8220;off&#8220;]<\/p>\n<p>Wir haben alles: aktive Spiele, Outdoor-Challenges, kreative Workshops, Citygames, kulinarische Routen, Spielprogramme und Teambuilding-Events.<\/p>\n<p>[\/et_pb_accordion_item][et_pb_accordion_item title=&#8220;K\u00f6nnen wir den Gruppenausflug auf unsere Gruppe abstimmen (Alter, Interessen, Niveau)?&#8220; _builder_version=&#8220;4.27.5&#8243; _module_preset=&#8220;default&#8220; global_colors_info=&#8220;{}&#8220; open=&#8220;off&#8220;]<\/p>\n<p>Ja. Wir passen das Programm an die Zusammensetzung und W\u00fcnsche Ihrer Gruppe an.<\/p>\n<p>[\/et_pb_accordion_item][et_pb_accordion_item title=&#8220;Gibt es M\u00f6glichkeiten f\u00fcr Transport oder \u00dcbernachtung?&#8220; _builder_version=&#8220;4.27.5&#8243; _module_preset=&#8220;default&#8220; global_colors_info=&#8220;{}&#8220; open=&#8220;off&#8220;]<\/p>\n<p>Ja, wir haben verschiedene Partner, an die Sie sich f\u00fcr Transport und eine \u00dcbernachtung wenden k\u00f6nnen. Auf unserer Seite \u201e<a href=\"https:\/\/www.limburgsuitje.nl\/de\/links\/\" target=\"_blank\" rel=\"noopener\">Umgebung<\/a>\u201c finden Sie bereits ein gro\u00dfes Angebot. <\/p>\n<p>[\/et_pb_accordion_item][et_pb_accordion_item title=&#8220;Wie lauten die Stornierungsbedingungen?&#8220; _builder_version=&#8220;4.27.5&#8243; _module_preset=&#8220;default&#8220; global_colors_info=&#8220;{}&#8220; open=&#8220;off&#8220;]<\/p>\n<p>Die folgenden Stornierungsbedingungen gelten f\u00fcr alle unsere Aktivit\u00e4ten:<\/p>\n<ul>\n<li>Bei K\u00fcndigung bis zu 1 Monat im Voraus: Keine Geb\u00fchr<\/li>\n<li>Stornierung von 1 Monat bis zu 1 Woche im Voraus: 20% des Preises<\/li>\n<li>Stornierung ab 7 Tage bis 3 Tage vor Beginn: 50% des Preises<\/li>\n<li>Bei Stornierung 3 Tage oder mehr vor Kursbeginn: 100% des Preises<\/li>\n<\/ul>\n<p>Aber in der Beratung ist vieles m\u00f6glich. Der Grund daf\u00fcr ist, dass wir auch Personalpl\u00e4ne haben, die wir sp\u00e4ter nicht mehr \u00e4ndern k\u00f6nnen. Selbst wenn Essen und Trinken gebucht w\u00fcrden, blieben immer noch Kosten f\u00fcr uns \u00fcbrig. Es soll also nicht l\u00e4stig sein, sondern notwendig, weil wir auch nur ein Unternehmen sind.<\/p>\n<p>[\/et_pb_accordion_item][et_pb_accordion_item title=&#8220;Ist der Gruppenausflug f\u00fcr Betriebsausfl\u00fcge, Familien oder Freunde geeignet?&#8220; _builder_version=&#8220;4.27.5&#8243; _module_preset=&#8220;default&#8220; global_colors_info=&#8220;{}&#8220; open=&#8220;off&#8220;]<\/p>\n<p>Ja, wir haben Optionen f\u00fcr alle Arten von Gruppen: Kollegen, Familien, Freundesgruppen, Vereine usw.<\/p>\n<p>[\/et_pb_accordion_item][et_pb_accordion_item title=&#8220;Ich habe eine andere Frage&#8220; _builder_version=&#8220;4.27.5&#8243; _module_preset=&#8220;default&#8220; global_colors_info=&#8220;{}&#8220; open=&#8220;off&#8220;]<\/p>\n<p>Haben Sie noch Fragen, die sich nicht speziell auf einen Gruppenausflug beziehen? Dann schauen Sie auf unserer allgemeinen <a href=\"https:\/\/www.limburgsuitje.nl\/de\/faq\/\">FAQ<\/a>-Seite nach. Wenn Ihre Frage dort nicht beantwortet wird, nehmen Sie bitte <a href=\"https:\/\/www.limburgsuitje.nl\/de\/kontakt\/\" target=\"_blank\" rel=\"noopener\">Kontakt<\/a> mit uns auf.  <\/p>\n<p>[\/et_pb_accordion_item][\/et_pb_accordion][\/et_pb_column][\/et_pb_row][\/et_pb_section]<\/p>\n","protected":false},"excerpt":{"rendered":"<p>Organisieren Sie Ihren Gruppenausflug in der N\u00e4he von Maasbree und Baarlo Einen Gruppenausflug in Baarlo oder Maasbree f\u00fcr Freunde, Familie oder einen Verein organisieren? Bei Limburgs Uitje finden Sie aktive und gesellige Gruppenausfl\u00fcge in kurzer Entfernung von beiden Orten. Von sportlichen Outdoor-Aktivit\u00e4ten bis hin zu niedrigschwelligen Gruppenspielen: Die Ausfl\u00fcge sind f\u00fcr unterschiedliche Gruppen geeignet und [&hellip;]<\/p>\n","protected":false},"author":2,"featured_media":0,"parent":0,"menu_order":0,"comment_status":"closed","ping_status":"closed","template":"","meta":{"_acf_changed":false,"_et_pb_use_builder":"on","_et_pb_old_content":"","_et_gb_content_width":"","footnotes":""},"class_list":["post-5387","page","type-page","status-publish","hentry"],"acf":[],"yoast_head":"<!-- This site is optimized with the Yoast SEO plugin v27.5 - https:\/\/yoast.com\/product\/yoast-seo-wordpress\/ -->\n<title>Gruppenausflug in Baarlo oder Maasbree organisieren? 10 Min. Fahrt<\/title>\n<meta name=\"description\" content=\"Auf der Suche nach einem Gruppenausflug in Maasbree oder Baarlo? Entdecke tolle und aktive Ausfl\u00fcge in Limburg f\u00fcr Freunde, Familie oder Kollegen.\" \/>\n<meta name=\"robots\" content=\"index, follow, max-snippet:-1, max-image-preview:large, max-video-preview:-1\" \/>\n<link rel=\"canonical\" href=\"https:\/\/www.limburgsuitje.nl\/de\/gruppenausflug-maasbree-und-baarlo\/\" \/>\n<meta property=\"og:locale\" content=\"de_DE\" \/>\n<meta property=\"og:type\" content=\"article\" \/>\n<meta property=\"og:title\" content=\"Gruppenausflug in Baarlo oder Maasbree organisieren? 10 Min. Fahrt\" \/>\n<meta property=\"og:description\" content=\"Auf der Suche nach einem Gruppenausflug in Maasbree oder Baarlo? Entdecke tolle und aktive Ausfl\u00fcge in Limburg f\u00fcr Freunde, Familie oder Kollegen.\" \/>\n<meta property=\"og:url\" content=\"https:\/\/www.limburgsuitje.nl\/de\/gruppenausflug-maasbree-und-baarlo\/\" \/>\n<meta property=\"og:site_name\" content=\"Limburgsuitje\" \/>\n<meta property=\"article:publisher\" content=\"https:\/\/www.facebook.com\/limburgsuitje\/\" \/>\n<meta property=\"article:modified_time\" content=\"2026-03-16T14:00:59+00:00\" \/>\n<meta name=\"twitter:card\" content=\"summary_large_image\" \/>\n<meta name=\"twitter:label1\" content=\"Gesch\u00e4tzte Lesezeit\" \/>\n\t<meta name=\"twitter:data1\" content=\"5\u00a0Minuten\" \/>\n<script type=\"application\/ld+json\" class=\"yoast-schema-graph\">{\"@context\":\"https:\\\/\\\/schema.org\",\"@graph\":[{\"@type\":\"WebPage\",\"@id\":\"https:\\\/\\\/www.limburgsuitje.nl\\\/de\\\/gruppenausflug-maasbree-und-baarlo\\\/\",\"url\":\"https:\\\/\\\/www.limburgsuitje.nl\\\/de\\\/gruppenausflug-maasbree-und-baarlo\\\/\",\"name\":\"Gruppenausflug in Baarlo oder Maasbree organisieren? 10 Min. Fahrt\",\"isPartOf\":{\"@id\":\"https:\\\/\\\/www.limburgsuitje.nl\\\/de\\\/#website\"},\"datePublished\":\"2018-03-12T14:46:54+00:00\",\"dateModified\":\"2026-03-16T14:00:59+00:00\",\"description\":\"Auf der Suche nach einem Gruppenausflug in Maasbree oder Baarlo? Entdecke tolle und aktive Ausfl\u00fcge in Limburg f\u00fcr Freunde, Familie oder Kollegen.\",\"breadcrumb\":{\"@id\":\"https:\\\/\\\/www.limburgsuitje.nl\\\/de\\\/gruppenausflug-maasbree-und-baarlo\\\/#breadcrumb\"},\"inLanguage\":\"de\",\"potentialAction\":[{\"@type\":\"ReadAction\",\"target\":[\"https:\\\/\\\/www.limburgsuitje.nl\\\/de\\\/gruppenausflug-maasbree-und-baarlo\\\/\"]}]},{\"@type\":\"BreadcrumbList\",\"@id\":\"https:\\\/\\\/www.limburgsuitje.nl\\\/de\\\/gruppenausflug-maasbree-und-baarlo\\\/#breadcrumb\",\"itemListElement\":[{\"@type\":\"ListItem\",\"position\":1,\"name\":\"Home\",\"item\":\"https:\\\/\\\/www.limburgsuitje.nl\\\/de\\\/\"},{\"@type\":\"ListItem\",\"position\":2,\"name\":\"Gruppenausflug Maasbree und Baarlo\"}]},{\"@type\":\"WebSite\",\"@id\":\"https:\\\/\\\/www.limburgsuitje.nl\\\/de\\\/#website\",\"url\":\"https:\\\/\\\/www.limburgsuitje.nl\\\/de\\\/\",\"name\":\"Limburgsuitje\",\"description\":\"Strijd als een ware schot\",\"potentialAction\":[{\"@type\":\"SearchAction\",\"target\":{\"@type\":\"EntryPoint\",\"urlTemplate\":\"https:\\\/\\\/www.limburgsuitje.nl\\\/de\\\/?s={search_term_string}\"},\"query-input\":{\"@type\":\"PropertyValueSpecification\",\"valueRequired\":true,\"valueName\":\"search_term_string\"}}],\"inLanguage\":\"de\"}]}<\/script>\n<!-- \/ Yoast SEO plugin. -->","yoast_head_json":{"title":"Gruppenausflug in Baarlo oder Maasbree organisieren? 10 Min. Fahrt","description":"Auf der Suche nach einem Gruppenausflug in Maasbree oder Baarlo? Entdecke tolle und aktive Ausfl\u00fcge in Limburg f\u00fcr Freunde, Familie oder Kollegen.","robots":{"index":"index","follow":"follow","max-snippet":"max-snippet:-1","max-image-preview":"max-image-preview:large","max-video-preview":"max-video-preview:-1"},"canonical":"https:\/\/www.limburgsuitje.nl\/de\/gruppenausflug-maasbree-und-baarlo\/","og_locale":"de_DE","og_type":"article","og_title":"Gruppenausflug in Baarlo oder Maasbree organisieren? 10 Min. Fahrt","og_description":"Auf der Suche nach einem Gruppenausflug in Maasbree oder Baarlo? Entdecke tolle und aktive Ausfl\u00fcge in Limburg f\u00fcr Freunde, Familie oder Kollegen.","og_url":"https:\/\/www.limburgsuitje.nl\/de\/gruppenausflug-maasbree-und-baarlo\/","og_site_name":"Limburgsuitje","article_publisher":"https:\/\/www.facebook.com\/limburgsuitje\/","article_modified_time":"2026-03-16T14:00:59+00:00","twitter_card":"summary_large_image","twitter_misc":{"Gesch\u00e4tzte Lesezeit":"5\u00a0Minuten"},"schema":{"@context":"https:\/\/schema.org","@graph":[{"@type":"WebPage","@id":"https:\/\/www.limburgsuitje.nl\/de\/gruppenausflug-maasbree-und-baarlo\/","url":"https:\/\/www.limburgsuitje.nl\/de\/gruppenausflug-maasbree-und-baarlo\/","name":"Gruppenausflug in Baarlo oder Maasbree organisieren? 10 Min. Fahrt","isPartOf":{"@id":"https:\/\/www.limburgsuitje.nl\/de\/#website"},"datePublished":"2018-03-12T14:46:54+00:00","dateModified":"2026-03-16T14:00:59+00:00","description":"Auf der Suche nach einem Gruppenausflug in Maasbree oder Baarlo? Entdecke tolle und aktive Ausfl\u00fcge in Limburg f\u00fcr Freunde, Familie oder Kollegen.","breadcrumb":{"@id":"https:\/\/www.limburgsuitje.nl\/de\/gruppenausflug-maasbree-und-baarlo\/#breadcrumb"},"inLanguage":"de","potentialAction":[{"@type":"ReadAction","target":["https:\/\/www.limburgsuitje.nl\/de\/gruppenausflug-maasbree-und-baarlo\/"]}]},{"@type":"BreadcrumbList","@id":"https:\/\/www.limburgsuitje.nl\/de\/gruppenausflug-maasbree-und-baarlo\/#breadcrumb","itemListElement":[{"@type":"ListItem","position":1,"name":"Home","item":"https:\/\/www.limburgsuitje.nl\/de\/"},{"@type":"ListItem","position":2,"name":"Gruppenausflug Maasbree und Baarlo"}]},{"@type":"WebSite","@id":"https:\/\/www.limburgsuitje.nl\/de\/#website","url":"https:\/\/www.limburgsuitje.nl\/de\/","name":"Limburgsuitje","description":"Strijd als een ware schot","potentialAction":[{"@type":"SearchAction","target":{"@type":"EntryPoint","urlTemplate":"https:\/\/www.limburgsuitje.nl\/de\/?s={search_term_string}"},"query-input":{"@type":"PropertyValueSpecification","valueRequired":true,"valueName":"search_term_string"}}],"inLanguage":"de"}]}},"_links":{"self":[{"href":"https:\/\/www.limburgsuitje.nl\/de\/wp-json\/wp\/v2\/pages\/5387","targetHints":{"allow":["GET"]}}],"collection":[{"href":"https:\/\/www.limburgsuitje.nl\/de\/wp-json\/wp\/v2\/pages"}],"about":[{"href":"https:\/\/www.limburgsuitje.nl\/de\/wp-json\/wp\/v2\/types\/page"}],"author":[{"embeddable":true,"href":"https:\/\/www.limburgsuitje.nl\/de\/wp-json\/wp\/v2\/users\/2"}],"replies":[{"embeddable":true,"href":"https:\/\/www.limburgsuitje.nl\/de\/wp-json\/wp\/v2\/comments?post=5387"}],"version-history":[{"count":3,"href":"https:\/\/www.limburgsuitje.nl\/de\/wp-json\/wp\/v2\/pages\/5387\/revisions"}],"predecessor-version":[{"id":12861,"href":"https:\/\/www.limburgsuitje.nl\/de\/wp-json\/wp\/v2\/pages\/5387\/revisions\/12861"}],"wp:attachment":[{"href":"https:\/\/www.limburgsuitje.nl\/de\/wp-json\/wp\/v2\/media?parent=5387"}],"curies":[{"name":"wp","href":"https:\/\/api.w.org\/{rel}","templated":true}]}}