{"id":5391,"date":"2017-02-17T13:46:28","date_gmt":"2017-02-17T12:46:28","guid":{"rendered":"https:\/\/www.limburgsuitje.nl\/haftungsausschluss\/"},"modified":"2026-02-20T14:00:35","modified_gmt":"2026-02-20T13:00:35","slug":"haftungsausschluss","status":"publish","type":"page","link":"https:\/\/www.limburgsuitje.nl\/de\/haftungsausschluss\/","title":{"rendered":"Haftungsausschluss"},"content":{"rendered":"<p>[et_pb_section fb_built=&#8220;1&#8243; admin_label=&#8220;section&#8220; _builder_version=&#8220;4.16&#8243; global_colors_info=&#8220;{}&#8220;][et_pb_row admin_label=&#8220;Reihe&#8220; _builder_version=&#8220;4.16&#8243; background_size=&#8220;initial&#8220; background_position=&#8220;top_left&#8220; background_repeat=&#8220;repeat&#8220; global_colors_info=&#8220;{}&#8220;][et_pb_column type=&#8220;4_4&#8243; _builder_version=&#8220;4.16&#8243; custom_padding=&#8220;|||&#8220; global_colors_info=&#8220;{}&#8220; custom_padding__hover=&#8220;|||&#8220;][et_pb_post_title meta=&#8220;off&#8220; featured_image=&#8220;off&#8220; admin_label=&#8220;Titel bericht&#8220; _builder_version=&#8220;4.27.5&#8243; hover_enabled=&#8220;0&#8243; parallax_effect=&#8220;off&#8220; use_border_color=&#8220;off&#8220; border_color=&#8220;#ffffff&#8220; border_style=&#8220;solid&#8220; global_colors_info=&#8220;{}&#8220; sticky_enabled=&#8220;0&#8243;][\/et_pb_post_title][et_pb_text admin_label=&#8220;Tekst&#8220; _builder_version=&#8220;4.27.5&#8243; background_size=&#8220;initial&#8220; background_position=&#8220;top_left&#8220; background_repeat=&#8220;repeat&#8220; hover_enabled=&#8220;0&#8243; use_border_color=&#8220;off&#8220; border_color=&#8220;#ffffff&#8220; border_style=&#8220;solid&#8220; global_colors_info=&#8220;{}&#8220; sticky_enabled=&#8220;0&#8243;]<\/p>\n<p data-start=\"98\" data-end=\"307\"><span class=\"hover:entity-accent entity-underline inline cursor-pointer align-baseline\"><span class=\"whitespace-normal\">Limburgs Uitje<\/span><\/span> stellt diese Website mit gro\u00dfer Sorgfalt zusammen. Dennoch k\u00f6nnen wir nicht garantieren, dass alle Informationen vollst\u00e4ndig, richtig und aktuell sind. Fehler oder Unvollst\u00e4ndigkeiten k\u00f6nnen vorkommen.  <\/p>\n<p data-start=\"309\" data-end=\"419\">Wir passen den Inhalt regelm\u00e4\u00dfig an. \u00c4nderungen k\u00f6nnen wir jederzeit und ohne Ank\u00fcndigung vornehmen. <\/p>\n<p data-start=\"421\" data-end=\"558\">Wir haften nicht f\u00fcr Sch\u00e4den, die durch die Nutzung dieser Website oder durch deren vor\u00fcbergehende Nichtverf\u00fcgbarkeit entstehen.<\/p>\n<h2 data-start=\"565\" data-end=\"577\">Urheberrecht<\/h2>\n<p data-start=\"579\" data-end=\"700\">Diese Website unterliegt dem Urheberrecht. Du darfst die Website ansehen, herunterladen und eine einzelne Kopie f\u00fcr den eigenen Gebrauch ausdrucken. <\/p>\n<p data-start=\"702\" data-end=\"817\">Ohne unsere schriftliche Genehmigung darfst du diese Website (oder Teile davon) nicht kopieren, verbreiten oder ver\u00f6ffentlichen.<\/p>\n<h2 data-start=\"824\" data-end=\"852\">Urheberrechte Dritter<\/h2>\n<p data-start=\"854\" data-end=\"941\">Wir gehen davon aus, dass wir Texte und Bilder mit Genehmigung oder lizenzfrei verwenden.<\/p>\n<p data-start=\"943\" data-end=\"1082\">Glaubst du, dass Material von dir zu Unrecht ver\u00f6ffentlicht wurde? Dann kontaktieren Sie uns bitte. Wir entfernen das entsprechende Material innerhalb von 48 Stunden.<\/p>\n<h2 data-start=\"1089\" data-end=\"1109\">Haftung<\/h2>\n<p data-start=\"1111\" data-end=\"1272\" data-is-last-node=\"\" data-is-only-node=\"\">Wir haften nicht f\u00fcr direkte oder indirekte Sch\u00e4den, die durch die Nutzung dieser Website oder durch Informationen, die du \u00fcber diese Website erh\u00e4ltst, entstehen.<\/p>\n<p>[\/et_pb_text][\/et_pb_column][\/et_pb_row][\/et_pb_section]<\/p>\n","protected":false},"excerpt":{"rendered":"<p>Limburgs Uitje stellt diese Website mit gro\u00dfer Sorgfalt zusammen. Dennoch k\u00f6nnen wir nicht garantieren, dass alle Informationen vollst\u00e4ndig, richtig und aktuell sind. Fehler oder Unvollst\u00e4ndigkeiten k\u00f6nnen vorkommen. Wir passen den Inhalt regelm\u00e4\u00dfig an. \u00c4nderungen k\u00f6nnen wir jederzeit und ohne Ank\u00fcndigung vornehmen. Wir haften nicht f\u00fcr Sch\u00e4den, die durch die Nutzung dieser Website oder durch deren [&hellip;]<\/p>\n","protected":false},"author":2,"featured_media":0,"parent":0,"menu_order":0,"comment_status":"closed","ping_status":"closed","template":"","meta":{"_acf_changed":false,"_et_pb_use_builder":"on","_et_pb_old_content":"","_et_gb_content_width":"","footnotes":""},"class_list":["post-5391","page","type-page","status-publish","hentry"],"acf":[],"yoast_head":"<!-- This site is optimized with the Yoast SEO plugin v27.4 - https:\/\/yoast.com\/product\/yoast-seo-wordpress\/ -->\n<title>Disclaimer von Limburgs Uitje<\/title>\n<meta name=\"description\" content=\"Hier findest du den Disclaimer von Limburgs Uitje. Hast du noch Fragen? Dann kontaktiere uns einfach per E-Mail oder Telefon.\" \/>\n<meta name=\"robots\" content=\"index, follow, max-snippet:-1, max-image-preview:large, max-video-preview:-1\" \/>\n<link rel=\"canonical\" href=\"https:\/\/www.limburgsuitje.nl\/de\/haftungsausschluss\/\" \/>\n<meta property=\"og:locale\" content=\"de_DE\" \/>\n<meta property=\"og:type\" content=\"article\" \/>\n<meta property=\"og:title\" content=\"Disclaimer von Limburgs Uitje\" \/>\n<meta property=\"og:description\" content=\"Hier findest du den Disclaimer von Limburgs Uitje. Hast du noch Fragen? Dann kontaktiere uns einfach per E-Mail oder Telefon.\" \/>\n<meta property=\"og:url\" content=\"https:\/\/www.limburgsuitje.nl\/de\/haftungsausschluss\/\" \/>\n<meta property=\"og:site_name\" content=\"Limburgsuitje\" \/>\n<meta property=\"article:publisher\" content=\"https:\/\/www.facebook.com\/limburgsuitje\/\" \/>\n<meta property=\"article:modified_time\" content=\"2026-02-20T13:00:35+00:00\" \/>\n<meta name=\"twitter:card\" content=\"summary_large_image\" \/>\n<meta name=\"twitter:label1\" content=\"Gesch\u00e4tzte Lesezeit\" \/>\n\t<meta name=\"twitter:data1\" content=\"2\u00a0Minuten\" \/>\n<script type=\"application\/ld+json\" class=\"yoast-schema-graph\">{\"@context\":\"https:\\\/\\\/schema.org\",\"@graph\":[{\"@type\":\"WebPage\",\"@id\":\"https:\\\/\\\/www.limburgsuitje.nl\\\/de\\\/haftungsausschluss\\\/\",\"url\":\"https:\\\/\\\/www.limburgsuitje.nl\\\/de\\\/haftungsausschluss\\\/\",\"name\":\"Disclaimer von Limburgs Uitje\",\"isPartOf\":{\"@id\":\"https:\\\/\\\/www.limburgsuitje.nl\\\/de\\\/#website\"},\"datePublished\":\"2017-02-17T12:46:28+00:00\",\"dateModified\":\"2026-02-20T13:00:35+00:00\",\"description\":\"Hier findest du den Disclaimer von Limburgs Uitje. Hast du noch Fragen? Dann kontaktiere uns einfach per E-Mail oder Telefon.\",\"breadcrumb\":{\"@id\":\"https:\\\/\\\/www.limburgsuitje.nl\\\/de\\\/haftungsausschluss\\\/#breadcrumb\"},\"inLanguage\":\"de\",\"potentialAction\":[{\"@type\":\"ReadAction\",\"target\":[\"https:\\\/\\\/www.limburgsuitje.nl\\\/de\\\/haftungsausschluss\\\/\"]}]},{\"@type\":\"BreadcrumbList\",\"@id\":\"https:\\\/\\\/www.limburgsuitje.nl\\\/de\\\/haftungsausschluss\\\/#breadcrumb\",\"itemListElement\":[{\"@type\":\"ListItem\",\"position\":1,\"name\":\"Home\",\"item\":\"https:\\\/\\\/www.limburgsuitje.nl\\\/de\\\/\"},{\"@type\":\"ListItem\",\"position\":2,\"name\":\"Haftungsausschluss\"}]},{\"@type\":\"WebSite\",\"@id\":\"https:\\\/\\\/www.limburgsuitje.nl\\\/de\\\/#website\",\"url\":\"https:\\\/\\\/www.limburgsuitje.nl\\\/de\\\/\",\"name\":\"Limburgsuitje\",\"description\":\"Strijd als een ware schot\",\"potentialAction\":[{\"@type\":\"SearchAction\",\"target\":{\"@type\":\"EntryPoint\",\"urlTemplate\":\"https:\\\/\\\/www.limburgsuitje.nl\\\/de\\\/?s={search_term_string}\"},\"query-input\":{\"@type\":\"PropertyValueSpecification\",\"valueRequired\":true,\"valueName\":\"search_term_string\"}}],\"inLanguage\":\"de\"}]}<\/script>\n<!-- \/ Yoast SEO plugin. -->","yoast_head_json":{"title":"Disclaimer von Limburgs Uitje","description":"Hier findest du den Disclaimer von Limburgs Uitje. Hast du noch Fragen? Dann kontaktiere uns einfach per E-Mail oder Telefon.","robots":{"index":"index","follow":"follow","max-snippet":"max-snippet:-1","max-image-preview":"max-image-preview:large","max-video-preview":"max-video-preview:-1"},"canonical":"https:\/\/www.limburgsuitje.nl\/de\/haftungsausschluss\/","og_locale":"de_DE","og_type":"article","og_title":"Disclaimer von Limburgs Uitje","og_description":"Hier findest du den Disclaimer von Limburgs Uitje. Hast du noch Fragen? Dann kontaktiere uns einfach per E-Mail oder Telefon.","og_url":"https:\/\/www.limburgsuitje.nl\/de\/haftungsausschluss\/","og_site_name":"Limburgsuitje","article_publisher":"https:\/\/www.facebook.com\/limburgsuitje\/","article_modified_time":"2026-02-20T13:00:35+00:00","twitter_card":"summary_large_image","twitter_misc":{"Gesch\u00e4tzte Lesezeit":"2\u00a0Minuten"},"schema":{"@context":"https:\/\/schema.org","@graph":[{"@type":"WebPage","@id":"https:\/\/www.limburgsuitje.nl\/de\/haftungsausschluss\/","url":"https:\/\/www.limburgsuitje.nl\/de\/haftungsausschluss\/","name":"Disclaimer von Limburgs Uitje","isPartOf":{"@id":"https:\/\/www.limburgsuitje.nl\/de\/#website"},"datePublished":"2017-02-17T12:46:28+00:00","dateModified":"2026-02-20T13:00:35+00:00","description":"Hier findest du den Disclaimer von Limburgs Uitje. Hast du noch Fragen? Dann kontaktiere uns einfach per E-Mail oder Telefon.","breadcrumb":{"@id":"https:\/\/www.limburgsuitje.nl\/de\/haftungsausschluss\/#breadcrumb"},"inLanguage":"de","potentialAction":[{"@type":"ReadAction","target":["https:\/\/www.limburgsuitje.nl\/de\/haftungsausschluss\/"]}]},{"@type":"BreadcrumbList","@id":"https:\/\/www.limburgsuitje.nl\/de\/haftungsausschluss\/#breadcrumb","itemListElement":[{"@type":"ListItem","position":1,"name":"Home","item":"https:\/\/www.limburgsuitje.nl\/de\/"},{"@type":"ListItem","position":2,"name":"Haftungsausschluss"}]},{"@type":"WebSite","@id":"https:\/\/www.limburgsuitje.nl\/de\/#website","url":"https:\/\/www.limburgsuitje.nl\/de\/","name":"Limburgsuitje","description":"Strijd als een ware schot","potentialAction":[{"@type":"SearchAction","target":{"@type":"EntryPoint","urlTemplate":"https:\/\/www.limburgsuitje.nl\/de\/?s={search_term_string}"},"query-input":{"@type":"PropertyValueSpecification","valueRequired":true,"valueName":"search_term_string"}}],"inLanguage":"de"}]}},"_links":{"self":[{"href":"https:\/\/www.limburgsuitje.nl\/de\/wp-json\/wp\/v2\/pages\/5391","targetHints":{"allow":["GET"]}}],"collection":[{"href":"https:\/\/www.limburgsuitje.nl\/de\/wp-json\/wp\/v2\/pages"}],"about":[{"href":"https:\/\/www.limburgsuitje.nl\/de\/wp-json\/wp\/v2\/types\/page"}],"author":[{"embeddable":true,"href":"https:\/\/www.limburgsuitje.nl\/de\/wp-json\/wp\/v2\/users\/2"}],"replies":[{"embeddable":true,"href":"https:\/\/www.limburgsuitje.nl\/de\/wp-json\/wp\/v2\/comments?post=5391"}],"version-history":[{"count":0,"href":"https:\/\/www.limburgsuitje.nl\/de\/wp-json\/wp\/v2\/pages\/5391\/revisions"}],"wp:attachment":[{"href":"https:\/\/www.limburgsuitje.nl\/de\/wp-json\/wp\/v2\/media?parent=5391"}],"curies":[{"name":"wp","href":"https:\/\/api.w.org\/{rel}","templated":true}]}}