{"id":5419,"date":"2017-02-17T13:57:21","date_gmt":"2017-02-17T12:57:21","guid":{"rendered":"https:\/\/www.limburgsuitje.nl\/junggesellenabschied-limburg\/"},"modified":"2026-03-16T15:19:18","modified_gmt":"2026-03-16T14:19:18","slug":"junggesellenabschied-limburg","status":"publish","type":"page","link":"https:\/\/www.limburgsuitje.nl\/de\/junggesellenabschied-limburg\/","title":{"rendered":"Junggesellenabschied Limburg"},"content":{"rendered":"<p>[et_pb_section fb_built=&#8220;1&#8243; admin_label=&#8220;section&#8220; _builder_version=&#8220;4.16&#8243; global_colors_info=&#8220;{}&#8220;][et_pb_row admin_label=&#8220;Reihe&#8220; _builder_version=&#8220;4.16&#8243; background_size=&#8220;initial&#8220; background_position=&#8220;top_left&#8220; background_repeat=&#8220;repeat&#8220; global_colors_info=&#8220;{}&#8220;][et_pb_column type=&#8220;4_4&#8243; _builder_version=&#8220;4.16&#8243; custom_padding=&#8220;|||&#8220; global_colors_info=&#8220;{}&#8220; custom_padding__hover=&#8220;|||&#8220;][et_pb_text admin_label=&#8220;Text&#8220; _builder_version=&#8220;4.27.5&#8243; background_size=&#8220;initial&#8220; background_position=&#8220;top_left&#8220; background_repeat=&#8220;repeat&#8220; use_border_color=&#8220;off&#8220; border_color=&#8220;#ffffff&#8220; border_style=&#8220;solid&#8220; global_colors_info=&#8220;{}&#8220;]<\/p>\n<h1 data-start=\"334\" data-end=\"711\">Organisiere deinen Junggesellenabschied in Limburg<\/h1>\n<p data-start=\"334\" data-end=\"711\">Einen Junggesellenabschied in Limburg organisieren, der wirklich Spa\u00df f\u00fcr die ganze Gruppe macht? Bei Limburgs Uitje findest du originelle und aktive Junggesellenabschiede f\u00fcr M\u00e4nner, Frauen und gemischte Gruppen. Von sportlichen Herausforderungen bis hin zu geselligen Gruppenaktivit\u00e4ten: Alles dreht sich darum, gemeinsam zu lachen, etwas zu erleben und Erinnerungen zu schaffen, die etwas besser sind als die \u00fcbliche Kneipentour.  <\/p>\n<p data-start=\"713\" data-end=\"1053\">Unsere Junggesellenabschiede finden auf unserem Gel\u00e4nde in Sevenum, Limburg, statt und werden von erfahrenen Instruktoren begleitet. Die Aktivit\u00e4ten sind f\u00fcr verschiedene Gruppengr\u00f6\u00dfen geeignet und k\u00f6nnen problemlos an eure W\u00fcnsche, Planung und euer Budget angepasst werden. So k\u00f6nnt ihr sicher sein, dass der Junggesellenabschied reibungslos verl\u00e4uft und jeder mitmachen kann.  <\/p>\n<p data-start=\"1055\" data-end=\"1211\">Auf dieser Seite findest du eine \u00dcbersicht unserer beliebtesten Junggesellenabschied-Aktivit\u00e4ten in Limburg, inklusive praktischer Informationen und h\u00e4ufig gestellter Fragen.<\/p>\n<p>[\/et_pb_text][\/et_pb_column][\/et_pb_row][\/et_pb_section][et_pb_section fb_built=&#8220;1&#8243; admin_label=&#8220;Section&#8220; _builder_version=&#8220;4.16&#8243; background_color=&#8220;#e6e6e6&#8243; transparent_background=&#8220;off&#8220; global_colors_info=&#8220;{}&#8220;][et_pb_row admin_label=&#8220;Reihe&#8220; _builder_version=&#8220;4.16&#8243; background_size=&#8220;initial&#8220; background_position=&#8220;top_left&#8220; background_repeat=&#8220;repeat&#8220; global_colors_info=&#8220;{}&#8220;][et_pb_column type=&#8220;4_4&#8243; _builder_version=&#8220;4.16&#8243; custom_padding=&#8220;|||&#8220; global_colors_info=&#8220;{}&#8220; custom_padding__hover=&#8220;|||&#8220;][et_pb_text admin_label=&#8220;Deze activiteit bestaat uit deze spellen&#8220; module_id=&#8220;spellen-titel&#8220; _builder_version=&#8220;4.27.5&#8243; background_size=&#8220;initial&#8220; background_position=&#8220;top_left&#8220; background_repeat=&#8220;repeat&#8220; text_orientation=&#8220;center&#8220; module_alignment=&#8220;center&#8220; custom_margin=&#8220;||0px|&#8220; use_border_color=&#8220;off&#8220; border_color=&#8220;#ffffff&#8220; border_style=&#8220;solid&#8220; global_colors_info=&#8220;{}&#8220;]<\/p>\n<h2>Unser Angebot an Aktivit\u00e4ten f\u00fcr einen Junggesellenabschied<\/h2>\n<p>[\/et_pb_text][et_pb_code admin_label=&#8220;Zugeh\u00f6rige Aktivit\u00e4ten &#038; Pakete&#8220; _builder_version=&#8220;4.16&#8243; global_colors_info=&#8220;{}&#8220;]<ul id=\"bxslider\">\n<li class=\"slide\">\n<div class=\"spel\" style=\"width: 260px;\">\n\t<a href=\"https:\/\/www.limburgsuitje.nl\/de\/activiteit\/expedition-columbus-1\/\" title=\"Expedition Kolumbus\">\n\t\t<div>\n\t\t<div class=\"spel-thumbnail\">\n\t\t\t<img decoding=\"async\" src=\"https:\/\/www.limburgsuitje.nl\/wp-content\/uploads\/2017\/02\/expeditie-columbus-thumb.jpg\" alt=\"Expedition Kolumbus\">\n\t\t<\/div>\n\t\t<div class=\"spel-text\">\n\t\t\t<h3>Expedition Kolumbus<\/h3>\n\t\t\tOhne die unbewohnte Insel, aber genau so spannend!\n\t\t<\/div>\n\t\t<div class=\"spel-footer\">\n\t\t\t<div class=\"spel-footer-prijs\">\n\t\t\t\t\u20ac 22,95 <span class=\"pp\">p.P.<\/span> \n\t\t\t<\/div>\n\t\t\t<div class=\"spel-footer-duur\">\n\t\t\t\t2 Stunden\n\t\t\t<\/div>\n\t\t<\/div>\n\t\t<\/div>\n\t<\/a>\n<\/div>\n<\/li>\n<li class=\"slide\">\n<div class=\"spel\" style=\"width: 260px;\">\n\t<a href=\"https:\/\/www.limburgsuitje.nl\/de\/activiteit\/highlandgames\/\" title=\"Hochland-Spiele\">\n\t\t<div>\n\t\t<div class=\"spel-thumbnail\">\n\t\t\t<img decoding=\"async\" src=\"https:\/\/www.limburgsuitje.nl\/wp-content\/uploads\/2017\/03\/highland-games-thumb.jpg\" alt=\"Hochland-Spiele\">\n\t\t<\/div>\n\t\t<div class=\"spel-text\">\n\t\t\t<h3>Hochland-Spiele<\/h3>\n\t\t\tK\u00e4mpfe wie ein echter Schotte und zeige deine St\u00e4rke bei den Highland Games.  \n\t\t<\/div>\n\t\t<div class=\"spel-footer\">\n\t\t\t<div class=\"spel-footer-prijs\">\n\t\t\t\t\u20ac 22,95 <span class=\"pp\">p.P.<\/span> \n\t\t\t<\/div>\n\t\t\t<div class=\"spel-footer-duur\">\n\t\t\t\t2 Stunden\n\t\t\t<\/div>\n\t\t<\/div>\n\t\t<\/div>\n\t<\/a>\n<\/div>\n<\/li>\n<li class=\"slide\">\n<div class=\"spel\" style=\"width: 260px;\">\n\t<a href=\"https:\/\/www.limburgsuitje.nl\/de\/activiteit\/expedition-columbus-action\/\" title=\"Expedition Kolumbus sportlich\">\n\t\t<div>\n\t\t<div class=\"spel-thumbnail\">\n\t\t\t<img decoding=\"async\" src=\"https:\/\/www.limburgsuitje.nl\/wp-content\/uploads\/2017\/02\/expeditie-columbus-thumb.jpg\" alt=\"Expedition Kolumbus sportlich\">\n\t\t<\/div>\n\t\t<div class=\"spel-text\">\n\t\t\t<h3>Expedition Kolumbus sportlich<\/h3>\n\t\t\tSch\u00f6ner sportlicher Gruppenausflug!\n\t\t<\/div>\n\t\t<div class=\"spel-footer\">\n\t\t\t<div class=\"spel-footer-prijs\">\n\t\t\t\t\u20ac 22,95 <span class=\"pp\">p.P.<\/span> \n\t\t\t<\/div>\n\t\t\t<div class=\"spel-footer-duur\">\n\t\t\t\t2 Stunden\n\t\t\t<\/div>\n\t\t<\/div>\n\t\t<\/div>\n\t<\/a>\n<\/div>\n<\/li>\n<li class=\"slide\">\n<div class=\"spel\" style=\"width: 260px;\">\n\t<a href=\"https:\/\/www.limburgsuitje.nl\/de\/activiteit\/jackass\/\" title=\"Jackass\">\n\t\t<div>\n\t\t<div class=\"spel-thumbnail\">\n\t\t\t<img decoding=\"async\" src=\"https:\/\/www.limburgsuitje.nl\/wp-content\/uploads\/2017\/02\/jackass-thumb.jpg\" alt=\"Jackass\">\n\t\t<\/div>\n\t\t<div class=\"spel-text\">\n\t\t\t<h3>Jackass<\/h3>\n\t\t\tF\u00fcr wen es nicht verr\u00fcckt genug sein kann!\n\t\t<\/div>\n\t\t<div class=\"spel-footer\">\n\t\t\t<div class=\"spel-footer-prijs\">\n\t\t\t\t\u20ac 24,50 <span class=\"pp\">p.P.<\/span> \n\t\t\t<\/div>\n\t\t\t<div class=\"spel-footer-duur\">\n\t\t\t\t2 Stunden\n\t\t\t<\/div>\n\t\t<\/div>\n\t\t<\/div>\n\t<\/a>\n<\/div>\n<\/li>\n<li class=\"slide\">\n<div class=\"spel\" style=\"width: 260px;\">\n\t<a href=\"https:\/\/www.limburgsuitje.nl\/de\/activiteit\/wc-topf-rennen\/\" title=\"WC-Topf Rennen\">\n\t\t<div>\n\t\t<div class=\"spel-thumbnail\">\n\t\t\t<img decoding=\"async\" src=\"https:\/\/www.limburgsuitje.nl\/wp-content\/uploads\/2025\/01\/wcpottenrace-thumb.jpg\" alt=\"WC-Topf Rennen\">\n\t\t<\/div>\n\t\t<div class=\"spel-text\">\n\t\t\t<h3>WC-Topf Rennen<\/h3>\n\t\t\tWer ist der Schnellste auf der Toilettensch\u00fcssel?\n\t\t<\/div>\n\t\t<div class=\"spel-footer\">\n\t\t\t<div class=\"spel-footer-prijs\">\n\t\t\t\t\u20ac 16,95 <span class=\"pp\">p.P.<\/span> \n\t\t\t<\/div>\n\t\t\t<div class=\"spel-footer-duur\">\n\t\t\t\t1 Stunde\n\t\t\t<\/div>\n\t\t<\/div>\n\t\t<\/div>\n\t<\/a>\n<\/div>\n<\/li>\n<li class=\"slide\">\n<div class=\"spel\" style=\"width: 260px;\">\n\t<a href=\"https:\/\/www.limburgsuitje.nl\/de\/activiteit\/verrueckte-spiele\/\" title=\"Verr\u00fcckte Spiele\">\n\t\t<div>\n\t\t<div class=\"spel-thumbnail\">\n\t\t\t<img decoding=\"async\" src=\"\" alt=\"Verr\u00fcckte Spiele\">\n\t\t<\/div>\n\t\t<div class=\"spel-text\">\n\t\t\t<h3>Verr\u00fcckte Spiele<\/h3>\n\t\t\tDie verr\u00fccktesten Aktivit\u00e4ten f\u00fcr den coolsten Gruppenausflug\n\t\t<\/div>\n\t\t<div class=\"spel-footer\">\n\t\t\t<div class=\"spel-footer-prijs\">\n\t\t\t\t<span class=\"pp\">ab<\/span> \u20ac 24,50 <span class=\"pp\">p.P.<\/span> \n\t\t\t<\/div>\n\t\t\t<div class=\"spel-footer-duur\">\n\t\t\t\t2 Stunden\n\t\t\t<\/div>\n\t\t<\/div>\n\t\t<\/div>\n\t<\/a>\n<\/div>\n<\/li>\n<\/ul>\n<script type=\"text\/javascript\">\t\t$('#bxslider').bxSlider({\t\tauto: false, mode: 'horizontal', slideSelector: 'li.slide', easing: 'ease', slideWidth: 260, minSlides: 1, maxSlides: 4, slideMargin: 33, moveSlides: 1, shrinkItems: false});<\/script><script type=\"text\/javascript\">\t\t$(document).ready(function(){ $('#bxslider').bxSlider(); });<\/script>[\/et_pb_code][et_pb_text admin_label=&#8220;Deze activiteit bestaat uit deze spellen&#8220; module_id=&#8220;spellen-titel&#8220; _builder_version=&#8220;4.27.5&#8243; background_size=&#8220;initial&#8220; background_position=&#8220;top_left&#8220; background_repeat=&#8220;repeat&#8220; text_orientation=&#8220;center&#8220; module_alignment=&#8220;center&#8220; custom_margin=&#8220;||0px|&#8220; use_border_color=&#8220;off&#8220; border_color=&#8220;#ffffff&#8220; border_style=&#8220;solid&#8220; global_colors_info=&#8220;{}&#8220;]<\/p>\n<h2>Die h\u00e4ufigsten Fragen zu unseren Junggesellenabschied-Aktivit\u00e4ten<\/h2>\n<p>[\/et_pb_text][et_pb_accordion _builder_version=&#8220;4.27.5&#8243; _module_preset=&#8220;default&#8220; global_colors_info=&#8220;{}&#8220;][et_pb_accordion_item title=&#8220;Was f\u00fcr Junggesellenabschiede bieten Sie an?&#8220; _builder_version=&#8220;4.27.5&#8243; _module_preset=&#8220;default&#8220; global_colors_info=&#8220;{}&#8220; open=&#8220;on&#8220;]<\/p>\n<p>Wir bieten aktive, kreative, entspannende und festliche Junggesellenabschiede an. Dazu geh\u00f6ren Workshops, Spiele, City Games, Outdoor-Aktivit\u00e4ten und Abendprogramme. <\/p>\n<p>[\/et_pb_accordion_item][et_pb_accordion_item title=&#8220;F\u00fcr wie viele Personen sind die Junggesellenabschiede geeignet?&#8220; _builder_version=&#8220;4.27.5&#8243; _module_preset=&#8220;default&#8220; global_colors_info=&#8220;{}&#8220; open=&#8220;off&#8220;]<\/p>\n<p>Unsere Junggesellenabschiede sind f\u00fcr Gruppen ab 10 Personen geeignet. <\/p>\n<p>[\/et_pb_accordion_item][et_pb_accordion_item title=&#8220;Wo finden die Junggesellenabschiede statt?&#8220; _builder_version=&#8220;4.27.5&#8243; _module_preset=&#8220;default&#8220; global_colors_info=&#8220;{}&#8220; open=&#8220;off&#8220;]<\/p>\n<p>Die Ausfl\u00fcge auf unserer Website finden in Sevenum, an unserem eigenen Standort statt. Dar\u00fcber hinaus arbeiten wir mit dem Restaurant De Turfhoeve zusammen, das sich neben uns befindet und in dem viele Indoor-Aktivit\u00e4ten stattfinden.  <\/p>\n<p>[\/et_pb_accordion_item][et_pb_accordion_item title=&#8220;K\u00f6nnen Aktivit\u00e4ten an die Braut oder den Br\u00e4utigam angepasst werden?&#8220; _builder_version=&#8220;4.27.5&#8243; _module_preset=&#8220;default&#8220; global_colors_info=&#8220;{}&#8220; open=&#8220;off&#8220;]<\/p>\n<p>Ja, wir stimmen das Programm gerne auf die W\u00fcnsche, Pers\u00f6nlichkeit und Grenzen des Junggesellen\/der Junggesellin ab.<\/p>\n<p>[\/et_pb_accordion_item][et_pb_accordion_item title=&#8220;Ist der Junggesellenabschied f\u00fcr M\u00e4nner und Frauen geeignet?&#8220; _builder_version=&#8220;4.27.5&#8243; _module_preset=&#8220;default&#8220; global_colors_info=&#8220;{}&#8220; open=&#8220;off&#8220;]<\/p>\n<p>Ja, wir organisieren Junggesellenabschiede f\u00fcr M\u00e4nner, Frauen und gemischte Gruppen.<\/p>\n<p>[\/et_pb_accordion_item][et_pb_accordion_item title=&#8220;Darf w\u00e4hrend der Aktivit\u00e4t Alkohol getrunken werden?&#8220; _builder_version=&#8220;4.27.5&#8243; _module_preset=&#8220;default&#8220; global_colors_info=&#8220;{}&#8220; open=&#8220;off&#8220;]<\/p>\n<p>W\u00e4hrend der sportlichen Outdoor-Aktivit\u00e4ten ist Alkohol nicht erlaubt. Auch wenn Teilnehmer unter Alkoholeinfluss ankommen, kann die Aktivit\u00e4t nicht stattfinden. Nach der Aktivit\u00e4t ist es selbstverst\u00e4ndlich m\u00f6glich, ein alkoholisches Getr\u00e4nk zu sich zu nehmen.  <\/p>\n<p>[\/et_pb_accordion_item][et_pb_accordion_item title=&#8220;Ist es m\u00f6glich, den Junggesellenabschied mit einem Abendessen oder Abendprogramm zu kombinieren?&#8220; _builder_version=&#8220;4.27.5&#8243; _module_preset=&#8220;default&#8220; global_colors_info=&#8220;{}&#8220; open=&#8220;off&#8220;]<\/p>\n<p>Ja, der Junggesellenabschied kann mit einem Abendessen, Umtrunk oder einem <a href=\"https:\/\/www.limburgsuitje.nl\/de\/parteien\/\">Partyabend<\/a> erweitert werden.<\/p>\n<p>[\/et_pb_accordion_item][et_pb_accordion_item title=&#8220;M\u00fcssen wir f\u00fcr die Braut oder den Br\u00e4utigam bezahlen?&#8220; _builder_version=&#8220;4.27.5&#8243; _module_preset=&#8220;default&#8220; global_colors_info=&#8220;{}&#8220; open=&#8220;off&#8220;]<\/p>\n<p>Ja. Auch diese Person muss in der zu zahlenden Personenzahl ber\u00fccksichtigt werden.<\/p>\n<p>[\/et_pb_accordion_item][et_pb_accordion_item title=&#8220;D\u00fcrfen wir selbst etwas zu essen mitbringen?&#8220; _builder_version=&#8220;4.27.5&#8243; _module_preset=&#8220;default&#8220; global_colors_info=&#8220;{}&#8220; open=&#8220;off&#8220;]<\/p>\n<p>Ja, es ist erlaubt, selbst etwas Leckeres mitzubringen. Bitte beachten: Bei Indoor-Aktivit\u00e4ten ist dies nicht gestattet. <\/p>\n<p>[\/et_pb_accordion_item][\/et_pb_accordion][\/et_pb_column][\/et_pb_row][\/et_pb_section]<\/p>\n","protected":false},"excerpt":{"rendered":"<p>Organisiere deinen Junggesellenabschied in Limburg Einen Junggesellenabschied in Limburg organisieren, der wirklich Spa\u00df f\u00fcr die ganze Gruppe macht? Bei Limburgs Uitje findest du originelle und aktive Junggesellenabschiede f\u00fcr M\u00e4nner, Frauen und gemischte Gruppen. Von sportlichen Herausforderungen bis hin zu geselligen Gruppenaktivit\u00e4ten: Alles dreht sich darum, gemeinsam zu lachen, etwas zu erleben und Erinnerungen zu schaffen, [&hellip;]<\/p>\n","protected":false},"author":2,"featured_media":0,"parent":0,"menu_order":0,"comment_status":"closed","ping_status":"closed","template":"","meta":{"_acf_changed":false,"_et_pb_use_builder":"on","_et_pb_old_content":"","_et_gb_content_width":"","footnotes":""},"class_list":["post-5419","page","type-page","status-publish","hentry"],"acf":[],"yoast_head":"<!-- This site is optimized with the Yoast SEO plugin v27.4 - https:\/\/yoast.com\/product\/yoast-seo-wordpress\/ -->\n<title>Junggesellenabschied Limburg | Aktivit\u00e4ten f\u00fcr M\u00e4nner &amp; Frauen<\/title>\n<meta name=\"description\" content=\"Erlebe einen Junggesellenabschied in Limburg. W\u00e4hle aus aktiven Spielen, lustigen Aufgaben und geselligen Aktivit\u00e4ten f\u00fcr einen einzigartigen Tag.\" \/>\n<meta name=\"robots\" content=\"index, follow, max-snippet:-1, max-image-preview:large, max-video-preview:-1\" \/>\n<link rel=\"canonical\" href=\"https:\/\/www.limburgsuitje.nl\/de\/junggesellenabschied-limburg\/\" \/>\n<meta property=\"og:locale\" content=\"de_DE\" \/>\n<meta property=\"og:type\" content=\"article\" \/>\n<meta property=\"og:title\" content=\"Junggesellenabschied Limburg | Aktivit\u00e4ten f\u00fcr M\u00e4nner &amp; Frauen\" \/>\n<meta property=\"og:description\" content=\"Erlebe einen Junggesellenabschied in Limburg. W\u00e4hle aus aktiven Spielen, lustigen Aufgaben und geselligen Aktivit\u00e4ten f\u00fcr einen einzigartigen Tag.\" \/>\n<meta property=\"og:url\" content=\"https:\/\/www.limburgsuitje.nl\/de\/junggesellenabschied-limburg\/\" \/>\n<meta property=\"og:site_name\" content=\"Limburgsuitje\" \/>\n<meta property=\"article:publisher\" content=\"https:\/\/www.facebook.com\/limburgsuitje\/\" \/>\n<meta property=\"article:modified_time\" content=\"2026-03-16T14:19:18+00:00\" \/>\n<meta name=\"twitter:card\" content=\"summary_large_image\" \/>\n<meta name=\"twitter:label1\" content=\"Gesch\u00e4tzte Lesezeit\" \/>\n\t<meta name=\"twitter:data1\" content=\"2\u00a0Minuten\" \/>\n<script type=\"application\/ld+json\" class=\"yoast-schema-graph\">{\"@context\":\"https:\\\/\\\/schema.org\",\"@graph\":[{\"@type\":\"WebPage\",\"@id\":\"https:\\\/\\\/www.limburgsuitje.nl\\\/de\\\/junggesellenabschied-limburg\\\/\",\"url\":\"https:\\\/\\\/www.limburgsuitje.nl\\\/de\\\/junggesellenabschied-limburg\\\/\",\"name\":\"Junggesellenabschied Limburg | Aktivit\u00e4ten f\u00fcr M\u00e4nner & Frauen\",\"isPartOf\":{\"@id\":\"https:\\\/\\\/www.limburgsuitje.nl\\\/de\\\/#website\"},\"datePublished\":\"2017-02-17T12:57:21+00:00\",\"dateModified\":\"2026-03-16T14:19:18+00:00\",\"description\":\"Erlebe einen Junggesellenabschied in Limburg. W\u00e4hle aus aktiven Spielen, lustigen Aufgaben und geselligen Aktivit\u00e4ten f\u00fcr einen einzigartigen Tag.\",\"breadcrumb\":{\"@id\":\"https:\\\/\\\/www.limburgsuitje.nl\\\/de\\\/junggesellenabschied-limburg\\\/#breadcrumb\"},\"inLanguage\":\"de\",\"potentialAction\":[{\"@type\":\"ReadAction\",\"target\":[\"https:\\\/\\\/www.limburgsuitje.nl\\\/de\\\/junggesellenabschied-limburg\\\/\"]}]},{\"@type\":\"BreadcrumbList\",\"@id\":\"https:\\\/\\\/www.limburgsuitje.nl\\\/de\\\/junggesellenabschied-limburg\\\/#breadcrumb\",\"itemListElement\":[{\"@type\":\"ListItem\",\"position\":1,\"name\":\"Home\",\"item\":\"https:\\\/\\\/www.limburgsuitje.nl\\\/de\\\/\"},{\"@type\":\"ListItem\",\"position\":2,\"name\":\"Junggesellenabschied Limburg\"}]},{\"@type\":\"WebSite\",\"@id\":\"https:\\\/\\\/www.limburgsuitje.nl\\\/de\\\/#website\",\"url\":\"https:\\\/\\\/www.limburgsuitje.nl\\\/de\\\/\",\"name\":\"Limburgsuitje\",\"description\":\"Strijd als een ware schot\",\"potentialAction\":[{\"@type\":\"SearchAction\",\"target\":{\"@type\":\"EntryPoint\",\"urlTemplate\":\"https:\\\/\\\/www.limburgsuitje.nl\\\/de\\\/?s={search_term_string}\"},\"query-input\":{\"@type\":\"PropertyValueSpecification\",\"valueRequired\":true,\"valueName\":\"search_term_string\"}}],\"inLanguage\":\"de\"}]}<\/script>\n<!-- \/ Yoast SEO plugin. -->","yoast_head_json":{"title":"Junggesellenabschied Limburg | Aktivit\u00e4ten f\u00fcr M\u00e4nner & Frauen","description":"Erlebe einen Junggesellenabschied in Limburg. W\u00e4hle aus aktiven Spielen, lustigen Aufgaben und geselligen Aktivit\u00e4ten f\u00fcr einen einzigartigen Tag.","robots":{"index":"index","follow":"follow","max-snippet":"max-snippet:-1","max-image-preview":"max-image-preview:large","max-video-preview":"max-video-preview:-1"},"canonical":"https:\/\/www.limburgsuitje.nl\/de\/junggesellenabschied-limburg\/","og_locale":"de_DE","og_type":"article","og_title":"Junggesellenabschied Limburg | Aktivit\u00e4ten f\u00fcr M\u00e4nner & Frauen","og_description":"Erlebe einen Junggesellenabschied in Limburg. W\u00e4hle aus aktiven Spielen, lustigen Aufgaben und geselligen Aktivit\u00e4ten f\u00fcr einen einzigartigen Tag.","og_url":"https:\/\/www.limburgsuitje.nl\/de\/junggesellenabschied-limburg\/","og_site_name":"Limburgsuitje","article_publisher":"https:\/\/www.facebook.com\/limburgsuitje\/","article_modified_time":"2026-03-16T14:19:18+00:00","twitter_card":"summary_large_image","twitter_misc":{"Gesch\u00e4tzte Lesezeit":"2\u00a0Minuten"},"schema":{"@context":"https:\/\/schema.org","@graph":[{"@type":"WebPage","@id":"https:\/\/www.limburgsuitje.nl\/de\/junggesellenabschied-limburg\/","url":"https:\/\/www.limburgsuitje.nl\/de\/junggesellenabschied-limburg\/","name":"Junggesellenabschied Limburg | Aktivit\u00e4ten f\u00fcr M\u00e4nner & Frauen","isPartOf":{"@id":"https:\/\/www.limburgsuitje.nl\/de\/#website"},"datePublished":"2017-02-17T12:57:21+00:00","dateModified":"2026-03-16T14:19:18+00:00","description":"Erlebe einen Junggesellenabschied in Limburg. W\u00e4hle aus aktiven Spielen, lustigen Aufgaben und geselligen Aktivit\u00e4ten f\u00fcr einen einzigartigen Tag.","breadcrumb":{"@id":"https:\/\/www.limburgsuitje.nl\/de\/junggesellenabschied-limburg\/#breadcrumb"},"inLanguage":"de","potentialAction":[{"@type":"ReadAction","target":["https:\/\/www.limburgsuitje.nl\/de\/junggesellenabschied-limburg\/"]}]},{"@type":"BreadcrumbList","@id":"https:\/\/www.limburgsuitje.nl\/de\/junggesellenabschied-limburg\/#breadcrumb","itemListElement":[{"@type":"ListItem","position":1,"name":"Home","item":"https:\/\/www.limburgsuitje.nl\/de\/"},{"@type":"ListItem","position":2,"name":"Junggesellenabschied Limburg"}]},{"@type":"WebSite","@id":"https:\/\/www.limburgsuitje.nl\/de\/#website","url":"https:\/\/www.limburgsuitje.nl\/de\/","name":"Limburgsuitje","description":"Strijd als een ware schot","potentialAction":[{"@type":"SearchAction","target":{"@type":"EntryPoint","urlTemplate":"https:\/\/www.limburgsuitje.nl\/de\/?s={search_term_string}"},"query-input":{"@type":"PropertyValueSpecification","valueRequired":true,"valueName":"search_term_string"}}],"inLanguage":"de"}]}},"_links":{"self":[{"href":"https:\/\/www.limburgsuitje.nl\/de\/wp-json\/wp\/v2\/pages\/5419","targetHints":{"allow":["GET"]}}],"collection":[{"href":"https:\/\/www.limburgsuitje.nl\/de\/wp-json\/wp\/v2\/pages"}],"about":[{"href":"https:\/\/www.limburgsuitje.nl\/de\/wp-json\/wp\/v2\/types\/page"}],"author":[{"embeddable":true,"href":"https:\/\/www.limburgsuitje.nl\/de\/wp-json\/wp\/v2\/users\/2"}],"replies":[{"embeddable":true,"href":"https:\/\/www.limburgsuitje.nl\/de\/wp-json\/wp\/v2\/comments?post=5419"}],"version-history":[{"count":1,"href":"https:\/\/www.limburgsuitje.nl\/de\/wp-json\/wp\/v2\/pages\/5419\/revisions"}],"predecessor-version":[{"id":12887,"href":"https:\/\/www.limburgsuitje.nl\/de\/wp-json\/wp\/v2\/pages\/5419\/revisions\/12887"}],"wp:attachment":[{"href":"https:\/\/www.limburgsuitje.nl\/de\/wp-json\/wp\/v2\/media?parent=5419"}],"curies":[{"name":"wp","href":"https:\/\/api.w.org\/{rel}","templated":true}]}}