{"id":5467,"date":"2017-02-17T13:59:02","date_gmt":"2017-02-17T12:59:02","guid":{"rendered":"https:\/\/www.limburgsuitje.nl\/teamveranstaltung-limburg\/"},"modified":"2026-02-04T18:22:30","modified_gmt":"2026-02-04T17:22:30","slug":"teamveranstaltung-limburg","status":"publish","type":"page","link":"https:\/\/www.limburgsuitje.nl\/de\/teamveranstaltung-limburg\/","title":{"rendered":"Teamveranstaltung Limburg"},"content":{"rendered":"<p>[et_pb_section fb_built=&#8220;1&#8243; admin_label=&#8220;section&#8220; _builder_version=&#8220;4.16&#8243; global_colors_info=&#8220;{}&#8220; theme_builder_area=&#8220;post_content&#8220;][et_pb_row admin_label=&#8220;Reihe&#8220; _builder_version=&#8220;4.16&#8243; background_size=&#8220;initial&#8220; background_position=&#8220;top_left&#8220; background_repeat=&#8220;repeat&#8220; global_colors_info=&#8220;{}&#8220; theme_builder_area=&#8220;post_content&#8220;][et_pb_column type=&#8220;4_4&#8243; _builder_version=&#8220;4.16&#8243; custom_padding=&#8220;|||&#8220; global_colors_info=&#8220;{}&#8220; custom_padding__hover=&#8220;|||&#8220; theme_builder_area=&#8220;post_content&#8220;][et_pb_text admin_label=&#8220;Text&#8220; _builder_version=&#8220;4.27.5&#8243; background_size=&#8220;initial&#8220; background_position=&#8220;top_left&#8220; background_repeat=&#8220;repeat&#8220; hover_enabled=&#8220;0&#8243; use_border_color=&#8220;off&#8220; border_color=&#8220;#ffffff&#8220; border_style=&#8220;solid&#8220; global_colors_info=&#8220;{}&#8220; theme_builder_area=&#8220;post_content&#8220; sticky_enabled=&#8220;0&#8243;]<\/p>\n<h1>Teamausflug in Limburg organisieren<\/h1>\n<p data-start=\"133\" data-end=\"560\">Einen Teamausflug in Limburg organisieren, der allen Spa\u00df macht und zudem die Zusammenarbeit st\u00e4rkt? Dann entscheiden Sie sich f\u00fcr Limburgs Uitje. Bei uns entdecken Sie Teamausfl\u00fcge, die aktiv, gesellig und gut organisiert sind. Von sportlichen Herausforderungen bis hin zu kreativen Gruppenspielen: Unsere Programme f\u00f6rdern Zusammenarbeit, Kommunikation und zudem Spa\u00df, sodass das Team gest\u00e4rkt und entspannt zur\u00fcckkommt.   <\/p>\n<p data-start=\"562\" data-end=\"1007\">Dar\u00fcber hinaus organisieren wir Teamausfl\u00fcge an verschiedenen Standorten in Limburg, wo erfahrene Instruktoren die Aktivit\u00e4ten begleiten und alles sicher und reibungslos ablaufen lassen. Au\u00dferdem passen wir die Aktivit\u00e4ten an verschiedene Gruppengr\u00f6\u00dfen und Niveaus an und stimmen sie flexibel auf Ihre W\u00fcnsche, verf\u00fcgbare Zeit und Budget ab. Auf diese Weise verl\u00e4uft der Teamausflug \u00fcbersichtlich, angenehm und zudem gut geregelt.  <\/p>\n<p data-start=\"1009\" data-end=\"1170\">Schlie\u00dflich finden Sie auf dieser Seite eine \u00dcbersicht unserer beliebtesten Teamaktivit\u00e4ten in Limburg, einschlie\u00dflich praktischer Informationen und h\u00e4ufig gestellter Fragen.<\/p>\n<p>[\/et_pb_text][\/et_pb_column][\/et_pb_row][\/et_pb_section][et_pb_section fb_built=&#8220;1&#8243; admin_label=&#8220;Section&#8220; _builder_version=&#8220;4.16&#8243; background_color=&#8220;#e6e6e6&#8243; transparent_background=&#8220;off&#8220; global_colors_info=&#8220;{}&#8220; theme_builder_area=&#8220;post_content&#8220;][et_pb_row admin_label=&#8220;Reihe&#8220; _builder_version=&#8220;4.16&#8243; background_size=&#8220;initial&#8220; background_position=&#8220;top_left&#8220; background_repeat=&#8220;repeat&#8220; global_colors_info=&#8220;{}&#8220; theme_builder_area=&#8220;post_content&#8220;][et_pb_column type=&#8220;4_4&#8243; _builder_version=&#8220;4.16&#8243; custom_padding=&#8220;|||&#8220; global_colors_info=&#8220;{}&#8220; custom_padding__hover=&#8220;|||&#8220; theme_builder_area=&#8220;post_content&#8220;][et_pb_text admin_label=&#8220;Deze activiteit bestaat uit deze spellen&#8220; module_id=&#8220;spellen-titel&#8220; _builder_version=&#8220;4.27.5&#8243; background_size=&#8220;initial&#8220; background_position=&#8220;top_left&#8220; background_repeat=&#8220;repeat&#8220; text_orientation=&#8220;center&#8220; module_alignment=&#8220;center&#8220; custom_margin=&#8220;||0px|&#8220; hover_enabled=&#8220;0&#8243; use_border_color=&#8220;off&#8220; border_color=&#8220;#ffffff&#8220; border_style=&#8220;solid&#8220; global_colors_info=&#8220;{}&#8220; theme_builder_area=&#8220;post_content&#8220; sticky_enabled=&#8220;0&#8243;]<\/p>\n<h2>Unser Angebot f\u00fcr einen gelungenen Teamausflug in Limburg<\/h2>\n<p>[\/et_pb_text][et_pb_code admin_label=&#8220;Zugeh\u00f6rige Aktivit\u00e4ten &amp; Pakete&#8220; _builder_version=&#8220;4.16&#8243; global_colors_info=&#8220;{}&#8220; theme_builder_area=&#8220;post_content&#8220;]<ul id=\"bxslider\">\n<li class=\"slide\">\n<div class=\"spel\" style=\"width: 260px;\">\n\t<a href=\"https:\/\/www.limburgsuitje.nl\/de\/activiteit\/expedition-columbus-1\/\" title=\"Expedition Kolumbus\">\n\t\t<div>\n\t\t<div class=\"spel-thumbnail\">\n\t\t\t<img decoding=\"async\" src=\"https:\/\/www.limburgsuitje.nl\/wp-content\/uploads\/2017\/02\/expeditie-columbus-thumb.jpg\" alt=\"Expedition Kolumbus\">\n\t\t<\/div>\n\t\t<div class=\"spel-text\">\n\t\t\t<h3>Expedition Kolumbus<\/h3>\n\t\t\tOhne die unbewohnte Insel, aber genau so spannend!\n\t\t<\/div>\n\t\t<div class=\"spel-footer\">\n\t\t\t<div class=\"spel-footer-prijs\">\n\t\t\t\t\u20ac 22,95 <span class=\"pp\">p.P.<\/span> \n\t\t\t<\/div>\n\t\t\t<div class=\"spel-footer-duur\">\n\t\t\t\t2 Stunden\n\t\t\t<\/div>\n\t\t<\/div>\n\t\t<\/div>\n\t<\/a>\n<\/div>\n<\/li>\n<li class=\"slide\">\n<div class=\"spel\" style=\"width: 260px;\">\n\t<a href=\"https:\/\/www.limburgsuitje.nl\/de\/activiteit\/highlandgames\/\" title=\"Hochland-Spiele\">\n\t\t<div>\n\t\t<div class=\"spel-thumbnail\">\n\t\t\t<img decoding=\"async\" src=\"https:\/\/www.limburgsuitje.nl\/wp-content\/uploads\/2017\/03\/highland-games-thumb.jpg\" alt=\"Hochland-Spiele\">\n\t\t<\/div>\n\t\t<div class=\"spel-text\">\n\t\t\t<h3>Hochland-Spiele<\/h3>\n\t\t\tK\u00e4mpfe wie ein echter Schotte und zeige deine St\u00e4rke bei den Highland Games.  \n\t\t<\/div>\n\t\t<div class=\"spel-footer\">\n\t\t\t<div class=\"spel-footer-prijs\">\n\t\t\t\t\u20ac 22,95 <span class=\"pp\">p.P.<\/span> \n\t\t\t<\/div>\n\t\t\t<div class=\"spel-footer-duur\">\n\t\t\t\t2 Stunden\n\t\t\t<\/div>\n\t\t<\/div>\n\t\t<\/div>\n\t<\/a>\n<\/div>\n<\/li>\n<li class=\"slide\">\n<div class=\"spel\" style=\"width: 260px;\">\n\t<a href=\"https:\/\/www.limburgsuitje.nl\/de\/activiteit\/expedition-columbus-action\/\" title=\"Expedition Kolumbus sportlich\">\n\t\t<div>\n\t\t<div class=\"spel-thumbnail\">\n\t\t\t<img decoding=\"async\" src=\"https:\/\/www.limburgsuitje.nl\/wp-content\/uploads\/2017\/02\/expeditie-columbus-thumb.jpg\" alt=\"Expedition Kolumbus sportlich\">\n\t\t<\/div>\n\t\t<div class=\"spel-text\">\n\t\t\t<h3>Expedition Kolumbus sportlich<\/h3>\n\t\t\tSch\u00f6ner sportlicher Gruppenausflug!\n\t\t<\/div>\n\t\t<div class=\"spel-footer\">\n\t\t\t<div class=\"spel-footer-prijs\">\n\t\t\t\t\u20ac 22,95 <span class=\"pp\">p.P.<\/span> \n\t\t\t<\/div>\n\t\t\t<div class=\"spel-footer-duur\">\n\t\t\t\t2 Stunden\n\t\t\t<\/div>\n\t\t<\/div>\n\t\t<\/div>\n\t<\/a>\n<\/div>\n<\/li>\n<li class=\"slide\">\n<div class=\"spel\" style=\"width: 260px;\">\n\t<a href=\"https:\/\/www.limburgsuitje.nl\/de\/activiteit\/fungames-xl\/\" title=\"Spa\u00dfspiele XL\">\n\t\t<div>\n\t\t<div class=\"spel-thumbnail\">\n\t\t\t<img decoding=\"async\" src=\"https:\/\/www.limburgsuitje.nl\/wp-content\/uploads\/2017\/11\/flip-the-wall-thumb-1.jpg\" alt=\"Spa\u00dfspiele XL\">\n\t\t<\/div>\n\t\t<div class=\"spel-text\">\n\t\t\t<h3>Spa\u00dfspiele XL<\/h3>\n\t\t\tViel Spa\u00df bei den Spielen, aber auch eine Menge Sport.\n\t\t<\/div>\n\t\t<div class=\"spel-footer\">\n\t\t\t<div class=\"spel-footer-prijs\">\n\t\t\t\t\u20ac 24,50 <span class=\"pp\">p.P.<\/span> \n\t\t\t<\/div>\n\t\t\t<div class=\"spel-footer-duur\">\n\t\t\t\t2 Stunden\n\t\t\t<\/div>\n\t\t<\/div>\n\t\t<\/div>\n\t<\/a>\n<\/div>\n<\/li>\n<li class=\"slide\">\n<div class=\"spel\" style=\"width: 260px;\">\n\t<a href=\"https:\/\/www.limburgsuitje.nl\/de\/activiteit\/jungs-gegen-maedels-outdoor\/\" title=\"Jungs gegen M\u00e4dels OUTDOOR\">\n\t\t<div>\n\t\t<div class=\"spel-thumbnail\">\n\t\t\t<img decoding=\"async\" src=\"https:\/\/www.limburgsuitje.nl\/wp-content\/uploads\/2017\/02\/jongens-tegen-de-meisjes-outdoor-thumb.jpg\" alt=\"Jungs gegen M\u00e4dels OUTDOOR\">\n\t\t<\/div>\n\t\t<div class=\"spel-text\">\n\t\t\t<h3>Jungs gegen M\u00e4dels OUTDOOR<\/h3>\n\t\t\tDieses Mal findet der Kampf zwischen den M\u00e4nnern und den Frauen nicht in einem Fernsehstudio statt! Wer wird gewinnen?  \n\t\t<\/div>\n\t\t<div class=\"spel-footer\">\n\t\t\t<div class=\"spel-footer-prijs\">\n\t\t\t\t\u20ac 22,95 <span class=\"pp\">p.P.<\/span> \n\t\t\t<\/div>\n\t\t\t<div class=\"spel-footer-duur\">\n\t\t\t\t2 Stunden\n\t\t\t<\/div>\n\t\t<\/div>\n\t\t<\/div>\n\t<\/a>\n<\/div>\n<\/li>\n<li class=\"slide\">\n<div class=\"spel\" style=\"width: 260px;\">\n\t<a href=\"https:\/\/www.limburgsuitje.nl\/de\/activiteit\/axt-werfen\/\" title=\"Axt-Werfen\">\n\t\t<div>\n\t\t<div class=\"spel-thumbnail\">\n\t\t\t<img decoding=\"async\" src=\"https:\/\/www.limburgsuitje.nl\/wp-content\/uploads\/2025\/10\/axe-throwing-limburg-thumb.jpg\" alt=\"Axt-Werfen\">\n\t\t<\/div>\n\t\t<div class=\"spel-text\">\n\t\t\t<h3>Axt-Werfen<\/h3>\n\t\t\tWerfen Sie Ihren Stress beim Axt-Werfen ab!\n\t\t<\/div>\n\t\t<div class=\"spel-footer\">\n\t\t\t<div class=\"spel-footer-prijs\">\n\t\t\t\t<span class=\"pp\">ab<\/span> \u20ac 16,95 <span class=\"pp\">p.P.<\/span> \n\t\t\t<\/div>\n\t\t\t<div class=\"spel-footer-duur\">\n\t\t\t\t1 Stunde\n\t\t\t<\/div>\n\t\t<\/div>\n\t\t<\/div>\n\t<\/a>\n<\/div>\n<\/li>\n<li class=\"slide\">\n<div class=\"spel\" style=\"width: 260px;\">\n\t<a href=\"https:\/\/www.limburgsuitje.nl\/activiteit\/wie-is-de-mol\/\" title=\"Wie is de ezel?\">\n\t\t<div>\n\t\t<div class=\"spel-thumbnail\">\n\t\t\t<img decoding=\"async\" src=\"https:\/\/www.limburgsuitje.nl\/wp-content\/uploads\/2017\/01\/wie-is-de-ezel-thumb.jpg\" alt=\"Wie is de ezel?\">\n\t\t<\/div>\n\t\t<div class=\"spel-text\">\n\t\t\t<h3>Wie is de ezel?<\/h3>\n\t\t\tIemand saboteert de spellen. Wie is de verrader?\n\t\t<\/div>\n\t\t<div class=\"spel-footer\">\n\t\t\t<div class=\"spel-footer-prijs\">\n\t\t\t\t\u20ac 22,95 <span class=\"pp\">p.P.<\/span> \n\t\t\t<\/div>\n\t\t\t<div class=\"spel-footer-duur\">\n\t\t\t\t2 uur\n\t\t\t<\/div>\n\t\t<\/div>\n\t\t<\/div>\n\t<\/a>\n<\/div>\n<\/li>\n<li class=\"slide\">\n<div class=\"spel\" style=\"width: 260px;\">\n\t<a href=\"https:\/\/www.limburgsuitje.nl\/activiteit\/de-alleskunners-indoor\/\" title=\"De alleskunner (indoor)\">\n\t\t<div>\n\t\t<div class=\"spel-thumbnail\">\n\t\t\t<img decoding=\"async\" src=\"https:\/\/www.limburgsuitje.nl\/wp-content\/uploads\/2025\/09\/alleskunner-thumb-1.jpg\" alt=\"De alleskunner (indoor)\">\n\t\t<\/div>\n\t\t<div class=\"spel-text\">\n\t\t\t<h3>De alleskunner (indoor)<\/h3>\n\t\t\tKun jij alles aan? Bewijs het in h\u00e9t ultieme uitje: De Alleskunner!\"\n\t\t<\/div>\n\t\t<div class=\"spel-footer\">\n\t\t\t<div class=\"spel-footer-prijs\">\n\t\t\t\t\u20ac 22,95 <span class=\"pp\">p.P.<\/span> \n\t\t\t<\/div>\n\t\t\t<div class=\"spel-footer-duur\">\n\t\t\t\t2 uur\n\t\t\t<\/div>\n\t\t<\/div>\n\t\t<\/div>\n\t<\/a>\n<\/div>\n<\/li>\n<li class=\"slide\">\n<div class=\"spel\" style=\"width: 260px;\">\n\t<a href=\"https:\/\/www.limburgsuitje.nl\/activiteit\/de-alleskunner-outdoor-limburg\/\" title=\"De Alleskunner (outdoor)\">\n\t\t<div>\n\t\t<div class=\"spel-thumbnail\">\n\t\t\t<img decoding=\"async\" src=\"https:\/\/www.limburgsuitje.nl\/wp-content\/uploads\/2025\/09\/alleskunner-thumb-1.jpg\" alt=\"De Alleskunner (outdoor)\">\n\t\t<\/div>\n\t\t<div class=\"spel-text\">\n\t\t\t<h3>De Alleskunner (outdoor)<\/h3>\n\t\t\tHet populaire tv programma, nu ook als uitje te boeken.\n\t\t<\/div>\n\t\t<div class=\"spel-footer\">\n\t\t\t<div class=\"spel-footer-prijs\">\n\t\t\t\t\u20ac 22,95 <span class=\"pp\">p.P.<\/span> \n\t\t\t<\/div>\n\t\t\t<div class=\"spel-footer-duur\">\n\t\t\t\t2 uur\n\t\t\t<\/div>\n\t\t<\/div>\n\t\t<\/div>\n\t<\/a>\n<\/div>\n<\/li>\n<\/ul>\n<script type=\"text\/javascript\">\t\t$('#bxslider').bxSlider({\t\tauto: false, mode: 'horizontal', slideSelector: 'li.slide', easing: 'ease', slideWidth: 260, minSlides: 1, maxSlides: 4, slideMargin: 33, moveSlides: 1, shrinkItems: false});<\/script><script type=\"text\/javascript\">\t\t$(document).ready(function(){ $('#bxslider').bxSlider(); });<\/script>[\/et_pb_code][et_pb_text admin_label=&#8220;Deze activiteit bestaat uit deze spellen&#8220; module_id=&#8220;spellen-titel&#8220; _builder_version=&#8220;4.27.5&#8243; background_size=&#8220;initial&#8220; background_position=&#8220;top_left&#8220; background_repeat=&#8220;repeat&#8220; text_orientation=&#8220;center&#8220; module_alignment=&#8220;center&#8220; custom_margin=&#8220;||0px|&#8220; hover_enabled=&#8220;0&#8243; use_border_color=&#8220;off&#8220; border_color=&#8220;#ffffff&#8220; border_style=&#8220;solid&#8220; global_colors_info=&#8220;{}&#8220; theme_builder_area=&#8220;post_content&#8220; sticky_enabled=&#8220;0&#8243;]<\/p>\n<h2>Die am h\u00e4ufigsten gestellten Fragen zu unseren Teamausfl\u00fcgen<\/h2>\n<p>[\/et_pb_text][et_pb_accordion _builder_version=&#8220;4.27.5&#8243; _module_preset=&#8220;default&#8220; hover_enabled=&#8220;0&#8243; global_colors_info=&#8220;{}&#8220; theme_builder_area=&#8220;post_content&#8220; sticky_enabled=&#8220;0&#8243;][et_pb_accordion_item title=&#8220;Welche Arten von Teamausfl\u00fcgen bieten Sie an?&#8220; open=&#8220;on&#8220; _builder_version=&#8220;4.27.5&#8243; _module_preset=&#8220;default&#8220; hover_enabled=&#8220;0&#8243; global_colors_info=&#8220;{}&#8220; theme_builder_area=&#8220;post_content&#8220; sticky_enabled=&#8220;0&#8243;]<\/p>\n<p>Wir bieten aktive, kulinarische und entspannende Betriebsausfl\u00fcge an. Dazu geh\u00f6ren Teambuilding, Workshops, City Games, Dinner und komplette Tagesprogramme. <\/p>\n<p>[\/et_pb_accordion_item][et_pb_accordion_item title=&#8220;F\u00fcr wie viele Personen sind die Teamausfl\u00fcge geeignet?&#8220; _builder_version=&#8220;4.27.5&#8243; _module_preset=&#8220;default&#8220; hover_enabled=&#8220;0&#8243; global_colors_info=&#8220;{}&#8220; theme_builder_area=&#8220;post_content&#8220; open=&#8220;off&#8220; sticky_enabled=&#8220;0&#8243;]<\/p>\n<p>Unsere Betriebsausfl\u00fcge sind f\u00fcr Gruppen von 10 bis 300 Personen geeignet. Gr\u00f6\u00dfere Gruppen sind oft auch nach Absprache m\u00f6glich. <\/p>\n<p>[\/et_pb_accordion_item][et_pb_accordion_item title=&#8220;Wo finden die Teamausfl\u00fcge statt?&#8220; _builder_version=&#8220;4.27.5&#8243; _module_preset=&#8220;default&#8220; hover_enabled=&#8220;0&#8243; global_colors_info=&#8220;{}&#8220; theme_builder_area=&#8220;post_content&#8220; open=&#8220;off&#8220; sticky_enabled=&#8220;0&#8243;]<\/p>\n<p>Die Teamausfl\u00fcge auf unserer Website finden in Sevenum, an unserem eigenen Standort statt. Dar\u00fcber hinaus arbeiten wir mit dem Restaurant De Turfhoeve zusammen, das sich neben uns befindet und in dem viele Indoor-Aktivit\u00e4ten stattfinden.  Einige Aktivit\u00e4ten k\u00f6nnen auch an externen Standorten \u00fcber <a href=\"https:\/\/www.downtownevents.nl\" target=\"_blank\" rel=\"noopener\">Downtown Events<\/a> durchgef\u00fchrt werden.<\/p>\n<p>[\/et_pb_accordion_item][et_pb_accordion_item title=&#8220;Was ist im Preis inbegriffen?&#8220; _builder_version=&#8220;4.27.5&#8243; _module_preset=&#8220;default&#8220; global_colors_info=&#8220;{}&#8220; theme_builder_area=&#8220;post_content&#8220; open=&#8220;off&#8220;]<\/p>\n<p>Der Preis beinhaltet in der Regel Betreuung, Materialien und Organisation. Extras wie Essen, Trinken oder Transport werden im Voraus klar besprochen. Die Preise auf der Website verstehen sich inklusive Mehrwertsteuer.  <\/p>\n<p>[\/et_pb_accordion_item][et_pb_accordion_item title=&#8220;Sind die Teamausfl\u00fcge f\u00fcr alle Altersgruppen und Niveaus geeignet?&#8220; _builder_version=&#8220;4.27.5&#8243; _module_preset=&#8220;default&#8220; hover_enabled=&#8220;0&#8243; global_colors_info=&#8220;{}&#8220; theme_builder_area=&#8220;post_content&#8220; open=&#8220;off&#8220; sticky_enabled=&#8220;0&#8243;]<\/p>\n<p>Ja, die Aktivit\u00e4ten werden auf die Zusammensetzung der Gruppe abgestimmt. K\u00f6rperliche Anstrengung ist immer optional oder anpassbar. <\/p>\n<p>[\/et_pb_accordion_item][et_pb_accordion_item title=&#8220;Wie sieht es mit Sicherheit und Versicherung aus?&#8220; _builder_version=&#8220;4.27.5&#8243; _module_preset=&#8220;default&#8220; global_colors_info=&#8220;{}&#8220; theme_builder_area=&#8220;post_content&#8220; open=&#8220;off&#8220;]<\/p>\n<p data-start=\"126\" data-end=\"275\">Sicherheit steht bei uns an erster Stelle. Wir sind dem Branchenverband angeschlossen und arbeiten nach einem zertifizierten Sicherheitssystem. <\/p>\n<p data-start=\"282\" data-end=\"476\">Nat\u00fcrlich k\u00f6nnen bei sportlichen Aktivit\u00e4ten nie alle Risiken vollst\u00e4ndig ausgeschlossen werden. Sollte wider Erwarten doch etwas passieren, ist immer ein Mitarbeiter mit einem BHV-Diplom anwesend. <\/p>\n<p data-start=\"282\" data-end=\"476\">Selbstverst\u00e4ndlich verf\u00fcgen wir auch \u00fcber die richtigen Versicherungen im Bereich der Haftpflicht.<\/p>\n<p>[\/et_pb_accordion_item][et_pb_accordion_item title=&#8220;K\u00f6nnen Teamausfl\u00fcge ma\u00dfgeschneidert werden?&#8220; _builder_version=&#8220;4.27.5&#8243; _module_preset=&#8220;default&#8220; hover_enabled=&#8220;0&#8243; global_colors_info=&#8220;{}&#8220; theme_builder_area=&#8220;post_content&#8220; open=&#8220;off&#8220; sticky_enabled=&#8220;0&#8243;]<\/p>\n<p>Ja, wir stellen gerne ein Programm zusammen, das auf Ihren W\u00fcnschen, Zielen und Ihrem Budget basiert.<\/p>\n<p>[\/et_pb_accordion_item][et_pb_accordion_item title=&#8220;Wie lange im Voraus m\u00fcssen wir buchen?&#8220; _builder_version=&#8220;4.27.5&#8243; _module_preset=&#8220;default&#8220; global_colors_info=&#8220;{}&#8220; theme_builder_area=&#8220;post_content&#8220; open=&#8220;off&#8220;]<\/p>\n<p>Das ist schwer vorherzusagen. Manchmal gibt es zwei Wochen vorher noch freie Pl\u00e4tze, manchmal sind Termine schon fr\u00fcher ausgebucht. Sobald der Termin feststeht, empfehlen wir, sich nach der Verf\u00fcgbarkeit zu erkundigen. In diesem Fall k\u00f6nnen wir einige Tage lang eine Option f\u00fcr Sie reservieren. Nach der Reservierung k\u00f6nnen die endg\u00fcltigen Teilnehmerzahlen bis zu sieben Tage im Voraus noch angepasst werden.    <\/p>\n<p>[\/et_pb_accordion_item][et_pb_accordion_item title=&#8220;Ich habe eine andere Frage&#8220; _builder_version=&#8220;4.27.5&#8243; _module_preset=&#8220;default&#8220; global_colors_info=&#8220;{}&#8220; theme_builder_area=&#8220;post_content&#8220; open=&#8220;off&#8220;]<\/p>\n<p>Hast du noch Fragen, die nicht speziell einen Betriebsausflug betreffen? Dann schau auf unserer allgemeinen <a href=\"https:\/\/www.limburgsuitje.nl\/de\/faq\/\">FAQ<\/a>-Seite nach. Ist deine Antwort dort nicht dabei, nimm gerne Kontakt mit uns auf.<\/p>\n<p>[\/et_pb_accordion_item][\/et_pb_accordion][\/et_pb_column][\/et_pb_row][\/et_pb_section]<\/p>\n","protected":false},"excerpt":{"rendered":"<p>Teamausflug in Limburg organisieren Einen Teamausflug in Limburg organisieren, der allen Spa\u00df macht und zudem die Zusammenarbeit st\u00e4rkt? Dann entscheiden Sie sich f\u00fcr Limburgs Uitje. Bei uns entdecken Sie Teamausfl\u00fcge, die aktiv, gesellig und gut organisiert sind. Von sportlichen Herausforderungen bis hin zu kreativen Gruppenspielen: Unsere Programme f\u00f6rdern Zusammenarbeit, Kommunikation und zudem Spa\u00df, sodass das [&hellip;]<\/p>\n","protected":false},"author":2,"featured_media":0,"parent":0,"menu_order":0,"comment_status":"closed","ping_status":"closed","template":"","meta":{"_acf_changed":false,"_et_pb_use_builder":"on","_et_pb_old_content":"","_et_gb_content_width":"","footnotes":""},"class_list":["post-5467","page","type-page","status-publish","hentry"],"acf":[],"yoast_head":"<!-- This site is optimized with the Yoast SEO plugin v27.4 - https:\/\/yoast.com\/product\/yoast-seo-wordpress\/ -->\n<title>Teamausflug in Limburg | Teambuilding, Spa\u00df &amp; Zusammenarbeit | Venlo<\/title>\n<meta name=\"description\" content=\"Organisieren Sie Ihren Teamausflug bei Limburgs Uitje in Sevenum. F\u00fcr alle Arten von Teams, leicht erreichbar und f\u00fcr jedes Budget.\" \/>\n<meta name=\"robots\" content=\"index, follow, max-snippet:-1, max-image-preview:large, max-video-preview:-1\" \/>\n<link rel=\"canonical\" href=\"https:\/\/www.limburgsuitje.nl\/de\/teamveranstaltung-limburg\/\" \/>\n<meta property=\"og:locale\" content=\"de_DE\" \/>\n<meta property=\"og:type\" content=\"article\" \/>\n<meta property=\"og:title\" content=\"Teamausflug in Limburg | Teambuilding, Spa\u00df &amp; Zusammenarbeit | Venlo\" \/>\n<meta property=\"og:description\" content=\"Organisieren Sie Ihren Teamausflug bei Limburgs Uitje in Sevenum. F\u00fcr alle Arten von Teams, leicht erreichbar und f\u00fcr jedes Budget.\" \/>\n<meta property=\"og:url\" content=\"https:\/\/www.limburgsuitje.nl\/de\/teamveranstaltung-limburg\/\" \/>\n<meta property=\"og:site_name\" content=\"Limburgsuitje\" \/>\n<meta property=\"article:publisher\" content=\"https:\/\/www.facebook.com\/limburgsuitje\/\" \/>\n<meta property=\"article:modified_time\" content=\"2026-02-04T17:22:30+00:00\" \/>\n<meta name=\"twitter:card\" content=\"summary_large_image\" \/>\n<meta name=\"twitter:label1\" content=\"Gesch\u00e4tzte Lesezeit\" \/>\n\t<meta name=\"twitter:data1\" content=\"6\u00a0Minuten\" \/>\n<script type=\"application\/ld+json\" class=\"yoast-schema-graph\">{\"@context\":\"https:\\\/\\\/schema.org\",\"@graph\":[{\"@type\":\"WebPage\",\"@id\":\"https:\\\/\\\/www.limburgsuitje.nl\\\/de\\\/teamveranstaltung-limburg\\\/\",\"url\":\"https:\\\/\\\/www.limburgsuitje.nl\\\/de\\\/teamveranstaltung-limburg\\\/\",\"name\":\"Teamausflug in Limburg | Teambuilding, Spa\u00df & Zusammenarbeit | Venlo\",\"isPartOf\":{\"@id\":\"https:\\\/\\\/www.limburgsuitje.nl\\\/de\\\/#website\"},\"datePublished\":\"2017-02-17T12:59:02+00:00\",\"dateModified\":\"2026-02-04T17:22:30+00:00\",\"description\":\"Organisieren Sie Ihren Teamausflug bei Limburgs Uitje in Sevenum. F\u00fcr alle Arten von Teams, leicht erreichbar und f\u00fcr jedes Budget.\",\"breadcrumb\":{\"@id\":\"https:\\\/\\\/www.limburgsuitje.nl\\\/de\\\/teamveranstaltung-limburg\\\/#breadcrumb\"},\"inLanguage\":\"de\",\"potentialAction\":[{\"@type\":\"ReadAction\",\"target\":[\"https:\\\/\\\/www.limburgsuitje.nl\\\/de\\\/teamveranstaltung-limburg\\\/\"]}]},{\"@type\":\"BreadcrumbList\",\"@id\":\"https:\\\/\\\/www.limburgsuitje.nl\\\/de\\\/teamveranstaltung-limburg\\\/#breadcrumb\",\"itemListElement\":[{\"@type\":\"ListItem\",\"position\":1,\"name\":\"Home\",\"item\":\"https:\\\/\\\/www.limburgsuitje.nl\\\/de\\\/\"},{\"@type\":\"ListItem\",\"position\":2,\"name\":\"Teamveranstaltung Limburg\"}]},{\"@type\":\"WebSite\",\"@id\":\"https:\\\/\\\/www.limburgsuitje.nl\\\/de\\\/#website\",\"url\":\"https:\\\/\\\/www.limburgsuitje.nl\\\/de\\\/\",\"name\":\"Limburgsuitje\",\"description\":\"Strijd als een ware schot\",\"potentialAction\":[{\"@type\":\"SearchAction\",\"target\":{\"@type\":\"EntryPoint\",\"urlTemplate\":\"https:\\\/\\\/www.limburgsuitje.nl\\\/de\\\/?s={search_term_string}\"},\"query-input\":{\"@type\":\"PropertyValueSpecification\",\"valueRequired\":true,\"valueName\":\"search_term_string\"}}],\"inLanguage\":\"de\"}]}<\/script>\n<!-- \/ Yoast SEO plugin. -->","yoast_head_json":{"title":"Teamausflug in Limburg | Teambuilding, Spa\u00df & Zusammenarbeit | Venlo","description":"Organisieren Sie Ihren Teamausflug bei Limburgs Uitje in Sevenum. F\u00fcr alle Arten von Teams, leicht erreichbar und f\u00fcr jedes Budget.","robots":{"index":"index","follow":"follow","max-snippet":"max-snippet:-1","max-image-preview":"max-image-preview:large","max-video-preview":"max-video-preview:-1"},"canonical":"https:\/\/www.limburgsuitje.nl\/de\/teamveranstaltung-limburg\/","og_locale":"de_DE","og_type":"article","og_title":"Teamausflug in Limburg | Teambuilding, Spa\u00df & Zusammenarbeit | Venlo","og_description":"Organisieren Sie Ihren Teamausflug bei Limburgs Uitje in Sevenum. F\u00fcr alle Arten von Teams, leicht erreichbar und f\u00fcr jedes Budget.","og_url":"https:\/\/www.limburgsuitje.nl\/de\/teamveranstaltung-limburg\/","og_site_name":"Limburgsuitje","article_publisher":"https:\/\/www.facebook.com\/limburgsuitje\/","article_modified_time":"2026-02-04T17:22:30+00:00","twitter_card":"summary_large_image","twitter_misc":{"Gesch\u00e4tzte Lesezeit":"6\u00a0Minuten"},"schema":{"@context":"https:\/\/schema.org","@graph":[{"@type":"WebPage","@id":"https:\/\/www.limburgsuitje.nl\/de\/teamveranstaltung-limburg\/","url":"https:\/\/www.limburgsuitje.nl\/de\/teamveranstaltung-limburg\/","name":"Teamausflug in Limburg | Teambuilding, Spa\u00df & Zusammenarbeit | Venlo","isPartOf":{"@id":"https:\/\/www.limburgsuitje.nl\/de\/#website"},"datePublished":"2017-02-17T12:59:02+00:00","dateModified":"2026-02-04T17:22:30+00:00","description":"Organisieren Sie Ihren Teamausflug bei Limburgs Uitje in Sevenum. F\u00fcr alle Arten von Teams, leicht erreichbar und f\u00fcr jedes Budget.","breadcrumb":{"@id":"https:\/\/www.limburgsuitje.nl\/de\/teamveranstaltung-limburg\/#breadcrumb"},"inLanguage":"de","potentialAction":[{"@type":"ReadAction","target":["https:\/\/www.limburgsuitje.nl\/de\/teamveranstaltung-limburg\/"]}]},{"@type":"BreadcrumbList","@id":"https:\/\/www.limburgsuitje.nl\/de\/teamveranstaltung-limburg\/#breadcrumb","itemListElement":[{"@type":"ListItem","position":1,"name":"Home","item":"https:\/\/www.limburgsuitje.nl\/de\/"},{"@type":"ListItem","position":2,"name":"Teamveranstaltung Limburg"}]},{"@type":"WebSite","@id":"https:\/\/www.limburgsuitje.nl\/de\/#website","url":"https:\/\/www.limburgsuitje.nl\/de\/","name":"Limburgsuitje","description":"Strijd als een ware schot","potentialAction":[{"@type":"SearchAction","target":{"@type":"EntryPoint","urlTemplate":"https:\/\/www.limburgsuitje.nl\/de\/?s={search_term_string}"},"query-input":{"@type":"PropertyValueSpecification","valueRequired":true,"valueName":"search_term_string"}}],"inLanguage":"de"}]}},"_links":{"self":[{"href":"https:\/\/www.limburgsuitje.nl\/de\/wp-json\/wp\/v2\/pages\/5467","targetHints":{"allow":["GET"]}}],"collection":[{"href":"https:\/\/www.limburgsuitje.nl\/de\/wp-json\/wp\/v2\/pages"}],"about":[{"href":"https:\/\/www.limburgsuitje.nl\/de\/wp-json\/wp\/v2\/types\/page"}],"author":[{"embeddable":true,"href":"https:\/\/www.limburgsuitje.nl\/de\/wp-json\/wp\/v2\/users\/2"}],"replies":[{"embeddable":true,"href":"https:\/\/www.limburgsuitje.nl\/de\/wp-json\/wp\/v2\/comments?post=5467"}],"version-history":[{"count":0,"href":"https:\/\/www.limburgsuitje.nl\/de\/wp-json\/wp\/v2\/pages\/5467\/revisions"}],"wp:attachment":[{"href":"https:\/\/www.limburgsuitje.nl\/de\/wp-json\/wp\/v2\/media?parent=5467"}],"curies":[{"name":"wp","href":"https:\/\/api.w.org\/{rel}","templated":true}]}}