{"id":5495,"date":"2020-01-21T13:46:33","date_gmt":"2020-01-21T12:46:33","guid":{"rendered":"https:\/\/www.limburgsuitje.nl\/die-5-wichtigsten-fragen\/"},"modified":"2026-03-16T15:21:56","modified_gmt":"2026-03-16T14:21:56","slug":"die-5-wichtigsten-fragen","status":"publish","type":"page","link":"https:\/\/www.limburgsuitje.nl\/de\/die-5-wichtigsten-fragen\/","title":{"rendered":"Die 5 wichtigsten Fragen"},"content":{"rendered":"<p>[et_pb_section fb_built=&#8220;1&#8243; admin_label=&#8220;section&#8220; _builder_version=&#8220;4.16&#8243; global_colors_info=&#8220;{}&#8220;][et_pb_row admin_label=&#8220;Reihe&#8220; _builder_version=&#8220;4.16&#8243; background_size=&#8220;initial&#8220; background_position=&#8220;top_left&#8220; background_repeat=&#8220;repeat&#8220; global_colors_info=&#8220;{}&#8220;][et_pb_column type=&#8220;4_4&#8243; _builder_version=&#8220;4.16&#8243; custom_padding=&#8220;|||&#8220; global_colors_info=&#8220;{}&#8220; custom_padding__hover=&#8220;|||&#8220;][et_pb_post_title meta=&#8220;off&#8220; featured_image=&#8220;off&#8220; admin_label=&#8220;Post Title&#8220; _builder_version=&#8220;4.16&#8243; background_color=&#8220;rgba(255,255,255,0)&#8220; parallax=&#8220;on&#8220; parallax_method=&#8220;off&#8220; parallax_effect=&#8220;on&#8220; module_bg_color=&#8220;rgba(255,255,255,0)&#8220; use_border_color=&#8220;off&#8220; border_color=&#8220;#ffffff&#8220; border_style=&#8220;solid&#8220; global_colors_info=&#8220;{}&#8220;][\/et_pb_post_title][et_pb_text admin_label=&#8220;Text&#8220; _builder_version=&#8220;4.27.4&#8243; background_size=&#8220;initial&#8220; background_position=&#8220;top_left&#8220; background_repeat=&#8220;repeat&#8220; use_border_color=&#8220;off&#8220; border_color=&#8220;#ffffff&#8220; border_style=&#8220;solid&#8220; global_colors_info=&#8220;{}&#8220;]<\/p>\n<p>Hier finden Sie die Antworten auf die 5 am h\u00e4ufigsten gestellten Fragen:<\/p>\n<p><strong>1. M\u00fcssen wir eine Kaution im Voraus bezahlen?<br \/><\/strong><br \/>Nein, das ist nicht notwendig. Die Aktivit\u00e4t kann am Tag selbst per Pin oder bar bezahlt werden. Und f\u00fcr Unternehmen auf Rechnung innerhalb von 1 Tag nach Fertigstellung. Nach Vereinbarung kann diese Frist auch l\u00e4nger sein. <\/p>\n<p><strong>2. Ich wei\u00df noch nicht, wie viele Leute kommen werden. Ist das ein Problem?<br \/><\/strong><br \/>Zum Zeitpunkt der Buchung m\u00fcssen Sie die endg\u00fcltige Personenzahl nicht angeben. Dies kann bis zu sieben Tage vor der Aktivit\u00e4t geschehen.<\/p>\n<p><strong>3. Was passiert bei schlechtem Wetter?<br \/><\/strong><br \/>Alle Aktivit\u00e4ten werden auch bei Regen fortgesetzt. Wir haben viele \u00dcberdachungen, unter denen wir die Spiele am Laufen halten k\u00f6nnen. Das kann allerdings bedeuten, dass bestimmte Spiele getauscht werden. <\/p>\n<p><strong>4. K\u00f6nnen wir bei dir duschen?<br \/><\/strong><br \/>Nein, das ist leider nicht m\u00f6glich. Sie k\u00f6nnen sich umziehen und mit Wasser auffrischen. Sie k\u00f6nnen jedoch auf dem benachbarten Campingplatz (Schatberg) gegen eine Geb\u00fchr duschen (+\/- 3,00\/3,50 p.P.). Sie m\u00fcssen dies nicht buchen.<\/p>\n<p><strong>5. K\u00f6nnen wir unser eigenes Essen und Trinken mitbringen?<br \/><\/strong><br \/>Sie k\u00f6nnen Ihre eigene Trinkflasche (Plastik) f\u00fcr die Aktivit\u00e4t mitbringen. Eigene Getr\u00e4nke auf unserer Catering-Terrasse sind nicht m\u00f6glich. Ein privates Mittagessen ist jedoch nach Absprache m\u00f6glich, bitte erkundigen Sie sich nach den M\u00f6glichkeiten.  Informieren Sie sich aber auch \u00fcber unser <a href=\"https:\/\/www.limburgsuitje.nl\/de\/5415-2\/\">Catering-Angebot<\/a>.<\/p>\n<p><strong>6. Wo ist der Standort?<\/strong><\/p>\n<p>Der Standort &#8222;Limburgs Uitje&#8220; befindet sich in Sevenum. Die Adresse lautet Middenpeelweg 1. Klicken Sie <a href=\"https:\/\/www.limburgsuitje.nl\/de\/standort\/\">hier<\/a> f\u00fcr weitere Informationen.<\/p>\n<p>Alle weiteren Fragen finden Sie auf unserer Seite<a href=\"https:\/\/www.limburgsuitje.nl\/de\/faq\/\">&#8222;FAQ<\/a>&#8222;.<\/p>\n<p>[\/et_pb_text][\/et_pb_column][\/et_pb_row][\/et_pb_section]<\/p>\n","protected":false},"excerpt":{"rendered":"<p>Hier finden Sie die Antworten auf die 5 am h\u00e4ufigsten gestellten Fragen: 1. M\u00fcssen wir eine Kaution im Voraus bezahlen?Nein, das ist nicht notwendig. Die Aktivit\u00e4t kann am Tag selbst per Pin oder bar bezahlt werden. Und f\u00fcr Unternehmen auf Rechnung innerhalb von 1 Tag nach Fertigstellung. Nach Vereinbarung kann diese Frist auch l\u00e4nger sein. [&hellip;]<\/p>\n","protected":false},"author":2,"featured_media":0,"parent":0,"menu_order":0,"comment_status":"closed","ping_status":"closed","template":"","meta":{"_acf_changed":false,"_et_pb_use_builder":"on","_et_pb_old_content":"","_et_gb_content_width":"","footnotes":""},"class_list":["post-5495","page","type-page","status-publish","hentry"],"acf":[],"yoast_head":"<!-- This site is optimized with the Yoast SEO plugin v27.5 - https:\/\/yoast.com\/product\/yoast-seo-wordpress\/ -->\n<title>Die 5 wichtigsten Fragen | Limburgsuitje<\/title>\n<meta name=\"description\" content=\"Entdecke die Top 5 der Fragen von Limburgsuitje.nl. Die am h\u00e4ufigsten gestellten Fragen zu Gruppenausfl\u00fcgen, Reservierungen und Aktivit\u00e4ten auf einer Seite.\" \/>\n<meta name=\"robots\" content=\"index, follow, max-snippet:-1, max-image-preview:large, max-video-preview:-1\" \/>\n<link rel=\"canonical\" href=\"https:\/\/www.limburgsuitje.nl\/de\/die-5-wichtigsten-fragen\/\" \/>\n<meta property=\"og:locale\" content=\"de_DE\" \/>\n<meta property=\"og:type\" content=\"article\" \/>\n<meta property=\"og:title\" content=\"Die 5 wichtigsten Fragen | Limburgsuitje\" \/>\n<meta property=\"og:description\" content=\"Entdecke die Top 5 der Fragen von Limburgsuitje.nl. Die am h\u00e4ufigsten gestellten Fragen zu Gruppenausfl\u00fcgen, Reservierungen und Aktivit\u00e4ten auf einer Seite.\" \/>\n<meta property=\"og:url\" content=\"https:\/\/www.limburgsuitje.nl\/de\/die-5-wichtigsten-fragen\/\" \/>\n<meta property=\"og:site_name\" content=\"Limburgsuitje\" \/>\n<meta property=\"article:publisher\" content=\"https:\/\/www.facebook.com\/limburgsuitje\/\" \/>\n<meta property=\"article:modified_time\" content=\"2026-03-16T14:21:56+00:00\" \/>\n<meta name=\"twitter:card\" content=\"summary_large_image\" \/>\n<meta name=\"twitter:label1\" content=\"Gesch\u00e4tzte Lesezeit\" \/>\n\t<meta name=\"twitter:data1\" content=\"2\u00a0Minuten\" \/>\n<script type=\"application\/ld+json\" class=\"yoast-schema-graph\">{\"@context\":\"https:\\\/\\\/schema.org\",\"@graph\":[{\"@type\":\"WebPage\",\"@id\":\"https:\\\/\\\/www.limburgsuitje.nl\\\/de\\\/die-5-wichtigsten-fragen\\\/\",\"url\":\"https:\\\/\\\/www.limburgsuitje.nl\\\/de\\\/die-5-wichtigsten-fragen\\\/\",\"name\":\"Die 5 wichtigsten Fragen | Limburgsuitje\",\"isPartOf\":{\"@id\":\"https:\\\/\\\/www.limburgsuitje.nl\\\/de\\\/#website\"},\"datePublished\":\"2020-01-21T12:46:33+00:00\",\"dateModified\":\"2026-03-16T14:21:56+00:00\",\"description\":\"Entdecke die Top 5 der Fragen von Limburgsuitje.nl. Die am h\u00e4ufigsten gestellten Fragen zu Gruppenausfl\u00fcgen, Reservierungen und Aktivit\u00e4ten auf einer Seite.\",\"breadcrumb\":{\"@id\":\"https:\\\/\\\/www.limburgsuitje.nl\\\/de\\\/die-5-wichtigsten-fragen\\\/#breadcrumb\"},\"inLanguage\":\"de\",\"potentialAction\":[{\"@type\":\"ReadAction\",\"target\":[\"https:\\\/\\\/www.limburgsuitje.nl\\\/de\\\/die-5-wichtigsten-fragen\\\/\"]}]},{\"@type\":\"BreadcrumbList\",\"@id\":\"https:\\\/\\\/www.limburgsuitje.nl\\\/de\\\/die-5-wichtigsten-fragen\\\/#breadcrumb\",\"itemListElement\":[{\"@type\":\"ListItem\",\"position\":1,\"name\":\"Home\",\"item\":\"https:\\\/\\\/www.limburgsuitje.nl\\\/de\\\/\"},{\"@type\":\"ListItem\",\"position\":2,\"name\":\"Die 5 wichtigsten Fragen\"}]},{\"@type\":\"WebSite\",\"@id\":\"https:\\\/\\\/www.limburgsuitje.nl\\\/de\\\/#website\",\"url\":\"https:\\\/\\\/www.limburgsuitje.nl\\\/de\\\/\",\"name\":\"Limburgsuitje\",\"description\":\"Strijd als een ware schot\",\"potentialAction\":[{\"@type\":\"SearchAction\",\"target\":{\"@type\":\"EntryPoint\",\"urlTemplate\":\"https:\\\/\\\/www.limburgsuitje.nl\\\/de\\\/?s={search_term_string}\"},\"query-input\":{\"@type\":\"PropertyValueSpecification\",\"valueRequired\":true,\"valueName\":\"search_term_string\"}}],\"inLanguage\":\"de\"}]}<\/script>\n<!-- \/ Yoast SEO plugin. -->","yoast_head_json":{"title":"Die 5 wichtigsten Fragen | Limburgsuitje","description":"Entdecke die Top 5 der Fragen von Limburgsuitje.nl. Die am h\u00e4ufigsten gestellten Fragen zu Gruppenausfl\u00fcgen, Reservierungen und Aktivit\u00e4ten auf einer Seite.","robots":{"index":"index","follow":"follow","max-snippet":"max-snippet:-1","max-image-preview":"max-image-preview:large","max-video-preview":"max-video-preview:-1"},"canonical":"https:\/\/www.limburgsuitje.nl\/de\/die-5-wichtigsten-fragen\/","og_locale":"de_DE","og_type":"article","og_title":"Die 5 wichtigsten Fragen | Limburgsuitje","og_description":"Entdecke die Top 5 der Fragen von Limburgsuitje.nl. Die am h\u00e4ufigsten gestellten Fragen zu Gruppenausfl\u00fcgen, Reservierungen und Aktivit\u00e4ten auf einer Seite.","og_url":"https:\/\/www.limburgsuitje.nl\/de\/die-5-wichtigsten-fragen\/","og_site_name":"Limburgsuitje","article_publisher":"https:\/\/www.facebook.com\/limburgsuitje\/","article_modified_time":"2026-03-16T14:21:56+00:00","twitter_card":"summary_large_image","twitter_misc":{"Gesch\u00e4tzte Lesezeit":"2\u00a0Minuten"},"schema":{"@context":"https:\/\/schema.org","@graph":[{"@type":"WebPage","@id":"https:\/\/www.limburgsuitje.nl\/de\/die-5-wichtigsten-fragen\/","url":"https:\/\/www.limburgsuitje.nl\/de\/die-5-wichtigsten-fragen\/","name":"Die 5 wichtigsten Fragen | Limburgsuitje","isPartOf":{"@id":"https:\/\/www.limburgsuitje.nl\/de\/#website"},"datePublished":"2020-01-21T12:46:33+00:00","dateModified":"2026-03-16T14:21:56+00:00","description":"Entdecke die Top 5 der Fragen von Limburgsuitje.nl. Die am h\u00e4ufigsten gestellten Fragen zu Gruppenausfl\u00fcgen, Reservierungen und Aktivit\u00e4ten auf einer Seite.","breadcrumb":{"@id":"https:\/\/www.limburgsuitje.nl\/de\/die-5-wichtigsten-fragen\/#breadcrumb"},"inLanguage":"de","potentialAction":[{"@type":"ReadAction","target":["https:\/\/www.limburgsuitje.nl\/de\/die-5-wichtigsten-fragen\/"]}]},{"@type":"BreadcrumbList","@id":"https:\/\/www.limburgsuitje.nl\/de\/die-5-wichtigsten-fragen\/#breadcrumb","itemListElement":[{"@type":"ListItem","position":1,"name":"Home","item":"https:\/\/www.limburgsuitje.nl\/de\/"},{"@type":"ListItem","position":2,"name":"Die 5 wichtigsten Fragen"}]},{"@type":"WebSite","@id":"https:\/\/www.limburgsuitje.nl\/de\/#website","url":"https:\/\/www.limburgsuitje.nl\/de\/","name":"Limburgsuitje","description":"Strijd als een ware schot","potentialAction":[{"@type":"SearchAction","target":{"@type":"EntryPoint","urlTemplate":"https:\/\/www.limburgsuitje.nl\/de\/?s={search_term_string}"},"query-input":{"@type":"PropertyValueSpecification","valueRequired":true,"valueName":"search_term_string"}}],"inLanguage":"de"}]}},"_links":{"self":[{"href":"https:\/\/www.limburgsuitje.nl\/de\/wp-json\/wp\/v2\/pages\/5495","targetHints":{"allow":["GET"]}}],"collection":[{"href":"https:\/\/www.limburgsuitje.nl\/de\/wp-json\/wp\/v2\/pages"}],"about":[{"href":"https:\/\/www.limburgsuitje.nl\/de\/wp-json\/wp\/v2\/types\/page"}],"author":[{"embeddable":true,"href":"https:\/\/www.limburgsuitje.nl\/de\/wp-json\/wp\/v2\/users\/2"}],"replies":[{"embeddable":true,"href":"https:\/\/www.limburgsuitje.nl\/de\/wp-json\/wp\/v2\/comments?post=5495"}],"version-history":[{"count":3,"href":"https:\/\/www.limburgsuitje.nl\/de\/wp-json\/wp\/v2\/pages\/5495\/revisions"}],"predecessor-version":[{"id":12892,"href":"https:\/\/www.limburgsuitje.nl\/de\/wp-json\/wp\/v2\/pages\/5495\/revisions\/12892"}],"wp:attachment":[{"href":"https:\/\/www.limburgsuitje.nl\/de\/wp-json\/wp\/v2\/media?parent=5495"}],"curies":[{"name":"wp","href":"https:\/\/api.w.org\/{rel}","templated":true}]}}