{"id":5519,"date":"2017-03-20T18:59:48","date_gmt":"2017-03-20T17:59:48","guid":{"rendered":"https:\/\/www.limburgsuitje.nl\/familientag-limburg\/"},"modified":"2026-03-16T15:07:54","modified_gmt":"2026-03-16T14:07:54","slug":"familientag-limburg","status":"publish","type":"page","link":"https:\/\/www.limburgsuitje.nl\/de\/familientag-limburg\/","title":{"rendered":"Familientag Limburg"},"content":{"rendered":"<p>[et_pb_section fb_built=&#8220;1&#8243; admin_label=&#8220;section&#8220; _builder_version=&#8220;4.16&#8243; global_colors_info=&#8220;{}&#8220;][et_pb_row admin_label=&#8220;Reihe&#8220; _builder_version=&#8220;4.16&#8243; background_size=&#8220;initial&#8220; background_position=&#8220;top_left&#8220; background_repeat=&#8220;repeat&#8220; global_colors_info=&#8220;{}&#8220;][et_pb_column type=&#8220;4_4&#8243; _builder_version=&#8220;4.16&#8243; custom_padding=&#8220;|||&#8220; global_colors_info=&#8220;{}&#8220; custom_padding__hover=&#8220;|||&#8220;][et_pb_text admin_label=&#8220;Text&#8220; _builder_version=&#8220;4.27.5&#8243; background_size=&#8220;initial&#8220; background_position=&#8220;top_left&#8220; background_repeat=&#8220;repeat&#8220; hover_enabled=&#8220;0&#8243; use_border_color=&#8220;off&#8220; border_color=&#8220;#ffffff&#8220; border_style=&#8220;solid&#8220; global_colors_info=&#8220;{}&#8220; sticky_enabled=&#8220;0&#8243;]<\/p>\n<h1>Organisiere deinen Familientag in Limburg<\/h1>\n<p>Organisieren Sie einen <strong>Familientag in Limburg<\/strong>? Oder suchen Sie eine Aktivit\u00e4t f\u00fcr den j\u00e4hrlichen Familientag? Dann sind Sie bei Limburgs Uitje an der richtigen Adresse! Noch nie war es so einfach, einen Familientag an unserem zentralen Standort in Sevenum zu organisieren. Sie w\u00e4hlen die Aktivit\u00e4t(en) aus, die Sie f\u00fcr Ihren Familientag f\u00fcr geeignet halten, und teilen uns mit, wann Sie kommen. Dann organisieren wir den Rest f\u00fcr Ihren Familientag in Limburg! Es ist nicht n\u00f6tig, nach einem geeigneten Ort zu suchen oder sich in alle m\u00f6glichen Schwierigkeiten zu verwickeln, um alles zu organisieren. Ersparen Sie sich die M\u00fche und lassen Sie uns Ihren Familientag in Limburg organisieren.<\/p>\n<h2>Familientag in Limburg f\u00fcr Jung und Alt<\/h2>\n<p>Wir empfangen Gruppen mit unterschiedlichen W\u00fcnschen, Gr\u00f6\u00dfen und Altersgruppen. Jede Gruppe ist anders, und in jeder Gruppe gibt es Menschen, die aktive Aktivit\u00e4ten bevorzugen, und Menschen, die weniger aktive Aktivit\u00e4ten bevorzugen. Wir organisieren w\u00f6chentlich <a href=\"https:\/\/www.limburgsuitje.nl\/de\/junggesellenabschied-limburg\/\">Junggesellenabschiede<\/a>, <a href=\"https:\/\/www.limburgsuitje.nl\/de\/betriebsfest-limburg\/\">Betriebsausfl\u00fcge<\/a>, <a href=\"https:\/\/www.limburgsuitje.nl\/de\/tag-der-freunde-limburg\/\">Freundinnentage<\/a> und andere <a href=\"https:\/\/www.limburgsuitje.nl\/de\/gruppenveranstaltung-limburg\/\">Gruppenausfl\u00fcge<\/a>. Da wir \u00fcber jahrelange Erfahrung in diesem Bereich verf\u00fcgen, wissen wir sehr gut, welche Aktivit\u00e4ten f\u00fcr welche Gruppen geeignet sind.<\/p>\n<p>Besonders an Familientagen hat man es mit verschiedenen Altersgruppen zu tun. Idealerweise sollte man Oma und Opa mitmachen lassen, aber es sollte den Enkeln auf jeden Fall Spa\u00df machen. Wir bei Limburgs Uitje verstehen das nur zu gut. Deshalb bieten wir speziell zusammengestellte Aktivit\u00e4ten an.<\/p>\n<p>Auf dieser Seite finden Sie eine \u00dcbersicht unserer beliebtesten Aktivit\u00e4ten f\u00fcr einen Familientag in Limburg, inklusive praktischer Informationen und h\u00e4ufig gestellter Fragen.<\/p>\n<p>[\/et_pb_text][\/et_pb_column][\/et_pb_row][\/et_pb_section][et_pb_section fb_built=&#8220;1&#8243; admin_label=&#8220;Section&#8220; _builder_version=&#8220;4.16&#8243; background_color=&#8220;#e6e6e6&#8243; transparent_background=&#8220;off&#8220; global_colors_info=&#8220;{}&#8220;][et_pb_row admin_label=&#8220;Reihe&#8220; _builder_version=&#8220;4.16&#8243; background_size=&#8220;initial&#8220; background_position=&#8220;top_left&#8220; background_repeat=&#8220;repeat&#8220; global_colors_info=&#8220;{}&#8220;][et_pb_column type=&#8220;4_4&#8243; _builder_version=&#8220;4.16&#8243; custom_padding=&#8220;|||&#8220; global_colors_info=&#8220;{}&#8220; custom_padding__hover=&#8220;|||&#8220;][et_pb_text admin_label=&#8220;Deze activiteit bestaat uit deze spellen&#8220; module_id=&#8220;spellen-titel&#8220; _builder_version=&#8220;4.27.5&#8243; background_size=&#8220;initial&#8220; background_position=&#8220;top_left&#8220; background_repeat=&#8220;repeat&#8220; text_orientation=&#8220;center&#8220; module_alignment=&#8220;center&#8220; custom_margin=&#8220;||0px|&#8220; use_border_color=&#8220;off&#8220; border_color=&#8220;#ffffff&#8220; border_style=&#8220;solid&#8220; global_colors_info=&#8220;{}&#8220;]<\/p>\n<h2>Aktivit\u00e4ten f\u00fcr einen gelungenen Familientag in Limburg<\/h2>\n<p>[\/et_pb_text][et_pb_code admin_label=&#8220;Zugeh\u00f6rige Aktivit\u00e4ten &#038; Pakete&#8220; _builder_version=&#8220;4.27.5&#8243; global_colors_info=&#8220;{}&#8220;]<ul id=\"bxslider\">\n<li class=\"slide\">\n<div class=\"spel\" style=\"width: 260px;\">\n\t<a href=\"https:\/\/www.limburgsuitje.nl\/de\/activiteit\/expedition-columbus-1\/\" title=\"Expedition Kolumbus\">\n\t\t<div>\n\t\t<div class=\"spel-thumbnail\">\n\t\t\t<img decoding=\"async\" src=\"https:\/\/www.limburgsuitje.nl\/wp-content\/uploads\/2017\/02\/expeditie-columbus-thumb.jpg\" alt=\"Expedition Kolumbus\">\n\t\t<\/div>\n\t\t<div class=\"spel-text\">\n\t\t\t<h3>Expedition Kolumbus<\/h3>\n\t\t\tOhne die unbewohnte Insel, aber genau so spannend!\n\t\t<\/div>\n\t\t<div class=\"spel-footer\">\n\t\t\t<div class=\"spel-footer-prijs\">\n\t\t\t\t\u20ac 22,95 <span class=\"pp\">p.P.<\/span> \n\t\t\t<\/div>\n\t\t\t<div class=\"spel-footer-duur\">\n\t\t\t\t2 Stunden\n\t\t\t<\/div>\n\t\t<\/div>\n\t\t<\/div>\n\t<\/a>\n<\/div>\n<\/li>\n<li class=\"slide\">\n<div class=\"spel\" style=\"width: 260px;\">\n\t<a href=\"https:\/\/www.limburgsuitje.nl\/de\/activiteit\/fungames\/\" title=\"lustige Spiele\">\n\t\t<div>\n\t\t<div class=\"spel-thumbnail\">\n\t\t\t<img decoding=\"async\" src=\"https:\/\/www.limburgsuitje.nl\/wp-content\/uploads\/2017\/01\/fun-games-thumb.jpg\" alt=\"lustige Spiele\">\n\t\t<\/div>\n\t\t<div class=\"spel-text\">\n\t\t\t<h3>lustige Spiele<\/h3>\n\t\t\tBei dieser Aktivit\u00e4t steht der Spa\u00df im Vordergrund!\n\t\t<\/div>\n\t\t<div class=\"spel-footer\">\n\t\t\t<div class=\"spel-footer-prijs\">\n\t\t\t\t\u20ac 20,50 <span class=\"pp\">p.P.<\/span> \n\t\t\t<\/div>\n\t\t\t<div class=\"spel-footer-duur\">\n\t\t\t\t2 Stunden\n\t\t\t<\/div>\n\t\t<\/div>\n\t\t<\/div>\n\t<\/a>\n<\/div>\n<\/li>\n<li class=\"slide\">\n<div class=\"spel\" style=\"width: 260px;\">\n\t<a href=\"https:\/\/www.limburgsuitje.nl\/de\/activiteit\/familienmix\/\" title=\"Familienmischung\">\n\t\t<div>\n\t\t<div class=\"spel-thumbnail\">\n\t\t\t<img decoding=\"async\" src=\"https:\/\/www.limburgsuitje.nl\/wp-content\/uploads\/2017\/02\/familiemix-thumb.jpg\" alt=\"Familienmischung\">\n\t\t<\/div>\n\t\t<div class=\"spel-text\">\n\t\t\t<h3>Familienmischung<\/h3>\n\t\t\tEine Mischung aus Spielen f\u00fcr Jung und Alt! Ideal f\u00fcr einen Familientag.\n\t\t<\/div>\n\t\t<div class=\"spel-footer\">\n\t\t\t<div class=\"spel-footer-prijs\">\n\t\t\t\t\u20ac 19,95 <span class=\"pp\">p.P.<\/span> \n\t\t\t<\/div>\n\t\t\t<div class=\"spel-footer-duur\">\n\t\t\t\t2 Stunden\n\t\t\t<\/div>\n\t\t<\/div>\n\t\t<\/div>\n\t<\/a>\n<\/div>\n<\/li>\n<li class=\"slide\">\n<div class=\"spel\" style=\"width: 260px;\">\n\t<a href=\"https:\/\/www.limburgsuitje.nl\/activiteit\/beatthefamily\/\" title=\"Beat the family\">\n\t\t<div>\n\t\t<div class=\"spel-thumbnail\">\n\t\t\t<img decoding=\"async\" src=\"https:\/\/www.limburgsuitje.nl\/wp-content\/uploads\/2019\/04\/blokkenspel-thumb.jpg\" alt=\"Beat the family\">\n\t\t<\/div>\n\t\t<div class=\"spel-text\">\n\t\t\t<h3>Beat the family<\/h3>\n\t\t\tHet leukst groepsuitje voor een geslaagde familiedag\n\t\t<\/div>\n\t\t<div class=\"spel-footer\">\n\t\t\t<div class=\"spel-footer-prijs\">\n\t\t\t\t\u20ac 19,95 <span class=\"pp\">p.P.<\/span> \n\t\t\t<\/div>\n\t\t\t<div class=\"spel-footer-duur\">\n\t\t\t\t2 uur\n\t\t\t<\/div>\n\t\t<\/div>\n\t\t<\/div>\n\t<\/a>\n<\/div>\n<\/li>\n<li class=\"slide\">\n<div class=\"spel\" style=\"width: 260px;\">\n\t<a href=\"https:\/\/www.limburgsuitje.nl\/activiteit\/de-alleskunner-outdoor-limburg\/\" title=\"De Alleskunner (outdoor)\">\n\t\t<div>\n\t\t<div class=\"spel-thumbnail\">\n\t\t\t<img decoding=\"async\" src=\"https:\/\/www.limburgsuitje.nl\/wp-content\/uploads\/2025\/09\/alleskunner-thumb-1.jpg\" alt=\"De Alleskunner (outdoor)\">\n\t\t<\/div>\n\t\t<div class=\"spel-text\">\n\t\t\t<h3>De Alleskunner (outdoor)<\/h3>\n\t\t\tHet populaire tv programma, nu ook als uitje te boeken.\n\t\t<\/div>\n\t\t<div class=\"spel-footer\">\n\t\t\t<div class=\"spel-footer-prijs\">\n\t\t\t\t\u20ac 22,95 <span class=\"pp\">p.P.<\/span> \n\t\t\t<\/div>\n\t\t\t<div class=\"spel-footer-duur\">\n\t\t\t\t2 uur\n\t\t\t<\/div>\n\t\t<\/div>\n\t\t<\/div>\n\t<\/a>\n<\/div>\n<\/li>\n<li class=\"slide\">\n<div class=\"spel\" style=\"width: 260px;\">\n\t<a href=\"https:\/\/www.limburgsuitje.nl\/activiteit\/de-alleskunners-indoor\/\" title=\"De alleskunner (indoor)\">\n\t\t<div>\n\t\t<div class=\"spel-thumbnail\">\n\t\t\t<img decoding=\"async\" src=\"https:\/\/www.limburgsuitje.nl\/wp-content\/uploads\/2025\/09\/alleskunner-thumb-1.jpg\" alt=\"De alleskunner (indoor)\">\n\t\t<\/div>\n\t\t<div class=\"spel-text\">\n\t\t\t<h3>De alleskunner (indoor)<\/h3>\n\t\t\tKun jij alles aan? Bewijs het in h\u00e9t ultieme uitje: De Alleskunner!\"\n\t\t<\/div>\n\t\t<div class=\"spel-footer\">\n\t\t\t<div class=\"spel-footer-prijs\">\n\t\t\t\t\u20ac 22,95 <span class=\"pp\">p.P.<\/span> \n\t\t\t<\/div>\n\t\t\t<div class=\"spel-footer-duur\">\n\t\t\t\t2 uur\n\t\t\t<\/div>\n\t\t<\/div>\n\t\t<\/div>\n\t<\/a>\n<\/div>\n<\/li>\n<\/ul>\n<script type=\"text\/javascript\">\t\t$('#bxslider').bxSlider({\t\tauto: false, mode: 'horizontal', slideSelector: 'li.slide', easing: 'ease', slideWidth: 260, minSlides: 1, maxSlides: 4, slideMargin: 33, moveSlides: 1, shrinkItems: false});<\/script><script type=\"text\/javascript\">\t\t$(document).ready(function(){ $('#bxslider').bxSlider(); });<\/script>[\/et_pb_code][et_pb_text admin_label=&#8220;Deze activiteit bestaat uit deze spellen&#8220; module_id=&#8220;spellen-titel&#8220; _builder_version=&#8220;4.27.5&#8243; background_size=&#8220;initial&#8220; background_position=&#8220;top_left&#8220; background_repeat=&#8220;repeat&#8220; text_orientation=&#8220;center&#8220; module_alignment=&#8220;center&#8220; custom_margin=&#8220;||0px|&#8220; use_border_color=&#8220;off&#8220; border_color=&#8220;#ffffff&#8220; border_style=&#8220;solid&#8220; global_colors_info=&#8220;{}&#8220;]<\/p>\n<h2>Die meistgestellten Fragen \u00fcber einen Familientag in Limburg<\/h2>\n<p>[\/et_pb_text][et_pb_accordion _builder_version=&#8220;4.27.5&#8243; _module_preset=&#8220;default&#8220; global_colors_info=&#8220;{}&#8220;][et_pb_accordion_item title=&#8220;Opa und Oma sind dabei, k\u00f6nnen aber nicht mitmachen. M\u00fcssen sie trotzdem bezahlen? &#8220; open=&#8220;on&#8220; _builder_version=&#8220;4.27.5&#8243; _module_preset=&#8220;default&#8220; global_colors_info=&#8220;{}&#8220;]<\/p>\n<p>Nein. Wir finden es schon toll, dass sie dabei sind und m\u00fcssen nat\u00fcrlich nicht bezahlen, wenn sie nicht mitmachen. Wenn sie nur einige Spiele mitmachen, werden sie nicht berechnet. <\/p>\n<p>[\/et_pb_accordion_item][et_pb_accordion_item title=&#8220;K\u00f6nnen auch kleine Kinder mitmachen?&#8220; _builder_version=&#8220;4.27.5&#8243; _module_preset=&#8220;default&#8220; global_colors_info=&#8220;{}&#8220; open=&#8220;off&#8220;]<\/p>\n<p>Kinder unter 8 Jahren d\u00fcrfen bei uns immer kostenlos an den Aktivit\u00e4ten teilnehmen. Ab etwa 5 bis 6 Jahren k\u00f6nnen die Kinder bei vielen Spielen aktiv mitmachen. J\u00fcngere Kinder k\u00f6nnen mit der Gruppe mitlaufen und sich auf unserem Gel\u00e4nde vergn\u00fcgen. Das Gel\u00e4nde ist vollst\u00e4ndig umz\u00e4unt, sodass sie nicht einfach weglaufen k\u00f6nnen.   <\/p>\n<p>[\/et_pb_accordion_item][et_pb_accordion_item title=&#8220;Was passiert bei schlechtem Wetter?&#8220; _builder_version=&#8220;4.27.5&#8243; _module_preset=&#8220;default&#8220; global_colors_info=&#8220;{}&#8220; open=&#8220;off&#8220;]<\/p>\n<p data-start=\"111\" data-end=\"371\">Schlechtes Wetter ist kein Grund, die Aktivit\u00e4t abzusagen. Wir empfehlen immer, sich dem Wetter entsprechend zu kleiden, aber das bedeutet nicht, dass Aktivit\u00e4ten im Regen stattfinden. Auf unserem Gel\u00e4nde gibt es mehrere \u00dcberdachungen, unter denen Spiele durchgef\u00fchrt werden k\u00f6nnen.  <\/p>\n<p data-start=\"378\" data-end=\"630\">Wenn eine Woche im Voraus klar wird, dass das Wetter schlecht ist, kannst du dich nach einem alternativen Programm erkundigen, wie z. B. <em data-start=\"498\" data-end=\"514\">Der Allesk\u00f6nner<\/em>. Dies ist nur m\u00f6glich, wenn noch Verf\u00fcgbarkeit besteht. Eine kostenlose Stornierung aufgrund von schlechtem Wetter ist nicht m\u00f6glich.<\/p>\n<p>[\/et_pb_accordion_item][et_pb_accordion_item title=&#8220;D\u00fcrfen wir unser eigenes Mittagessen mitbringen?&#8220; _builder_version=&#8220;4.27.5&#8243; _module_preset=&#8220;default&#8220; global_colors_info=&#8220;{}&#8220; open=&#8220;off&#8220;]<\/p>\n<p>Auf unserem Picknickplatz darfst du dein eigenes Mittagessen mitbringen. Wir bitten dich jedoch, alles ordentlich zu hinterlassen. <\/p>\n<p>In unserem Gastronomiebereich sind keine eigenen Getr\u00e4nke erlaubt. Das Mittagessen nach Absprache (abh\u00e4ngig vom Andrang). <\/p>\n<p>[\/et_pb_accordion_item][et_pb_accordion_item title=&#8220;Wie lange im Voraus m\u00fcssen wir buchen?&#8220; _builder_version=&#8220;4.27.5&#8243; _module_preset=&#8220;default&#8220; global_colors_info=&#8220;{}&#8220; open=&#8220;off&#8220;]<\/p>\n<p>Das ist schwer vorherzusagen. Manchmal gibt es zwei Wochen vorher noch freie Termine f\u00fcr euren Familientag, manchmal sind Termine aber auch schon fr\u00fcher ausgebucht. Sobald das Datum feststeht, empfehlen wir, sich nach der Verf\u00fcgbarkeit zu erkundigen. In diesem Fall k\u00f6nnen wir dir einige Tage lang eine Option einr\u00e4umen. Nach der Reservierung k\u00f6nnen die endg\u00fcltigen Teilnehmerzahlen bis zu sieben Tage im Voraus noch angepasst werden.    <\/p>\n<p>[\/et_pb_accordion_item][et_pb_accordion_item title=&#8220;Wo findet der Familientag statt?&#8220; _builder_version=&#8220;4.27.5&#8243; _module_preset=&#8220;default&#8220; global_colors_info=&#8220;{}&#8220; open=&#8220;off&#8220;]<\/p>\n<p>Die Ausfl\u00fcge auf unserer Website finden in Sevenum, an unserem eigenen Standort statt. Dar\u00fcber hinaus arbeiten wir mit dem Restaurant De Turfhoeve zusammen, das sich neben uns befindet und in dem viele Indoor-Aktivit\u00e4ten stattfinden. <\/p>\n<p>[\/et_pb_accordion_item][et_pb_accordion_item title=&#8220;Ich habe eine andere Frage&#8220; _builder_version=&#8220;4.27.5&#8243; _module_preset=&#8220;default&#8220; global_colors_info=&#8220;{}&#8220; open=&#8220;off&#8220;]<\/p>\n<p>Hast du noch Fragen, die nicht speziell einen Familientag betreffen? Dann schau auf unserer allgemeinen <a href=\"https:\/\/www.limburgsuitje.nl\/de\/faq\/\">FAQ<\/a>-Seite nach. Wenn deine Frage dort nicht beantwortet wird, kannst du dich gerne mit uns in Verbindung setzen.  <\/p>\n<p>[\/et_pb_accordion_item][\/et_pb_accordion][\/et_pb_column][\/et_pb_row][\/et_pb_section]<\/p>\n","protected":false},"excerpt":{"rendered":"<p>Organisiere deinen Familientag in Limburg Organisieren Sie einen Familientag in Limburg? Oder suchen Sie eine Aktivit\u00e4t f\u00fcr den j\u00e4hrlichen Familientag? Dann sind Sie bei Limburgs Uitje an der richtigen Adresse! Noch nie war es so einfach, einen Familientag an unserem zentralen Standort in Sevenum zu organisieren. Sie w\u00e4hlen die Aktivit\u00e4t(en) aus, die Sie f\u00fcr Ihren [&hellip;]<\/p>\n","protected":false},"author":2,"featured_media":0,"parent":0,"menu_order":0,"comment_status":"closed","ping_status":"closed","template":"","meta":{"_acf_changed":false,"_et_pb_use_builder":"on","_et_pb_old_content":"","_et_gb_content_width":"","footnotes":""},"class_list":["post-5519","page","type-page","status-publish","hentry"],"acf":[],"yoast_head":"<!-- This site is optimized with the Yoast SEO plugin v27.4 - https:\/\/yoast.com\/product\/yoast-seo-wordpress\/ -->\n<title>Organisiere deinen Familientag in Limburg an unserem Standort in Sevenum<\/title>\n<meta name=\"description\" content=\"Erlebe einen geselligen Familientag in Limburg voller Spiele, Aufgaben und Aktivit\u00e4ten f\u00fcr alle Altersgruppen. Perfekt f\u00fcr einen gemeinsamen Tag.\" \/>\n<meta name=\"robots\" content=\"index, follow, max-snippet:-1, max-image-preview:large, max-video-preview:-1\" \/>\n<link rel=\"canonical\" href=\"https:\/\/www.limburgsuitje.nl\/de\/familientag-limburg\/\" \/>\n<meta property=\"og:locale\" content=\"de_DE\" \/>\n<meta property=\"og:type\" content=\"article\" \/>\n<meta property=\"og:title\" content=\"Organisiere deinen Familientag in Limburg an unserem Standort in Sevenum\" \/>\n<meta property=\"og:description\" content=\"Erlebe einen geselligen Familientag in Limburg voller Spiele, Aufgaben und Aktivit\u00e4ten f\u00fcr alle Altersgruppen. Perfekt f\u00fcr einen gemeinsamen Tag.\" \/>\n<meta property=\"og:url\" content=\"https:\/\/www.limburgsuitje.nl\/de\/familientag-limburg\/\" \/>\n<meta property=\"og:site_name\" content=\"Limburgsuitje\" \/>\n<meta property=\"article:publisher\" content=\"https:\/\/www.facebook.com\/limburgsuitje\/\" \/>\n<meta property=\"article:modified_time\" content=\"2026-03-16T14:07:54+00:00\" \/>\n<meta name=\"twitter:card\" content=\"summary_large_image\" \/>\n<meta name=\"twitter:label1\" content=\"Gesch\u00e4tzte Lesezeit\" \/>\n\t<meta name=\"twitter:data1\" content=\"4\u00a0Minuten\" \/>\n<script type=\"application\/ld+json\" class=\"yoast-schema-graph\">{\"@context\":\"https:\\\/\\\/schema.org\",\"@graph\":[{\"@type\":\"WebPage\",\"@id\":\"https:\\\/\\\/www.limburgsuitje.nl\\\/de\\\/familientag-limburg\\\/\",\"url\":\"https:\\\/\\\/www.limburgsuitje.nl\\\/de\\\/familientag-limburg\\\/\",\"name\":\"Organisiere deinen Familientag in Limburg an unserem Standort in Sevenum\",\"isPartOf\":{\"@id\":\"https:\\\/\\\/www.limburgsuitje.nl\\\/de\\\/#website\"},\"datePublished\":\"2017-03-20T17:59:48+00:00\",\"dateModified\":\"2026-03-16T14:07:54+00:00\",\"description\":\"Erlebe einen geselligen Familientag in Limburg voller Spiele, Aufgaben und Aktivit\u00e4ten f\u00fcr alle Altersgruppen. Perfekt f\u00fcr einen gemeinsamen Tag.\",\"breadcrumb\":{\"@id\":\"https:\\\/\\\/www.limburgsuitje.nl\\\/de\\\/familientag-limburg\\\/#breadcrumb\"},\"inLanguage\":\"de\",\"potentialAction\":[{\"@type\":\"ReadAction\",\"target\":[\"https:\\\/\\\/www.limburgsuitje.nl\\\/de\\\/familientag-limburg\\\/\"]}]},{\"@type\":\"BreadcrumbList\",\"@id\":\"https:\\\/\\\/www.limburgsuitje.nl\\\/de\\\/familientag-limburg\\\/#breadcrumb\",\"itemListElement\":[{\"@type\":\"ListItem\",\"position\":1,\"name\":\"Home\",\"item\":\"https:\\\/\\\/www.limburgsuitje.nl\\\/de\\\/\"},{\"@type\":\"ListItem\",\"position\":2,\"name\":\"Familientag Limburg\"}]},{\"@type\":\"WebSite\",\"@id\":\"https:\\\/\\\/www.limburgsuitje.nl\\\/de\\\/#website\",\"url\":\"https:\\\/\\\/www.limburgsuitje.nl\\\/de\\\/\",\"name\":\"Limburgsuitje\",\"description\":\"Strijd als een ware schot\",\"potentialAction\":[{\"@type\":\"SearchAction\",\"target\":{\"@type\":\"EntryPoint\",\"urlTemplate\":\"https:\\\/\\\/www.limburgsuitje.nl\\\/de\\\/?s={search_term_string}\"},\"query-input\":{\"@type\":\"PropertyValueSpecification\",\"valueRequired\":true,\"valueName\":\"search_term_string\"}}],\"inLanguage\":\"de\"}]}<\/script>\n<!-- \/ Yoast SEO plugin. -->","yoast_head_json":{"title":"Organisiere deinen Familientag in Limburg an unserem Standort in Sevenum","description":"Erlebe einen geselligen Familientag in Limburg voller Spiele, Aufgaben und Aktivit\u00e4ten f\u00fcr alle Altersgruppen. Perfekt f\u00fcr einen gemeinsamen Tag.","robots":{"index":"index","follow":"follow","max-snippet":"max-snippet:-1","max-image-preview":"max-image-preview:large","max-video-preview":"max-video-preview:-1"},"canonical":"https:\/\/www.limburgsuitje.nl\/de\/familientag-limburg\/","og_locale":"de_DE","og_type":"article","og_title":"Organisiere deinen Familientag in Limburg an unserem Standort in Sevenum","og_description":"Erlebe einen geselligen Familientag in Limburg voller Spiele, Aufgaben und Aktivit\u00e4ten f\u00fcr alle Altersgruppen. Perfekt f\u00fcr einen gemeinsamen Tag.","og_url":"https:\/\/www.limburgsuitje.nl\/de\/familientag-limburg\/","og_site_name":"Limburgsuitje","article_publisher":"https:\/\/www.facebook.com\/limburgsuitje\/","article_modified_time":"2026-03-16T14:07:54+00:00","twitter_card":"summary_large_image","twitter_misc":{"Gesch\u00e4tzte Lesezeit":"4\u00a0Minuten"},"schema":{"@context":"https:\/\/schema.org","@graph":[{"@type":"WebPage","@id":"https:\/\/www.limburgsuitje.nl\/de\/familientag-limburg\/","url":"https:\/\/www.limburgsuitje.nl\/de\/familientag-limburg\/","name":"Organisiere deinen Familientag in Limburg an unserem Standort in Sevenum","isPartOf":{"@id":"https:\/\/www.limburgsuitje.nl\/de\/#website"},"datePublished":"2017-03-20T17:59:48+00:00","dateModified":"2026-03-16T14:07:54+00:00","description":"Erlebe einen geselligen Familientag in Limburg voller Spiele, Aufgaben und Aktivit\u00e4ten f\u00fcr alle Altersgruppen. Perfekt f\u00fcr einen gemeinsamen Tag.","breadcrumb":{"@id":"https:\/\/www.limburgsuitje.nl\/de\/familientag-limburg\/#breadcrumb"},"inLanguage":"de","potentialAction":[{"@type":"ReadAction","target":["https:\/\/www.limburgsuitje.nl\/de\/familientag-limburg\/"]}]},{"@type":"BreadcrumbList","@id":"https:\/\/www.limburgsuitje.nl\/de\/familientag-limburg\/#breadcrumb","itemListElement":[{"@type":"ListItem","position":1,"name":"Home","item":"https:\/\/www.limburgsuitje.nl\/de\/"},{"@type":"ListItem","position":2,"name":"Familientag Limburg"}]},{"@type":"WebSite","@id":"https:\/\/www.limburgsuitje.nl\/de\/#website","url":"https:\/\/www.limburgsuitje.nl\/de\/","name":"Limburgsuitje","description":"Strijd als een ware schot","potentialAction":[{"@type":"SearchAction","target":{"@type":"EntryPoint","urlTemplate":"https:\/\/www.limburgsuitje.nl\/de\/?s={search_term_string}"},"query-input":{"@type":"PropertyValueSpecification","valueRequired":true,"valueName":"search_term_string"}}],"inLanguage":"de"}]}},"_links":{"self":[{"href":"https:\/\/www.limburgsuitje.nl\/de\/wp-json\/wp\/v2\/pages\/5519","targetHints":{"allow":["GET"]}}],"collection":[{"href":"https:\/\/www.limburgsuitje.nl\/de\/wp-json\/wp\/v2\/pages"}],"about":[{"href":"https:\/\/www.limburgsuitje.nl\/de\/wp-json\/wp\/v2\/types\/page"}],"author":[{"embeddable":true,"href":"https:\/\/www.limburgsuitje.nl\/de\/wp-json\/wp\/v2\/users\/2"}],"replies":[{"embeddable":true,"href":"https:\/\/www.limburgsuitje.nl\/de\/wp-json\/wp\/v2\/comments?post=5519"}],"version-history":[{"count":1,"href":"https:\/\/www.limburgsuitje.nl\/de\/wp-json\/wp\/v2\/pages\/5519\/revisions"}],"predecessor-version":[{"id":12877,"href":"https:\/\/www.limburgsuitje.nl\/de\/wp-json\/wp\/v2\/pages\/5519\/revisions\/12877"}],"wp:attachment":[{"href":"https:\/\/www.limburgsuitje.nl\/de\/wp-json\/wp\/v2\/media?parent=5519"}],"curies":[{"name":"wp","href":"https:\/\/api.w.org\/{rel}","templated":true}]}}