{"id":6571,"date":"2022-09-25T13:06:11","date_gmt":"2022-09-25T11:06:11","guid":{"rendered":"https:\/\/www.limburgsuitje.nl\/aktivitaten\/innenbereich\/"},"modified":"2026-02-05T12:48:16","modified_gmt":"2026-02-05T11:48:16","slug":"innenbereich","status":"publish","type":"page","link":"https:\/\/www.limburgsuitje.nl\/de\/aktivitaten\/innenbereich\/","title":{"rendered":"Indoor Gruppenaktivit\u00e4t"},"content":{"rendered":"<p>[et_pb_section fb_built=&#8220;1&#8243; _builder_version=&#8220;4.27.5&#8243; _module_preset=&#8220;default&#8220; global_colors_info=&#8220;{}&#8220;][et_pb_row admin_label=&#8220;Reihe&#8220; _builder_version=&#8220;4.16&#8243; global_colors_info=&#8220;{}&#8220;][et_pb_column type=&#8220;4_4&#8243; _builder_version=&#8220;4.16&#8243; custom_padding=&#8220;|||&#8220; global_colors_info=&#8220;{}&#8220; custom_padding__hover=&#8220;|||&#8220;][et_pb_text admin_label=&#8220;Titel&#8220; _builder_version=&#8220;4.27.5&#8243; background_size=&#8220;initial&#8220; background_position=&#8220;top_left&#8220; background_repeat=&#8220;repeat&#8220; use_border_color=&#8220;off&#8220; border_color=&#8220;#ffffff&#8220; border_style=&#8220;solid&#8220; global_colors_info=&#8220;{}&#8220;]<\/p>\n<h1>Indoor-Gruppenaktivit\u00e4ten<\/h1>\n<p data-start=\"328\" data-end=\"772\">Eine Indoor-Gruppenaktivit\u00e4t in Limburg organisieren, bei der Spa\u00df, Zusammenarbeit und Action im Mittelpunkt stehen? Dann sind Sie bei Limburgs Uitje genau richtig. <\/p>\n<p data-start=\"774\" data-end=\"1157\">Ob Sie eine Aktivit\u00e4t f\u00fcr Freunde, Familie, Kollegen oder einen Verein suchen, in allen F\u00e4llen sind die Indoor-Aktivit\u00e4ten f\u00fcr verschiedene Gruppengr\u00f6\u00dfen und Niveaus geeignet. Dar\u00fcber hinaus werden alle Aktivit\u00e4ten von erfahrenen Instruktoren begleitet, wodurch das Programm nicht nur unterhaltsam und aktiv ist, sondern auch sicher und \u00fcbersichtlich bleibt. <\/p>\n<p data-start=\"1159\" data-end=\"1547\">Au\u00dferdem k\u00f6nnen die Programme einfach auf Ihre W\u00fcnsche und Planung abgestimmt werden. Abschlie\u00dfend finden Sie auf dieser Seite eine \u00dcbersicht unserer beliebtesten Indoor-Gruppenaktivit\u00e4ten in Limburg. <\/p>\n<p>[\/et_pb_text][et_pb_code admin_label=&#8220;Code&#8220; _builder_version=&#8220;4.16&#8243; global_colors_info=&#8220;{}&#8220;][\/et_pb_code][\/et_pb_column][\/et_pb_row][\/et_pb_section]<\/p>\n","protected":false},"excerpt":{"rendered":"<p>Indoor-Gruppenaktivit\u00e4ten Eine Indoor-Gruppenaktivit\u00e4t in Limburg organisieren, bei der Spa\u00df, Zusammenarbeit und Action im Mittelpunkt stehen? Dann sind Sie bei Limburgs Uitje genau richtig. Ob Sie eine Aktivit\u00e4t f\u00fcr Freunde, Familie, Kollegen oder einen Verein suchen, in allen F\u00e4llen sind die Indoor-Aktivit\u00e4ten f\u00fcr verschiedene Gruppengr\u00f6\u00dfen und Niveaus geeignet. Dar\u00fcber hinaus werden alle Aktivit\u00e4ten von erfahrenen Instruktoren [&hellip;]<\/p>\n","protected":false},"author":2,"featured_media":0,"parent":5107,"menu_order":0,"comment_status":"closed","ping_status":"closed","template":"","meta":{"_acf_changed":false,"_et_pb_use_builder":"on","_et_pb_old_content":"","_et_gb_content_width":"","footnotes":""},"class_list":["post-6571","page","type-page","status-publish","hentry"],"acf":[],"yoast_head":"<!-- This site is optimized with the Yoast SEO plugin v27.4 - https:\/\/yoast.com\/product\/yoast-seo-wordpress\/ -->\n<title>Indoor-Gruppenaktivit\u00e4ten in Limburg<\/title>\n<meta name=\"description\" content=\"Limburgs Uitje bietet u. a. den Allesk\u00f6nner, Lekker Hollands, ein Pubquiz und die TV-Gameshow als Indoor-Gruppenaktivit\u00e4t an.\" \/>\n<meta name=\"robots\" content=\"index, follow, max-snippet:-1, max-image-preview:large, max-video-preview:-1\" \/>\n<link rel=\"canonical\" href=\"https:\/\/www.limburgsuitje.nl\/de\/aktivitaten\/innenbereich\/\" \/>\n<meta property=\"og:locale\" content=\"de_DE\" \/>\n<meta property=\"og:type\" content=\"article\" \/>\n<meta property=\"og:title\" content=\"Indoor-Gruppenaktivit\u00e4ten in Limburg\" \/>\n<meta property=\"og:description\" content=\"Limburgs Uitje bietet u. a. den Allesk\u00f6nner, Lekker Hollands, ein Pubquiz und die TV-Gameshow als Indoor-Gruppenaktivit\u00e4t an.\" \/>\n<meta property=\"og:url\" content=\"https:\/\/www.limburgsuitje.nl\/de\/aktivitaten\/innenbereich\/\" \/>\n<meta property=\"og:site_name\" content=\"Limburgsuitje\" \/>\n<meta property=\"article:publisher\" content=\"https:\/\/www.facebook.com\/limburgsuitje\/\" \/>\n<meta property=\"article:modified_time\" content=\"2026-02-05T11:48:16+00:00\" \/>\n<meta name=\"twitter:card\" content=\"summary_large_image\" \/>\n<meta name=\"twitter:label1\" content=\"Gesch\u00e4tzte Lesezeit\" \/>\n\t<meta name=\"twitter:data1\" content=\"1\u00a0Minute\" \/>\n<script type=\"application\/ld+json\" class=\"yoast-schema-graph\">{\"@context\":\"https:\\\/\\\/schema.org\",\"@graph\":[{\"@type\":\"WebPage\",\"@id\":\"https:\\\/\\\/www.limburgsuitje.nl\\\/de\\\/aktivitaten\\\/innenbereich\\\/\",\"url\":\"https:\\\/\\\/www.limburgsuitje.nl\\\/de\\\/aktivitaten\\\/innenbereich\\\/\",\"name\":\"Indoor-Gruppenaktivit\u00e4ten in Limburg\",\"isPartOf\":{\"@id\":\"https:\\\/\\\/www.limburgsuitje.nl\\\/de\\\/#website\"},\"datePublished\":\"2022-09-25T11:06:11+00:00\",\"dateModified\":\"2026-02-05T11:48:16+00:00\",\"description\":\"Limburgs Uitje bietet u. a. den Allesk\u00f6nner, Lekker Hollands, ein Pubquiz und die TV-Gameshow als Indoor-Gruppenaktivit\u00e4t an.\",\"breadcrumb\":{\"@id\":\"https:\\\/\\\/www.limburgsuitje.nl\\\/de\\\/aktivitaten\\\/innenbereich\\\/#breadcrumb\"},\"inLanguage\":\"de\",\"potentialAction\":[{\"@type\":\"ReadAction\",\"target\":[\"https:\\\/\\\/www.limburgsuitje.nl\\\/de\\\/aktivitaten\\\/innenbereich\\\/\"]}]},{\"@type\":\"BreadcrumbList\",\"@id\":\"https:\\\/\\\/www.limburgsuitje.nl\\\/de\\\/aktivitaten\\\/innenbereich\\\/#breadcrumb\",\"itemListElement\":[{\"@type\":\"ListItem\",\"position\":1,\"name\":\"Home\",\"item\":\"https:\\\/\\\/www.limburgsuitje.nl\\\/de\\\/\"},{\"@type\":\"ListItem\",\"position\":2,\"name\":\"Gruppenaktivit\u00e4ten\",\"item\":\"https:\\\/\\\/www.limburgsuitje.nl\\\/de\\\/aktivitaten\\\/\"},{\"@type\":\"ListItem\",\"position\":3,\"name\":\"Indoor Gruppenaktivit\u00e4t\"}]},{\"@type\":\"WebSite\",\"@id\":\"https:\\\/\\\/www.limburgsuitje.nl\\\/de\\\/#website\",\"url\":\"https:\\\/\\\/www.limburgsuitje.nl\\\/de\\\/\",\"name\":\"Limburgsuitje\",\"description\":\"Strijd als een ware schot\",\"potentialAction\":[{\"@type\":\"SearchAction\",\"target\":{\"@type\":\"EntryPoint\",\"urlTemplate\":\"https:\\\/\\\/www.limburgsuitje.nl\\\/de\\\/?s={search_term_string}\"},\"query-input\":{\"@type\":\"PropertyValueSpecification\",\"valueRequired\":true,\"valueName\":\"search_term_string\"}}],\"inLanguage\":\"de\"}]}<\/script>\n<!-- \/ Yoast SEO plugin. -->","yoast_head_json":{"title":"Indoor-Gruppenaktivit\u00e4ten in Limburg","description":"Limburgs Uitje bietet u. a. den Allesk\u00f6nner, Lekker Hollands, ein Pubquiz und die TV-Gameshow als Indoor-Gruppenaktivit\u00e4t an.","robots":{"index":"index","follow":"follow","max-snippet":"max-snippet:-1","max-image-preview":"max-image-preview:large","max-video-preview":"max-video-preview:-1"},"canonical":"https:\/\/www.limburgsuitje.nl\/de\/aktivitaten\/innenbereich\/","og_locale":"de_DE","og_type":"article","og_title":"Indoor-Gruppenaktivit\u00e4ten in Limburg","og_description":"Limburgs Uitje bietet u. a. den Allesk\u00f6nner, Lekker Hollands, ein Pubquiz und die TV-Gameshow als Indoor-Gruppenaktivit\u00e4t an.","og_url":"https:\/\/www.limburgsuitje.nl\/de\/aktivitaten\/innenbereich\/","og_site_name":"Limburgsuitje","article_publisher":"https:\/\/www.facebook.com\/limburgsuitje\/","article_modified_time":"2026-02-05T11:48:16+00:00","twitter_card":"summary_large_image","twitter_misc":{"Gesch\u00e4tzte Lesezeit":"1\u00a0Minute"},"schema":{"@context":"https:\/\/schema.org","@graph":[{"@type":"WebPage","@id":"https:\/\/www.limburgsuitje.nl\/de\/aktivitaten\/innenbereich\/","url":"https:\/\/www.limburgsuitje.nl\/de\/aktivitaten\/innenbereich\/","name":"Indoor-Gruppenaktivit\u00e4ten in Limburg","isPartOf":{"@id":"https:\/\/www.limburgsuitje.nl\/de\/#website"},"datePublished":"2022-09-25T11:06:11+00:00","dateModified":"2026-02-05T11:48:16+00:00","description":"Limburgs Uitje bietet u. a. den Allesk\u00f6nner, Lekker Hollands, ein Pubquiz und die TV-Gameshow als Indoor-Gruppenaktivit\u00e4t an.","breadcrumb":{"@id":"https:\/\/www.limburgsuitje.nl\/de\/aktivitaten\/innenbereich\/#breadcrumb"},"inLanguage":"de","potentialAction":[{"@type":"ReadAction","target":["https:\/\/www.limburgsuitje.nl\/de\/aktivitaten\/innenbereich\/"]}]},{"@type":"BreadcrumbList","@id":"https:\/\/www.limburgsuitje.nl\/de\/aktivitaten\/innenbereich\/#breadcrumb","itemListElement":[{"@type":"ListItem","position":1,"name":"Home","item":"https:\/\/www.limburgsuitje.nl\/de\/"},{"@type":"ListItem","position":2,"name":"Gruppenaktivit\u00e4ten","item":"https:\/\/www.limburgsuitje.nl\/de\/aktivitaten\/"},{"@type":"ListItem","position":3,"name":"Indoor Gruppenaktivit\u00e4t"}]},{"@type":"WebSite","@id":"https:\/\/www.limburgsuitje.nl\/de\/#website","url":"https:\/\/www.limburgsuitje.nl\/de\/","name":"Limburgsuitje","description":"Strijd als een ware schot","potentialAction":[{"@type":"SearchAction","target":{"@type":"EntryPoint","urlTemplate":"https:\/\/www.limburgsuitje.nl\/de\/?s={search_term_string}"},"query-input":{"@type":"PropertyValueSpecification","valueRequired":true,"valueName":"search_term_string"}}],"inLanguage":"de"}]}},"_links":{"self":[{"href":"https:\/\/www.limburgsuitje.nl\/de\/wp-json\/wp\/v2\/pages\/6571","targetHints":{"allow":["GET"]}}],"collection":[{"href":"https:\/\/www.limburgsuitje.nl\/de\/wp-json\/wp\/v2\/pages"}],"about":[{"href":"https:\/\/www.limburgsuitje.nl\/de\/wp-json\/wp\/v2\/types\/page"}],"author":[{"embeddable":true,"href":"https:\/\/www.limburgsuitje.nl\/de\/wp-json\/wp\/v2\/users\/2"}],"replies":[{"embeddable":true,"href":"https:\/\/www.limburgsuitje.nl\/de\/wp-json\/wp\/v2\/comments?post=6571"}],"version-history":[{"count":0,"href":"https:\/\/www.limburgsuitje.nl\/de\/wp-json\/wp\/v2\/pages\/6571\/revisions"}],"up":[{"embeddable":true,"href":"https:\/\/www.limburgsuitje.nl\/de\/wp-json\/wp\/v2\/pages\/5107"}],"wp:attachment":[{"href":"https:\/\/www.limburgsuitje.nl\/de\/wp-json\/wp\/v2\/media?parent=6571"}],"curies":[{"name":"wp","href":"https:\/\/api.w.org\/{rel}","templated":true}]}}