{"id":6807,"date":"2022-10-18T12:06:37","date_gmt":"2022-10-18T10:06:37","guid":{"rendered":"https:\/\/www.limburgsuitje.nl\/cascara-rodizio-grill-und-bar\/"},"modified":"2026-03-16T14:36:44","modified_gmt":"2026-03-16T13:36:44","slug":"cascara-rodizio-grill-und-bar","status":"publish","type":"page","link":"https:\/\/www.limburgsuitje.nl\/de\/cascara-rodizio-grill-und-bar\/","title":{"rendered":"Cascara Rodizio Grill und Bar"},"content":{"rendered":"<p>[et_pb_section fb_built=&#8220;1&#8243; specialty=&#8220;on&#8220; admin_label=&#8220;Section&#8220; _builder_version=&#8220;4.16&#8243; global_colors_info=&#8220;{}&#8220;][et_pb_column type=&#8220;1_4&#8243; _builder_version=&#8220;4.16&#8243; custom_padding=&#8220;|||&#8220; global_colors_info=&#8220;{}&#8220; custom_padding__hover=&#8220;|||&#8220;][et_pb_sidebar area=&#8220;et_pb_widget_area_3&#8243; admin_label=&#8220;Menu&#8220; _builder_version=&#8220;4.16&#8243; remove_border=&#8220;off&#8220; global_colors_info=&#8220;{}&#8220;][\/et_pb_sidebar][\/et_pb_column][et_pb_column type=&#8220;3_4&#8243; specialty_columns=&#8220;3&#8243; _builder_version=&#8220;4.16&#8243; custom_padding=&#8220;|||&#8220; global_colors_info=&#8220;{}&#8220; custom_padding__hover=&#8220;|||&#8220;][et_pb_row_inner admin_label=&#8220;Row&#8220; _builder_version=&#8220;4.16&#8243; global_colors_info=&#8220;{}&#8220;][et_pb_column_inner saved_specialty_column_type=&#8220;3_4&#8243; _builder_version=&#8220;4.16&#8243; custom_padding=&#8220;|||&#8220; global_colors_info=&#8220;{}&#8220; custom_padding__hover=&#8220;|||&#8220;][et_pb_text admin_label=&#8220;Titel&#8220; _builder_version=&#8220;4.27.6&#8243; background_size=&#8220;initial&#8220; background_position=&#8220;top_left&#8220; background_repeat=&#8220;repeat&#8220; hover_enabled=&#8220;0&#8243; use_border_color=&#8220;off&#8220; border_color=&#8220;#ffffff&#8220; border_style=&#8220;solid&#8220; global_colors_info=&#8220;{}&#8220; sticky_enabled=&#8220;0&#8243;]<\/p>\n<h1>Cascara Rodizio Grill und Bar<\/h1>\n<p data-start=\"381\" data-end=\"642\">Sind Sie auf der Suche nach einem kompletten und geschmackvollen Arrangement nach Ihrer Aktivit\u00e4t? Dann ist Cascara Rodizio ein besonderer und gem\u00fctlicher Ausklang des Tages. Bei diesem brasilianischen Grillkonzept dreht sich alles um Qualit\u00e4t, Erlebnis und gemeinsames Genie\u00dfen am Tisch.  <\/p>\n<p data-start=\"644\" data-end=\"986\">Bei einem Rodizio werden verschiedene Sorten gegrilltes Fleisch am Tisch serviert, direkt vom Grill. Dar\u00fcber hinaus gibt es eine vielf\u00e4ltige Auswahl an Beilagen und Salaten, sodass jeder w\u00e4hlen kann, was zu ihm oder ihr passt. Auf diese Weise entsteht ein entspannter und geschmackvoller Abend, bei dem Probieren und Teilen im Mittelpunkt stehen.  <\/p>\n<p data-start=\"644\" data-end=\"986\">Cascara Rodizio liegt neben Limburgs Uitje, Sie brauchen also nicht mehr mit dem Auto zu fahren.<\/p>\n<p data-start=\"644\" data-end=\"986\">M\u00f6chtest du ein Getr\u00e4nkearrangement bei Cascara? Das kostet f\u00fcr ein 2-st\u00fcndiges Getr\u00e4nkearrangement \u20ac 15,- p.P. Jede weitere Stunde kostet \u20ac 5,- p.P.p.St. <\/p>\n<p>[\/et_pb_text][et_pb_code admin_label=&#8220;Code&#8220; _builder_version=&#8220;4.16&#8243; global_colors_info=&#8220;{}&#8220;]<div class=\"activiteit_grid\">\n<div class=\"spel \" >\n\t<a href=\"https:\/\/www.limburgsuitje.nl\/de\/catering\/beef-rodizio-frischmarkt-desserts\/\" title=\"Beef Rodizio + Frischmarkt + Desserts\">\n\t\t<div>\n\t\t<div class=\"spel-thumbnail\">\n\t\t\t<img decoding=\"async\" src=\"https:\/\/www.limburgsuitje.nl\/wp-content\/uploads\/2017\/03\/cascara-rodizio-thumb-1.jpg\" alt=\"Beef Rodizio + Frischmarkt + Desserts\">\n\t\t<\/div>\n\t\t<div class=\"spel-text\">\n\t\t\t<h3>Beef Rodizio + Frischmarkt + Desserts<\/h3>\n\t\t\tGenie\u00dfen Sie ein Buffet und frisches Fleisch von den Passadores am Tisch.\n\t\t<\/div>\n\t\t<div class=\"spel-footer\">\n\t\t\t<div class=\"spel-footer-prijs\">\n\t\t\t\t<span class=\"pp\">ab<\/span> \u20ac 44,95 <span class=\"pp\">p.p.<\/span> \n\t\t\t<\/div>\n\t\t<\/div>\n\t\t<\/div>\n\t<\/a>\n<\/div>\n<div class=\"spel \" >\n\t<a href=\"https:\/\/www.limburgsuitje.nl\/de\/catering\/mixed-rodizio-frischmarkt-desserts\/\" title=\"Mixed Rodizio + Frischmarkt + Desserts\">\n\t\t<div>\n\t\t<div class=\"spel-thumbnail\">\n\t\t\t<img decoding=\"async\" src=\"https:\/\/www.limburgsuitje.nl\/wp-content\/uploads\/2017\/03\/cascara-rodizio-thumb-1.jpg\" alt=\"Mixed Rodizio + Frischmarkt + Desserts\">\n\t\t<\/div>\n\t\t<div class=\"spel-text\">\n\t\t\t<h3>Mixed Rodizio + Frischmarkt + Desserts<\/h3>\n\t\t\tGenie\u00dfen Sie ein Buffet, frisches Fleisch und Passadores am Tisch.\n\t\t<\/div>\n\t\t<div class=\"spel-footer\">\n\t\t\t<div class=\"spel-footer-prijs\">\n\t\t\t\t<span class=\"pp\">ab<\/span> \u20ac 39,95 <span class=\"pp\">p.p.<\/span> \n\t\t\t<\/div>\n\t\t<\/div>\n\t\t<\/div>\n\t<\/a>\n<\/div>\n<\/div>\n[\/et_pb_code][\/et_pb_column_inner][\/et_pb_row_inner][et_pb_row_inner admin_label=&#8220;Rij&#8220; _builder_version=&#8220;4.16&#8243; global_colors_info=&#8220;{}&#8220;][et_pb_column_inner saved_specialty_column_type=&#8220;3_4&#8243; _builder_version=&#8220;4.16&#8243; custom_padding=&#8220;|||&#8220; global_colors_info=&#8220;{}&#8220; custom_padding__hover=&#8220;|||&#8220;][\/et_pb_column_inner][\/et_pb_row_inner][\/et_pb_column][\/et_pb_section]<\/p>\n","protected":false},"excerpt":{"rendered":"<p>Mixed Rodizio + Frischmarkt + Desserts Rodizio &#8211; Cascara Rodizio Grill &amp; Bar&#8217;s Rodizio besteht aus verschiedenen Fleischsorten und frischem Fisch, der heute von den Passadores gefangen wird. Stolz pr\u00e4sentieren sie das Fleisch und den Fisch an Ihrem Tisch und schneiden es frisch vom Spie\u00df. Frischmarkt \u2013 Auf unserem Frischmarkt k\u00f6nnen Sie den ganzen Abend [&hellip;]<\/p>\n","protected":false},"author":2,"featured_media":0,"parent":0,"menu_order":0,"comment_status":"closed","ping_status":"closed","template":"","meta":{"_acf_changed":false,"_et_pb_use_builder":"on","_et_pb_old_content":"","_et_gb_content_width":"","footnotes":""},"class_list":["post-6807","page","type-page","status-publish","hentry"],"acf":[],"yoast_head":"<!-- This site is optimized with the Yoast SEO plugin v27.4 - https:\/\/yoast.com\/product\/yoast-seo-wordpress\/ -->\n<title>Cascara Rodizio in Sevenum. Kombiniere deinen Ausflug mit einem Abendessen.<\/title>\n<meta name=\"description\" content=\"Genie\u00dfe dieses brasilianische Grill-Arrangement mit verschiedenen Fleischsorten und Beilagen. Perfekt nach einem Teamausflug in Sevenum.\" \/>\n<meta name=\"robots\" content=\"index, follow, max-snippet:-1, max-image-preview:large, max-video-preview:-1\" \/>\n<link rel=\"canonical\" href=\"https:\/\/www.limburgsuitje.nl\/de\/cascara-rodizio-grill-und-bar\/\" \/>\n<meta property=\"og:locale\" content=\"de_DE\" \/>\n<meta property=\"og:type\" content=\"article\" \/>\n<meta property=\"og:title\" content=\"Cascara Rodizio in Sevenum. Kombiniere deinen Ausflug mit einem Abendessen.\" \/>\n<meta property=\"og:description\" content=\"Genie\u00dfe dieses brasilianische Grill-Arrangement mit verschiedenen Fleischsorten und Beilagen. Perfekt nach einem Teamausflug in Sevenum.\" \/>\n<meta property=\"og:url\" content=\"https:\/\/www.limburgsuitje.nl\/de\/cascara-rodizio-grill-und-bar\/\" \/>\n<meta property=\"og:site_name\" content=\"Limburgsuitje\" \/>\n<meta property=\"article:publisher\" content=\"https:\/\/www.facebook.com\/limburgsuitje\/\" \/>\n<meta property=\"article:modified_time\" content=\"2026-03-16T13:36:44+00:00\" \/>\n<meta name=\"twitter:card\" content=\"summary_large_image\" \/>\n<meta name=\"twitter:label1\" content=\"Gesch\u00e4tzte Lesezeit\" \/>\n\t<meta name=\"twitter:data1\" content=\"2\u00a0Minuten\" \/>\n<script type=\"application\/ld+json\" class=\"yoast-schema-graph\">{\"@context\":\"https:\\\/\\\/schema.org\",\"@graph\":[{\"@type\":\"WebPage\",\"@id\":\"https:\\\/\\\/www.limburgsuitje.nl\\\/de\\\/cascara-rodizio-grill-und-bar\\\/\",\"url\":\"https:\\\/\\\/www.limburgsuitje.nl\\\/de\\\/cascara-rodizio-grill-und-bar\\\/\",\"name\":\"Cascara Rodizio in Sevenum. Kombiniere deinen Ausflug mit einem Abendessen.\",\"isPartOf\":{\"@id\":\"https:\\\/\\\/www.limburgsuitje.nl\\\/de\\\/#website\"},\"datePublished\":\"2022-10-18T10:06:37+00:00\",\"dateModified\":\"2026-03-16T13:36:44+00:00\",\"description\":\"Genie\u00dfe dieses brasilianische Grill-Arrangement mit verschiedenen Fleischsorten und Beilagen. Perfekt nach einem Teamausflug in Sevenum.\",\"breadcrumb\":{\"@id\":\"https:\\\/\\\/www.limburgsuitje.nl\\\/de\\\/cascara-rodizio-grill-und-bar\\\/#breadcrumb\"},\"inLanguage\":\"de\",\"potentialAction\":[{\"@type\":\"ReadAction\",\"target\":[\"https:\\\/\\\/www.limburgsuitje.nl\\\/de\\\/cascara-rodizio-grill-und-bar\\\/\"]}]},{\"@type\":\"BreadcrumbList\",\"@id\":\"https:\\\/\\\/www.limburgsuitje.nl\\\/de\\\/cascara-rodizio-grill-und-bar\\\/#breadcrumb\",\"itemListElement\":[{\"@type\":\"ListItem\",\"position\":1,\"name\":\"Home\",\"item\":\"https:\\\/\\\/www.limburgsuitje.nl\\\/de\\\/\"},{\"@type\":\"ListItem\",\"position\":2,\"name\":\"Cascara Rodizio Grill und Bar\"}]},{\"@type\":\"WebSite\",\"@id\":\"https:\\\/\\\/www.limburgsuitje.nl\\\/de\\\/#website\",\"url\":\"https:\\\/\\\/www.limburgsuitje.nl\\\/de\\\/\",\"name\":\"Limburgsuitje\",\"description\":\"Strijd als een ware schot\",\"potentialAction\":[{\"@type\":\"SearchAction\",\"target\":{\"@type\":\"EntryPoint\",\"urlTemplate\":\"https:\\\/\\\/www.limburgsuitje.nl\\\/de\\\/?s={search_term_string}\"},\"query-input\":{\"@type\":\"PropertyValueSpecification\",\"valueRequired\":true,\"valueName\":\"search_term_string\"}}],\"inLanguage\":\"de\"}]}<\/script>\n<!-- \/ Yoast SEO plugin. -->","yoast_head_json":{"title":"Cascara Rodizio in Sevenum. Kombiniere deinen Ausflug mit einem Abendessen.","description":"Genie\u00dfe dieses brasilianische Grill-Arrangement mit verschiedenen Fleischsorten und Beilagen. Perfekt nach einem Teamausflug in Sevenum.","robots":{"index":"index","follow":"follow","max-snippet":"max-snippet:-1","max-image-preview":"max-image-preview:large","max-video-preview":"max-video-preview:-1"},"canonical":"https:\/\/www.limburgsuitje.nl\/de\/cascara-rodizio-grill-und-bar\/","og_locale":"de_DE","og_type":"article","og_title":"Cascara Rodizio in Sevenum. Kombiniere deinen Ausflug mit einem Abendessen.","og_description":"Genie\u00dfe dieses brasilianische Grill-Arrangement mit verschiedenen Fleischsorten und Beilagen. Perfekt nach einem Teamausflug in Sevenum.","og_url":"https:\/\/www.limburgsuitje.nl\/de\/cascara-rodizio-grill-und-bar\/","og_site_name":"Limburgsuitje","article_publisher":"https:\/\/www.facebook.com\/limburgsuitje\/","article_modified_time":"2026-03-16T13:36:44+00:00","twitter_card":"summary_large_image","twitter_misc":{"Gesch\u00e4tzte Lesezeit":"2\u00a0Minuten"},"schema":{"@context":"https:\/\/schema.org","@graph":[{"@type":"WebPage","@id":"https:\/\/www.limburgsuitje.nl\/de\/cascara-rodizio-grill-und-bar\/","url":"https:\/\/www.limburgsuitje.nl\/de\/cascara-rodizio-grill-und-bar\/","name":"Cascara Rodizio in Sevenum. Kombiniere deinen Ausflug mit einem Abendessen.","isPartOf":{"@id":"https:\/\/www.limburgsuitje.nl\/de\/#website"},"datePublished":"2022-10-18T10:06:37+00:00","dateModified":"2026-03-16T13:36:44+00:00","description":"Genie\u00dfe dieses brasilianische Grill-Arrangement mit verschiedenen Fleischsorten und Beilagen. Perfekt nach einem Teamausflug in Sevenum.","breadcrumb":{"@id":"https:\/\/www.limburgsuitje.nl\/de\/cascara-rodizio-grill-und-bar\/#breadcrumb"},"inLanguage":"de","potentialAction":[{"@type":"ReadAction","target":["https:\/\/www.limburgsuitje.nl\/de\/cascara-rodizio-grill-und-bar\/"]}]},{"@type":"BreadcrumbList","@id":"https:\/\/www.limburgsuitje.nl\/de\/cascara-rodizio-grill-und-bar\/#breadcrumb","itemListElement":[{"@type":"ListItem","position":1,"name":"Home","item":"https:\/\/www.limburgsuitje.nl\/de\/"},{"@type":"ListItem","position":2,"name":"Cascara Rodizio Grill und Bar"}]},{"@type":"WebSite","@id":"https:\/\/www.limburgsuitje.nl\/de\/#website","url":"https:\/\/www.limburgsuitje.nl\/de\/","name":"Limburgsuitje","description":"Strijd als een ware schot","potentialAction":[{"@type":"SearchAction","target":{"@type":"EntryPoint","urlTemplate":"https:\/\/www.limburgsuitje.nl\/de\/?s={search_term_string}"},"query-input":{"@type":"PropertyValueSpecification","valueRequired":true,"valueName":"search_term_string"}}],"inLanguage":"de"}]}},"_links":{"self":[{"href":"https:\/\/www.limburgsuitje.nl\/de\/wp-json\/wp\/v2\/pages\/6807","targetHints":{"allow":["GET"]}}],"collection":[{"href":"https:\/\/www.limburgsuitje.nl\/de\/wp-json\/wp\/v2\/pages"}],"about":[{"href":"https:\/\/www.limburgsuitje.nl\/de\/wp-json\/wp\/v2\/types\/page"}],"author":[{"embeddable":true,"href":"https:\/\/www.limburgsuitje.nl\/de\/wp-json\/wp\/v2\/users\/2"}],"replies":[{"embeddable":true,"href":"https:\/\/www.limburgsuitje.nl\/de\/wp-json\/wp\/v2\/comments?post=6807"}],"version-history":[{"count":13,"href":"https:\/\/www.limburgsuitje.nl\/de\/wp-json\/wp\/v2\/pages\/6807\/revisions"}],"predecessor-version":[{"id":12838,"href":"https:\/\/www.limburgsuitje.nl\/de\/wp-json\/wp\/v2\/pages\/6807\/revisions\/12838"}],"wp:attachment":[{"href":"https:\/\/www.limburgsuitje.nl\/de\/wp-json\/wp\/v2\/media?parent=6807"}],"curies":[{"name":"wp","href":"https:\/\/api.w.org\/{rel}","templated":true}]}}